{"id":9657,"date":"2024-05-21T08:51:20","date_gmt":"2024-05-21T11:51:20","guid":{"rendered":"https:\/\/kadoshmusic.com.br\/?post_type=product&#038;p=9657"},"modified":"2025-05-16T17:42:47","modified_gmt":"2025-05-16T20:42:47","slug":"k1202c","status":"publish","type":"product","link":"https:\/\/kadoshmusic.com.br\/es\/product\/k1202c\/","title":{"rendered":"K1202C"},"content":{"rendered":"<div class=\"flex-1 overflow-hidden\">\n<div class=\"react-scroll-to-bottom--css-omhkd-79elbk h-full\">\n<div class=\"react-scroll-to-bottom--css-omhkd-1n7m0yu\">\n<div class=\"flex flex-col pb-9 text-sm\">\n<div class=\"w-full text-token-text-primary\" data-testid=\"conversation-turn-3\">\n<div class=\"px-4 py-2 justify-center text-base md:gap-6 m-auto\">\n<div class=\"flex flex-1 text-base mx-auto gap-3 md:px-5 lg:px-1 xl:px-5 md:max-w-3xl lg:max-w-[40rem] xl:max-w-[48rem] } group final-completion\">\n<div class=\"relative flex w-full flex-col lg:w-[calc(100%-115px)] agent-turn\">\n<div class=\"flex-col gap-1 md:gap-3\">\n<div class=\"flex flex-grow flex-col max-w-full\">\n<div class=\"min-h-[20px] text-message flex flex-col items-start gap-3 whitespace-pre-wrap break-words [.text-message+&amp;]:mt-5 overflow-x-auto\" data-message-author-role=\"assistant\" data-message-id=\"4e7be142-75d3-4cc4-962a-c4db6c57cc14\">\n<div class=\"markdown prose w-full break-words dark:prose-invert dark\">\n<p><img fetchpriority=\"high\" decoding=\"async\" class=\"aligncenter wp-image-12627 size-large\" src=\"https:\/\/kadoshmusic.com.br\/wp-content\/uploads\/2024\/05\/01-sem-fundo-1-1024x683.png\" alt=\"\" width=\"1024\" height=\"683\" srcset=\"https:\/\/kadoshmusic.com.br\/wp-content\/uploads\/2024\/05\/01-sem-fundo-1-1024x683.png 1024w, https:\/\/kadoshmusic.com.br\/wp-content\/uploads\/2024\/05\/01-sem-fundo-1-300x200.png 300w, https:\/\/kadoshmusic.com.br\/wp-content\/uploads\/2024\/05\/01-sem-fundo-1-768x512.png 768w, https:\/\/kadoshmusic.com.br\/wp-content\/uploads\/2024\/05\/01-sem-fundo-1-1536x1024.png 1536w, https:\/\/kadoshmusic.com.br\/wp-content\/uploads\/2024\/05\/01-sem-fundo-1-2048x1365.png 2048w, https:\/\/kadoshmusic.com.br\/wp-content\/uploads\/2024\/05\/01-sem-fundo-1-113x75.png 113w, https:\/\/kadoshmusic.com.br\/wp-content\/uploads\/2024\/05\/01-sem-fundo-1-480x320.png 480w, https:\/\/kadoshmusic.com.br\/wp-content\/uploads\/2024\/05\/01-sem-fundo-1-800x533.png 800w\" sizes=\"(max-width:767px) 480px, (max-width:1024px) 100vw, 1024px\" \/><\/p>\n<p><span style=\"color: #333333;\"><strong>El micr\u00f3fono Kadosh K1202C es un equipo de audio profesional dise\u00f1ado para captar el sonido con claridad y precisi\u00f3n. Con un dise\u00f1o robusto y elegante, este micr\u00f3fono de condensador ofrece una calidad de audio excepcional para una gran variedad de aplicaciones, desde grabaciones en estudio hasta actuaciones en directo.<\/strong><\/span><\/p>\n<p><img decoding=\"async\" class=\"aligncenter wp-image-12629 size-large\" src=\"https:\/\/kadoshmusic.com.br\/wp-content\/uploads\/2024\/05\/10-1-1024x683.png\" alt=\"\" width=\"1024\" height=\"683\" srcset=\"https:\/\/kadoshmusic.com.br\/wp-content\/uploads\/2024\/05\/10-1-1024x683.png 1024w, https:\/\/kadoshmusic.com.br\/wp-content\/uploads\/2024\/05\/10-1-300x200.png 300w, https:\/\/kadoshmusic.com.br\/wp-content\/uploads\/2024\/05\/10-1-768x512.png 768w, https:\/\/kadoshmusic.com.br\/wp-content\/uploads\/2024\/05\/10-1-1536x1024.png 1536w, https:\/\/kadoshmusic.com.br\/wp-content\/uploads\/2024\/05\/10-1-2048x1365.png 2048w, https:\/\/kadoshmusic.com.br\/wp-content\/uploads\/2024\/05\/10-1-113x75.png 113w, https:\/\/kadoshmusic.com.br\/wp-content\/uploads\/2024\/05\/10-1-480x320.png 480w, https:\/\/kadoshmusic.com.br\/wp-content\/uploads\/2024\/05\/10-1-800x533.png 800w\" sizes=\"(max-width:767px) 480px, (max-width:1024px) 100vw, 1024px\" \/><\/p>\n<p><strong>El Kadosh K1202C tiene una c\u00e1psula de condensador de alta sensibilidad que proporciona una respuesta en frecuencia amplia y detallada, capturando los matices del sonido con gran fidelidad. Su construcci\u00f3n duradera y sus materiales de alta calidad garantizan un rendimiento constante y fiable.<\/strong><\/p>\n<p><img decoding=\"async\" class=\"aligncenter wp-image-12628 size-large\" src=\"https:\/\/kadoshmusic.com.br\/wp-content\/uploads\/2024\/05\/11-1-683x1024.png\" alt=\"\" width=\"683\" height=\"1024\" srcset=\"https:\/\/kadoshmusic.com.br\/wp-content\/uploads\/2024\/05\/11-1-683x1024.png 683w, https:\/\/kadoshmusic.com.br\/wp-content\/uploads\/2024\/05\/11-1-200x300.png 200w, https:\/\/kadoshmusic.com.br\/wp-content\/uploads\/2024\/05\/11-1-768x1152.png 768w, https:\/\/kadoshmusic.com.br\/wp-content\/uploads\/2024\/05\/11-1-1024x1536.png 1024w, https:\/\/kadoshmusic.com.br\/wp-content\/uploads\/2024\/05\/11-1-1365x2048.png 1365w, https:\/\/kadoshmusic.com.br\/wp-content\/uploads\/2024\/05\/11-1-50x75.png 50w, https:\/\/kadoshmusic.com.br\/wp-content\/uploads\/2024\/05\/11-1-480x720.png 480w, https:\/\/kadoshmusic.com.br\/wp-content\/uploads\/2024\/05\/11-1-800x1200.png 800w\" sizes=\"(max-width:767px) 480px, 683px\" \/><\/p>\n<p><strong>Este micr\u00f3fono es vers\u00e1til, adecuado para voces, instrumentos musicales y otras fuentes de sonido, y ofrece un sonido claro y natural. Con un patr\u00f3n polar cardioide, se centra en la fuente de audio principal, minimizando el ruido de fondo no deseado.<\/strong><\/p>\n<p><img loading=\"lazy\" decoding=\"async\" class=\"aligncenter wp-image-12630 size-large\" src=\"https:\/\/kadoshmusic.com.br\/wp-content\/uploads\/2024\/05\/06-2-683x1024.png\" alt=\"\" width=\"683\" height=\"1024\" srcset=\"https:\/\/kadoshmusic.com.br\/wp-content\/uploads\/2024\/05\/06-2-683x1024.png 683w, https:\/\/kadoshmusic.com.br\/wp-content\/uploads\/2024\/05\/06-2-200x300.png 200w, https:\/\/kadoshmusic.com.br\/wp-content\/uploads\/2024\/05\/06-2-768x1152.png 768w, https:\/\/kadoshmusic.com.br\/wp-content\/uploads\/2024\/05\/06-2-1024x1536.png 1024w, https:\/\/kadoshmusic.com.br\/wp-content\/uploads\/2024\/05\/06-2-1365x2048.png 1365w, https:\/\/kadoshmusic.com.br\/wp-content\/uploads\/2024\/05\/06-2-50x75.png 50w, https:\/\/kadoshmusic.com.br\/wp-content\/uploads\/2024\/05\/06-2-480x720.png 480w, https:\/\/kadoshmusic.com.br\/wp-content\/uploads\/2024\/05\/06-2-800x1200.png 800w\" sizes=\"(max-width:767px) 480px, 683px\" \/><\/p>\n<p><strong>El Kadosh K1202C se suministra con accesorios que lo dejan listo para su uso inmediato, como un soporte para montarlo en un pedestal o en un soporte articulado, as\u00ed como una bolsa de transporte para transportarlo f\u00e1cilmente y guardarlo de forma segura. Su elegante dise\u00f1o combinado con su calidad de audio lo convierten en una excelente opci\u00f3n para m\u00fasicos, ingenieros de sonido y profesionales del audio que buscan un rendimiento excepcional.<\/strong><\/p>\n<p><img loading=\"lazy\" decoding=\"async\" class=\"aligncenter wp-image-12631 size-large\" src=\"https:\/\/kadoshmusic.com.br\/wp-content\/uploads\/2024\/05\/04-sem-fundo-1-1024x683.png\" alt=\"\" width=\"1024\" height=\"683\" srcset=\"https:\/\/kadoshmusic.com.br\/wp-content\/uploads\/2024\/05\/04-sem-fundo-1-1024x683.png 1024w, https:\/\/kadoshmusic.com.br\/wp-content\/uploads\/2024\/05\/04-sem-fundo-1-300x200.png 300w, https:\/\/kadoshmusic.com.br\/wp-content\/uploads\/2024\/05\/04-sem-fundo-1-768x512.png 768w, https:\/\/kadoshmusic.com.br\/wp-content\/uploads\/2024\/05\/04-sem-fundo-1-1536x1024.png 1536w, https:\/\/kadoshmusic.com.br\/wp-content\/uploads\/2024\/05\/04-sem-fundo-1-2048x1365.png 2048w, https:\/\/kadoshmusic.com.br\/wp-content\/uploads\/2024\/05\/04-sem-fundo-1-113x75.png 113w, https:\/\/kadoshmusic.com.br\/wp-content\/uploads\/2024\/05\/04-sem-fundo-1-480x320.png 480w, https:\/\/kadoshmusic.com.br\/wp-content\/uploads\/2024\/05\/04-sem-fundo-1-800x533.png 800w\" sizes=\"(max-width:767px) 480px, (max-width:1024px) 100vw, 1024px\" \/><\/p>\n<\/div>\n<\/div>\n<\/div>\n<div class=\"mt-1 flex justify-start gap-3 empty:hidden\">\n<div class=\"text-gray-400 flex self-end lg:self-center justify-center lg:justify-start mt-0 gap-1 visible\">\n<p>&nbsp;<\/p>\n<div class=\"flex gap-1\"><\/div>\n<div class=\"flex items-center gap-1.5 text-xs\"><\/div>\n<\/div>\n<\/div>\n<\/div>\n<\/div>\n<\/div>\n<\/div>\n<\/div>\n<\/div>\n<\/div>\n<\/div>\n<\/div>\n<div class=\"w-full pt-2 md:pt-0 dark:border-white\/20 md:border-transparent md:dark:border-transparent md:w-[calc(100%-.5rem)]\">\n<form class=\"stretch mx-2 flex flex-row gap-3 last:mb-2 md:mx-4 md:last:mb-6 lg:mx-auto lg:max-w-2xl xl:max-w-3xl\" action=\"\">\n<div class=\"relative flex h-full flex-1 items-stretch md:flex-col\">\n<div class=\"flex w-full items-center\"><\/div>\n<\/div>\n<input type=\"hidden\" name=\"trp-form-language\" value=\"es\"\/><\/form>\n<\/div>","protected":false},"excerpt":{"rendered":"<p>El micr\u00f3fono Kadosh K1202C es un equipo de audio profesional dise\u00f1ado para captar el sonido con claridad y precisi\u00f3n. Con un dise\u00f1o robusto y elegante,<span class=\"excerpt-hellip\"> [...]<\/span><\/p>","protected":false},"featured_media":12104,"template":"","meta":{"content-type":"","_vp_format_video_url":"","_vp_image_focal_point":[]},"product_cat":[107,148],"product_tag":[],"class_list":{"0":"post-9657","1":"product","2":"type-product","3":"status-publish","4":"has-post-thumbnail","6":"product_cat-kadosh","7":"product_cat-microfones-sem-fio-uhf","9":"first","10":"instock","11":"shipping-taxable","12":"purchasable","13":"product-type-simple"},"yoast_head":"<!-- This site is optimized with the Yoast SEO Premium plugin v22.9 (Yoast SEO v24.0) - https:\/\/yoast.com\/wordpress\/plugins\/seo\/ -->\n<title>K1202C - Kadosh Music<\/title>\n<meta name=\"robots\" content=\"index, follow, max-snippet:-1, max-image-preview:large, max-video-preview:-1\" \/>\n<link rel=\"canonical\" href=\"https:\/\/kadoshmusic.com.br\/es\/product\/k1202c\/\" \/>\n<meta property=\"og:locale\" content=\"es_ES\" \/>\n<meta property=\"og:type\" content=\"article\" \/>\n<meta property=\"og:title\" content=\"K1202C\" \/>\n<meta property=\"og:description\" content=\"O microfone Kadosh K1202C \u00e9 uma pe\u00e7a de equipamento de \u00e1udio profissional projetada para capturar som com clareza e precis\u00e3o. Com um design robusto e elegante, [\u2026]\" \/>\n<meta property=\"og:url\" content=\"https:\/\/kadoshmusic.com.br\/es\/product\/k1202c\/\" \/>\n<meta property=\"og:site_name\" content=\"Kadosh Music\" \/>\n<meta property=\"article:publisher\" content=\"https:\/\/www.facebook.com\/micskadosh\" \/>\n<meta property=\"article:modified_time\" content=\"2025-05-16T20:42:47+00:00\" \/>\n<meta property=\"og:image\" content=\"https:\/\/kadoshmusic.com.br\/wp-content\/uploads\/2023\/12\/1202C.png\" \/>\n\t<meta property=\"og:image:width\" content=\"1080\" \/>\n\t<meta property=\"og:image:height\" content=\"1080\" \/>\n\t<meta property=\"og:image:type\" content=\"image\/png\" \/>\n<meta name=\"twitter:card\" content=\"summary_large_image\" \/>\n<meta name=\"twitter:label1\" content=\"Est. reading time\" \/>\n\t<meta name=\"twitter:data1\" content=\"3 minutos\" \/>\n<script type=\"application\/ld+json\" class=\"yoast-schema-graph\">{\"@context\":\"https:\/\/schema.org\",\"@graph\":[{\"@type\":\"WebPage\",\"@id\":\"https:\/\/kadoshmusic.com.br\/produto\/k1202c\/\",\"url\":\"https:\/\/kadoshmusic.com.br\/produto\/k1202c\/\",\"name\":\"K1202C - Kadosh Music\",\"isPartOf\":{\"@id\":\"https:\/\/kadoshmusic.com.br\/#website\"},\"primaryImageOfPage\":{\"@id\":\"https:\/\/kadoshmusic.com.br\/produto\/k1202c\/#primaryimage\"},\"image\":{\"@id\":\"https:\/\/kadoshmusic.com.br\/produto\/k1202c\/#primaryimage\"},\"thumbnailUrl\":\"https:\/\/kadoshmusic.com.br\/wp-content\/uploads\/2023\/12\/1202C.png\",\"datePublished\":\"2024-05-21T11:51:20+00:00\",\"dateModified\":\"2025-05-16T20:42:47+00:00\",\"breadcrumb\":{\"@id\":\"https:\/\/kadoshmusic.com.br\/produto\/k1202c\/#breadcrumb\"},\"inLanguage\":\"es\",\"potentialAction\":[{\"@type\":\"ReadAction\",\"target\":[\"https:\/\/kadoshmusic.com.br\/produto\/k1202c\/\"]}]},{\"@type\":\"ImageObject\",\"inLanguage\":\"es\",\"@id\":\"https:\/\/kadoshmusic.com.br\/produto\/k1202c\/#primaryimage\",\"url\":\"https:\/\/kadoshmusic.com.br\/wp-content\/uploads\/2023\/12\/1202C.png\",\"contentUrl\":\"https:\/\/kadoshmusic.com.br\/wp-content\/uploads\/2023\/12\/1202C.png\",\"width\":1080,\"height\":1080},{\"@type\":\"BreadcrumbList\",\"@id\":\"https:\/\/kadoshmusic.com.br\/produto\/k1202c\/#breadcrumb\",\"itemListElement\":[{\"@type\":\"ListItem\",\"position\":1,\"name\":\"Home\",\"item\":\"https:\/\/kadoshmusic.com.br\/\"},{\"@type\":\"ListItem\",\"position\":2,\"name\":\"Shop\",\"item\":\"https:\/\/kadoshmusic.com.br\/shop\/\"},{\"@type\":\"ListItem\",\"position\":3,\"name\":\"K1202C\"}]},{\"@type\":\"WebSite\",\"@id\":\"https:\/\/kadoshmusic.com.br\/#website\",\"url\":\"https:\/\/kadoshmusic.com.br\/\",\"name\":\"Kadosh Music\",\"description\":\"A Tecnologia Conectando o \u00c1udio e a M\u00fasica\",\"publisher\":{\"@id\":\"https:\/\/kadoshmusic.com.br\/#organization\"},\"alternateName\":\"kadosh\",\"potentialAction\":[{\"@type\":\"SearchAction\",\"target\":{\"@type\":\"EntryPoint\",\"urlTemplate\":\"https:\/\/kadoshmusic.com.br\/?s={search_term_string}\"},\"query-input\":{\"@type\":\"PropertyValueSpecification\",\"valueRequired\":true,\"valueName\":\"search_term_string\"}}],\"inLanguage\":\"es\"},{\"@type\":\"Organization\",\"@id\":\"https:\/\/kadoshmusic.com.br\/#organization\",\"name\":\"kadosh music\",\"url\":\"https:\/\/kadoshmusic.com.br\/\",\"logo\":{\"@type\":\"ImageObject\",\"inLanguage\":\"es\",\"@id\":\"https:\/\/kadoshmusic.com.br\/#\/schema\/logo\/image\/\",\"url\":\"https:\/\/kadoshmusic.com.br\/wp-content\/uploads\/2024\/06\/logo-principal-1024x450-1.webp\",\"contentUrl\":\"https:\/\/kadoshmusic.com.br\/wp-content\/uploads\/2024\/06\/logo-principal-1024x450-1.webp\",\"width\":1024,\"height\":450,\"caption\":\"kadosh music\"},\"image\":{\"@id\":\"https:\/\/kadoshmusic.com.br\/#\/schema\/logo\/image\/\"},\"sameAs\":[\"https:\/\/www.facebook.com\/micskadosh\"]}]}<\/script>\n<!-- \/ Yoast SEO Premium plugin. -->","yoast_head_json":{"title":"K1202C - Kadosh Music","robots":{"index":"index","follow":"follow","max-snippet":"max-snippet:-1","max-image-preview":"max-image-preview:large","max-video-preview":"max-video-preview:-1"},"canonical":"https:\/\/kadoshmusic.com.br\/es\/product\/k1202c\/","og_locale":"es_ES","og_type":"article","og_title":"K1202C","og_description":"O microfone Kadosh K1202C \u00e9 uma pe\u00e7a de equipamento de \u00e1udio profissional projetada para capturar som com clareza e precis\u00e3o. Com um design robusto e elegante, [\u2026]","og_url":"https:\/\/kadoshmusic.com.br\/es\/product\/k1202c\/","og_site_name":"Kadosh Music","article_publisher":"https:\/\/www.facebook.com\/micskadosh","article_modified_time":"2025-05-16T20:42:47+00:00","og_image":[{"width":1080,"height":1080,"url":"https:\/\/kadoshmusic.com.br\/wp-content\/uploads\/2023\/12\/1202C.png","type":"image\/png"}],"twitter_card":"summary_large_image","twitter_misc":{"Est. reading time":"3 minutos"},"schema":{"@context":"https:\/\/schema.org","@graph":[{"@type":"WebPage","@id":"https:\/\/kadoshmusic.com.br\/produto\/k1202c\/","url":"https:\/\/kadoshmusic.com.br\/produto\/k1202c\/","name":"K1202C - Kadosh Music","isPartOf":{"@id":"https:\/\/kadoshmusic.com.br\/#website"},"primaryImageOfPage":{"@id":"https:\/\/kadoshmusic.com.br\/produto\/k1202c\/#primaryimage"},"image":{"@id":"https:\/\/kadoshmusic.com.br\/produto\/k1202c\/#primaryimage"},"thumbnailUrl":"https:\/\/kadoshmusic.com.br\/wp-content\/uploads\/2023\/12\/1202C.png","datePublished":"2024-05-21T11:51:20+00:00","dateModified":"2025-05-16T20:42:47+00:00","breadcrumb":{"@id":"https:\/\/kadoshmusic.com.br\/produto\/k1202c\/#breadcrumb"},"inLanguage":"es","potentialAction":[{"@type":"ReadAction","target":["https:\/\/kadoshmusic.com.br\/produto\/k1202c\/"]}]},{"@type":"ImageObject","inLanguage":"es","@id":"https:\/\/kadoshmusic.com.br\/produto\/k1202c\/#primaryimage","url":"https:\/\/kadoshmusic.com.br\/wp-content\/uploads\/2023\/12\/1202C.png","contentUrl":"https:\/\/kadoshmusic.com.br\/wp-content\/uploads\/2023\/12\/1202C.png","width":1080,"height":1080},{"@type":"BreadcrumbList","@id":"https:\/\/kadoshmusic.com.br\/produto\/k1202c\/#breadcrumb","itemListElement":[{"@type":"ListItem","position":1,"name":"Home","item":"https:\/\/kadoshmusic.com.br\/"},{"@type":"ListItem","position":2,"name":"Shop","item":"https:\/\/kadoshmusic.com.br\/shop\/"},{"@type":"ListItem","position":3,"name":"K1202C"}]},{"@type":"WebSite","@id":"https:\/\/kadoshmusic.com.br\/#website","url":"https:\/\/kadoshmusic.com.br\/","name":"Kadosh Music","description":"A Tecnologia Conectando o \u00c1udio e a M\u00fasica","publisher":{"@id":"https:\/\/kadoshmusic.com.br\/#organization"},"alternateName":"kadosh","potentialAction":[{"@type":"SearchAction","target":{"@type":"EntryPoint","urlTemplate":"https:\/\/kadoshmusic.com.br\/?s={search_term_string}"},"query-input":{"@type":"PropertyValueSpecification","valueRequired":true,"valueName":"search_term_string"}}],"inLanguage":"es"},{"@type":"Organization","@id":"https:\/\/kadoshmusic.com.br\/#organization","name":"kadosh music","url":"https:\/\/kadoshmusic.com.br\/","logo":{"@type":"ImageObject","inLanguage":"es","@id":"https:\/\/kadoshmusic.com.br\/#\/schema\/logo\/image\/","url":"https:\/\/kadoshmusic.com.br\/wp-content\/uploads\/2024\/06\/logo-principal-1024x450-1.webp","contentUrl":"https:\/\/kadoshmusic.com.br\/wp-content\/uploads\/2024\/06\/logo-principal-1024x450-1.webp","width":1024,"height":450,"caption":"kadosh music"},"image":{"@id":"https:\/\/kadoshmusic.com.br\/#\/schema\/logo\/image\/"},"sameAs":["https:\/\/www.facebook.com\/micskadosh"]}]}},"jetpack_sharing_enabled":true,"s_badge_disabled_all":false,"s_badge_single_active":false,"badge_type":"type_custom","badge_custom_set_date":false,"badge_initial_date":"","badge_end_date":"","badge_new_days":"","badge_lowstock_low":"","badge_lowstock_medium":"","badge_text":"","badge_text_size":"","badge_text_color":"","badge_bg_color":"","badge_style":"badge_default","badge_position":"position_tl","_links":{"self":[{"href":"https:\/\/kadoshmusic.com.br\/es\/wp-json\/wp\/v2\/product\/9657","targetHints":{"allow":["GET"]}}],"collection":[{"href":"https:\/\/kadoshmusic.com.br\/es\/wp-json\/wp\/v2\/product"}],"about":[{"href":"https:\/\/kadoshmusic.com.br\/es\/wp-json\/wp\/v2\/types\/product"}],"version-history":[{"count":10,"href":"https:\/\/kadoshmusic.com.br\/es\/wp-json\/wp\/v2\/product\/9657\/revisions"}],"predecessor-version":[{"id":15258,"href":"https:\/\/kadoshmusic.com.br\/es\/wp-json\/wp\/v2\/product\/9657\/revisions\/15258"}],"wp:featuredmedia":[{"embeddable":true,"href":"https:\/\/kadoshmusic.com.br\/es\/wp-json\/wp\/v2\/media\/12104"}],"wp:attachment":[{"href":"https:\/\/kadoshmusic.com.br\/es\/wp-json\/wp\/v2\/media?parent=9657"}],"wp:term":[{"taxonomy":"product_cat","embeddable":true,"href":"https:\/\/kadoshmusic.com.br\/es\/wp-json\/wp\/v2\/product_cat?post=9657"},{"taxonomy":"product_tag","embeddable":true,"href":"https:\/\/kadoshmusic.com.br\/es\/wp-json\/wp\/v2\/product_tag?post=9657"}],"curies":[{"name":"wp","href":"https:\/\/api.w.org\/{rel}","templated":true}]}}