{"id":9172,"date":"2024-05-21T09:30:42","date_gmt":"2024-05-21T12:30:42","guid":{"rendered":"https:\/\/kadoshmusic.com.br\/?post_type=product&#038;p=9172"},"modified":"2025-05-16T17:24:17","modified_gmt":"2025-05-16T20:24:17","slug":"k2002m","status":"publish","type":"product","link":"https:\/\/kadoshmusic.com.br\/es\/product\/k2002m\/","title":{"rendered":"K2002M"},"content":{"rendered":"<div data-elementor-type=\"product-post\" data-elementor-id=\"9172\" class=\"elementor elementor-9172\" data-elementor-post-type=\"product\">\n\t\t\t\t\t\t<section data-particle_enable=\"false\" data-particle-mobile-disabled=\"false\" class=\"elementor-section elementor-top-section elementor-element elementor-element-58b22cc0 elementor-section-boxed elementor-section-height-default elementor-section-height-default\" data-id=\"58b22cc0\" data-element_type=\"section\" data-settings=\"{&quot;jet_parallax_layout_list&quot;:[]}\">\n\t\t\t\t\t\t<div class=\"elementor-container elementor-column-gap-default\">\n\t\t\t\t\t<div class=\"elementor-column elementor-col-100 elementor-top-column elementor-element elementor-element-688d5ccc\" data-id=\"688d5ccc\" data-element_type=\"column\">\n\t\t\t<div class=\"elementor-widget-wrap elementor-element-populated\">\n\t\t\t\t\t\t<div class=\"elementor-element elementor-element-6ca0d895 elementor-widget elementor-widget-text-editor\" data-id=\"6ca0d895\" data-element_type=\"widget\" data-widget_type=\"text-editor.default\">\n\t\t\t\t<div class=\"elementor-widget-container\">\n\t\t\t\t\t\t\t\t\t<h3><b>Micr\u00f3fono inal\u00e1mbrico con v\u00e1lvula K2002M<\/b><\/h3><p>\u00a0<\/p><p>La c\u00e1psula que hemos montado en la serie k2000 es el complemento perfecto para que la reproducci\u00f3n original de la pastilla del objeto se reproduzca impecablemente sin alteraciones. Se trata de una c\u00e1psula con patr\u00f3n polar Supercardioide, perfecta para quienes desean un efecto de captaci\u00f3n \"cerrado\", con una ligera captaci\u00f3n detr\u00e1s del eje.<\/p><p>\u00a0<\/p><p>\u00bfQuieres m\u00e1s?<\/p><ul><li><strong>SIENTE LA DIFERENCIA DE UNA CALIDAD DE SONIDO INIGUALABLE CON NUESTRA TECNOLOG\u00cdA TRUE DIVERSITY.<\/strong>La tecnolog\u00eda True Diversity es una caracter\u00edstica importante en los sistemas de microfon\u00eda inal\u00e1mbrica, dise\u00f1ada para ofrecer una transmisi\u00f3n de audio m\u00e1s estable, fiable y sin interferencias. Es especialmente valiosa en entornos dif\u00edciles en los que la calidad de audio es crucial. Dispone de dos antenas que trabajan juntas para captar la se\u00f1al de transmisi\u00f3n del micr\u00f3fono inal\u00e1mbrico. Tener dos antenas ayuda a minimizar la probabilidad de p\u00e9rdida de se\u00f1al, ya que al menos una de las antenas debe recibir una se\u00f1al potente.<p>La selecci\u00f3n autom\u00e1tica de antena est\u00e1 dise\u00f1ada para cambiar autom\u00e1ticamente entre las dos antenas y elegir la que recibe la se\u00f1al m\u00e1s fuerte en cada momento. Esto ayuda a evitar ca\u00eddas de se\u00f1al e interferencias, incluso en entornos dif\u00edciles. Ayuda a eliminar las interferencias de otros dispositivos electr\u00f3nicos o fuentes de se\u00f1ales de radio, lo que es especialmente importante en entornos con muchos dispositivos inal\u00e1mbricos.<\/p><p>La tecnolog\u00eda True Diversity es inestimable en situaciones en las que la calidad de audio es crucial, como presentaciones en directo, grabaciones, retransmisiones y eventos. Proporciona mayor estabilidad y fiabilidad en la transmisi\u00f3n, reduciendo las posibilidades de que surjan problemas t\u00e9cnicos.<br \/>Contribuyen a ampliar el alcance operativo del sistema de micr\u00f3fono inal\u00e1mbrico, lo que permite una mayor movilidad del usuario.<\/p><\/li><\/ul><h3><b>\u00a0<\/b><\/h3><h4><b>TU MICR\u00d3FONO DE MANO INAL\u00c1MBRICO PROFESIONAL<\/b><\/h4><p>El K2002M es una combinaci\u00f3n perfecta de tecnolog\u00eda moderna y autenticidad cl\u00e1sica. Con procesamiento de audio a v\u00e1lvulas, ofrece una calidad de sonido rica y c\u00e1lida, ideal para m\u00fasicos e ingenieros de sonido exigentes. Dise\u00f1ado para uso profesional, este micr\u00f3fono es vers\u00e1til y robusto, adecuado para estudios de grabaci\u00f3n, actuaciones en directo y grandes eventos al aire libre. Con estabilidad de frecuencia y una amplia gama de conexiones, el K2002M es el micr\u00f3fono inal\u00e1mbrico que ofrece un rendimiento de primera en cualquier situaci\u00f3n.<\/p><p>\u00a0<\/p><h4><b>CONDENSADOR PREMIUM Y V\u00c1LVULA DE VAC\u00cdO<\/b><\/h4><p>El micr\u00f3fono de tubo K2002M es un dispositivo inal\u00e1mbrico UHF profesional que incorpora un condensador de primera calidad y una v\u00e1lvula de vac\u00edo para el procesamiento de audio. La v\u00e1lvula 6H30-E garantiza una amplificaci\u00f3n rica y c\u00e1lida, proporcionando un sonido \u00fanico y distintivo. La tecnolog\u00eda de v\u00e1lvula aporta un toque cl\u00e1sico al audio, ofreciendo un timbre c\u00e1lido y un tono natural que aprecian los m\u00fasicos y los ingenieros de sonido. La combinaci\u00f3n del condensador de alta calidad y la v\u00e1lvula de vac\u00edo convierte al K2002M en la elecci\u00f3n ideal para cualquiera que busque un micr\u00f3fono inal\u00e1mbrico que ofrezca un sonido aut\u00e9ntico y envolvente.<\/p><p>La v\u00e1lvula de vac\u00edo tambi\u00e9n contribuye a un impresionante rango din\u00e1mico de frecuencias de m\u00e1s de 100 dB, lo que permite capturar con precisi\u00f3n una amplia gama de sonidos. Adem\u00e1s, el dise\u00f1o del micr\u00f3fono proporciona una tasa de distorsi\u00f3n arm\u00f3nica total (T.H.D) inferior a 0,2%, lo que garantiza un audio limpio sin ruidos no deseados. Esto convierte al K2002M en un micr\u00f3fono adecuado para actuaciones en directo, grabaciones de estudio y otras aplicaciones profesionales en las que la calidad del sonido es esencial.<\/p><p><img fetchpriority=\"high\" decoding=\"async\" class=\"wp-image-11972 aligncenter\" src=\"https:\/\/kadoshmusic.com.br\/wp-content\/uploads\/2024\/02\/08-2-e1714486876359-1024x208.png\" alt=\"\" width=\"697\" height=\"142\" srcset=\"https:\/\/kadoshmusic.com.br\/wp-content\/uploads\/2024\/02\/08-2-e1714486876359-1024x208.png 1024w, https:\/\/kadoshmusic.com.br\/wp-content\/uploads\/2024\/02\/08-2-e1714486876359-800x163.png 800w, https:\/\/kadoshmusic.com.br\/wp-content\/uploads\/2024\/02\/08-2-e1714486876359-300x61.png 300w, https:\/\/kadoshmusic.com.br\/wp-content\/uploads\/2024\/02\/08-2-e1714486876359-768x156.png 768w, https:\/\/kadoshmusic.com.br\/wp-content\/uploads\/2024\/02\/08-2-e1714486876359-1536x312.png 1536w, https:\/\/kadoshmusic.com.br\/wp-content\/uploads\/2024\/02\/08-2-e1714486876359-2048x416.png 2048w, https:\/\/kadoshmusic.com.br\/wp-content\/uploads\/2024\/02\/08-2-e1714486876359-260x53.png 260w, https:\/\/kadoshmusic.com.br\/wp-content\/uploads\/2024\/02\/08-2-e1714486876359-50x10.png 50w, https:\/\/kadoshmusic.com.br\/wp-content\/uploads\/2024\/02\/08-2-e1714486876359-150x31.png 150w\" sizes=\"(max-width:767px) 480px, 697px\" \/><\/p><h4><b>VERSATILIDAD INIGUALABLE<\/b><\/h4><p>El K2002M ofrece una versatilidad excepcional gracias a su capacidad para operar en diferentes bandas de frecuencia UHF, que van de 614.000 a 638.000 MHz. Con estabilidad de frecuencia bloqueada por cristal de cuarzo, este micr\u00f3fono garantiza una se\u00f1al consistente, minimizando las interferencias y asegurando una transmisi\u00f3n fiable. La sensibilidad (desviaci\u00f3n de pico) de 10uVP\/N y el rechazo de canal adyacente superior a 80dB contribuyen a una captaci\u00f3n de sonido clara y sin distorsiones.<\/p><p>Otro aspecto de la versatilidad de la K2002M es su capacidad para utilizarse en diversos entornos y configuraciones. Con dos salidas balanceadas XLR-3P y una salida de mezcla no balanceada 6,35 mm\/TS, se adapta a diferentes configuraciones de audio. La tensi\u00f3n de salida AF es ajustable, lo que ofrece un control preciso del nivel de audio, mientras que la antena BNC de 50 ohmios garantiza una transmisi\u00f3n estable incluso con un uso intensivo. Con este nivel de flexibilidad, el K2001M es una opci\u00f3n ideal para m\u00fasicos, ingenieros de sonido y productores.<\/p><p><img decoding=\"async\" class=\"aligncenter wp-image-11971\" src=\"https:\/\/kadoshmusic.com.br\/wp-content\/uploads\/2024\/02\/07-3-e1714486580298-1024x242.png\" alt=\"\" width=\"711\" height=\"168\" srcset=\"https:\/\/kadoshmusic.com.br\/wp-content\/uploads\/2024\/02\/07-3-e1714486580298-1024x242.png 1024w, https:\/\/kadoshmusic.com.br\/wp-content\/uploads\/2024\/02\/07-3-e1714486580298-800x189.png 800w, https:\/\/kadoshmusic.com.br\/wp-content\/uploads\/2024\/02\/07-3-e1714486580298-300x71.png 300w, https:\/\/kadoshmusic.com.br\/wp-content\/uploads\/2024\/02\/07-3-e1714486580298-768x182.png 768w, https:\/\/kadoshmusic.com.br\/wp-content\/uploads\/2024\/02\/07-3-e1714486580298-1536x364.png 1536w, https:\/\/kadoshmusic.com.br\/wp-content\/uploads\/2024\/02\/07-3-e1714486580298-2048x485.png 2048w, https:\/\/kadoshmusic.com.br\/wp-content\/uploads\/2024\/02\/07-3-e1714486580298-260x62.png 260w, https:\/\/kadoshmusic.com.br\/wp-content\/uploads\/2024\/02\/07-3-e1714486580298-50x12.png 50w, https:\/\/kadoshmusic.com.br\/wp-content\/uploads\/2024\/02\/07-3-e1714486580298-150x36.png 150w\" sizes=\"(max-width:767px) 480px, 711px\" \/><\/p><h4><b>TRANSMISI\u00d3N DE AUDIO DE ALTA CALIDAD<\/b><\/h4><p>El K2001M est\u00e1 dise\u00f1ado para ofrecer una transmisi\u00f3n de audio de alta calidad. Su relaci\u00f3n se\u00f1al\/ruido (S\/N) superior a 90 dB garantiza una transmisi\u00f3n clara y n\u00edtida, al tiempo que minimiza el ruido de fondo. La estabilidad de frecuencia de +0,002%, bloqueada con un cristal de cuarzo, proporciona un funcionamiento fiable, incluso en entornos con altos niveles de interferencias. Este nivel de estabilidad es crucial para aplicaciones profesionales en las que la consistencia del sonido es primordial.<\/p><p>Adem\u00e1s, el K2002M tiene un consumo de energ\u00eda relativamente bajo, de s\u00f3lo 6 W, lo que lo hace eficiente y respetuoso con el medio ambiente. La fuente de alimentaci\u00f3n con entrada de entre 70 y 260 V ofrece una amplia compatibilidad con diferentes sistemas el\u00e9ctricos, lo que garantiza que el micr\u00f3fono pueda utilizarse en una gran variedad de lugares sin preocuparse por el voltaje o los adaptadores. Esta eficiencia y compatibilidad hacen del K2002M una elecci\u00f3n segura para emisiones en directo, eventos y grabaciones profesionales.<\/p><p><img decoding=\"async\" class=\"aligncenter wp-image-12589 size-large\" src=\"https:\/\/kadoshmusic.com.br\/wp-content\/uploads\/2024\/05\/K2002-1024x473.png\" alt=\"\" width=\"1024\" height=\"473\" srcset=\"https:\/\/kadoshmusic.com.br\/wp-content\/uploads\/2024\/05\/K2002-1024x473.png 1024w, https:\/\/kadoshmusic.com.br\/wp-content\/uploads\/2024\/05\/K2002-300x139.png 300w, https:\/\/kadoshmusic.com.br\/wp-content\/uploads\/2024\/05\/K2002-768x355.png 768w, https:\/\/kadoshmusic.com.br\/wp-content\/uploads\/2024\/05\/K2002-1536x710.png 1536w, https:\/\/kadoshmusic.com.br\/wp-content\/uploads\/2024\/05\/K2002-2048x946.png 2048w, https:\/\/kadoshmusic.com.br\/wp-content\/uploads\/2024\/05\/K2002-150x69.png 150w, https:\/\/kadoshmusic.com.br\/wp-content\/uploads\/2024\/05\/K2002-480x222.png 480w, https:\/\/kadoshmusic.com.br\/wp-content\/uploads\/2024\/05\/K2002-800x370.png 800w\" sizes=\"(max-width:767px) 480px, (max-width:1024px) 100vw, 1024px\" \/><\/p><h4><b>SALIDAS DE AUDIO<\/b><\/h4><p>El K2001M ofrece una variedad de salidas de audio para adaptarse a diferentes necesidades. Con dos salidas balanceadas XLR-3P, proporciona una transmisi\u00f3n segura y sin ruidos para sistemas de audio profesionales. Adem\u00e1s, la salida de mezcla no balanceada de 6,35 mm\/TS permite conectar el micr\u00f3fono a una amplia gama de dispositivos de audio, como mezcladores, amplificadores y sistemas de sonido en directo.<\/p><p>La posibilidad de conectarse a varios tipos de equipos hace que el K2001M sea muy vers\u00e1til y adaptable. La tensi\u00f3n de salida de audio ajustable entre 0 y 300 mV ofrece a los usuarios un control preciso sobre el volumen y la intensidad del audio. Con estas opciones de conexi\u00f3n y control, el K2001M ofrece flexibilidad para una gran variedad de aplicaciones, desde eventos en directo hasta grabaciones en estudio. La robusta construcci\u00f3n y la garant\u00eda de 1 a\u00f1o tambi\u00e9n garantizan fiabilidad y durabilidad a largo plazo.<\/p><p><img loading=\"lazy\" decoding=\"async\" class=\"aligncenter wp-image-12590 size-large\" src=\"https:\/\/kadoshmusic.com.br\/wp-content\/uploads\/2024\/05\/Image_20230712132159-1024x683.jpg\" alt=\"\" width=\"1024\" height=\"683\" srcset=\"https:\/\/kadoshmusic.com.br\/wp-content\/uploads\/2024\/05\/Image_20230712132159-1024x683.jpg 1024w, https:\/\/kadoshmusic.com.br\/wp-content\/uploads\/2024\/05\/Image_20230712132159-300x200.jpg 300w, https:\/\/kadoshmusic.com.br\/wp-content\/uploads\/2024\/05\/Image_20230712132159-768x512.jpg 768w, https:\/\/kadoshmusic.com.br\/wp-content\/uploads\/2024\/05\/Image_20230712132159-1536x1024.jpg 1536w, https:\/\/kadoshmusic.com.br\/wp-content\/uploads\/2024\/05\/Image_20230712132159-2048x1365.jpg 2048w, https:\/\/kadoshmusic.com.br\/wp-content\/uploads\/2024\/05\/Image_20230712132159-113x75.jpg 113w, https:\/\/kadoshmusic.com.br\/wp-content\/uploads\/2024\/05\/Image_20230712132159-480x320.jpg 480w, https:\/\/kadoshmusic.com.br\/wp-content\/uploads\/2024\/05\/Image_20230712132159-800x533.jpg 800w\" sizes=\"(max-width:767px) 480px, (max-width:1024px) 100vw, 1024px\" \/><\/p>\t\t\t\t\t\t\t\t<\/div>\n\t\t\t\t<\/div>\n\t\t\t\t\t<\/div>\n\t\t<\/div>\n\t\t\t\t\t<\/div>\n\t\t<\/section>\n\t\t\t\t<\/div>","protected":false},"excerpt":{"rendered":"<p>Micr\u00f3fono inal\u00e1mbrico con v\u00e1lvula K2002M La c\u00e1psula que hemos montado en la serie k2000 se adapta perfectamente a la reproducci\u00f3n original de la captura del sujeto<span class=\"excerpt-hellip\"> [...]<\/span><\/p>","protected":false},"featured_media":12125,"template":"","meta":{"content-type":"","_vp_format_video_url":"","_vp_image_focal_point":[]},"product_cat":[107,166,148],"product_tag":[],"class_list":{"0":"post-9172","1":"product","2":"type-product","3":"status-publish","4":"has-post-thumbnail","6":"product_cat-kadosh","7":"product_cat-microfones-com-fio","8":"product_cat-microfones-sem-fio-uhf","10":"first","11":"instock","12":"shipping-taxable","13":"purchasable","14":"product-type-simple"},"yoast_head":"<!-- This site is optimized with the Yoast SEO Premium plugin v22.9 (Yoast SEO v24.0) - https:\/\/yoast.com\/wordpress\/plugins\/seo\/ -->\n<title>K2002M - Kadosh Music<\/title>\n<meta name=\"robots\" content=\"index, follow, max-snippet:-1, max-image-preview:large, max-video-preview:-1\" \/>\n<link rel=\"canonical\" href=\"https:\/\/kadoshmusic.com.br\/es\/product\/k2002m\/\" \/>\n<meta property=\"og:locale\" content=\"es_ES\" \/>\n<meta property=\"og:type\" content=\"article\" \/>\n<meta property=\"og:title\" content=\"K2002M\" \/>\n<meta property=\"og:description\" content=\"Microfone sem Fio Valvulado K2002M A capsula que equipamos o k2000 series \u00e9 o perfeito casamento para que a reprodu\u00e7\u00e3o original da capta\u00e7\u00e3o do objeto seja [\u2026]\" \/>\n<meta property=\"og:url\" content=\"https:\/\/kadoshmusic.com.br\/es\/product\/k2002m\/\" \/>\n<meta property=\"og:site_name\" content=\"Kadosh Music\" \/>\n<meta property=\"article:publisher\" content=\"https:\/\/www.facebook.com\/micskadosh\" \/>\n<meta property=\"article:modified_time\" content=\"2025-05-16T20:24:17+00:00\" \/>\n<meta property=\"og:image\" content=\"https:\/\/kadoshmusic.com.br\/wp-content\/uploads\/2024\/05\/2002m.png\" \/>\n\t<meta property=\"og:image:width\" content=\"1080\" \/>\n\t<meta property=\"og:image:height\" content=\"1080\" \/>\n\t<meta property=\"og:image:type\" content=\"image\/png\" \/>\n<meta name=\"twitter:card\" content=\"summary_large_image\" \/>\n<meta name=\"twitter:label1\" content=\"Est. reading time\" \/>\n\t<meta name=\"twitter:data1\" content=\"7 minutos\" \/>\n<script type=\"application\/ld+json\" class=\"yoast-schema-graph\">{\"@context\":\"https:\/\/schema.org\",\"@graph\":[{\"@type\":\"WebPage\",\"@id\":\"https:\/\/kadoshmusic.com.br\/produto\/k2002m\/\",\"url\":\"https:\/\/kadoshmusic.com.br\/produto\/k2002m\/\",\"name\":\"K2002M - Kadosh Music\",\"isPartOf\":{\"@id\":\"https:\/\/kadoshmusic.com.br\/#website\"},\"primaryImageOfPage\":{\"@id\":\"https:\/\/kadoshmusic.com.br\/produto\/k2002m\/#primaryimage\"},\"image\":{\"@id\":\"https:\/\/kadoshmusic.com.br\/produto\/k2002m\/#primaryimage\"},\"thumbnailUrl\":\"https:\/\/kadoshmusic.com.br\/wp-content\/uploads\/2024\/05\/2002m.png\",\"datePublished\":\"2024-05-21T12:30:42+00:00\",\"dateModified\":\"2025-05-16T20:24:17+00:00\",\"breadcrumb\":{\"@id\":\"https:\/\/kadoshmusic.com.br\/produto\/k2002m\/#breadcrumb\"},\"inLanguage\":\"es\",\"potentialAction\":[{\"@type\":\"ReadAction\",\"target\":[\"https:\/\/kadoshmusic.com.br\/produto\/k2002m\/\"]}]},{\"@type\":\"ImageObject\",\"inLanguage\":\"es\",\"@id\":\"https:\/\/kadoshmusic.com.br\/produto\/k2002m\/#primaryimage\",\"url\":\"https:\/\/kadoshmusic.com.br\/wp-content\/uploads\/2024\/05\/2002m.png\",\"contentUrl\":\"https:\/\/kadoshmusic.com.br\/wp-content\/uploads\/2024\/05\/2002m.png\",\"width\":1080,\"height\":1080},{\"@type\":\"BreadcrumbList\",\"@id\":\"https:\/\/kadoshmusic.com.br\/produto\/k2002m\/#breadcrumb\",\"itemListElement\":[{\"@type\":\"ListItem\",\"position\":1,\"name\":\"Home\",\"item\":\"https:\/\/kadoshmusic.com.br\/\"},{\"@type\":\"ListItem\",\"position\":2,\"name\":\"Shop\",\"item\":\"https:\/\/kadoshmusic.com.br\/shop\/\"},{\"@type\":\"ListItem\",\"position\":3,\"name\":\"K2002M\"}]},{\"@type\":\"WebSite\",\"@id\":\"https:\/\/kadoshmusic.com.br\/#website\",\"url\":\"https:\/\/kadoshmusic.com.br\/\",\"name\":\"Kadosh Music\",\"description\":\"A Tecnologia Conectando o \u00c1udio e a M\u00fasica\",\"publisher\":{\"@id\":\"https:\/\/kadoshmusic.com.br\/#organization\"},\"alternateName\":\"kadosh\",\"potentialAction\":[{\"@type\":\"SearchAction\",\"target\":{\"@type\":\"EntryPoint\",\"urlTemplate\":\"https:\/\/kadoshmusic.com.br\/?s={search_term_string}\"},\"query-input\":{\"@type\":\"PropertyValueSpecification\",\"valueRequired\":true,\"valueName\":\"search_term_string\"}}],\"inLanguage\":\"es\"},{\"@type\":\"Organization\",\"@id\":\"https:\/\/kadoshmusic.com.br\/#organization\",\"name\":\"kadosh music\",\"url\":\"https:\/\/kadoshmusic.com.br\/\",\"logo\":{\"@type\":\"ImageObject\",\"inLanguage\":\"es\",\"@id\":\"https:\/\/kadoshmusic.com.br\/#\/schema\/logo\/image\/\",\"url\":\"https:\/\/kadoshmusic.com.br\/wp-content\/uploads\/2024\/06\/logo-principal-1024x450-1.webp\",\"contentUrl\":\"https:\/\/kadoshmusic.com.br\/wp-content\/uploads\/2024\/06\/logo-principal-1024x450-1.webp\",\"width\":1024,\"height\":450,\"caption\":\"kadosh music\"},\"image\":{\"@id\":\"https:\/\/kadoshmusic.com.br\/#\/schema\/logo\/image\/\"},\"sameAs\":[\"https:\/\/www.facebook.com\/micskadosh\"]}]}<\/script>\n<!-- \/ Yoast SEO Premium plugin. -->","yoast_head_json":{"title":"K2002M - Kadosh Music","robots":{"index":"index","follow":"follow","max-snippet":"max-snippet:-1","max-image-preview":"max-image-preview:large","max-video-preview":"max-video-preview:-1"},"canonical":"https:\/\/kadoshmusic.com.br\/es\/product\/k2002m\/","og_locale":"es_ES","og_type":"article","og_title":"K2002M","og_description":"Microfone sem Fio Valvulado K2002M A capsula que equipamos o k2000 series \u00e9 o perfeito casamento para que a reprodu\u00e7\u00e3o original da capta\u00e7\u00e3o do objeto seja [\u2026]","og_url":"https:\/\/kadoshmusic.com.br\/es\/product\/k2002m\/","og_site_name":"Kadosh Music","article_publisher":"https:\/\/www.facebook.com\/micskadosh","article_modified_time":"2025-05-16T20:24:17+00:00","og_image":[{"width":1080,"height":1080,"url":"https:\/\/kadoshmusic.com.br\/wp-content\/uploads\/2024\/05\/2002m.png","type":"image\/png"}],"twitter_card":"summary_large_image","twitter_misc":{"Est. reading time":"7 minutos"},"schema":{"@context":"https:\/\/schema.org","@graph":[{"@type":"WebPage","@id":"https:\/\/kadoshmusic.com.br\/produto\/k2002m\/","url":"https:\/\/kadoshmusic.com.br\/produto\/k2002m\/","name":"K2002M - Kadosh Music","isPartOf":{"@id":"https:\/\/kadoshmusic.com.br\/#website"},"primaryImageOfPage":{"@id":"https:\/\/kadoshmusic.com.br\/produto\/k2002m\/#primaryimage"},"image":{"@id":"https:\/\/kadoshmusic.com.br\/produto\/k2002m\/#primaryimage"},"thumbnailUrl":"https:\/\/kadoshmusic.com.br\/wp-content\/uploads\/2024\/05\/2002m.png","datePublished":"2024-05-21T12:30:42+00:00","dateModified":"2025-05-16T20:24:17+00:00","breadcrumb":{"@id":"https:\/\/kadoshmusic.com.br\/produto\/k2002m\/#breadcrumb"},"inLanguage":"es","potentialAction":[{"@type":"ReadAction","target":["https:\/\/kadoshmusic.com.br\/produto\/k2002m\/"]}]},{"@type":"ImageObject","inLanguage":"es","@id":"https:\/\/kadoshmusic.com.br\/produto\/k2002m\/#primaryimage","url":"https:\/\/kadoshmusic.com.br\/wp-content\/uploads\/2024\/05\/2002m.png","contentUrl":"https:\/\/kadoshmusic.com.br\/wp-content\/uploads\/2024\/05\/2002m.png","width":1080,"height":1080},{"@type":"BreadcrumbList","@id":"https:\/\/kadoshmusic.com.br\/produto\/k2002m\/#breadcrumb","itemListElement":[{"@type":"ListItem","position":1,"name":"Home","item":"https:\/\/kadoshmusic.com.br\/"},{"@type":"ListItem","position":2,"name":"Shop","item":"https:\/\/kadoshmusic.com.br\/shop\/"},{"@type":"ListItem","position":3,"name":"K2002M"}]},{"@type":"WebSite","@id":"https:\/\/kadoshmusic.com.br\/#website","url":"https:\/\/kadoshmusic.com.br\/","name":"Kadosh Music","description":"A Tecnologia Conectando o \u00c1udio e a M\u00fasica","publisher":{"@id":"https:\/\/kadoshmusic.com.br\/#organization"},"alternateName":"kadosh","potentialAction":[{"@type":"SearchAction","target":{"@type":"EntryPoint","urlTemplate":"https:\/\/kadoshmusic.com.br\/?s={search_term_string}"},"query-input":{"@type":"PropertyValueSpecification","valueRequired":true,"valueName":"search_term_string"}}],"inLanguage":"es"},{"@type":"Organization","@id":"https:\/\/kadoshmusic.com.br\/#organization","name":"kadosh music","url":"https:\/\/kadoshmusic.com.br\/","logo":{"@type":"ImageObject","inLanguage":"es","@id":"https:\/\/kadoshmusic.com.br\/#\/schema\/logo\/image\/","url":"https:\/\/kadoshmusic.com.br\/wp-content\/uploads\/2024\/06\/logo-principal-1024x450-1.webp","contentUrl":"https:\/\/kadoshmusic.com.br\/wp-content\/uploads\/2024\/06\/logo-principal-1024x450-1.webp","width":1024,"height":450,"caption":"kadosh music"},"image":{"@id":"https:\/\/kadoshmusic.com.br\/#\/schema\/logo\/image\/"},"sameAs":["https:\/\/www.facebook.com\/micskadosh"]}]}},"jetpack_sharing_enabled":true,"s_badge_disabled_all":false,"s_badge_single_active":false,"badge_type":"type_custom","badge_custom_set_date":false,"badge_initial_date":"","badge_end_date":"","badge_new_days":"","badge_lowstock_low":"","badge_lowstock_medium":"","badge_text":"","badge_text_size":"","badge_text_color":"","badge_bg_color":"","badge_style":"badge_default","badge_position":"position_tl","_links":{"self":[{"href":"https:\/\/kadoshmusic.com.br\/es\/wp-json\/wp\/v2\/product\/9172","targetHints":{"allow":["GET"]}}],"collection":[{"href":"https:\/\/kadoshmusic.com.br\/es\/wp-json\/wp\/v2\/product"}],"about":[{"href":"https:\/\/kadoshmusic.com.br\/es\/wp-json\/wp\/v2\/types\/product"}],"version-history":[{"count":17,"href":"https:\/\/kadoshmusic.com.br\/es\/wp-json\/wp\/v2\/product\/9172\/revisions"}],"predecessor-version":[{"id":15687,"href":"https:\/\/kadoshmusic.com.br\/es\/wp-json\/wp\/v2\/product\/9172\/revisions\/15687"}],"wp:featuredmedia":[{"embeddable":true,"href":"https:\/\/kadoshmusic.com.br\/es\/wp-json\/wp\/v2\/media\/12125"}],"wp:attachment":[{"href":"https:\/\/kadoshmusic.com.br\/es\/wp-json\/wp\/v2\/media?parent=9172"}],"wp:term":[{"taxonomy":"product_cat","embeddable":true,"href":"https:\/\/kadoshmusic.com.br\/es\/wp-json\/wp\/v2\/product_cat?post=9172"},{"taxonomy":"product_tag","embeddable":true,"href":"https:\/\/kadoshmusic.com.br\/es\/wp-json\/wp\/v2\/product_tag?post=9172"}],"curies":[{"name":"wp","href":"https:\/\/api.w.org\/{rel}","templated":true}]}}