{"id":7817,"date":"2024-05-21T08:58:53","date_gmt":"2024-05-21T11:58:53","guid":{"rendered":"https:\/\/kadoshmusic.com.br\/?post_type=product&#038;p=7817"},"modified":"2025-05-16T17:30:13","modified_gmt":"2025-05-16T20:30:13","slug":"k1501h","status":"publish","type":"product","link":"https:\/\/kadoshmusic.com.br\/es\/product\/k1501h\/","title":{"rendered":"K1501H"},"content":{"rendered":"<p>&nbsp;<\/p>\n<p><b>EL AUDIO ES TRANSPARENTE Y ADMITE MUCHOS SPL<\/b><\/p>\n<p><span style=\"font-weight: 300;\">Dispone de 2 tipos de transductor, de condensador y din\u00e1mico. Tiene un patr\u00f3n polar supercardioide dise\u00f1ado para ofrecer el timbre exacto de tu artista. Al tener un patr\u00f3n polar supercardioide, es capaz de rechazar a\u00fan m\u00e1s el ruido lateral, lo que significa que se minimizan las fugas de banda. Dispone de un ecualizador con 3 opciones (Flat, HPF 90Hz, High Shelf Booster 8KHz). Elija entre la versi\u00f3n de micr\u00f3fono de diadema o de mano.<\/span><\/p>\n<p><img fetchpriority=\"high\" decoding=\"async\" class=\"aligncenter wp-image-12595\" src=\"https:\/\/kadoshmusic.com.br\/wp-content\/uploads\/2024\/05\/K1501H-1024x702.png\" alt=\"\" width=\"758\" height=\"520\" srcset=\"https:\/\/kadoshmusic.com.br\/wp-content\/uploads\/2024\/05\/K1501H-1024x702.png 1024w, https:\/\/kadoshmusic.com.br\/wp-content\/uploads\/2024\/05\/K1501H-300x206.png 300w, https:\/\/kadoshmusic.com.br\/wp-content\/uploads\/2024\/05\/K1501H-768x527.png 768w, https:\/\/kadoshmusic.com.br\/wp-content\/uploads\/2024\/05\/K1501H-1536x1053.png 1536w, https:\/\/kadoshmusic.com.br\/wp-content\/uploads\/2024\/05\/K1501H-2048x1404.png 2048w, https:\/\/kadoshmusic.com.br\/wp-content\/uploads\/2024\/05\/K1501H-109x75.png 109w, https:\/\/kadoshmusic.com.br\/wp-content\/uploads\/2024\/05\/K1501H-480x329.png 480w, https:\/\/kadoshmusic.com.br\/wp-content\/uploads\/2024\/05\/K1501H-800x549.png 800w\" sizes=\"(max-width:767px) 480px, 758px\" \/><\/p>\n<p><b>FRECUENCIAS RF Y 1764 ESTABLES\u00a0<\/b><\/p>\n<p><span style=\"font-weight: 300;\">El K1501 tiene 1764 frecuencias UHF posibles, lo que lo convierte en la opci\u00f3n perfecta para aquellos con problemas de RF. Sabemos que en Brasil tenemos un espectro UHF muy restringido, y s\u00f3lo equipos homologados y con muchos recursos pueden darle esa tranquilidad. Funciones como Scan, Manual RF pueden ayudarlo durante la instalaci\u00f3n, para que tenga la opci\u00f3n de dejar que el sistema elija una frecuencia o coordinarla manualmente.<\/span><\/p>\n<p>&nbsp;<\/p>\n<p><b>FUNCIONES PARA QUE DISFRUTES A\u00daN M\u00c1S<\/b><\/p>\n<p><span style=\"font-weight: 300;\">Mediante el direccionamiento, es posible tener otros TXs para usar en el mismo RX y cambiarlos seg\u00fan el uso simplemente cambiando la direcci\u00f3n en el RX. Por ejemplo, en una obra de teatro en la que necesites utilizar decenas de micr\u00f3fonos en diferentes momentos, puedes poner 4 microauriculares que se utilizar\u00e1n en momentos alternos y cada microauricular tendr\u00e1 una direcci\u00f3n diferente (1: 0001 | 2: 0010 | 3: 0020 | 4: 0030), de modo que cuando el actor 2 salga a escena, s\u00f3lo tienes que cambiar la direcci\u00f3n a la asociada con el actor 2.<\/span><\/p>\n<p>&nbsp;<\/p>\n<p><span style=\"font-weight: 300;\">Para que el K1501 sea a\u00fan mejor, incorpora el <\/span><b><i>Centro de control K15<\/i><\/b><span style=\"font-weight: 300;\">Se trata de un gestor remoto para hasta 16 sistemas K15 conectados por cable. El software puede utilizarse en PC (<\/span><i><span style=\"font-weight: 300;\">Windows<\/span><\/i><span style=\"font-weight: 300;\">), ofrece funciones mejoradas como el control AF Out, Squelch, Frecuencias, Renombrar RX, Indicador de nivel de bater\u00eda TX, Cambio de direcci\u00f3n, Filtros EQ.\u00a0<\/span><\/p>\n<p>&nbsp;<\/p>\n<p><b>Opciones<\/b><span style=\"font-weight: 300;\">:<\/span><\/p>\n<p><span style=\"font-weight: 300;\">Mochila K15b<\/span><\/p>\n<p><span style=\"font-weight: 300;\">Auriculares K15h<\/span><\/p>\n<p><span style=\"font-weight: 300;\">Port\u00e1til K15m,<\/span><\/p>\n<p><span style=\"font-weight: 300;\">C\u00e1psula K15c \/ K15d<\/span><\/p>","protected":false},"excerpt":{"rendered":"<p>&nbsp;<\/p>\n<p><span style=\"font-weight: 300;\"><strong>USO SUGERIDO:<\/strong> Voces en directo<\/span><\/p>\n<p><span style=\"font-weight: 300;\">Sabemos que la voz del cantante debe reproducirse con la mayor fidelidad posible. La voz humana es un instrumento que debe ser respetado, y para eso Kadosh tiene el producto perfecto para que el factor de coloraci\u00f3n no ocurra. El Kadosh K 1501 est\u00e1 aqu\u00ed para usted si busca el sonido real de la voz de su artista.\u00a0<\/span><\/p>\n<p class=\"font_8\">","protected":false},"featured_media":12124,"template":"","meta":{"content-type":"","_vp_format_video_url":"","_vp_image_focal_point":[]},"product_cat":[107,148],"product_tag":[],"class_list":{"0":"post-7817","1":"product","2":"type-product","3":"status-publish","4":"has-post-thumbnail","6":"product_cat-kadosh","7":"product_cat-microfones-sem-fio-uhf","9":"first","10":"instock","11":"shipping-taxable","12":"purchasable","13":"product-type-variable"},"yoast_head":"<!-- This site is optimized with the Yoast SEO Premium plugin v22.9 (Yoast SEO v24.0) - https:\/\/yoast.com\/wordpress\/plugins\/seo\/ -->\n<title>K1501H - Kadosh Music<\/title>\n<meta name=\"robots\" content=\"index, follow, max-snippet:-1, max-image-preview:large, max-video-preview:-1\" \/>\n<link rel=\"canonical\" href=\"https:\/\/kadoshmusic.com.br\/es\/product\/k1501h\/\" \/>\n<meta property=\"og:locale\" content=\"es_ES\" \/>\n<meta property=\"og:type\" content=\"article\" \/>\n<meta property=\"og:title\" content=\"K1501H\" \/>\n<meta property=\"og:description\" content=\"&nbsp;  SUGEST\u00c3O DE USO: Vocais ao vivo  Sabemos que a voz do cantor deve ser reproduzida da forma mais fiel poss\u00edvel. A voz humana \u00e9 um instrumento que deve ser respeitado, e para isso a Kadosh tem o produto perfeito para que o fator colora\u00e7\u00e3o n\u00e3o aconte\u00e7a. O Kadosh K 1501 chegou para voc\u00ea que procura a sonoridade real da voz do seu artista.\u00a0\" \/>\n<meta property=\"og:url\" content=\"https:\/\/kadoshmusic.com.br\/es\/product\/k1501h\/\" \/>\n<meta property=\"og:site_name\" content=\"Kadosh Music\" \/>\n<meta property=\"article:publisher\" content=\"https:\/\/www.facebook.com\/micskadosh\" \/>\n<meta property=\"article:modified_time\" content=\"2025-05-16T20:30:13+00:00\" \/>\n<meta property=\"og:image\" content=\"https:\/\/kadoshmusic.com.br\/wp-content\/uploads\/2024\/05\/1501h.png\" \/>\n\t<meta property=\"og:image:width\" content=\"1080\" \/>\n\t<meta property=\"og:image:height\" content=\"1080\" \/>\n\t<meta property=\"og:image:type\" content=\"image\/png\" \/>\n<meta name=\"twitter:card\" content=\"summary_large_image\" \/>\n<meta name=\"twitter:label1\" content=\"Est. reading time\" \/>\n\t<meta name=\"twitter:data1\" content=\"3 minutos\" \/>\n<script type=\"application\/ld+json\" class=\"yoast-schema-graph\">{\"@context\":\"https:\/\/schema.org\",\"@graph\":[{\"@type\":\"WebPage\",\"@id\":\"https:\/\/kadoshmusic.com.br\/produto\/k1501h\/\",\"url\":\"https:\/\/kadoshmusic.com.br\/produto\/k1501h\/\",\"name\":\"K1501H - Kadosh Music\",\"isPartOf\":{\"@id\":\"https:\/\/kadoshmusic.com.br\/#website\"},\"primaryImageOfPage\":{\"@id\":\"https:\/\/kadoshmusic.com.br\/produto\/k1501h\/#primaryimage\"},\"image\":{\"@id\":\"https:\/\/kadoshmusic.com.br\/produto\/k1501h\/#primaryimage\"},\"thumbnailUrl\":\"https:\/\/kadoshmusic.com.br\/wp-content\/uploads\/2024\/05\/1501h.png\",\"datePublished\":\"2024-05-21T11:58:53+00:00\",\"dateModified\":\"2025-05-16T20:30:13+00:00\",\"breadcrumb\":{\"@id\":\"https:\/\/kadoshmusic.com.br\/produto\/k1501h\/#breadcrumb\"},\"inLanguage\":\"es\",\"potentialAction\":[{\"@type\":\"ReadAction\",\"target\":[\"https:\/\/kadoshmusic.com.br\/produto\/k1501h\/\"]}]},{\"@type\":\"ImageObject\",\"inLanguage\":\"es\",\"@id\":\"https:\/\/kadoshmusic.com.br\/produto\/k1501h\/#primaryimage\",\"url\":\"https:\/\/kadoshmusic.com.br\/wp-content\/uploads\/2024\/05\/1501h.png\",\"contentUrl\":\"https:\/\/kadoshmusic.com.br\/wp-content\/uploads\/2024\/05\/1501h.png\",\"width\":1080,\"height\":1080},{\"@type\":\"BreadcrumbList\",\"@id\":\"https:\/\/kadoshmusic.com.br\/produto\/k1501h\/#breadcrumb\",\"itemListElement\":[{\"@type\":\"ListItem\",\"position\":1,\"name\":\"Home\",\"item\":\"https:\/\/kadoshmusic.com.br\/\"},{\"@type\":\"ListItem\",\"position\":2,\"name\":\"Shop\",\"item\":\"https:\/\/kadoshmusic.com.br\/shop\/\"},{\"@type\":\"ListItem\",\"position\":3,\"name\":\"K1501H\"}]},{\"@type\":\"WebSite\",\"@id\":\"https:\/\/kadoshmusic.com.br\/#website\",\"url\":\"https:\/\/kadoshmusic.com.br\/\",\"name\":\"Kadosh Music\",\"description\":\"A Tecnologia Conectando o \u00c1udio e a M\u00fasica\",\"publisher\":{\"@id\":\"https:\/\/kadoshmusic.com.br\/#organization\"},\"alternateName\":\"kadosh\",\"potentialAction\":[{\"@type\":\"SearchAction\",\"target\":{\"@type\":\"EntryPoint\",\"urlTemplate\":\"https:\/\/kadoshmusic.com.br\/?s={search_term_string}\"},\"query-input\":{\"@type\":\"PropertyValueSpecification\",\"valueRequired\":true,\"valueName\":\"search_term_string\"}}],\"inLanguage\":\"es\"},{\"@type\":\"Organization\",\"@id\":\"https:\/\/kadoshmusic.com.br\/#organization\",\"name\":\"kadosh music\",\"url\":\"https:\/\/kadoshmusic.com.br\/\",\"logo\":{\"@type\":\"ImageObject\",\"inLanguage\":\"es\",\"@id\":\"https:\/\/kadoshmusic.com.br\/#\/schema\/logo\/image\/\",\"url\":\"https:\/\/kadoshmusic.com.br\/wp-content\/uploads\/2024\/06\/logo-principal-1024x450-1.webp\",\"contentUrl\":\"https:\/\/kadoshmusic.com.br\/wp-content\/uploads\/2024\/06\/logo-principal-1024x450-1.webp\",\"width\":1024,\"height\":450,\"caption\":\"kadosh music\"},\"image\":{\"@id\":\"https:\/\/kadoshmusic.com.br\/#\/schema\/logo\/image\/\"},\"sameAs\":[\"https:\/\/www.facebook.com\/micskadosh\"]}]}<\/script>\n<!-- \/ Yoast SEO Premium plugin. -->","yoast_head_json":{"title":"K1501H - Kadosh Music","robots":{"index":"index","follow":"follow","max-snippet":"max-snippet:-1","max-image-preview":"max-image-preview:large","max-video-preview":"max-video-preview:-1"},"canonical":"https:\/\/kadoshmusic.com.br\/es\/product\/k1501h\/","og_locale":"es_ES","og_type":"article","og_title":"K1501H","og_description":"&nbsp;  SUGEST\u00c3O DE USO: Vocais ao vivo  Sabemos que a voz do cantor deve ser reproduzida da forma mais fiel poss\u00edvel. A voz humana \u00e9 um instrumento que deve ser respeitado, e para isso a Kadosh tem o produto perfeito para que o fator colora\u00e7\u00e3o n\u00e3o aconte\u00e7a. O Kadosh K 1501 chegou para voc\u00ea que procura a sonoridade real da voz do seu artista.\u00a0","og_url":"https:\/\/kadoshmusic.com.br\/es\/product\/k1501h\/","og_site_name":"Kadosh Music","article_publisher":"https:\/\/www.facebook.com\/micskadosh","article_modified_time":"2025-05-16T20:30:13+00:00","og_image":[{"width":1080,"height":1080,"url":"https:\/\/kadoshmusic.com.br\/wp-content\/uploads\/2024\/05\/1501h.png","type":"image\/png"}],"twitter_card":"summary_large_image","twitter_misc":{"Est. reading time":"3 minutos"},"schema":{"@context":"https:\/\/schema.org","@graph":[{"@type":"WebPage","@id":"https:\/\/kadoshmusic.com.br\/produto\/k1501h\/","url":"https:\/\/kadoshmusic.com.br\/produto\/k1501h\/","name":"K1501H - Kadosh Music","isPartOf":{"@id":"https:\/\/kadoshmusic.com.br\/#website"},"primaryImageOfPage":{"@id":"https:\/\/kadoshmusic.com.br\/produto\/k1501h\/#primaryimage"},"image":{"@id":"https:\/\/kadoshmusic.com.br\/produto\/k1501h\/#primaryimage"},"thumbnailUrl":"https:\/\/kadoshmusic.com.br\/wp-content\/uploads\/2024\/05\/1501h.png","datePublished":"2024-05-21T11:58:53+00:00","dateModified":"2025-05-16T20:30:13+00:00","breadcrumb":{"@id":"https:\/\/kadoshmusic.com.br\/produto\/k1501h\/#breadcrumb"},"inLanguage":"es","potentialAction":[{"@type":"ReadAction","target":["https:\/\/kadoshmusic.com.br\/produto\/k1501h\/"]}]},{"@type":"ImageObject","inLanguage":"es","@id":"https:\/\/kadoshmusic.com.br\/produto\/k1501h\/#primaryimage","url":"https:\/\/kadoshmusic.com.br\/wp-content\/uploads\/2024\/05\/1501h.png","contentUrl":"https:\/\/kadoshmusic.com.br\/wp-content\/uploads\/2024\/05\/1501h.png","width":1080,"height":1080},{"@type":"BreadcrumbList","@id":"https:\/\/kadoshmusic.com.br\/produto\/k1501h\/#breadcrumb","itemListElement":[{"@type":"ListItem","position":1,"name":"Home","item":"https:\/\/kadoshmusic.com.br\/"},{"@type":"ListItem","position":2,"name":"Shop","item":"https:\/\/kadoshmusic.com.br\/shop\/"},{"@type":"ListItem","position":3,"name":"K1501H"}]},{"@type":"WebSite","@id":"https:\/\/kadoshmusic.com.br\/#website","url":"https:\/\/kadoshmusic.com.br\/","name":"Kadosh Music","description":"A Tecnologia Conectando o \u00c1udio e a M\u00fasica","publisher":{"@id":"https:\/\/kadoshmusic.com.br\/#organization"},"alternateName":"kadosh","potentialAction":[{"@type":"SearchAction","target":{"@type":"EntryPoint","urlTemplate":"https:\/\/kadoshmusic.com.br\/?s={search_term_string}"},"query-input":{"@type":"PropertyValueSpecification","valueRequired":true,"valueName":"search_term_string"}}],"inLanguage":"es"},{"@type":"Organization","@id":"https:\/\/kadoshmusic.com.br\/#organization","name":"kadosh music","url":"https:\/\/kadoshmusic.com.br\/","logo":{"@type":"ImageObject","inLanguage":"es","@id":"https:\/\/kadoshmusic.com.br\/#\/schema\/logo\/image\/","url":"https:\/\/kadoshmusic.com.br\/wp-content\/uploads\/2024\/06\/logo-principal-1024x450-1.webp","contentUrl":"https:\/\/kadoshmusic.com.br\/wp-content\/uploads\/2024\/06\/logo-principal-1024x450-1.webp","width":1024,"height":450,"caption":"kadosh music"},"image":{"@id":"https:\/\/kadoshmusic.com.br\/#\/schema\/logo\/image\/"},"sameAs":["https:\/\/www.facebook.com\/micskadosh"]}]}},"jetpack_sharing_enabled":true,"s_badge_disabled_all":false,"s_badge_single_active":false,"badge_type":"type_custom","badge_custom_set_date":false,"badge_initial_date":"","badge_end_date":"","badge_new_days":"","badge_lowstock_low":"","badge_lowstock_medium":"","badge_text":"","badge_text_size":"","badge_text_color":"","badge_bg_color":"","badge_style":"badge_default","badge_position":"position_tl","_links":{"self":[{"href":"https:\/\/kadoshmusic.com.br\/es\/wp-json\/wp\/v2\/product\/7817","targetHints":{"allow":["GET"]}}],"collection":[{"href":"https:\/\/kadoshmusic.com.br\/es\/wp-json\/wp\/v2\/product"}],"about":[{"href":"https:\/\/kadoshmusic.com.br\/es\/wp-json\/wp\/v2\/types\/product"}],"version-history":[{"count":8,"href":"https:\/\/kadoshmusic.com.br\/es\/wp-json\/wp\/v2\/product\/7817\/revisions"}],"predecessor-version":[{"id":15252,"href":"https:\/\/kadoshmusic.com.br\/es\/wp-json\/wp\/v2\/product\/7817\/revisions\/15252"}],"wp:featuredmedia":[{"embeddable":true,"href":"https:\/\/kadoshmusic.com.br\/es\/wp-json\/wp\/v2\/media\/12124"}],"wp:attachment":[{"href":"https:\/\/kadoshmusic.com.br\/es\/wp-json\/wp\/v2\/media?parent=7817"}],"wp:term":[{"taxonomy":"product_cat","embeddable":true,"href":"https:\/\/kadoshmusic.com.br\/es\/wp-json\/wp\/v2\/product_cat?post=7817"},{"taxonomy":"product_tag","embeddable":true,"href":"https:\/\/kadoshmusic.com.br\/es\/wp-json\/wp\/v2\/product_tag?post=7817"}],"curies":[{"name":"wp","href":"https:\/\/api.w.org\/{rel}","templated":true}]}}