{"id":7747,"date":"2024-05-21T07:18:20","date_gmt":"2024-05-21T10:18:20","guid":{"rendered":"https:\/\/kadoshmusic.com.br\/?post_type=product&#038;p=7747"},"modified":"2025-07-21T11:10:50","modified_gmt":"2025-07-21T14:10:50","slug":"ack-410-combiner","status":"publish","type":"product","link":"https:\/\/kadoshmusic.com.br\/es\/product\/ack-410-combiner\/","title":{"rendered":"ACK 410"},"content":{"rendered":"<p>El combinador de antenas Kadosh ACK410 es un dispositivo que promete combinar las se\u00f1ales de hasta 4 sistemas inal\u00e1mbricos de vigilancia personal UHF en una sola antena.<br \/>\nPodemos decir que el combinador de antenas ACK410 es un solucionador de problemas para productos que dependen del funcionamiento simult\u00e1neo en un entorno con muchas rutas de EARS y micr\u00f3fonos inal\u00e1mbricos en la misma ubicaci\u00f3n.<\/p>\n<p>El ACK410 ofrece una mejora significativa en la calidad de recepci\u00f3n para hasta cuatro transmisores inal\u00e1mbricos, de modo que las se\u00f1ales que se env\u00edan desde el TX (base) al RX (bodypack) se \"procesan\" y env\u00edan de forma estabilizada, en un \u00fanico juego de antenas para mejorar la conexi\u00f3n en red de RF y mantener la organizaci\u00f3n de las antenas dentro del rack.<\/p>\n<p>Dentro del paquete tenemos el combinador, 1 antena omnidireccional, 1<br \/>\n5 cables BNC 50 Ohmios, 1 soporte (mini pedestal), 1 fuente de alimentaci\u00f3n, 1 manual y 1 certificado de garant\u00eda.<\/p>","protected":false},"excerpt":{"rendered":"<p><span style=\"font-weight: 300;\">El ACK410 ofrece una mejora significativa en la calidad de recepci\u00f3n para hasta cuatro transmisores inal\u00e1mbricos, de modo que las se\u00f1ales que se env\u00edan desde el TX (base) al RX (bodypack) se \"procesan\" y env\u00edan de forma estabilizada, en un \u00fanico juego de antenas para mejorar la conexi\u00f3n en red de RF y mantener la organizaci\u00f3n de las antenas dentro del rack.<\/span><\/p>","protected":false},"featured_media":12245,"template":"","meta":{"content-type":"","_vp_format_video_url":"","_vp_image_focal_point":[]},"product_cat":[171,107],"product_tag":[],"class_list":{"0":"post-7747","1":"product","2":"type-product","3":"status-publish","4":"has-post-thumbnail","6":"product_cat-distribuidor-de-sinal","7":"product_cat-kadosh","9":"first","10":"instock","11":"shipping-taxable","12":"purchasable","13":"product-type-variable"},"yoast_head":"<!-- This site is optimized with the Yoast SEO Premium plugin v22.9 (Yoast SEO v24.0) - https:\/\/yoast.com\/wordpress\/plugins\/seo\/ -->\n<title>ACK 410 - Kadosh Music<\/title>\n<meta name=\"robots\" content=\"index, follow, max-snippet:-1, max-image-preview:large, max-video-preview:-1\" \/>\n<link rel=\"canonical\" href=\"https:\/\/kadoshmusic.com.br\/es\/product\/ack-410-combiner\/\" \/>\n<meta property=\"og:locale\" content=\"es_ES\" \/>\n<meta property=\"og:type\" content=\"article\" \/>\n<meta property=\"og:title\" content=\"ACK 410\" \/>\n<meta property=\"og:description\" content=\"O ACK410 oferece uma melhoria significativa na qualidade de recep\u00e7\u00e3o em at\u00e9 quatro transmissores sem fio, desta forma os sinais que s\u00e3o enviados pelo TX (base) para o RX (bodypack) s\u00e3o \u201cprocessados\u201d e enviados de forma estabilizada, em um \u00fanico jogo de antena para rede RF melhorada e mantendo a organiza\u00e7\u00e3o de antenas dentro do rack.\" \/>\n<meta property=\"og:url\" content=\"https:\/\/kadoshmusic.com.br\/es\/product\/ack-410-combiner\/\" \/>\n<meta property=\"og:site_name\" content=\"Kadosh Music\" \/>\n<meta property=\"article:publisher\" content=\"https:\/\/www.facebook.com\/micskadosh\" \/>\n<meta property=\"article:modified_time\" content=\"2025-07-21T14:10:50+00:00\" \/>\n<meta property=\"og:image\" content=\"https:\/\/kadoshmusic.com.br\/wp-content\/uploads\/2024\/05\/AKC-410.png\" \/>\n\t<meta property=\"og:image:width\" content=\"1080\" \/>\n\t<meta property=\"og:image:height\" content=\"1080\" \/>\n\t<meta property=\"og:image:type\" content=\"image\/png\" \/>\n<meta name=\"twitter:card\" content=\"summary_large_image\" \/>\n<meta name=\"twitter:label1\" content=\"Est. reading time\" \/>\n\t<meta name=\"twitter:data1\" content=\"2 minutos\" \/>\n<script type=\"application\/ld+json\" class=\"yoast-schema-graph\">{\"@context\":\"https:\/\/schema.org\",\"@graph\":[{\"@type\":\"WebPage\",\"@id\":\"https:\/\/kadoshmusic.com.br\/produto\/ack-410-combiner\/\",\"url\":\"https:\/\/kadoshmusic.com.br\/produto\/ack-410-combiner\/\",\"name\":\"ACK 410 - Kadosh Music\",\"isPartOf\":{\"@id\":\"https:\/\/kadoshmusic.com.br\/#website\"},\"primaryImageOfPage\":{\"@id\":\"https:\/\/kadoshmusic.com.br\/produto\/ack-410-combiner\/#primaryimage\"},\"image\":{\"@id\":\"https:\/\/kadoshmusic.com.br\/produto\/ack-410-combiner\/#primaryimage\"},\"thumbnailUrl\":\"https:\/\/kadoshmusic.com.br\/wp-content\/uploads\/2024\/05\/AKC-410.png\",\"datePublished\":\"2024-05-21T10:18:20+00:00\",\"dateModified\":\"2025-07-21T14:10:50+00:00\",\"breadcrumb\":{\"@id\":\"https:\/\/kadoshmusic.com.br\/produto\/ack-410-combiner\/#breadcrumb\"},\"inLanguage\":\"es\",\"potentialAction\":[{\"@type\":\"ReadAction\",\"target\":[\"https:\/\/kadoshmusic.com.br\/produto\/ack-410-combiner\/\"]}]},{\"@type\":\"ImageObject\",\"inLanguage\":\"es\",\"@id\":\"https:\/\/kadoshmusic.com.br\/produto\/ack-410-combiner\/#primaryimage\",\"url\":\"https:\/\/kadoshmusic.com.br\/wp-content\/uploads\/2024\/05\/AKC-410.png\",\"contentUrl\":\"https:\/\/kadoshmusic.com.br\/wp-content\/uploads\/2024\/05\/AKC-410.png\",\"width\":1080,\"height\":1080},{\"@type\":\"BreadcrumbList\",\"@id\":\"https:\/\/kadoshmusic.com.br\/produto\/ack-410-combiner\/#breadcrumb\",\"itemListElement\":[{\"@type\":\"ListItem\",\"position\":1,\"name\":\"Home\",\"item\":\"https:\/\/kadoshmusic.com.br\/\"},{\"@type\":\"ListItem\",\"position\":2,\"name\":\"Shop\",\"item\":\"https:\/\/kadoshmusic.com.br\/shop\/\"},{\"@type\":\"ListItem\",\"position\":3,\"name\":\"ACK 410\"}]},{\"@type\":\"WebSite\",\"@id\":\"https:\/\/kadoshmusic.com.br\/#website\",\"url\":\"https:\/\/kadoshmusic.com.br\/\",\"name\":\"Kadosh Music\",\"description\":\"A Tecnologia Conectando o \u00c1udio e a M\u00fasica\",\"publisher\":{\"@id\":\"https:\/\/kadoshmusic.com.br\/#organization\"},\"alternateName\":\"kadosh\",\"potentialAction\":[{\"@type\":\"SearchAction\",\"target\":{\"@type\":\"EntryPoint\",\"urlTemplate\":\"https:\/\/kadoshmusic.com.br\/?s={search_term_string}\"},\"query-input\":{\"@type\":\"PropertyValueSpecification\",\"valueRequired\":true,\"valueName\":\"search_term_string\"}}],\"inLanguage\":\"es\"},{\"@type\":\"Organization\",\"@id\":\"https:\/\/kadoshmusic.com.br\/#organization\",\"name\":\"kadosh music\",\"url\":\"https:\/\/kadoshmusic.com.br\/\",\"logo\":{\"@type\":\"ImageObject\",\"inLanguage\":\"es\",\"@id\":\"https:\/\/kadoshmusic.com.br\/#\/schema\/logo\/image\/\",\"url\":\"https:\/\/kadoshmusic.com.br\/wp-content\/uploads\/2024\/06\/logo-principal-1024x450-1.webp\",\"contentUrl\":\"https:\/\/kadoshmusic.com.br\/wp-content\/uploads\/2024\/06\/logo-principal-1024x450-1.webp\",\"width\":1024,\"height\":450,\"caption\":\"kadosh music\"},\"image\":{\"@id\":\"https:\/\/kadoshmusic.com.br\/#\/schema\/logo\/image\/\"},\"sameAs\":[\"https:\/\/www.facebook.com\/micskadosh\"]}]}<\/script>\n<!-- \/ Yoast SEO Premium plugin. -->","yoast_head_json":{"title":"ACK 410 - Kadosh Music","robots":{"index":"index","follow":"follow","max-snippet":"max-snippet:-1","max-image-preview":"max-image-preview:large","max-video-preview":"max-video-preview:-1"},"canonical":"https:\/\/kadoshmusic.com.br\/es\/product\/ack-410-combiner\/","og_locale":"es_ES","og_type":"article","og_title":"ACK 410","og_description":"O ACK410 oferece uma melhoria significativa na qualidade de recep\u00e7\u00e3o em at\u00e9 quatro transmissores sem fio, desta forma os sinais que s\u00e3o enviados pelo TX (base) para o RX (bodypack) s\u00e3o \u201cprocessados\u201d e enviados de forma estabilizada, em um \u00fanico jogo de antena para rede RF melhorada e mantendo a organiza\u00e7\u00e3o de antenas dentro do rack.","og_url":"https:\/\/kadoshmusic.com.br\/es\/product\/ack-410-combiner\/","og_site_name":"Kadosh Music","article_publisher":"https:\/\/www.facebook.com\/micskadosh","article_modified_time":"2025-07-21T14:10:50+00:00","og_image":[{"width":1080,"height":1080,"url":"https:\/\/kadoshmusic.com.br\/wp-content\/uploads\/2024\/05\/AKC-410.png","type":"image\/png"}],"twitter_card":"summary_large_image","twitter_misc":{"Est. reading time":"2 minutos"},"schema":{"@context":"https:\/\/schema.org","@graph":[{"@type":"WebPage","@id":"https:\/\/kadoshmusic.com.br\/produto\/ack-410-combiner\/","url":"https:\/\/kadoshmusic.com.br\/produto\/ack-410-combiner\/","name":"ACK 410 - Kadosh Music","isPartOf":{"@id":"https:\/\/kadoshmusic.com.br\/#website"},"primaryImageOfPage":{"@id":"https:\/\/kadoshmusic.com.br\/produto\/ack-410-combiner\/#primaryimage"},"image":{"@id":"https:\/\/kadoshmusic.com.br\/produto\/ack-410-combiner\/#primaryimage"},"thumbnailUrl":"https:\/\/kadoshmusic.com.br\/wp-content\/uploads\/2024\/05\/AKC-410.png","datePublished":"2024-05-21T10:18:20+00:00","dateModified":"2025-07-21T14:10:50+00:00","breadcrumb":{"@id":"https:\/\/kadoshmusic.com.br\/produto\/ack-410-combiner\/#breadcrumb"},"inLanguage":"es","potentialAction":[{"@type":"ReadAction","target":["https:\/\/kadoshmusic.com.br\/produto\/ack-410-combiner\/"]}]},{"@type":"ImageObject","inLanguage":"es","@id":"https:\/\/kadoshmusic.com.br\/produto\/ack-410-combiner\/#primaryimage","url":"https:\/\/kadoshmusic.com.br\/wp-content\/uploads\/2024\/05\/AKC-410.png","contentUrl":"https:\/\/kadoshmusic.com.br\/wp-content\/uploads\/2024\/05\/AKC-410.png","width":1080,"height":1080},{"@type":"BreadcrumbList","@id":"https:\/\/kadoshmusic.com.br\/produto\/ack-410-combiner\/#breadcrumb","itemListElement":[{"@type":"ListItem","position":1,"name":"Home","item":"https:\/\/kadoshmusic.com.br\/"},{"@type":"ListItem","position":2,"name":"Shop","item":"https:\/\/kadoshmusic.com.br\/shop\/"},{"@type":"ListItem","position":3,"name":"ACK 410"}]},{"@type":"WebSite","@id":"https:\/\/kadoshmusic.com.br\/#website","url":"https:\/\/kadoshmusic.com.br\/","name":"Kadosh Music","description":"A Tecnologia Conectando o \u00c1udio e a M\u00fasica","publisher":{"@id":"https:\/\/kadoshmusic.com.br\/#organization"},"alternateName":"kadosh","potentialAction":[{"@type":"SearchAction","target":{"@type":"EntryPoint","urlTemplate":"https:\/\/kadoshmusic.com.br\/?s={search_term_string}"},"query-input":{"@type":"PropertyValueSpecification","valueRequired":true,"valueName":"search_term_string"}}],"inLanguage":"es"},{"@type":"Organization","@id":"https:\/\/kadoshmusic.com.br\/#organization","name":"kadosh music","url":"https:\/\/kadoshmusic.com.br\/","logo":{"@type":"ImageObject","inLanguage":"es","@id":"https:\/\/kadoshmusic.com.br\/#\/schema\/logo\/image\/","url":"https:\/\/kadoshmusic.com.br\/wp-content\/uploads\/2024\/06\/logo-principal-1024x450-1.webp","contentUrl":"https:\/\/kadoshmusic.com.br\/wp-content\/uploads\/2024\/06\/logo-principal-1024x450-1.webp","width":1024,"height":450,"caption":"kadosh music"},"image":{"@id":"https:\/\/kadoshmusic.com.br\/#\/schema\/logo\/image\/"},"sameAs":["https:\/\/www.facebook.com\/micskadosh"]}]}},"jetpack_sharing_enabled":true,"s_badge_disabled_all":false,"s_badge_single_active":false,"badge_type":"type_custom","badge_custom_set_date":false,"badge_initial_date":"","badge_end_date":"","badge_new_days":"","badge_lowstock_low":"","badge_lowstock_medium":"","badge_text":"","badge_text_size":"","badge_text_color":"","badge_bg_color":"","badge_style":"badge_default","badge_position":"position_tl","_links":{"self":[{"href":"https:\/\/kadoshmusic.com.br\/es\/wp-json\/wp\/v2\/product\/7747","targetHints":{"allow":["GET"]}}],"collection":[{"href":"https:\/\/kadoshmusic.com.br\/es\/wp-json\/wp\/v2\/product"}],"about":[{"href":"https:\/\/kadoshmusic.com.br\/es\/wp-json\/wp\/v2\/types\/product"}],"version-history":[{"count":8,"href":"https:\/\/kadoshmusic.com.br\/es\/wp-json\/wp\/v2\/product\/7747\/revisions"}],"predecessor-version":[{"id":15935,"href":"https:\/\/kadoshmusic.com.br\/es\/wp-json\/wp\/v2\/product\/7747\/revisions\/15935"}],"wp:featuredmedia":[{"embeddable":true,"href":"https:\/\/kadoshmusic.com.br\/es\/wp-json\/wp\/v2\/media\/12245"}],"wp:attachment":[{"href":"https:\/\/kadoshmusic.com.br\/es\/wp-json\/wp\/v2\/media?parent=7747"}],"wp:term":[{"taxonomy":"product_cat","embeddable":true,"href":"https:\/\/kadoshmusic.com.br\/es\/wp-json\/wp\/v2\/product_cat?post=7747"},{"taxonomy":"product_tag","embeddable":true,"href":"https:\/\/kadoshmusic.com.br\/es\/wp-json\/wp\/v2\/product_tag?post=7747"}],"curies":[{"name":"wp","href":"https:\/\/api.w.org\/{rel}","templated":true}]}}