{"id":7399,"date":"2024-05-21T07:15:16","date_gmt":"2024-05-21T10:15:16","guid":{"rendered":"https:\/\/kadoshmusic.com.br\/?post_type=product&#038;p=7399"},"modified":"2025-07-21T11:59:48","modified_gmt":"2025-07-21T14:59:48","slug":"antenas-an710br","status":"publish","type":"product","link":"https:\/\/kadoshmusic.com.br\/es\/product\/antenas-an710br\/","title":{"rendered":"A710"},"content":{"rendered":"<div class=\"section section-top\">\n<p><span style=\"font-weight: 300;\">La antena direccional activa ofrece una mejor recepci\u00f3n de la se\u00f1al inal\u00e1mbrica con amplificaci\u00f3n integrada para compensar la p\u00e9rdida de se\u00f1al del cable coaxial.\u00a0<\/span><\/p>\n<p><span style=\"font-weight: 300;\">Las antenas <strong>AN710BR<\/strong> son direccionales, activos y de banda ancha 450MHz - 960MHz con 7,1dBi de ganancia en polarizaci\u00f3n vertical (60<\/span><span style=\"font-weight: 300;\">\u25e6<\/span><span style=\"font-weight: 300;\">) y disposici\u00f3n dipolar peri\u00f3dica logar\u00edtmica (LPDA), capaz de producir un patr\u00f3n cardioide rechazando las se\u00f1ales de RF fuera del \u00e1rea de cobertura. Dispone de un amplificador integrado con control de ganancia t\u00e1ctil para compensar los distintos grados de p\u00e9rdida de se\u00f1al del cable coaxial.<\/span><\/p>\n<p><span style=\"font-weight: 300;\">Pueden montarse sobre un pedestal o colgarse del techo, siempre que se respete el posicionamiento y la polarizaci\u00f3n. Nunca utilice antenas dentro de jaulas, detr\u00e1s de paredes, tumbadas o cruzadas. Son ideales para su uso en espect\u00e1culos al aire libre gracias a las aberturas para que el viento pueda atravesar la antena y no haya riesgo de que se caiga.<\/span><\/p>\n<p><span style=\"font-weight: 300;\">Las antenas que utilizan un conjunto de dipolos peri\u00f3dicos est\u00e1n formadas por una matriz de dipolos, cuya longitud y espaciado var\u00edan.  La longitud y el espaciado entre los elementos var\u00edan en progresi\u00f3n logar\u00edtmica, de modo que en una frecuencia dada uno o varios dipolos est\u00e1n activos, mientras que los dem\u00e1s funcionan como elementos reflectores o directores, dependiendo de su tama\u00f1o y ubicaci\u00f3n con respecto al dipolo activo. De este modo se consigue una mayor estabilidad durante los espect\u00e1culos.<\/span><\/p>\n<p><span style=\"font-weight: 300;\"><strong>NOTA<\/strong>Las antenas <strong>AN710BR<\/strong> puede montarse sobre un pedestal o suspenderse del techo, siempre que se respete la colocaci\u00f3n y la polarizaci\u00f3n. Nunca utilice antenas dentro de jaulas, detr\u00e1s de paredes, tumbadas o cruzadas. Utilice siempre el mismo tipo de cable para instalar las antenas.<\/span><\/p>\n<\/div>","protected":false},"excerpt":{"rendered":"<p>Antena distribuidora de se\u00f1al<\/p>","protected":false},"featured_media":13585,"template":"","meta":{"content-type":"","_vp_format_video_url":"","_vp_image_focal_point":[]},"product_cat":[171,107],"product_tag":[],"class_list":{"0":"post-7399","1":"product","2":"type-product","3":"status-publish","4":"has-post-thumbnail","6":"product_cat-distribuidor-de-sinal","7":"product_cat-kadosh","9":"first","10":"instock","11":"shipping-taxable","12":"purchasable","13":"product-type-variable"},"yoast_head":"<!-- This site is optimized with the Yoast SEO Premium plugin v22.9 (Yoast SEO v24.0) - https:\/\/yoast.com\/wordpress\/plugins\/seo\/ -->\n<title>A710 - Kadosh Music<\/title>\n<meta name=\"robots\" content=\"index, follow, max-snippet:-1, max-image-preview:large, max-video-preview:-1\" \/>\n<link rel=\"canonical\" href=\"https:\/\/kadoshmusic.com.br\/es\/product\/antenas-an710br\/\" \/>\n<meta property=\"og:locale\" content=\"es_ES\" \/>\n<meta property=\"og:type\" content=\"article\" \/>\n<meta property=\"og:title\" content=\"A710\" \/>\n<meta property=\"og:description\" content=\"Antena para distribuidor de sinal\" \/>\n<meta property=\"og:url\" content=\"https:\/\/kadoshmusic.com.br\/es\/product\/antenas-an710br\/\" \/>\n<meta property=\"og:site_name\" content=\"Kadosh Music\" \/>\n<meta property=\"article:publisher\" content=\"https:\/\/www.facebook.com\/micskadosh\" \/>\n<meta property=\"article:modified_time\" content=\"2025-07-21T14:59:48+00:00\" \/>\n<meta property=\"og:image\" content=\"https:\/\/kadoshmusic.com.br\/wp-content\/uploads\/2024\/05\/AN710-2.png\" \/>\n\t<meta property=\"og:image:width\" content=\"1080\" \/>\n\t<meta property=\"og:image:height\" content=\"1080\" \/>\n\t<meta property=\"og:image:type\" content=\"image\/png\" \/>\n<meta name=\"twitter:card\" content=\"summary_large_image\" \/>\n<meta name=\"twitter:label1\" content=\"Est. reading time\" \/>\n\t<meta name=\"twitter:data1\" content=\"2 minutos\" \/>\n<script type=\"application\/ld+json\" class=\"yoast-schema-graph\">{\"@context\":\"https:\/\/schema.org\",\"@graph\":[{\"@type\":\"WebPage\",\"@id\":\"https:\/\/kadoshmusic.com.br\/produto\/antenas-an710br\/\",\"url\":\"https:\/\/kadoshmusic.com.br\/produto\/antenas-an710br\/\",\"name\":\"A710 - Kadosh Music\",\"isPartOf\":{\"@id\":\"https:\/\/kadoshmusic.com.br\/#website\"},\"primaryImageOfPage\":{\"@id\":\"https:\/\/kadoshmusic.com.br\/produto\/antenas-an710br\/#primaryimage\"},\"image\":{\"@id\":\"https:\/\/kadoshmusic.com.br\/produto\/antenas-an710br\/#primaryimage\"},\"thumbnailUrl\":\"https:\/\/kadoshmusic.com.br\/wp-content\/uploads\/2024\/05\/AN710-2.png\",\"datePublished\":\"2024-05-21T10:15:16+00:00\",\"dateModified\":\"2025-07-21T14:59:48+00:00\",\"breadcrumb\":{\"@id\":\"https:\/\/kadoshmusic.com.br\/produto\/antenas-an710br\/#breadcrumb\"},\"inLanguage\":\"es\",\"potentialAction\":[{\"@type\":\"ReadAction\",\"target\":[\"https:\/\/kadoshmusic.com.br\/produto\/antenas-an710br\/\"]}]},{\"@type\":\"ImageObject\",\"inLanguage\":\"es\",\"@id\":\"https:\/\/kadoshmusic.com.br\/produto\/antenas-an710br\/#primaryimage\",\"url\":\"https:\/\/kadoshmusic.com.br\/wp-content\/uploads\/2024\/05\/AN710-2.png\",\"contentUrl\":\"https:\/\/kadoshmusic.com.br\/wp-content\/uploads\/2024\/05\/AN710-2.png\",\"width\":1080,\"height\":1080},{\"@type\":\"BreadcrumbList\",\"@id\":\"https:\/\/kadoshmusic.com.br\/produto\/antenas-an710br\/#breadcrumb\",\"itemListElement\":[{\"@type\":\"ListItem\",\"position\":1,\"name\":\"Home\",\"item\":\"https:\/\/kadoshmusic.com.br\/\"},{\"@type\":\"ListItem\",\"position\":2,\"name\":\"Shop\",\"item\":\"https:\/\/kadoshmusic.com.br\/shop\/\"},{\"@type\":\"ListItem\",\"position\":3,\"name\":\"A710\"}]},{\"@type\":\"WebSite\",\"@id\":\"https:\/\/kadoshmusic.com.br\/#website\",\"url\":\"https:\/\/kadoshmusic.com.br\/\",\"name\":\"Kadosh Music\",\"description\":\"A Tecnologia Conectando o \u00c1udio e a M\u00fasica\",\"publisher\":{\"@id\":\"https:\/\/kadoshmusic.com.br\/#organization\"},\"alternateName\":\"kadosh\",\"potentialAction\":[{\"@type\":\"SearchAction\",\"target\":{\"@type\":\"EntryPoint\",\"urlTemplate\":\"https:\/\/kadoshmusic.com.br\/?s={search_term_string}\"},\"query-input\":{\"@type\":\"PropertyValueSpecification\",\"valueRequired\":true,\"valueName\":\"search_term_string\"}}],\"inLanguage\":\"es\"},{\"@type\":\"Organization\",\"@id\":\"https:\/\/kadoshmusic.com.br\/#organization\",\"name\":\"kadosh music\",\"url\":\"https:\/\/kadoshmusic.com.br\/\",\"logo\":{\"@type\":\"ImageObject\",\"inLanguage\":\"es\",\"@id\":\"https:\/\/kadoshmusic.com.br\/#\/schema\/logo\/image\/\",\"url\":\"https:\/\/kadoshmusic.com.br\/wp-content\/uploads\/2024\/06\/logo-principal-1024x450-1.webp\",\"contentUrl\":\"https:\/\/kadoshmusic.com.br\/wp-content\/uploads\/2024\/06\/logo-principal-1024x450-1.webp\",\"width\":1024,\"height\":450,\"caption\":\"kadosh music\"},\"image\":{\"@id\":\"https:\/\/kadoshmusic.com.br\/#\/schema\/logo\/image\/\"},\"sameAs\":[\"https:\/\/www.facebook.com\/micskadosh\"]}]}<\/script>\n<!-- \/ Yoast SEO Premium plugin. -->","yoast_head_json":{"title":"A710 - Kadosh Music","robots":{"index":"index","follow":"follow","max-snippet":"max-snippet:-1","max-image-preview":"max-image-preview:large","max-video-preview":"max-video-preview:-1"},"canonical":"https:\/\/kadoshmusic.com.br\/es\/product\/antenas-an710br\/","og_locale":"es_ES","og_type":"article","og_title":"A710","og_description":"Antena para distribuidor de sinal","og_url":"https:\/\/kadoshmusic.com.br\/es\/product\/antenas-an710br\/","og_site_name":"Kadosh Music","article_publisher":"https:\/\/www.facebook.com\/micskadosh","article_modified_time":"2025-07-21T14:59:48+00:00","og_image":[{"width":1080,"height":1080,"url":"https:\/\/kadoshmusic.com.br\/wp-content\/uploads\/2024\/05\/AN710-2.png","type":"image\/png"}],"twitter_card":"summary_large_image","twitter_misc":{"Est. reading time":"2 minutos"},"schema":{"@context":"https:\/\/schema.org","@graph":[{"@type":"WebPage","@id":"https:\/\/kadoshmusic.com.br\/produto\/antenas-an710br\/","url":"https:\/\/kadoshmusic.com.br\/produto\/antenas-an710br\/","name":"A710 - Kadosh Music","isPartOf":{"@id":"https:\/\/kadoshmusic.com.br\/#website"},"primaryImageOfPage":{"@id":"https:\/\/kadoshmusic.com.br\/produto\/antenas-an710br\/#primaryimage"},"image":{"@id":"https:\/\/kadoshmusic.com.br\/produto\/antenas-an710br\/#primaryimage"},"thumbnailUrl":"https:\/\/kadoshmusic.com.br\/wp-content\/uploads\/2024\/05\/AN710-2.png","datePublished":"2024-05-21T10:15:16+00:00","dateModified":"2025-07-21T14:59:48+00:00","breadcrumb":{"@id":"https:\/\/kadoshmusic.com.br\/produto\/antenas-an710br\/#breadcrumb"},"inLanguage":"es","potentialAction":[{"@type":"ReadAction","target":["https:\/\/kadoshmusic.com.br\/produto\/antenas-an710br\/"]}]},{"@type":"ImageObject","inLanguage":"es","@id":"https:\/\/kadoshmusic.com.br\/produto\/antenas-an710br\/#primaryimage","url":"https:\/\/kadoshmusic.com.br\/wp-content\/uploads\/2024\/05\/AN710-2.png","contentUrl":"https:\/\/kadoshmusic.com.br\/wp-content\/uploads\/2024\/05\/AN710-2.png","width":1080,"height":1080},{"@type":"BreadcrumbList","@id":"https:\/\/kadoshmusic.com.br\/produto\/antenas-an710br\/#breadcrumb","itemListElement":[{"@type":"ListItem","position":1,"name":"Home","item":"https:\/\/kadoshmusic.com.br\/"},{"@type":"ListItem","position":2,"name":"Shop","item":"https:\/\/kadoshmusic.com.br\/shop\/"},{"@type":"ListItem","position":3,"name":"A710"}]},{"@type":"WebSite","@id":"https:\/\/kadoshmusic.com.br\/#website","url":"https:\/\/kadoshmusic.com.br\/","name":"Kadosh Music","description":"A Tecnologia Conectando o \u00c1udio e a M\u00fasica","publisher":{"@id":"https:\/\/kadoshmusic.com.br\/#organization"},"alternateName":"kadosh","potentialAction":[{"@type":"SearchAction","target":{"@type":"EntryPoint","urlTemplate":"https:\/\/kadoshmusic.com.br\/?s={search_term_string}"},"query-input":{"@type":"PropertyValueSpecification","valueRequired":true,"valueName":"search_term_string"}}],"inLanguage":"es"},{"@type":"Organization","@id":"https:\/\/kadoshmusic.com.br\/#organization","name":"kadosh music","url":"https:\/\/kadoshmusic.com.br\/","logo":{"@type":"ImageObject","inLanguage":"es","@id":"https:\/\/kadoshmusic.com.br\/#\/schema\/logo\/image\/","url":"https:\/\/kadoshmusic.com.br\/wp-content\/uploads\/2024\/06\/logo-principal-1024x450-1.webp","contentUrl":"https:\/\/kadoshmusic.com.br\/wp-content\/uploads\/2024\/06\/logo-principal-1024x450-1.webp","width":1024,"height":450,"caption":"kadosh music"},"image":{"@id":"https:\/\/kadoshmusic.com.br\/#\/schema\/logo\/image\/"},"sameAs":["https:\/\/www.facebook.com\/micskadosh"]}]}},"jetpack_sharing_enabled":true,"s_badge_disabled_all":false,"s_badge_single_active":false,"badge_type":"type_custom","badge_custom_set_date":false,"badge_initial_date":"","badge_end_date":"","badge_new_days":"","badge_lowstock_low":"","badge_lowstock_medium":"","badge_text":"","badge_text_size":"","badge_text_color":"","badge_bg_color":"","badge_style":"badge_default","badge_position":"position_tl","_links":{"self":[{"href":"https:\/\/kadoshmusic.com.br\/es\/wp-json\/wp\/v2\/product\/7399","targetHints":{"allow":["GET"]}}],"collection":[{"href":"https:\/\/kadoshmusic.com.br\/es\/wp-json\/wp\/v2\/product"}],"about":[{"href":"https:\/\/kadoshmusic.com.br\/es\/wp-json\/wp\/v2\/types\/product"}],"version-history":[{"count":6,"href":"https:\/\/kadoshmusic.com.br\/es\/wp-json\/wp\/v2\/product\/7399\/revisions"}],"predecessor-version":[{"id":15950,"href":"https:\/\/kadoshmusic.com.br\/es\/wp-json\/wp\/v2\/product\/7399\/revisions\/15950"}],"wp:featuredmedia":[{"embeddable":true,"href":"https:\/\/kadoshmusic.com.br\/es\/wp-json\/wp\/v2\/media\/13585"}],"wp:attachment":[{"href":"https:\/\/kadoshmusic.com.br\/es\/wp-json\/wp\/v2\/media?parent=7399"}],"wp:term":[{"taxonomy":"product_cat","embeddable":true,"href":"https:\/\/kadoshmusic.com.br\/es\/wp-json\/wp\/v2\/product_cat?post=7399"},{"taxonomy":"product_tag","embeddable":true,"href":"https:\/\/kadoshmusic.com.br\/es\/wp-json\/wp\/v2\/product_tag?post=7399"}],"curies":[{"name":"wp","href":"https:\/\/api.w.org\/{rel}","templated":true}]}}