{"id":3735,"date":"2024-05-21T08:01:17","date_gmt":"2024-05-21T11:01:17","guid":{"rendered":"https:\/\/kadoshmusic.com.br\/?post_type=product&#038;p=3735"},"modified":"2025-07-30T17:16:41","modified_gmt":"2025-07-30T20:16:41","slug":"k8-slim","status":"publish","type":"product","link":"https:\/\/kadoshmusic.com.br\/es\/product\/k8-slim\/","title":{"rendered":"Micr\u00f3fono para bater\u00eda KMD 108"},"content":{"rendered":"<div class=\"section section-top\">\n<p>O kit KMD 108 re\u00fanem os microfones K57, KMD 116, KMD 110 e KMD 120, al\u00e9m dos acess\u00f3rios como os clamps resistentes e pr\u00e1ticos (basta acoplar ao aro do tom, surdo ou caixa), espumas que filtram os<br \/>\ngraves para os microfones K51, adaptadores de rosca para pedestal.<\/p>\n<p>&nbsp;<\/p>\n<\/div>\n<p><strong>KMD 110<\/strong><br \/>\nMicr\u00f3fono para captar instrumentos de percusi\u00f3n, proporcionando claridad y sonidos suaves. Puede utilizarse tanto en directo como en estudio. C\u00e1psula din\u00e1mica, patr\u00f3n polar cardioide.<br \/>\nA Baixa imped\u00e2ncia e sa\u00edda balanceada no K31 permitem um desempenho livre de ru\u00eddos*<br \/>\nO K31 possui corpo de liga de zinco fundido, grade de malha de a\u00e7o e conector XLR de alta qualidade.<br \/>\nAplicaci\u00f3n y uso sugeridos:<br \/>\nGrabaci\u00f3n en directo y en estudio | Tom, Surdo y Caixa | Congas y Tumbadoras | Amplificadores de guitarra y<br \/>\ncontrabajo<br \/>\nRespuesta en frecuencia: 60 Hz - 15 000 Hz<br \/>\nSPL m\u00e1ximo: \u2265130 dB<br \/>\nNo requiere alimentaci\u00f3n fantasma (+48v)<br \/>\nConexi\u00f3n de salida de audio: XLR macho de 3 patillas<\/p>\n<p><strong>KMD120<\/strong><br \/>\nMicr\u00f3fono caracterizado para su uso con Bumbos, con un patr\u00f3n de captaci\u00f3n cardioide y equipado con un diafragma especialmente dise\u00f1ado para una reproducci\u00f3n natural del sonido, con definici\u00f3n de graves y agudos.<br \/>\nTiene una amplia respuesta en frecuencia de 40 Hz a 14 kHz y la capacidad de manejar altos niveles de presi\u00f3n sonora.<br \/>\nExcelente elecci\u00f3n para instrumentos que requieren una reproducci\u00f3n de bajas frecuencias, como bombos, bombos de 16\u2033 y 18\u2033 y pastillas de amplificador de bajo.<br \/>\nO K33 \u00e9 montado em um corpo de liga de zinco fundido de alta precis\u00e3o, revestido com pintura especial, grade de malha de a\u00e7o resistente a alto impacto e conector XLR balanceado permitindo desempenho livre de interfer\u00eancias mesmo com cabos longos.<\/p>\n<p><strong>KMD 116<\/strong><br \/>\nMicr\u00f3fono de condensador sensible con respuesta de frecuencia plana. Ideal para su uso con instrumentos ac\u00fasticos (bater\u00eda), coros y amplificadores. Soporta altos niveles de presi\u00f3n sonora sin afectar al audio. Esto permite que los sonidos se capten completamente en el eje del micr\u00f3fono.<br \/>\nTiene un conector XLR chapado en oro, interruptor ON|OFF, cuerpo met\u00e1lico.<br \/>\nViene con espuma antipinchazos y abrazadera.<\/p>\n<p><strong>K57<\/strong><br \/>\nMicr\u00f3fono que puede utilizarse para captar percusi\u00f3n, viento, amplificadores de bajo y guitarra, guitarra ac\u00fastica, coros, piano de cola o mueble.<br \/>\nEl K57 tiene una c\u00e1psula din\u00e1mica extremadamente eficiente con una respuesta en frecuencia entre 60 - 15000Hz.<\/p>","protected":false},"excerpt":{"rendered":"<p class=\"font_8\"><strong>El kit KMD 108 combina los micr\u00f3fonos K57, KMD 110, KDM 120, KMD 116<\/strong><\/p>","protected":false},"featured_media":13010,"template":"","meta":{"content-type":"","_vp_format_video_url":"","_vp_image_focal_point":[]},"product_cat":[107,168,166],"product_tag":[],"class_list":{"0":"post-3735","1":"product","2":"type-product","3":"status-publish","4":"has-post-thumbnail","6":"product_cat-kadosh","7":"product_cat-kit-de-microfones","8":"product_cat-microfones-com-fio","10":"first","11":"instock","12":"shipping-taxable","13":"purchasable","14":"product-type-variable"},"yoast_head":"<!-- This site is optimized with the Yoast SEO Premium plugin v22.9 (Yoast SEO v24.0) - https:\/\/yoast.com\/wordpress\/plugins\/seo\/ -->\n<title>Microfone para Bateria KMD 108 - Kadosh Music<\/title>\n<meta name=\"robots\" content=\"index, follow, max-snippet:-1, max-image-preview:large, max-video-preview:-1\" \/>\n<link rel=\"canonical\" href=\"https:\/\/kadoshmusic.com.br\/es\/product\/k8-slim\/\" \/>\n<meta property=\"og:locale\" content=\"es_ES\" \/>\n<meta property=\"og:type\" content=\"article\" \/>\n<meta property=\"og:title\" content=\"Microfone para Bateria KMD 108\" \/>\n<meta property=\"og:description\" content=\"O kit KMD 108 re\u00fanem os microfones K57, KMD 110, KDM 120, KMD 116\" \/>\n<meta property=\"og:url\" content=\"https:\/\/kadoshmusic.com.br\/es\/product\/k8-slim\/\" \/>\n<meta property=\"og:site_name\" content=\"Kadosh Music\" \/>\n<meta property=\"article:publisher\" content=\"https:\/\/www.facebook.com\/micskadosh\" \/>\n<meta property=\"article:modified_time\" content=\"2025-07-30T20:16:41+00:00\" \/>\n<meta property=\"og:image\" content=\"https:\/\/kadoshmusic.com.br\/wp-content\/uploads\/2024\/05\/capa-KMD108.png\" \/>\n\t<meta property=\"og:image:width\" content=\"1080\" \/>\n\t<meta property=\"og:image:height\" content=\"1080\" \/>\n\t<meta property=\"og:image:type\" content=\"image\/png\" \/>\n<meta name=\"twitter:card\" content=\"summary_large_image\" \/>\n<meta name=\"twitter:label1\" content=\"Est. reading time\" \/>\n\t<meta name=\"twitter:data1\" content=\"3 minutos\" \/>\n<script type=\"application\/ld+json\" class=\"yoast-schema-graph\">{\"@context\":\"https:\/\/schema.org\",\"@graph\":[{\"@type\":\"WebPage\",\"@id\":\"https:\/\/kadoshmusic.com.br\/produto\/k8-slim\/\",\"url\":\"https:\/\/kadoshmusic.com.br\/produto\/k8-slim\/\",\"name\":\"Microfone para Bateria KMD 108 - Kadosh Music\",\"isPartOf\":{\"@id\":\"https:\/\/kadoshmusic.com.br\/#website\"},\"primaryImageOfPage\":{\"@id\":\"https:\/\/kadoshmusic.com.br\/produto\/k8-slim\/#primaryimage\"},\"image\":{\"@id\":\"https:\/\/kadoshmusic.com.br\/produto\/k8-slim\/#primaryimage\"},\"thumbnailUrl\":\"https:\/\/kadoshmusic.com.br\/wp-content\/uploads\/2024\/05\/capa-KMD108.png\",\"datePublished\":\"2024-05-21T11:01:17+00:00\",\"dateModified\":\"2025-07-30T20:16:41+00:00\",\"breadcrumb\":{\"@id\":\"https:\/\/kadoshmusic.com.br\/produto\/k8-slim\/#breadcrumb\"},\"inLanguage\":\"es\",\"potentialAction\":[{\"@type\":\"ReadAction\",\"target\":[\"https:\/\/kadoshmusic.com.br\/produto\/k8-slim\/\"]}]},{\"@type\":\"ImageObject\",\"inLanguage\":\"es\",\"@id\":\"https:\/\/kadoshmusic.com.br\/produto\/k8-slim\/#primaryimage\",\"url\":\"https:\/\/kadoshmusic.com.br\/wp-content\/uploads\/2024\/05\/capa-KMD108.png\",\"contentUrl\":\"https:\/\/kadoshmusic.com.br\/wp-content\/uploads\/2024\/05\/capa-KMD108.png\",\"width\":1080,\"height\":1080},{\"@type\":\"BreadcrumbList\",\"@id\":\"https:\/\/kadoshmusic.com.br\/produto\/k8-slim\/#breadcrumb\",\"itemListElement\":[{\"@type\":\"ListItem\",\"position\":1,\"name\":\"Home\",\"item\":\"https:\/\/kadoshmusic.com.br\/\"},{\"@type\":\"ListItem\",\"position\":2,\"name\":\"Shop\",\"item\":\"https:\/\/kadoshmusic.com.br\/shop\/\"},{\"@type\":\"ListItem\",\"position\":3,\"name\":\"Microfone para Bateria KMD 108\"}]},{\"@type\":\"WebSite\",\"@id\":\"https:\/\/kadoshmusic.com.br\/#website\",\"url\":\"https:\/\/kadoshmusic.com.br\/\",\"name\":\"Kadosh Music\",\"description\":\"A Tecnologia Conectando o \u00c1udio e a M\u00fasica\",\"publisher\":{\"@id\":\"https:\/\/kadoshmusic.com.br\/#organization\"},\"alternateName\":\"kadosh\",\"potentialAction\":[{\"@type\":\"SearchAction\",\"target\":{\"@type\":\"EntryPoint\",\"urlTemplate\":\"https:\/\/kadoshmusic.com.br\/?s={search_term_string}\"},\"query-input\":{\"@type\":\"PropertyValueSpecification\",\"valueRequired\":true,\"valueName\":\"search_term_string\"}}],\"inLanguage\":\"es\"},{\"@type\":\"Organization\",\"@id\":\"https:\/\/kadoshmusic.com.br\/#organization\",\"name\":\"kadosh music\",\"url\":\"https:\/\/kadoshmusic.com.br\/\",\"logo\":{\"@type\":\"ImageObject\",\"inLanguage\":\"es\",\"@id\":\"https:\/\/kadoshmusic.com.br\/#\/schema\/logo\/image\/\",\"url\":\"https:\/\/kadoshmusic.com.br\/wp-content\/uploads\/2024\/06\/logo-principal-1024x450-1.webp\",\"contentUrl\":\"https:\/\/kadoshmusic.com.br\/wp-content\/uploads\/2024\/06\/logo-principal-1024x450-1.webp\",\"width\":1024,\"height\":450,\"caption\":\"kadosh music\"},\"image\":{\"@id\":\"https:\/\/kadoshmusic.com.br\/#\/schema\/logo\/image\/\"},\"sameAs\":[\"https:\/\/www.facebook.com\/micskadosh\"]}]}<\/script>\n<!-- \/ Yoast SEO Premium plugin. -->","yoast_head_json":{"title":"Microfone para Bateria KMD 108 - Kadosh Music","robots":{"index":"index","follow":"follow","max-snippet":"max-snippet:-1","max-image-preview":"max-image-preview:large","max-video-preview":"max-video-preview:-1"},"canonical":"https:\/\/kadoshmusic.com.br\/es\/product\/k8-slim\/","og_locale":"es_ES","og_type":"article","og_title":"Microfone para Bateria KMD 108","og_description":"O kit KMD 108 re\u00fanem os microfones K57, KMD 110, KDM 120, KMD 116","og_url":"https:\/\/kadoshmusic.com.br\/es\/product\/k8-slim\/","og_site_name":"Kadosh Music","article_publisher":"https:\/\/www.facebook.com\/micskadosh","article_modified_time":"2025-07-30T20:16:41+00:00","og_image":[{"width":1080,"height":1080,"url":"https:\/\/kadoshmusic.com.br\/wp-content\/uploads\/2024\/05\/capa-KMD108.png","type":"image\/png"}],"twitter_card":"summary_large_image","twitter_misc":{"Est. reading time":"3 minutos"},"schema":{"@context":"https:\/\/schema.org","@graph":[{"@type":"WebPage","@id":"https:\/\/kadoshmusic.com.br\/produto\/k8-slim\/","url":"https:\/\/kadoshmusic.com.br\/produto\/k8-slim\/","name":"Microfone para Bateria KMD 108 - Kadosh Music","isPartOf":{"@id":"https:\/\/kadoshmusic.com.br\/#website"},"primaryImageOfPage":{"@id":"https:\/\/kadoshmusic.com.br\/produto\/k8-slim\/#primaryimage"},"image":{"@id":"https:\/\/kadoshmusic.com.br\/produto\/k8-slim\/#primaryimage"},"thumbnailUrl":"https:\/\/kadoshmusic.com.br\/wp-content\/uploads\/2024\/05\/capa-KMD108.png","datePublished":"2024-05-21T11:01:17+00:00","dateModified":"2025-07-30T20:16:41+00:00","breadcrumb":{"@id":"https:\/\/kadoshmusic.com.br\/produto\/k8-slim\/#breadcrumb"},"inLanguage":"es","potentialAction":[{"@type":"ReadAction","target":["https:\/\/kadoshmusic.com.br\/produto\/k8-slim\/"]}]},{"@type":"ImageObject","inLanguage":"es","@id":"https:\/\/kadoshmusic.com.br\/produto\/k8-slim\/#primaryimage","url":"https:\/\/kadoshmusic.com.br\/wp-content\/uploads\/2024\/05\/capa-KMD108.png","contentUrl":"https:\/\/kadoshmusic.com.br\/wp-content\/uploads\/2024\/05\/capa-KMD108.png","width":1080,"height":1080},{"@type":"BreadcrumbList","@id":"https:\/\/kadoshmusic.com.br\/produto\/k8-slim\/#breadcrumb","itemListElement":[{"@type":"ListItem","position":1,"name":"Home","item":"https:\/\/kadoshmusic.com.br\/"},{"@type":"ListItem","position":2,"name":"Shop","item":"https:\/\/kadoshmusic.com.br\/shop\/"},{"@type":"ListItem","position":3,"name":"Microfone para Bateria KMD 108"}]},{"@type":"WebSite","@id":"https:\/\/kadoshmusic.com.br\/#website","url":"https:\/\/kadoshmusic.com.br\/","name":"Kadosh Music","description":"A Tecnologia Conectando o \u00c1udio e a M\u00fasica","publisher":{"@id":"https:\/\/kadoshmusic.com.br\/#organization"},"alternateName":"kadosh","potentialAction":[{"@type":"SearchAction","target":{"@type":"EntryPoint","urlTemplate":"https:\/\/kadoshmusic.com.br\/?s={search_term_string}"},"query-input":{"@type":"PropertyValueSpecification","valueRequired":true,"valueName":"search_term_string"}}],"inLanguage":"es"},{"@type":"Organization","@id":"https:\/\/kadoshmusic.com.br\/#organization","name":"kadosh music","url":"https:\/\/kadoshmusic.com.br\/","logo":{"@type":"ImageObject","inLanguage":"es","@id":"https:\/\/kadoshmusic.com.br\/#\/schema\/logo\/image\/","url":"https:\/\/kadoshmusic.com.br\/wp-content\/uploads\/2024\/06\/logo-principal-1024x450-1.webp","contentUrl":"https:\/\/kadoshmusic.com.br\/wp-content\/uploads\/2024\/06\/logo-principal-1024x450-1.webp","width":1024,"height":450,"caption":"kadosh music"},"image":{"@id":"https:\/\/kadoshmusic.com.br\/#\/schema\/logo\/image\/"},"sameAs":["https:\/\/www.facebook.com\/micskadosh"]}]}},"jetpack_sharing_enabled":true,"s_badge_disabled_all":false,"s_badge_single_active":false,"badge_type":"type_custom","badge_custom_set_date":false,"badge_initial_date":"","badge_end_date":"","badge_new_days":"","badge_lowstock_low":"","badge_lowstock_medium":"","badge_text":"","badge_text_size":"","badge_text_color":"","badge_bg_color":"","badge_style":"badge_default","badge_position":"position_tl","_links":{"self":[{"href":"https:\/\/kadoshmusic.com.br\/es\/wp-json\/wp\/v2\/product\/3735","targetHints":{"allow":["GET"]}}],"collection":[{"href":"https:\/\/kadoshmusic.com.br\/es\/wp-json\/wp\/v2\/product"}],"about":[{"href":"https:\/\/kadoshmusic.com.br\/es\/wp-json\/wp\/v2\/types\/product"}],"version-history":[{"count":8,"href":"https:\/\/kadoshmusic.com.br\/es\/wp-json\/wp\/v2\/product\/3735\/revisions"}],"predecessor-version":[{"id":16015,"href":"https:\/\/kadoshmusic.com.br\/es\/wp-json\/wp\/v2\/product\/3735\/revisions\/16015"}],"wp:featuredmedia":[{"embeddable":true,"href":"https:\/\/kadoshmusic.com.br\/es\/wp-json\/wp\/v2\/media\/13010"}],"wp:attachment":[{"href":"https:\/\/kadoshmusic.com.br\/es\/wp-json\/wp\/v2\/media?parent=3735"}],"wp:term":[{"taxonomy":"product_cat","embeddable":true,"href":"https:\/\/kadoshmusic.com.br\/es\/wp-json\/wp\/v2\/product_cat?post=3735"},{"taxonomy":"product_tag","embeddable":true,"href":"https:\/\/kadoshmusic.com.br\/es\/wp-json\/wp\/v2\/product_tag?post=3735"}],"curies":[{"name":"wp","href":"https:\/\/api.w.org\/{rel}","templated":true}]}}