{"id":3719,"date":"2024-05-21T08:00:56","date_gmt":"2024-05-21T11:00:56","guid":{"rendered":"https:\/\/kadoshmusic.com.br\/?post_type=product&#038;p=3719"},"modified":"2025-07-30T17:18:33","modified_gmt":"2025-07-30T20:18:33","slug":"k7-slim","status":"publish","type":"product","link":"https:\/\/kadoshmusic.com.br\/es\/product\/k7-slim\/","title":{"rendered":"KMD 107"},"content":{"rendered":"<div class=\"section section-top\">\n<p>El kit K7 incluye los micr\u00f3fonos K57, KMD 116, KMD 110 y KMD 120, as\u00ed como accesorios como abrazaderas resistentes y pr\u00e1cticas (basta con fijarlas al aro del tom, la caja o el redoblante), espumas filtrantes de graves para los micr\u00f3fonos K51 y adaptadores de rosca para pedestales.<\/p>\n<\/div>\n<p><strong>KMD 110<\/strong><br \/>\nMicr\u00f3fono para captar instrumentos de percusi\u00f3n, proporcionando claridad y sonidos suaves. Puede utilizarse tanto en directo como en estudio. C\u00e1psula din\u00e1mica, patr\u00f3n polar cardioide.<br \/>\nLa baja impedancia y la salida equilibrada del KMD 110 permiten un rendimiento sin ruidos*.<br \/>\nEl KMD 110 tiene un cuerpo de aleaci\u00f3n de zinc fundido a presi\u00f3n, rejilla de malla de acero y conector XLR de alta calidad.<br \/>\nAplicaci\u00f3n y uso sugeridos:<br \/>\nGrabaci\u00f3n en directo y en estudio | Tom, Surdo y Caixa | Congas y Tumbadoras | Amplificadores de guitarra y<br \/>\ncontrabajo<br \/>\nRespuesta en frecuencia: 60 Hz - 15 000 Hz<br \/>\nSPL m\u00e1ximo: \u2265130 dB<br \/>\nNo requiere alimentaci\u00f3n fantasma (+48v)<br \/>\nConexi\u00f3n de salida de audio: XLR macho de 3 patillas<\/p>\n<p><strong>KMD 120<\/strong><br \/>\nMicr\u00f3fono caracterizado para su uso con Bumbos, con un patr\u00f3n de captaci\u00f3n cardioide y equipado con un diafragma especialmente dise\u00f1ado para una reproducci\u00f3n natural del sonido, con definici\u00f3n de graves y agudos.<br \/>\nTiene una amplia respuesta en frecuencia de 40 Hz a 14 kHz y la capacidad de manejar altos niveles de presi\u00f3n sonora.<br \/>\nExcelente elecci\u00f3n para instrumentos que requieren una reproducci\u00f3n de bajas frecuencias, como bombos, bombos de 16\u2033 y 18\u2033 y pastillas de amplificador de bajo.<br \/>\nEl KMD 120 est\u00e1 montado sobre un cuerpo de aleaci\u00f3n de zinc fundido a presi\u00f3n de alta precisi\u00f3n, recubierto con pintura especial, una rejilla de malla de acero resistente a los impactos y un conector XLR balanceado que permite un rendimiento sin interferencias incluso con cables largos.<\/p>\n<p><strong>KMD 116<\/strong><br \/>\nMicr\u00f3fono de condensador sensible con respuesta de frecuencia plana. Ideal para su uso con instrumentos ac\u00fasticos (bater\u00eda), coros y amplificadores. Soporta altos niveles de presi\u00f3n sonora sin afectar al audio. Esto permite que los sonidos se capten completamente en el eje del micr\u00f3fono.<br \/>\nTiene un conector XLR chapado en oro, interruptor ON|OFF, cuerpo met\u00e1lico.<br \/>\nViene con espuma antipinchazos y abrazadera.<\/p>\n<p><strong>K57<\/strong><br \/>\nMicr\u00f3fono que puede utilizarse para captar percusi\u00f3n, viento, amplificadores de bajo y guitarra, guitarra ac\u00fastica, coros, piano de cola o mueble.<br \/>\nEl K57 tiene una c\u00e1psula din\u00e1mica extremadamente eficiente con una respuesta en frecuencia entre 60 - 15000Hz.<\/p>","protected":false},"excerpt":{"rendered":"<p class=\"font_8\"><strong>El kit K7 incluye los micr\u00f3fonos K57, KMD 110, KMD 116 y KMD 120.<\/strong><\/p>","protected":false},"featured_media":13017,"template":"","meta":{"content-type":"","_vp_format_video_url":"","_vp_image_focal_point":[]},"product_cat":[107,168,166],"product_tag":[],"class_list":{"0":"post-3719","1":"product","2":"type-product","3":"status-publish","4":"has-post-thumbnail","6":"product_cat-kadosh","7":"product_cat-kit-de-microfones","8":"product_cat-microfones-com-fio","10":"first","11":"instock","12":"shipping-taxable","13":"purchasable","14":"product-type-variable"},"yoast_head":"<!-- This site is optimized with the Yoast SEO Premium plugin v22.9 (Yoast SEO v24.0) - https:\/\/yoast.com\/wordpress\/plugins\/seo\/ -->\n<title>KMD 107 - Kadosh Music<\/title>\n<meta name=\"robots\" content=\"index, follow, max-snippet:-1, max-image-preview:large, max-video-preview:-1\" \/>\n<link rel=\"canonical\" href=\"https:\/\/kadoshmusic.com.br\/es\/product\/k7-slim\/\" \/>\n<meta property=\"og:locale\" content=\"es_ES\" \/>\n<meta property=\"og:type\" content=\"article\" \/>\n<meta property=\"og:title\" content=\"KMD 107\" \/>\n<meta property=\"og:description\" content=\"O kit K7 re\u00fanem os microfones K57,\u00a0 KMD 110, KMD 116, KMD 120\" \/>\n<meta property=\"og:url\" content=\"https:\/\/kadoshmusic.com.br\/es\/product\/k7-slim\/\" \/>\n<meta property=\"og:site_name\" content=\"Kadosh Music\" \/>\n<meta property=\"article:publisher\" content=\"https:\/\/www.facebook.com\/micskadosh\" \/>\n<meta property=\"article:modified_time\" content=\"2025-07-30T20:18:33+00:00\" \/>\n<meta property=\"og:image\" content=\"https:\/\/kadoshmusic.com.br\/wp-content\/uploads\/2024\/05\/capa-KMD107.png\" \/>\n\t<meta property=\"og:image:width\" content=\"1080\" \/>\n\t<meta property=\"og:image:height\" content=\"1080\" \/>\n\t<meta property=\"og:image:type\" content=\"image\/png\" \/>\n<meta name=\"twitter:card\" content=\"summary_large_image\" \/>\n<meta name=\"twitter:label1\" content=\"Est. reading time\" \/>\n\t<meta name=\"twitter:data1\" content=\"3 minutos\" \/>\n<script type=\"application\/ld+json\" class=\"yoast-schema-graph\">{\"@context\":\"https:\/\/schema.org\",\"@graph\":[{\"@type\":\"WebPage\",\"@id\":\"https:\/\/kadoshmusic.com.br\/produto\/k7-slim\/\",\"url\":\"https:\/\/kadoshmusic.com.br\/produto\/k7-slim\/\",\"name\":\"KMD 107 - Kadosh Music\",\"isPartOf\":{\"@id\":\"https:\/\/kadoshmusic.com.br\/#website\"},\"primaryImageOfPage\":{\"@id\":\"https:\/\/kadoshmusic.com.br\/produto\/k7-slim\/#primaryimage\"},\"image\":{\"@id\":\"https:\/\/kadoshmusic.com.br\/produto\/k7-slim\/#primaryimage\"},\"thumbnailUrl\":\"https:\/\/kadoshmusic.com.br\/wp-content\/uploads\/2024\/05\/capa-KMD107.png\",\"datePublished\":\"2024-05-21T11:00:56+00:00\",\"dateModified\":\"2025-07-30T20:18:33+00:00\",\"breadcrumb\":{\"@id\":\"https:\/\/kadoshmusic.com.br\/produto\/k7-slim\/#breadcrumb\"},\"inLanguage\":\"es\",\"potentialAction\":[{\"@type\":\"ReadAction\",\"target\":[\"https:\/\/kadoshmusic.com.br\/produto\/k7-slim\/\"]}]},{\"@type\":\"ImageObject\",\"inLanguage\":\"es\",\"@id\":\"https:\/\/kadoshmusic.com.br\/produto\/k7-slim\/#primaryimage\",\"url\":\"https:\/\/kadoshmusic.com.br\/wp-content\/uploads\/2024\/05\/capa-KMD107.png\",\"contentUrl\":\"https:\/\/kadoshmusic.com.br\/wp-content\/uploads\/2024\/05\/capa-KMD107.png\",\"width\":1080,\"height\":1080},{\"@type\":\"BreadcrumbList\",\"@id\":\"https:\/\/kadoshmusic.com.br\/produto\/k7-slim\/#breadcrumb\",\"itemListElement\":[{\"@type\":\"ListItem\",\"position\":1,\"name\":\"Home\",\"item\":\"https:\/\/kadoshmusic.com.br\/\"},{\"@type\":\"ListItem\",\"position\":2,\"name\":\"Shop\",\"item\":\"https:\/\/kadoshmusic.com.br\/shop\/\"},{\"@type\":\"ListItem\",\"position\":3,\"name\":\"KMD 107\"}]},{\"@type\":\"WebSite\",\"@id\":\"https:\/\/kadoshmusic.com.br\/#website\",\"url\":\"https:\/\/kadoshmusic.com.br\/\",\"name\":\"Kadosh Music\",\"description\":\"A Tecnologia Conectando o \u00c1udio e a M\u00fasica\",\"publisher\":{\"@id\":\"https:\/\/kadoshmusic.com.br\/#organization\"},\"alternateName\":\"kadosh\",\"potentialAction\":[{\"@type\":\"SearchAction\",\"target\":{\"@type\":\"EntryPoint\",\"urlTemplate\":\"https:\/\/kadoshmusic.com.br\/?s={search_term_string}\"},\"query-input\":{\"@type\":\"PropertyValueSpecification\",\"valueRequired\":true,\"valueName\":\"search_term_string\"}}],\"inLanguage\":\"es\"},{\"@type\":\"Organization\",\"@id\":\"https:\/\/kadoshmusic.com.br\/#organization\",\"name\":\"kadosh music\",\"url\":\"https:\/\/kadoshmusic.com.br\/\",\"logo\":{\"@type\":\"ImageObject\",\"inLanguage\":\"es\",\"@id\":\"https:\/\/kadoshmusic.com.br\/#\/schema\/logo\/image\/\",\"url\":\"https:\/\/kadoshmusic.com.br\/wp-content\/uploads\/2024\/06\/logo-principal-1024x450-1.webp\",\"contentUrl\":\"https:\/\/kadoshmusic.com.br\/wp-content\/uploads\/2024\/06\/logo-principal-1024x450-1.webp\",\"width\":1024,\"height\":450,\"caption\":\"kadosh music\"},\"image\":{\"@id\":\"https:\/\/kadoshmusic.com.br\/#\/schema\/logo\/image\/\"},\"sameAs\":[\"https:\/\/www.facebook.com\/micskadosh\"]}]}<\/script>\n<!-- \/ Yoast SEO Premium plugin. -->","yoast_head_json":{"title":"KMD 107 - Kadosh Music","robots":{"index":"index","follow":"follow","max-snippet":"max-snippet:-1","max-image-preview":"max-image-preview:large","max-video-preview":"max-video-preview:-1"},"canonical":"https:\/\/kadoshmusic.com.br\/es\/product\/k7-slim\/","og_locale":"es_ES","og_type":"article","og_title":"KMD 107","og_description":"O kit K7 re\u00fanem os microfones K57,\u00a0 KMD 110, KMD 116, KMD 120","og_url":"https:\/\/kadoshmusic.com.br\/es\/product\/k7-slim\/","og_site_name":"Kadosh Music","article_publisher":"https:\/\/www.facebook.com\/micskadosh","article_modified_time":"2025-07-30T20:18:33+00:00","og_image":[{"width":1080,"height":1080,"url":"https:\/\/kadoshmusic.com.br\/wp-content\/uploads\/2024\/05\/capa-KMD107.png","type":"image\/png"}],"twitter_card":"summary_large_image","twitter_misc":{"Est. reading time":"3 minutos"},"schema":{"@context":"https:\/\/schema.org","@graph":[{"@type":"WebPage","@id":"https:\/\/kadoshmusic.com.br\/produto\/k7-slim\/","url":"https:\/\/kadoshmusic.com.br\/produto\/k7-slim\/","name":"KMD 107 - Kadosh Music","isPartOf":{"@id":"https:\/\/kadoshmusic.com.br\/#website"},"primaryImageOfPage":{"@id":"https:\/\/kadoshmusic.com.br\/produto\/k7-slim\/#primaryimage"},"image":{"@id":"https:\/\/kadoshmusic.com.br\/produto\/k7-slim\/#primaryimage"},"thumbnailUrl":"https:\/\/kadoshmusic.com.br\/wp-content\/uploads\/2024\/05\/capa-KMD107.png","datePublished":"2024-05-21T11:00:56+00:00","dateModified":"2025-07-30T20:18:33+00:00","breadcrumb":{"@id":"https:\/\/kadoshmusic.com.br\/produto\/k7-slim\/#breadcrumb"},"inLanguage":"es","potentialAction":[{"@type":"ReadAction","target":["https:\/\/kadoshmusic.com.br\/produto\/k7-slim\/"]}]},{"@type":"ImageObject","inLanguage":"es","@id":"https:\/\/kadoshmusic.com.br\/produto\/k7-slim\/#primaryimage","url":"https:\/\/kadoshmusic.com.br\/wp-content\/uploads\/2024\/05\/capa-KMD107.png","contentUrl":"https:\/\/kadoshmusic.com.br\/wp-content\/uploads\/2024\/05\/capa-KMD107.png","width":1080,"height":1080},{"@type":"BreadcrumbList","@id":"https:\/\/kadoshmusic.com.br\/produto\/k7-slim\/#breadcrumb","itemListElement":[{"@type":"ListItem","position":1,"name":"Home","item":"https:\/\/kadoshmusic.com.br\/"},{"@type":"ListItem","position":2,"name":"Shop","item":"https:\/\/kadoshmusic.com.br\/shop\/"},{"@type":"ListItem","position":3,"name":"KMD 107"}]},{"@type":"WebSite","@id":"https:\/\/kadoshmusic.com.br\/#website","url":"https:\/\/kadoshmusic.com.br\/","name":"Kadosh Music","description":"A Tecnologia Conectando o \u00c1udio e a M\u00fasica","publisher":{"@id":"https:\/\/kadoshmusic.com.br\/#organization"},"alternateName":"kadosh","potentialAction":[{"@type":"SearchAction","target":{"@type":"EntryPoint","urlTemplate":"https:\/\/kadoshmusic.com.br\/?s={search_term_string}"},"query-input":{"@type":"PropertyValueSpecification","valueRequired":true,"valueName":"search_term_string"}}],"inLanguage":"es"},{"@type":"Organization","@id":"https:\/\/kadoshmusic.com.br\/#organization","name":"kadosh music","url":"https:\/\/kadoshmusic.com.br\/","logo":{"@type":"ImageObject","inLanguage":"es","@id":"https:\/\/kadoshmusic.com.br\/#\/schema\/logo\/image\/","url":"https:\/\/kadoshmusic.com.br\/wp-content\/uploads\/2024\/06\/logo-principal-1024x450-1.webp","contentUrl":"https:\/\/kadoshmusic.com.br\/wp-content\/uploads\/2024\/06\/logo-principal-1024x450-1.webp","width":1024,"height":450,"caption":"kadosh music"},"image":{"@id":"https:\/\/kadoshmusic.com.br\/#\/schema\/logo\/image\/"},"sameAs":["https:\/\/www.facebook.com\/micskadosh"]}]}},"jetpack_sharing_enabled":true,"s_badge_disabled_all":false,"s_badge_single_active":false,"badge_type":"type_custom","badge_custom_set_date":false,"badge_initial_date":"","badge_end_date":"","badge_new_days":"","badge_lowstock_low":"","badge_lowstock_medium":"","badge_text":"","badge_text_size":"","badge_text_color":"","badge_bg_color":"","badge_style":"badge_default","badge_position":"position_tl","_links":{"self":[{"href":"https:\/\/kadoshmusic.com.br\/es\/wp-json\/wp\/v2\/product\/3719","targetHints":{"allow":["GET"]}}],"collection":[{"href":"https:\/\/kadoshmusic.com.br\/es\/wp-json\/wp\/v2\/product"}],"about":[{"href":"https:\/\/kadoshmusic.com.br\/es\/wp-json\/wp\/v2\/types\/product"}],"version-history":[{"count":9,"href":"https:\/\/kadoshmusic.com.br\/es\/wp-json\/wp\/v2\/product\/3719\/revisions"}],"predecessor-version":[{"id":16017,"href":"https:\/\/kadoshmusic.com.br\/es\/wp-json\/wp\/v2\/product\/3719\/revisions\/16017"}],"wp:featuredmedia":[{"embeddable":true,"href":"https:\/\/kadoshmusic.com.br\/es\/wp-json\/wp\/v2\/media\/13017"}],"wp:attachment":[{"href":"https:\/\/kadoshmusic.com.br\/es\/wp-json\/wp\/v2\/media?parent=3719"}],"wp:term":[{"taxonomy":"product_cat","embeddable":true,"href":"https:\/\/kadoshmusic.com.br\/es\/wp-json\/wp\/v2\/product_cat?post=3719"},{"taxonomy":"product_tag","embeddable":true,"href":"https:\/\/kadoshmusic.com.br\/es\/wp-json\/wp\/v2\/product_tag?post=3719"}],"curies":[{"name":"wp","href":"https:\/\/api.w.org\/{rel}","templated":true}]}}