{"id":3362,"date":"2024-05-21T08:52:57","date_gmt":"2024-05-21T11:52:57","guid":{"rendered":"https:\/\/kadoshmusic.com.br\/?post_type=product&#038;p=3362"},"modified":"2025-05-16T17:39:13","modified_gmt":"2025-05-16T20:39:13","slug":"k1202m","status":"publish","type":"product","link":"https:\/\/kadoshmusic.com.br\/es\/product\/k1202m\/","title":{"rendered":"K1202M"},"content":{"rendered":"<p><strong>EL AUDIO K12-m<br \/>\n<img fetchpriority=\"high\" decoding=\"async\" class=\"aligncenter wp-image-12617\" src=\"https:\/\/kadoshmusic.com.br\/wp-content\/uploads\/2024\/05\/02-683x1024.png\" alt=\"\" width=\"386\" height=\"579\" srcset=\"https:\/\/kadoshmusic.com.br\/wp-content\/uploads\/2024\/05\/02-683x1024.png 683w, https:\/\/kadoshmusic.com.br\/wp-content\/uploads\/2024\/05\/02-200x300.png 200w, https:\/\/kadoshmusic.com.br\/wp-content\/uploads\/2024\/05\/02-768x1152.png 768w, https:\/\/kadoshmusic.com.br\/wp-content\/uploads\/2024\/05\/02-1024x1536.png 1024w, https:\/\/kadoshmusic.com.br\/wp-content\/uploads\/2024\/05\/02-1365x2048.png 1365w, https:\/\/kadoshmusic.com.br\/wp-content\/uploads\/2024\/05\/02-50x75.png 50w, https:\/\/kadoshmusic.com.br\/wp-content\/uploads\/2024\/05\/02-480x720.png 480w, https:\/\/kadoshmusic.com.br\/wp-content\/uploads\/2024\/05\/02-800x1200.png 800w\" sizes=\"(max-width:767px) 386px, 386px\" \/><br \/>\n<\/strong><\/p>\n<p><span style=\"font-weight: 300;\">La calidad de audio es algo que le sorprender\u00e1. El exclusivo transductor din\u00e1mico K12-m, de patr\u00f3n polar hipercardioide, tiene una respuesta entre 63 Hz y 12.000 Hz, capaz de soportar unos incre\u00edbles 130 dB\/SPL sin provocar distorsi\u00f3n (clipping). Dispone de salidas XLR y TS <\/span><i><span style=\"font-weight: 300;\">(en el caso del K1202 la salida TS es Mix Out).<\/span><\/i><\/p>\n<p><span style=\"font-weight: 300;\"><strong>La RF de K1201 y K1202<br \/>\n<img decoding=\"async\" class=\"aligncenter wp-image-12618\" src=\"https:\/\/kadoshmusic.com.br\/wp-content\/uploads\/2024\/05\/04-1-1024x683.png\" alt=\"\" width=\"959\" height=\"640\" \/><\/strong><\/span><\/p>\n<p>&nbsp;<\/p>\n<p><span style=\"font-weight: 300;\">Adoptamos 2 bandas de RF* debidamente aprobadas por ANATEL, permitiendo que los clientes utilicen el sistema en cualquier estado** de Brasil. Adem\u00e1s de estar equipado con PLL y True Diversity, proporciona al usuario seguridad y estabilidad de RF, de acuerdo con las normas de ANATEL. Es compatible con distribuidores de antenas, permitiendo que la base sea utilizada dentro de un rack en la sala de estar y que antenas remotas sean utilizadas a trav\u00e9s de un cable BNC en el escenario.<\/span><\/p>\n<p>&nbsp;<\/p>\n<ul>\n<li><strong>SIENTE LA DIFERENCIA DE UNA CALIDAD DE SONIDO INIGUALABLE CON NUESTRA TECNOLOG\u00cdA TRUE DIVERSITY.<\/strong>La tecnolog\u00eda True Diversity es una caracter\u00edstica importante en los sistemas de microfon\u00eda inal\u00e1mbrica, dise\u00f1ada para ofrecer una transmisi\u00f3n de audio m\u00e1s estable, fiable y sin interferencias. Es especialmente valiosa en entornos dif\u00edciles en los que la calidad de audio es crucial. Dispone de dos antenas que trabajan juntas para captar la se\u00f1al de transmisi\u00f3n del micr\u00f3fono inal\u00e1mbrico. La selecci\u00f3n autom\u00e1tica de antena est\u00e1 dise\u00f1ada para cambiar autom\u00e1ticamente entre las dos antenas y elegir la que recibe la se\u00f1al m\u00e1s fuerte en cada momento. Esto ayuda a evitar las ca\u00eddas de se\u00f1al y las interferencias, incluso en entornos dif\u00edciles. Ayuda a eliminar las interferencias de otros dispositivos electr\u00f3nicos o fuentes de se\u00f1ales de radio, lo que es especialmente importante en entornos con muchos dispositivos inal\u00e1mbricos.La tecnolog\u00eda True Diversity es valiosa en situaciones en las que la calidad de audio es primordial, como actuaciones en directo, grabaciones, retransmisiones y eventos. Proporciona una mayor estabilidad y fiabilidad en la transmisi\u00f3n, reduciendo las posibilidades de problemas t\u00e9cnicos.<br \/>\nContribuyen a ampliar el alcance operativo del sistema de micr\u00f3fono inal\u00e1mbrico, lo que permite una mayor movilidad del usuario.<\/li>\n<\/ul>\n<p><span style=\"font-weight: 300;\">\u00a0<\/span><\/p>\n<p><i><span style=\"font-weight: 300;\">*Todav\u00eda puede venderse en la gama de 470MHz a 510MHz. Esta gama se dej\u00f3 de fabricar en septiembre de 2022.<\/span><\/i><\/p>\n<p><i><span style=\"font-weight: 300;\">**marque la mejor opci\u00f3n para su regi\u00f3n entre 513MHz - 558MHz o 628MHz - 647,750MHz<\/span><\/i><\/p>\n<p><span style=\"font-weight: 300;\"><strong>PANTALLA DE INFORMACI\u00d3N<\/strong><\/span><\/p>\n<p><img decoding=\"async\" class=\"aligncenter wp-image-12616 size-large\" src=\"https:\/\/kadoshmusic.com.br\/wp-content\/uploads\/2024\/05\/K1202-NOVO-1024x459.png\" alt=\"\" width=\"1024\" height=\"459\" srcset=\"https:\/\/kadoshmusic.com.br\/wp-content\/uploads\/2024\/05\/K1202-NOVO-1024x459.png 1024w, https:\/\/kadoshmusic.com.br\/wp-content\/uploads\/2024\/05\/K1202-NOVO-300x135.png 300w, https:\/\/kadoshmusic.com.br\/wp-content\/uploads\/2024\/05\/K1202-NOVO-768x344.png 768w, https:\/\/kadoshmusic.com.br\/wp-content\/uploads\/2024\/05\/K1202-NOVO-1536x689.png 1536w, https:\/\/kadoshmusic.com.br\/wp-content\/uploads\/2024\/05\/K1202-NOVO-2048x918.png 2048w, https:\/\/kadoshmusic.com.br\/wp-content\/uploads\/2024\/05\/K1202-NOVO-150x67.png 150w, https:\/\/kadoshmusic.com.br\/wp-content\/uploads\/2024\/05\/K1202-NOVO-480x215.png 480w, https:\/\/kadoshmusic.com.br\/wp-content\/uploads\/2024\/05\/K1202-NOVO-800x359.png 800w\" sizes=\"(max-width:767px) 480px, (max-width:1024px) 100vw, 1024px\" \/><\/p>\n<p><span style=\"font-weight: 300;\">La pantalla de la base (receptor \/ RX) tiene informaci\u00f3n como el nivel de AF, RF, carga de la bater\u00eda del TX, frecuencia, bloqueo del RX, indicador de sincronizaci\u00f3n y nivel de silenciamiento. La iluminaci\u00f3n de la pantalla RX cambia de color cuando identifica que el TX est\u00e1 encendido o apagado. Es naranja cuando el TX est\u00e1 apagado y blanca cuando est\u00e1 encendido.<\/span><\/p>","protected":false},"excerpt":{"rendered":"<p><span style=\"font-weight: 300;\"><strong>USO SUGERIDO:<\/strong> Voces en directo (conciertos e iglesias), conferencias<\/span><\/p>\n<p><span style=\"font-weight: 300;\">Una de las cosas que distingue a las K1201 y K1202 es el compartimento de las pilas, \u00a1sin duda el colmo de la practicidad! Basta con pulsar los botones laterales y el caj\u00f3n de las pilas estar\u00e1 listo. Puede disponer de 1 caj\u00f3n de repuesto (se adquiere por separado) para facilitar el proceso de cambio de pilas durante el espect\u00e1culo.<\/span><\/p>\n<p>&nbsp;<\/p>","protected":false},"featured_media":12127,"template":"","meta":{"content-type":"","_vp_format_video_url":"","_vp_image_focal_point":[]},"product_cat":[107,148],"product_tag":[160],"class_list":{"0":"post-3362","1":"product","2":"type-product","3":"status-publish","4":"has-post-thumbnail","6":"product_cat-kadosh","7":"product_cat-microfones-sem-fio-uhf","8":"product_tag-k502hh","10":"first","11":"instock","12":"shipping-taxable","13":"purchasable","14":"product-type-variable"},"yoast_head":"<!-- This site is optimized with the Yoast SEO Premium plugin v22.9 (Yoast SEO v24.0) - https:\/\/yoast.com\/wordpress\/plugins\/seo\/ -->\n<title>K1202M - Kadosh Music<\/title>\n<meta name=\"robots\" content=\"index, follow, max-snippet:-1, max-image-preview:large, max-video-preview:-1\" \/>\n<link rel=\"canonical\" href=\"https:\/\/kadoshmusic.com.br\/es\/product\/k1202m\/\" \/>\n<meta property=\"og:locale\" content=\"es_ES\" \/>\n<meta property=\"og:type\" content=\"article\" \/>\n<meta property=\"og:title\" content=\"K1202M\" \/>\n<meta property=\"og:description\" content=\"SUGEST\u00c3O DE USO: Vocais ao vivo (shows e igrejas), palestras  Um dos pontos que diferencia o K1201 e K1202 \u00e9 o compartimento de pilhas, sem d\u00favida o \u00e1pice da praticidade! Basta pressionar os bot\u00f5es laterais e pronto, a gaveta de pilhas est\u00e1 liberada. Voc\u00ea pode ter 1 gaveta reserva (adquirir de forma avulsa) dessa forma o processo de trocar as pilhas durante o espet\u00e1culo ser\u00e1 mais f\u00e1cil.  &nbsp;\" \/>\n<meta property=\"og:url\" content=\"https:\/\/kadoshmusic.com.br\/es\/product\/k1202m\/\" \/>\n<meta property=\"og:site_name\" content=\"Kadosh Music\" \/>\n<meta property=\"article:publisher\" content=\"https:\/\/www.facebook.com\/micskadosh\" \/>\n<meta property=\"article:modified_time\" content=\"2025-05-16T20:39:13+00:00\" \/>\n<meta property=\"og:image\" content=\"https:\/\/kadoshmusic.com.br\/wp-content\/uploads\/2024\/05\/1202M.png\" \/>\n\t<meta property=\"og:image:width\" content=\"1080\" \/>\n\t<meta property=\"og:image:height\" content=\"1080\" \/>\n\t<meta property=\"og:image:type\" content=\"image\/png\" \/>\n<meta name=\"twitter:card\" content=\"summary_large_image\" \/>\n<meta name=\"twitter:label1\" content=\"Est. reading time\" \/>\n\t<meta name=\"twitter:data1\" content=\"4 minutos\" \/>\n<script type=\"application\/ld+json\" class=\"yoast-schema-graph\">{\"@context\":\"https:\/\/schema.org\",\"@graph\":[{\"@type\":\"WebPage\",\"@id\":\"https:\/\/kadoshmusic.com.br\/produto\/k1202m\/\",\"url\":\"https:\/\/kadoshmusic.com.br\/produto\/k1202m\/\",\"name\":\"K1202M - Kadosh Music\",\"isPartOf\":{\"@id\":\"https:\/\/kadoshmusic.com.br\/#website\"},\"primaryImageOfPage\":{\"@id\":\"https:\/\/kadoshmusic.com.br\/produto\/k1202m\/#primaryimage\"},\"image\":{\"@id\":\"https:\/\/kadoshmusic.com.br\/produto\/k1202m\/#primaryimage\"},\"thumbnailUrl\":\"https:\/\/kadoshmusic.com.br\/wp-content\/uploads\/2024\/05\/1202M.png\",\"datePublished\":\"2024-05-21T11:52:57+00:00\",\"dateModified\":\"2025-05-16T20:39:13+00:00\",\"breadcrumb\":{\"@id\":\"https:\/\/kadoshmusic.com.br\/produto\/k1202m\/#breadcrumb\"},\"inLanguage\":\"es\",\"potentialAction\":[{\"@type\":\"ReadAction\",\"target\":[\"https:\/\/kadoshmusic.com.br\/produto\/k1202m\/\"]}]},{\"@type\":\"ImageObject\",\"inLanguage\":\"es\",\"@id\":\"https:\/\/kadoshmusic.com.br\/produto\/k1202m\/#primaryimage\",\"url\":\"https:\/\/kadoshmusic.com.br\/wp-content\/uploads\/2024\/05\/1202M.png\",\"contentUrl\":\"https:\/\/kadoshmusic.com.br\/wp-content\/uploads\/2024\/05\/1202M.png\",\"width\":1080,\"height\":1080},{\"@type\":\"BreadcrumbList\",\"@id\":\"https:\/\/kadoshmusic.com.br\/produto\/k1202m\/#breadcrumb\",\"itemListElement\":[{\"@type\":\"ListItem\",\"position\":1,\"name\":\"Home\",\"item\":\"https:\/\/kadoshmusic.com.br\/\"},{\"@type\":\"ListItem\",\"position\":2,\"name\":\"Shop\",\"item\":\"https:\/\/kadoshmusic.com.br\/shop\/\"},{\"@type\":\"ListItem\",\"position\":3,\"name\":\"K1202M\"}]},{\"@type\":\"WebSite\",\"@id\":\"https:\/\/kadoshmusic.com.br\/#website\",\"url\":\"https:\/\/kadoshmusic.com.br\/\",\"name\":\"Kadosh Music\",\"description\":\"A Tecnologia Conectando o \u00c1udio e a M\u00fasica\",\"publisher\":{\"@id\":\"https:\/\/kadoshmusic.com.br\/#organization\"},\"alternateName\":\"kadosh\",\"potentialAction\":[{\"@type\":\"SearchAction\",\"target\":{\"@type\":\"EntryPoint\",\"urlTemplate\":\"https:\/\/kadoshmusic.com.br\/?s={search_term_string}\"},\"query-input\":{\"@type\":\"PropertyValueSpecification\",\"valueRequired\":true,\"valueName\":\"search_term_string\"}}],\"inLanguage\":\"es\"},{\"@type\":\"Organization\",\"@id\":\"https:\/\/kadoshmusic.com.br\/#organization\",\"name\":\"kadosh music\",\"url\":\"https:\/\/kadoshmusic.com.br\/\",\"logo\":{\"@type\":\"ImageObject\",\"inLanguage\":\"es\",\"@id\":\"https:\/\/kadoshmusic.com.br\/#\/schema\/logo\/image\/\",\"url\":\"https:\/\/kadoshmusic.com.br\/wp-content\/uploads\/2024\/06\/logo-principal-1024x450-1.webp\",\"contentUrl\":\"https:\/\/kadoshmusic.com.br\/wp-content\/uploads\/2024\/06\/logo-principal-1024x450-1.webp\",\"width\":1024,\"height\":450,\"caption\":\"kadosh music\"},\"image\":{\"@id\":\"https:\/\/kadoshmusic.com.br\/#\/schema\/logo\/image\/\"},\"sameAs\":[\"https:\/\/www.facebook.com\/micskadosh\"]}]}<\/script>\n<!-- \/ Yoast SEO Premium plugin. -->","yoast_head_json":{"title":"K1202M - Kadosh Music","robots":{"index":"index","follow":"follow","max-snippet":"max-snippet:-1","max-image-preview":"max-image-preview:large","max-video-preview":"max-video-preview:-1"},"canonical":"https:\/\/kadoshmusic.com.br\/es\/product\/k1202m\/","og_locale":"es_ES","og_type":"article","og_title":"K1202M","og_description":"SUGEST\u00c3O DE USO: Vocais ao vivo (shows e igrejas), palestras  Um dos pontos que diferencia o K1201 e K1202 \u00e9 o compartimento de pilhas, sem d\u00favida o \u00e1pice da praticidade! Basta pressionar os bot\u00f5es laterais e pronto, a gaveta de pilhas est\u00e1 liberada. Voc\u00ea pode ter 1 gaveta reserva (adquirir de forma avulsa) dessa forma o processo de trocar as pilhas durante o espet\u00e1culo ser\u00e1 mais f\u00e1cil.  &nbsp;","og_url":"https:\/\/kadoshmusic.com.br\/es\/product\/k1202m\/","og_site_name":"Kadosh Music","article_publisher":"https:\/\/www.facebook.com\/micskadosh","article_modified_time":"2025-05-16T20:39:13+00:00","og_image":[{"width":1080,"height":1080,"url":"https:\/\/kadoshmusic.com.br\/wp-content\/uploads\/2024\/05\/1202M.png","type":"image\/png"}],"twitter_card":"summary_large_image","twitter_misc":{"Est. reading time":"4 minutos"},"schema":{"@context":"https:\/\/schema.org","@graph":[{"@type":"WebPage","@id":"https:\/\/kadoshmusic.com.br\/produto\/k1202m\/","url":"https:\/\/kadoshmusic.com.br\/produto\/k1202m\/","name":"K1202M - Kadosh Music","isPartOf":{"@id":"https:\/\/kadoshmusic.com.br\/#website"},"primaryImageOfPage":{"@id":"https:\/\/kadoshmusic.com.br\/produto\/k1202m\/#primaryimage"},"image":{"@id":"https:\/\/kadoshmusic.com.br\/produto\/k1202m\/#primaryimage"},"thumbnailUrl":"https:\/\/kadoshmusic.com.br\/wp-content\/uploads\/2024\/05\/1202M.png","datePublished":"2024-05-21T11:52:57+00:00","dateModified":"2025-05-16T20:39:13+00:00","breadcrumb":{"@id":"https:\/\/kadoshmusic.com.br\/produto\/k1202m\/#breadcrumb"},"inLanguage":"es","potentialAction":[{"@type":"ReadAction","target":["https:\/\/kadoshmusic.com.br\/produto\/k1202m\/"]}]},{"@type":"ImageObject","inLanguage":"es","@id":"https:\/\/kadoshmusic.com.br\/produto\/k1202m\/#primaryimage","url":"https:\/\/kadoshmusic.com.br\/wp-content\/uploads\/2024\/05\/1202M.png","contentUrl":"https:\/\/kadoshmusic.com.br\/wp-content\/uploads\/2024\/05\/1202M.png","width":1080,"height":1080},{"@type":"BreadcrumbList","@id":"https:\/\/kadoshmusic.com.br\/produto\/k1202m\/#breadcrumb","itemListElement":[{"@type":"ListItem","position":1,"name":"Home","item":"https:\/\/kadoshmusic.com.br\/"},{"@type":"ListItem","position":2,"name":"Shop","item":"https:\/\/kadoshmusic.com.br\/shop\/"},{"@type":"ListItem","position":3,"name":"K1202M"}]},{"@type":"WebSite","@id":"https:\/\/kadoshmusic.com.br\/#website","url":"https:\/\/kadoshmusic.com.br\/","name":"Kadosh Music","description":"A Tecnologia Conectando o \u00c1udio e a M\u00fasica","publisher":{"@id":"https:\/\/kadoshmusic.com.br\/#organization"},"alternateName":"kadosh","potentialAction":[{"@type":"SearchAction","target":{"@type":"EntryPoint","urlTemplate":"https:\/\/kadoshmusic.com.br\/?s={search_term_string}"},"query-input":{"@type":"PropertyValueSpecification","valueRequired":true,"valueName":"search_term_string"}}],"inLanguage":"es"},{"@type":"Organization","@id":"https:\/\/kadoshmusic.com.br\/#organization","name":"kadosh music","url":"https:\/\/kadoshmusic.com.br\/","logo":{"@type":"ImageObject","inLanguage":"es","@id":"https:\/\/kadoshmusic.com.br\/#\/schema\/logo\/image\/","url":"https:\/\/kadoshmusic.com.br\/wp-content\/uploads\/2024\/06\/logo-principal-1024x450-1.webp","contentUrl":"https:\/\/kadoshmusic.com.br\/wp-content\/uploads\/2024\/06\/logo-principal-1024x450-1.webp","width":1024,"height":450,"caption":"kadosh music"},"image":{"@id":"https:\/\/kadoshmusic.com.br\/#\/schema\/logo\/image\/"},"sameAs":["https:\/\/www.facebook.com\/micskadosh"]}]}},"jetpack_sharing_enabled":true,"s_badge_disabled_all":false,"s_badge_single_active":false,"badge_type":"type_custom","badge_custom_set_date":false,"badge_initial_date":"","badge_end_date":"","badge_new_days":"","badge_lowstock_low":"","badge_lowstock_medium":"","badge_text":"","badge_text_size":"","badge_text_color":"","badge_bg_color":"","badge_style":"badge_default","badge_position":"position_tl","_links":{"self":[{"href":"https:\/\/kadoshmusic.com.br\/es\/wp-json\/wp\/v2\/product\/3362","targetHints":{"allow":["GET"]}}],"collection":[{"href":"https:\/\/kadoshmusic.com.br\/es\/wp-json\/wp\/v2\/product"}],"about":[{"href":"https:\/\/kadoshmusic.com.br\/es\/wp-json\/wp\/v2\/types\/product"}],"version-history":[{"count":12,"href":"https:\/\/kadoshmusic.com.br\/es\/wp-json\/wp\/v2\/product\/3362\/revisions"}],"predecessor-version":[{"id":15305,"href":"https:\/\/kadoshmusic.com.br\/es\/wp-json\/wp\/v2\/product\/3362\/revisions\/15305"}],"wp:featuredmedia":[{"embeddable":true,"href":"https:\/\/kadoshmusic.com.br\/es\/wp-json\/wp\/v2\/media\/12127"}],"wp:attachment":[{"href":"https:\/\/kadoshmusic.com.br\/es\/wp-json\/wp\/v2\/media?parent=3362"}],"wp:term":[{"taxonomy":"product_cat","embeddable":true,"href":"https:\/\/kadoshmusic.com.br\/es\/wp-json\/wp\/v2\/product_cat?post=3362"},{"taxonomy":"product_tag","embeddable":true,"href":"https:\/\/kadoshmusic.com.br\/es\/wp-json\/wp\/v2\/product_tag?post=3362"}],"curies":[{"name":"wp","href":"https:\/\/api.w.org\/{rel}","templated":true}]}}