{"id":3244,"date":"2024-05-21T08:35:28","date_gmt":"2024-05-21T11:35:28","guid":{"rendered":"https:\/\/kadoshmusic.com.br\/?post_type=product&#038;p=3244"},"modified":"2025-05-19T15:25:43","modified_gmt":"2025-05-19T18:25:43","slug":"k501m","status":"publish","type":"product","link":"https:\/\/kadoshmusic.com.br\/es\/product\/k501m\/","title":{"rendered":"K501M"},"content":{"rendered":"<p>Desenvolvido para \u00e1udio profissional mas com a simplicidade para o seu dia a dia. O K501m \u00e9 um sistema robusto sem fio para cantores e apresentadores.<br \/>\nQualidade para som ao vivo de \u00faltima gera\u00e7\u00e3o com a conceituada c\u00e1psula K5m da Kadosh inserida em um transmissor leve com corpo em alum\u00ednio, interruptor de silenciamento integrado e pilha Lithium desenvolvida para proporcionar incr\u00edveis 12 horas de uso cont\u00ednuo mesmo em TX Power High.<\/p>\n<p>O recetor de meio rack, possui &#8220;true diversity&#8221; numa carca\u00e7a totalmente em metal com ecr\u00e3 LCD colorido intuitivo para controle total Sincroniza\u00e7\u00e3o sem fio f\u00e1cil e flex\u00edvel entre transmissor e recetor por infravermelhos (IR) Atribui\u00e7\u00e3o r\u00e1pida de frequ\u00eancias atrav\u00e9s da busca inteligente Largura de banda de at\u00e9 30 MHz com 100 frequ\u00eancias selecion\u00e1veis, completamente sintoniz\u00e1veis numa banda UHF est\u00e1vel, com transmiss\u00e3o de AF digital.<\/p>\n<p>Modula\u00e7\u00e3o Pi\/4 DQPSK, que \u00e9 uma tecnologia de modula\u00e7\u00e3o que altera a fase da onda portadora em fun\u00e7\u00e3o do sinal digital a ser transmitido, tornando a comunica\u00e7\u00e3o entre TX e RX ainda mais confi\u00e1vel e com lat\u00eancia menor que 3ms.<\/p>\n<p>Alcance de transmiss\u00e3o: at\u00e9 100 metros\/300 p\u00e9s Conta com 15 grupos, e em cada grupo com 6 canais de frequ\u00eancias Elevada pot\u00eancia de sa\u00edda de RF (at\u00e9 30 mW) dependendo dos regulamentos nacionais, podendo ser ajustado para TX mW LOW = 10mW \/ TX mW HIGH = 30mW Dispon\u00edvel em duas bandas: 560.000MHz &#8211; 589.700MHz | 660.000MHz &#8211; 689.700MHz Recarreg\u00e1vel na pr\u00f3pria base utilizando a porta dedicada USB no RX e com cabo USB-C para o TX.<\/p>\n<p>&nbsp;<\/p>","protected":false},"excerpt":{"rendered":"<p><span style=\"font-weight: 300;\"><strong>USO SUGERIDO<\/strong>Canto en directo, teatro y conferencias<\/span><\/p>\n<p><span style=\"font-weight: 300;\">El Kadosh K501 tiene 100 frecuencias y 2 opciones de rango de frecuencias, 660.000 MHz - 689.700MHz | 560.000MHz - 589.700MHz, d\u00e1ndole la posibilidad de utilizar m\u00e1s sistemas en el mismo entorno y en cualquier lugar.<\/span><\/p>","protected":false},"featured_media":12159,"template":"","meta":{"content-type":"","_vp_format_video_url":"","_vp_image_focal_point":[]},"product_cat":[107,148],"product_tag":[155],"class_list":{"0":"post-3244","1":"product","2":"type-product","3":"status-publish","4":"has-post-thumbnail","6":"product_cat-kadosh","7":"product_cat-microfones-sem-fio-uhf","8":"product_tag-k492c","10":"first","11":"instock","12":"shipping-taxable","13":"purchasable","14":"product-type-variable"},"yoast_head":"<!-- This site is optimized with the Yoast SEO Premium plugin v22.9 (Yoast SEO v24.0) - https:\/\/yoast.com\/wordpress\/plugins\/seo\/ -->\n<title>K501M - Kadosh Music<\/title>\n<meta name=\"robots\" content=\"index, follow, max-snippet:-1, max-image-preview:large, max-video-preview:-1\" \/>\n<link rel=\"canonical\" href=\"https:\/\/kadoshmusic.com.br\/es\/product\/k501m\/\" \/>\n<meta property=\"og:locale\" content=\"es_ES\" \/>\n<meta property=\"og:type\" content=\"article\" \/>\n<meta property=\"og:title\" content=\"K501M\" \/>\n<meta property=\"og:description\" content=\"SUGEST\u00c3O DE USO: Vocal ao vivo, teatro e palestras  O Kadosh K501 possui 100 frequ\u00eancias e op\u00e7\u00f5es de 2 range de frequ\u00eancia, 660.000 MHz \u2013 689.700MHz | 560.000MHz - 589.700MHz, dando a voc\u00ea possibilidade de usar mais sistemas no mesmo ambiente e em qualquer local.\" \/>\n<meta property=\"og:url\" content=\"https:\/\/kadoshmusic.com.br\/es\/product\/k501m\/\" \/>\n<meta property=\"og:site_name\" content=\"Kadosh Music\" \/>\n<meta property=\"article:publisher\" content=\"https:\/\/www.facebook.com\/micskadosh\" \/>\n<meta property=\"article:modified_time\" content=\"2025-05-19T18:25:43+00:00\" \/>\n<meta property=\"og:image\" content=\"https:\/\/kadoshmusic.com.br\/wp-content\/uploads\/2024\/05\/501m.png\" \/>\n\t<meta property=\"og:image:width\" content=\"1080\" \/>\n\t<meta property=\"og:image:height\" content=\"1080\" \/>\n\t<meta property=\"og:image:type\" content=\"image\/png\" \/>\n<meta name=\"twitter:card\" content=\"summary_large_image\" \/>\n<meta name=\"twitter:label1\" content=\"Est. reading time\" \/>\n\t<meta name=\"twitter:data1\" content=\"2 minutos\" \/>\n<script type=\"application\/ld+json\" class=\"yoast-schema-graph\">{\"@context\":\"https:\/\/schema.org\",\"@graph\":[{\"@type\":\"WebPage\",\"@id\":\"https:\/\/kadoshmusic.com.br\/produto\/k501m\/\",\"url\":\"https:\/\/kadoshmusic.com.br\/produto\/k501m\/\",\"name\":\"K501M - Kadosh Music\",\"isPartOf\":{\"@id\":\"https:\/\/kadoshmusic.com.br\/#website\"},\"primaryImageOfPage\":{\"@id\":\"https:\/\/kadoshmusic.com.br\/produto\/k501m\/#primaryimage\"},\"image\":{\"@id\":\"https:\/\/kadoshmusic.com.br\/produto\/k501m\/#primaryimage\"},\"thumbnailUrl\":\"https:\/\/kadoshmusic.com.br\/wp-content\/uploads\/2024\/05\/501m.png\",\"datePublished\":\"2024-05-21T11:35:28+00:00\",\"dateModified\":\"2025-05-19T18:25:43+00:00\",\"breadcrumb\":{\"@id\":\"https:\/\/kadoshmusic.com.br\/produto\/k501m\/#breadcrumb\"},\"inLanguage\":\"es\",\"potentialAction\":[{\"@type\":\"ReadAction\",\"target\":[\"https:\/\/kadoshmusic.com.br\/produto\/k501m\/\"]}]},{\"@type\":\"ImageObject\",\"inLanguage\":\"es\",\"@id\":\"https:\/\/kadoshmusic.com.br\/produto\/k501m\/#primaryimage\",\"url\":\"https:\/\/kadoshmusic.com.br\/wp-content\/uploads\/2024\/05\/501m.png\",\"contentUrl\":\"https:\/\/kadoshmusic.com.br\/wp-content\/uploads\/2024\/05\/501m.png\",\"width\":1080,\"height\":1080},{\"@type\":\"BreadcrumbList\",\"@id\":\"https:\/\/kadoshmusic.com.br\/produto\/k501m\/#breadcrumb\",\"itemListElement\":[{\"@type\":\"ListItem\",\"position\":1,\"name\":\"Home\",\"item\":\"https:\/\/kadoshmusic.com.br\/\"},{\"@type\":\"ListItem\",\"position\":2,\"name\":\"Shop\",\"item\":\"https:\/\/kadoshmusic.com.br\/shop\/\"},{\"@type\":\"ListItem\",\"position\":3,\"name\":\"K501M\"}]},{\"@type\":\"WebSite\",\"@id\":\"https:\/\/kadoshmusic.com.br\/#website\",\"url\":\"https:\/\/kadoshmusic.com.br\/\",\"name\":\"Kadosh Music\",\"description\":\"A Tecnologia Conectando o \u00c1udio e a M\u00fasica\",\"publisher\":{\"@id\":\"https:\/\/kadoshmusic.com.br\/#organization\"},\"alternateName\":\"kadosh\",\"potentialAction\":[{\"@type\":\"SearchAction\",\"target\":{\"@type\":\"EntryPoint\",\"urlTemplate\":\"https:\/\/kadoshmusic.com.br\/?s={search_term_string}\"},\"query-input\":{\"@type\":\"PropertyValueSpecification\",\"valueRequired\":true,\"valueName\":\"search_term_string\"}}],\"inLanguage\":\"es\"},{\"@type\":\"Organization\",\"@id\":\"https:\/\/kadoshmusic.com.br\/#organization\",\"name\":\"kadosh music\",\"url\":\"https:\/\/kadoshmusic.com.br\/\",\"logo\":{\"@type\":\"ImageObject\",\"inLanguage\":\"es\",\"@id\":\"https:\/\/kadoshmusic.com.br\/#\/schema\/logo\/image\/\",\"url\":\"https:\/\/kadoshmusic.com.br\/wp-content\/uploads\/2024\/06\/logo-principal-1024x450-1.webp\",\"contentUrl\":\"https:\/\/kadoshmusic.com.br\/wp-content\/uploads\/2024\/06\/logo-principal-1024x450-1.webp\",\"width\":1024,\"height\":450,\"caption\":\"kadosh music\"},\"image\":{\"@id\":\"https:\/\/kadoshmusic.com.br\/#\/schema\/logo\/image\/\"},\"sameAs\":[\"https:\/\/www.facebook.com\/micskadosh\"]}]}<\/script>\n<!-- \/ Yoast SEO Premium plugin. -->","yoast_head_json":{"title":"K501M - Kadosh Music","robots":{"index":"index","follow":"follow","max-snippet":"max-snippet:-1","max-image-preview":"max-image-preview:large","max-video-preview":"max-video-preview:-1"},"canonical":"https:\/\/kadoshmusic.com.br\/es\/product\/k501m\/","og_locale":"es_ES","og_type":"article","og_title":"K501M","og_description":"SUGEST\u00c3O DE USO: Vocal ao vivo, teatro e palestras  O Kadosh K501 possui 100 frequ\u00eancias e op\u00e7\u00f5es de 2 range de frequ\u00eancia, 660.000 MHz \u2013 689.700MHz | 560.000MHz - 589.700MHz, dando a voc\u00ea possibilidade de usar mais sistemas no mesmo ambiente e em qualquer local.","og_url":"https:\/\/kadoshmusic.com.br\/es\/product\/k501m\/","og_site_name":"Kadosh Music","article_publisher":"https:\/\/www.facebook.com\/micskadosh","article_modified_time":"2025-05-19T18:25:43+00:00","og_image":[{"width":1080,"height":1080,"url":"https:\/\/kadoshmusic.com.br\/wp-content\/uploads\/2024\/05\/501m.png","type":"image\/png"}],"twitter_card":"summary_large_image","twitter_misc":{"Est. reading time":"2 minutos"},"schema":{"@context":"https:\/\/schema.org","@graph":[{"@type":"WebPage","@id":"https:\/\/kadoshmusic.com.br\/produto\/k501m\/","url":"https:\/\/kadoshmusic.com.br\/produto\/k501m\/","name":"K501M - Kadosh Music","isPartOf":{"@id":"https:\/\/kadoshmusic.com.br\/#website"},"primaryImageOfPage":{"@id":"https:\/\/kadoshmusic.com.br\/produto\/k501m\/#primaryimage"},"image":{"@id":"https:\/\/kadoshmusic.com.br\/produto\/k501m\/#primaryimage"},"thumbnailUrl":"https:\/\/kadoshmusic.com.br\/wp-content\/uploads\/2024\/05\/501m.png","datePublished":"2024-05-21T11:35:28+00:00","dateModified":"2025-05-19T18:25:43+00:00","breadcrumb":{"@id":"https:\/\/kadoshmusic.com.br\/produto\/k501m\/#breadcrumb"},"inLanguage":"es","potentialAction":[{"@type":"ReadAction","target":["https:\/\/kadoshmusic.com.br\/produto\/k501m\/"]}]},{"@type":"ImageObject","inLanguage":"es","@id":"https:\/\/kadoshmusic.com.br\/produto\/k501m\/#primaryimage","url":"https:\/\/kadoshmusic.com.br\/wp-content\/uploads\/2024\/05\/501m.png","contentUrl":"https:\/\/kadoshmusic.com.br\/wp-content\/uploads\/2024\/05\/501m.png","width":1080,"height":1080},{"@type":"BreadcrumbList","@id":"https:\/\/kadoshmusic.com.br\/produto\/k501m\/#breadcrumb","itemListElement":[{"@type":"ListItem","position":1,"name":"Home","item":"https:\/\/kadoshmusic.com.br\/"},{"@type":"ListItem","position":2,"name":"Shop","item":"https:\/\/kadoshmusic.com.br\/shop\/"},{"@type":"ListItem","position":3,"name":"K501M"}]},{"@type":"WebSite","@id":"https:\/\/kadoshmusic.com.br\/#website","url":"https:\/\/kadoshmusic.com.br\/","name":"Kadosh Music","description":"A Tecnologia Conectando o \u00c1udio e a M\u00fasica","publisher":{"@id":"https:\/\/kadoshmusic.com.br\/#organization"},"alternateName":"kadosh","potentialAction":[{"@type":"SearchAction","target":{"@type":"EntryPoint","urlTemplate":"https:\/\/kadoshmusic.com.br\/?s={search_term_string}"},"query-input":{"@type":"PropertyValueSpecification","valueRequired":true,"valueName":"search_term_string"}}],"inLanguage":"es"},{"@type":"Organization","@id":"https:\/\/kadoshmusic.com.br\/#organization","name":"kadosh music","url":"https:\/\/kadoshmusic.com.br\/","logo":{"@type":"ImageObject","inLanguage":"es","@id":"https:\/\/kadoshmusic.com.br\/#\/schema\/logo\/image\/","url":"https:\/\/kadoshmusic.com.br\/wp-content\/uploads\/2024\/06\/logo-principal-1024x450-1.webp","contentUrl":"https:\/\/kadoshmusic.com.br\/wp-content\/uploads\/2024\/06\/logo-principal-1024x450-1.webp","width":1024,"height":450,"caption":"kadosh music"},"image":{"@id":"https:\/\/kadoshmusic.com.br\/#\/schema\/logo\/image\/"},"sameAs":["https:\/\/www.facebook.com\/micskadosh"]}]}},"jetpack_sharing_enabled":true,"s_badge_disabled_all":false,"s_badge_single_active":false,"badge_type":"type_custom","badge_custom_set_date":false,"badge_initial_date":"","badge_end_date":"","badge_new_days":"","badge_lowstock_low":"","badge_lowstock_medium":"","badge_text":"","badge_text_size":"","badge_text_color":"","badge_bg_color":"","badge_style":"badge_default","badge_position":"position_tl","_links":{"self":[{"href":"https:\/\/kadoshmusic.com.br\/es\/wp-json\/wp\/v2\/product\/3244","targetHints":{"allow":["GET"]}}],"collection":[{"href":"https:\/\/kadoshmusic.com.br\/es\/wp-json\/wp\/v2\/product"}],"about":[{"href":"https:\/\/kadoshmusic.com.br\/es\/wp-json\/wp\/v2\/types\/product"}],"version-history":[{"count":11,"href":"https:\/\/kadoshmusic.com.br\/es\/wp-json\/wp\/v2\/product\/3244\/revisions"}],"predecessor-version":[{"id":15337,"href":"https:\/\/kadoshmusic.com.br\/es\/wp-json\/wp\/v2\/product\/3244\/revisions\/15337"}],"wp:featuredmedia":[{"embeddable":true,"href":"https:\/\/kadoshmusic.com.br\/es\/wp-json\/wp\/v2\/media\/12159"}],"wp:attachment":[{"href":"https:\/\/kadoshmusic.com.br\/es\/wp-json\/wp\/v2\/media?parent=3244"}],"wp:term":[{"taxonomy":"product_cat","embeddable":true,"href":"https:\/\/kadoshmusic.com.br\/es\/wp-json\/wp\/v2\/product_cat?post=3244"},{"taxonomy":"product_tag","embeddable":true,"href":"https:\/\/kadoshmusic.com.br\/es\/wp-json\/wp\/v2\/product_tag?post=3244"}],"curies":[{"name":"wp","href":"https:\/\/api.w.org\/{rel}","templated":true}]}}