{"id":2275,"date":"2022-09-09T15:59:25","date_gmt":"2022-09-09T18:59:25","guid":{"rendered":"https:\/\/kadoshmusic.com.br\/?post_type=product&#038;p=2275"},"modified":"2025-06-02T17:05:55","modified_gmt":"2025-06-02T20:05:55","slug":"kit-genesis-copia","status":"publish","type":"product","link":"https:\/\/kadoshmusic.com.br\/es\/product\/kit-genesis-copia\/","title":{"rendered":"KIT B GENESIS"},"content":{"rendered":"<div class=\"section section-top\">\n<p class=\"font_9\">Aleaci\u00f3n de lat\u00f3n<\/p>\n<p class=\"font_9\">Adecuado para estudiantes en fase de adaptaci\u00f3n.<br \/>\nSonoridade m\u00e9dia , controlada e sustenta\u00e7\u00e3o curta.<\/p>\n<p>&nbsp;<\/p>\n<ul class=\"feature_list\">\n<li>HI HAT 13\u2033 - Sonido definido<\/li>\n<li>CRASH 15\u2033 - Apertura controlada<\/li>\n<li>CRASH RIDE 19\u2033 - Conducci\u00f3n controlada<\/li>\n<\/ul>\n<\/div>\n<div id=\"product-360-view-22329\">\n<div class=\"product-360\">\n<div class=\"wrapper\">\n<section class=\"section\">\n<div class=\"product-360__container product-360__container--reverse\">\n<div class=\"product-360__col lazyloaded\">\n<div class=\"product-360__frames js-product-360-frames\">\n<div class=\"product-360__holder\">\n<div class=\"cloudimage-360 initialized\" data-active-row=\"1\" data-amount=\"37\" data-bottom-circle=\"\" data-full-screen=\"\" data-image-list=\"[&quot;https:\/\/assets.sennheiser.com\/360_images\/E865S\/SennheiserE835SVocal-1.jpg&quot;, &quot;https:\/\/assets.sennheiser.com\/360_images\/E865S\/SennheiserE835SVocal-2.jpg&quot;, &quot;https:\/\/assets.sennheiser.com\/360_images\/E865S\/SennheiserE835SVocal-3.jpg&quot;, &quot;https:\/\/assets.sennheiser.com\/360_images\/E865S\/SennheiserE835SVocal-4.jpg&quot;, &quot;https:\/\/assets.sennheiser.com\/360_images\/E865S\/SennheiserE835SVocal-5.jpg&quot;, &quot;https:\/\/assets.sennheiser.com\/360_images\/E865S\/SennheiserE835SVocal-6.jpg&quot;, &quot;https:\/\/assets.sennheiser.com\/360_images\/E865S\/SennheiserE835SVocal-7.jpg&quot;, &quot;https:\/\/assets.sennheiser.com\/360_images\/E865S\/SennheiserE835SVocal-8.jpg&quot;, &quot;https:\/\/assets.sennheiser.com\/360_images\/E865S\/SennheiserE835SVocal-9.jpg&quot;, &quot;https:\/\/assets.sennheiser.com\/360_images\/E865S\/SennheiserE835SVocal-10.jpg&quot;, &quot;https:\/\/assets.sennheiser.com\/360_images\/E865S\/SennheiserE835SVocal-11.jpg&quot;, &quot;https:\/\/assets.sennheiser.com\/360_images\/E865S\/SennheiserE835SVocal-12.jpg&quot;, &quot;https:\/\/assets.sennheiser.com\/360_images\/E865S\/SennheiserE835SVocal-13.jpg&quot;, &quot;https:\/\/assets.sennheiser.com\/360_images\/E865S\/SennheiserE835SVocal-14.jpg&quot;, &quot;https:\/\/assets.sennheiser.com\/360_images\/E865S\/SennheiserE835SVocal-15.jpg&quot;, &quot;https:\/\/assets.sennheiser.com\/360_images\/E865S\/SennheiserE835SVocal-16.jpg&quot;, &quot;https:\/\/assets.sennheiser.com\/360_images\/E865S\/SennheiserE835SVocal-17.jpg&quot;, &quot;https:\/\/assets.sennheiser.com\/360_images\/E865S\/SennheiserE835SVocal-18.jpg&quot;, &quot;https:\/\/assets.sennheiser.com\/360_images\/E865S\/SennheiserE835SVocal-19.jpg&quot;, &quot;https:\/\/assets.sennheiser.com\/360_images\/E865S\/SennheiserE835SVocal-20.jpg&quot;, &quot;https:\/\/assets.sennheiser.com\/360_images\/E865S\/SennheiserE835SVocal-21.jpg&quot;, &quot;https:\/\/assets.sennheiser.com\/360_images\/E865S\/SennheiserE835SVocal-22.jpg&quot;, &quot;https:\/\/assets.sennheiser.com\/360_images\/E865S\/SennheiserE835SVocal-23.jpg&quot;, &quot;https:\/\/assets.sennheiser.com\/360_images\/E865S\/SennheiserE835SVocal-24.jpg&quot;, &quot;https:\/\/assets.sennheiser.com\/360_images\/E865S\/SennheiserE835SVocal-25.jpg&quot;, &quot;https:\/\/assets.sennheiser.com\/360_images\/E865S\/SennheiserE835SVocal-26.jpg&quot;, &quot;https:\/\/assets.sennheiser.com\/360_images\/E865S\/SennheiserE835SVocal-27.jpg&quot;, &quot;https:\/\/assets.sennheiser.com\/360_images\/E865S\/SennheiserE835SVocal-28.jpg&quot;, &quot;https:\/\/assets.sennheiser.com\/360_images\/E865S\/SennheiserE835SVocal-29.jpg&quot;, &quot;https:\/\/assets.sennheiser.com\/360_images\/E865S\/SennheiserE835SVocal-30.jpg&quot;, &quot;https:\/\/assets.sennheiser.com\/360_images\/E865S\/SennheiserE835SVocal-31.jpg&quot;, &quot;https:\/\/assets.sennheiser.com\/360_images\/E865S\/SennheiserE835SVocal-32.jpg&quot;, &quot;https:\/\/assets.sennheiser.com\/360_images\/E865S\/SennheiserE835SVocal-33.jpg&quot;, &quot;https:\/\/assets.sennheiser.com\/360_images\/E865S\/SennheiserE835SVocal-34.jpg&quot;, &quot;https:\/\/assets.sennheiser.com\/360_images\/E865S\/SennheiserE835SVocal-35.jpg&quot;, &quot;https:\/\/assets.sennheiser.com\/360_images\/E865S\/SennheiserE835SVocal-36.jpg&quot;, &quot;https:\/\/assets.sennheiser.com\/360_images\/E865S\/SennheiserE835SVocal-37.jpg&quot;]\" data-keys=\"\" data-magnifier=\"2\" data-row-mod=\"1\">\n<div class=\"cloudimage-inner-box\"><\/div>\n<\/div>\n<\/div>\n<\/div>\n<\/div>\n<\/div>\n<\/section>\n<\/div>\n<\/div>\n<\/div>","protected":false},"excerpt":{"rendered":"<p>Adecuado para estudiantes en fase de adaptaci\u00f3n.<\/p>","protected":false},"featured_media":2279,"template":"","meta":{"content-type":"","_vp_format_video_url":"","_vp_image_focal_point":[]},"product_cat":[111,120],"product_tag":[119],"class_list":{"0":"post-2275","1":"product","2":"type-product","3":"status-publish","4":"has-post-thumbnail","6":"product_cat-karpius","7":"product_cat-liga-latao","8":"product_tag-genesis","10":"first","11":"instock","12":"shipping-taxable","13":"purchasable","14":"product-type-variable"},"yoast_head":"<!-- This site is optimized with the Yoast SEO Premium plugin v22.9 (Yoast SEO v24.0) - https:\/\/yoast.com\/wordpress\/plugins\/seo\/ -->\n<title>KIT B GENESIS - Kadosh Music<\/title>\n<meta name=\"robots\" content=\"index, follow, max-snippet:-1, max-image-preview:large, max-video-preview:-1\" \/>\n<link rel=\"canonical\" href=\"https:\/\/kadoshmusic.com.br\/es\/product\/kit-genesis-copia\/\" \/>\n<meta property=\"og:locale\" content=\"es_ES\" \/>\n<meta property=\"og:type\" content=\"article\" \/>\n<meta property=\"og:title\" content=\"KIT B GENESIS\" \/>\n<meta property=\"og:description\" content=\"Indicada para estudantes em fase de adapta\u00e7\u00e3o.\" \/>\n<meta property=\"og:url\" content=\"https:\/\/kadoshmusic.com.br\/es\/product\/kit-genesis-copia\/\" \/>\n<meta property=\"og:site_name\" content=\"Kadosh Music\" \/>\n<meta property=\"article:publisher\" content=\"https:\/\/www.facebook.com\/micskadosh\" \/>\n<meta property=\"article:modified_time\" content=\"2025-06-02T20:05:55+00:00\" \/>\n<meta property=\"og:image\" content=\"https:\/\/kadoshmusic.com.br\/wp-content\/uploads\/2022\/09\/KIT-GENESIS.jpg\" \/>\n\t<meta property=\"og:image:width\" content=\"1080\" \/>\n\t<meta property=\"og:image:height\" content=\"1080\" \/>\n\t<meta property=\"og:image:type\" content=\"image\/jpeg\" \/>\n<meta name=\"twitter:card\" content=\"summary_large_image\" \/>\n<meta name=\"twitter:label1\" content=\"Est. reading time\" \/>\n\t<meta name=\"twitter:data1\" content=\"1 minuto\" \/>\n<script type=\"application\/ld+json\" class=\"yoast-schema-graph\">{\"@context\":\"https:\/\/schema.org\",\"@graph\":[{\"@type\":\"WebPage\",\"@id\":\"https:\/\/kadoshmusic.com.br\/produto\/kit-genesis-copia\/\",\"url\":\"https:\/\/kadoshmusic.com.br\/produto\/kit-genesis-copia\/\",\"name\":\"KIT B GENESIS - Kadosh Music\",\"isPartOf\":{\"@id\":\"https:\/\/kadoshmusic.com.br\/#website\"},\"primaryImageOfPage\":{\"@id\":\"https:\/\/kadoshmusic.com.br\/produto\/kit-genesis-copia\/#primaryimage\"},\"image\":{\"@id\":\"https:\/\/kadoshmusic.com.br\/produto\/kit-genesis-copia\/#primaryimage\"},\"thumbnailUrl\":\"https:\/\/kadoshmusic.com.br\/wp-content\/uploads\/2022\/09\/KIT-GENESIS.jpg\",\"datePublished\":\"2022-09-09T18:59:25+00:00\",\"dateModified\":\"2025-06-02T20:05:55+00:00\",\"breadcrumb\":{\"@id\":\"https:\/\/kadoshmusic.com.br\/produto\/kit-genesis-copia\/#breadcrumb\"},\"inLanguage\":\"es\",\"potentialAction\":[{\"@type\":\"ReadAction\",\"target\":[\"https:\/\/kadoshmusic.com.br\/produto\/kit-genesis-copia\/\"]}]},{\"@type\":\"ImageObject\",\"inLanguage\":\"es\",\"@id\":\"https:\/\/kadoshmusic.com.br\/produto\/kit-genesis-copia\/#primaryimage\",\"url\":\"https:\/\/kadoshmusic.com.br\/wp-content\/uploads\/2022\/09\/KIT-GENESIS.jpg\",\"contentUrl\":\"https:\/\/kadoshmusic.com.br\/wp-content\/uploads\/2022\/09\/KIT-GENESIS.jpg\",\"width\":1080,\"height\":1080},{\"@type\":\"BreadcrumbList\",\"@id\":\"https:\/\/kadoshmusic.com.br\/produto\/kit-genesis-copia\/#breadcrumb\",\"itemListElement\":[{\"@type\":\"ListItem\",\"position\":1,\"name\":\"Home\",\"item\":\"https:\/\/kadoshmusic.com.br\/\"},{\"@type\":\"ListItem\",\"position\":2,\"name\":\"Shop\",\"item\":\"https:\/\/kadoshmusic.com.br\/shop\/\"},{\"@type\":\"ListItem\",\"position\":3,\"name\":\"KIT B GENESIS\"}]},{\"@type\":\"WebSite\",\"@id\":\"https:\/\/kadoshmusic.com.br\/#website\",\"url\":\"https:\/\/kadoshmusic.com.br\/\",\"name\":\"Kadosh Music\",\"description\":\"A Tecnologia Conectando o \u00c1udio e a M\u00fasica\",\"publisher\":{\"@id\":\"https:\/\/kadoshmusic.com.br\/#organization\"},\"alternateName\":\"kadosh\",\"potentialAction\":[{\"@type\":\"SearchAction\",\"target\":{\"@type\":\"EntryPoint\",\"urlTemplate\":\"https:\/\/kadoshmusic.com.br\/?s={search_term_string}\"},\"query-input\":{\"@type\":\"PropertyValueSpecification\",\"valueRequired\":true,\"valueName\":\"search_term_string\"}}],\"inLanguage\":\"es\"},{\"@type\":\"Organization\",\"@id\":\"https:\/\/kadoshmusic.com.br\/#organization\",\"name\":\"kadosh music\",\"url\":\"https:\/\/kadoshmusic.com.br\/\",\"logo\":{\"@type\":\"ImageObject\",\"inLanguage\":\"es\",\"@id\":\"https:\/\/kadoshmusic.com.br\/#\/schema\/logo\/image\/\",\"url\":\"https:\/\/kadoshmusic.com.br\/wp-content\/uploads\/2024\/06\/logo-principal-1024x450-1.webp\",\"contentUrl\":\"https:\/\/kadoshmusic.com.br\/wp-content\/uploads\/2024\/06\/logo-principal-1024x450-1.webp\",\"width\":1024,\"height\":450,\"caption\":\"kadosh music\"},\"image\":{\"@id\":\"https:\/\/kadoshmusic.com.br\/#\/schema\/logo\/image\/\"},\"sameAs\":[\"https:\/\/www.facebook.com\/micskadosh\"]}]}<\/script>\n<!-- \/ Yoast SEO Premium plugin. -->","yoast_head_json":{"title":"KIT B GENESIS - Kadosh Music","robots":{"index":"index","follow":"follow","max-snippet":"max-snippet:-1","max-image-preview":"max-image-preview:large","max-video-preview":"max-video-preview:-1"},"canonical":"https:\/\/kadoshmusic.com.br\/es\/product\/kit-genesis-copia\/","og_locale":"es_ES","og_type":"article","og_title":"KIT B GENESIS","og_description":"Indicada para estudantes em fase de adapta\u00e7\u00e3o.","og_url":"https:\/\/kadoshmusic.com.br\/es\/product\/kit-genesis-copia\/","og_site_name":"Kadosh Music","article_publisher":"https:\/\/www.facebook.com\/micskadosh","article_modified_time":"2025-06-02T20:05:55+00:00","og_image":[{"width":1080,"height":1080,"url":"https:\/\/kadoshmusic.com.br\/wp-content\/uploads\/2022\/09\/KIT-GENESIS.jpg","type":"image\/jpeg"}],"twitter_card":"summary_large_image","twitter_misc":{"Est. reading time":"1 minuto"},"schema":{"@context":"https:\/\/schema.org","@graph":[{"@type":"WebPage","@id":"https:\/\/kadoshmusic.com.br\/produto\/kit-genesis-copia\/","url":"https:\/\/kadoshmusic.com.br\/produto\/kit-genesis-copia\/","name":"KIT B GENESIS - Kadosh Music","isPartOf":{"@id":"https:\/\/kadoshmusic.com.br\/#website"},"primaryImageOfPage":{"@id":"https:\/\/kadoshmusic.com.br\/produto\/kit-genesis-copia\/#primaryimage"},"image":{"@id":"https:\/\/kadoshmusic.com.br\/produto\/kit-genesis-copia\/#primaryimage"},"thumbnailUrl":"https:\/\/kadoshmusic.com.br\/wp-content\/uploads\/2022\/09\/KIT-GENESIS.jpg","datePublished":"2022-09-09T18:59:25+00:00","dateModified":"2025-06-02T20:05:55+00:00","breadcrumb":{"@id":"https:\/\/kadoshmusic.com.br\/produto\/kit-genesis-copia\/#breadcrumb"},"inLanguage":"es","potentialAction":[{"@type":"ReadAction","target":["https:\/\/kadoshmusic.com.br\/produto\/kit-genesis-copia\/"]}]},{"@type":"ImageObject","inLanguage":"es","@id":"https:\/\/kadoshmusic.com.br\/produto\/kit-genesis-copia\/#primaryimage","url":"https:\/\/kadoshmusic.com.br\/wp-content\/uploads\/2022\/09\/KIT-GENESIS.jpg","contentUrl":"https:\/\/kadoshmusic.com.br\/wp-content\/uploads\/2022\/09\/KIT-GENESIS.jpg","width":1080,"height":1080},{"@type":"BreadcrumbList","@id":"https:\/\/kadoshmusic.com.br\/produto\/kit-genesis-copia\/#breadcrumb","itemListElement":[{"@type":"ListItem","position":1,"name":"Home","item":"https:\/\/kadoshmusic.com.br\/"},{"@type":"ListItem","position":2,"name":"Shop","item":"https:\/\/kadoshmusic.com.br\/shop\/"},{"@type":"ListItem","position":3,"name":"KIT B GENESIS"}]},{"@type":"WebSite","@id":"https:\/\/kadoshmusic.com.br\/#website","url":"https:\/\/kadoshmusic.com.br\/","name":"Kadosh Music","description":"A Tecnologia Conectando o \u00c1udio e a M\u00fasica","publisher":{"@id":"https:\/\/kadoshmusic.com.br\/#organization"},"alternateName":"kadosh","potentialAction":[{"@type":"SearchAction","target":{"@type":"EntryPoint","urlTemplate":"https:\/\/kadoshmusic.com.br\/?s={search_term_string}"},"query-input":{"@type":"PropertyValueSpecification","valueRequired":true,"valueName":"search_term_string"}}],"inLanguage":"es"},{"@type":"Organization","@id":"https:\/\/kadoshmusic.com.br\/#organization","name":"kadosh music","url":"https:\/\/kadoshmusic.com.br\/","logo":{"@type":"ImageObject","inLanguage":"es","@id":"https:\/\/kadoshmusic.com.br\/#\/schema\/logo\/image\/","url":"https:\/\/kadoshmusic.com.br\/wp-content\/uploads\/2024\/06\/logo-principal-1024x450-1.webp","contentUrl":"https:\/\/kadoshmusic.com.br\/wp-content\/uploads\/2024\/06\/logo-principal-1024x450-1.webp","width":1024,"height":450,"caption":"kadosh music"},"image":{"@id":"https:\/\/kadoshmusic.com.br\/#\/schema\/logo\/image\/"},"sameAs":["https:\/\/www.facebook.com\/micskadosh"]}]}},"jetpack_sharing_enabled":true,"s_badge_disabled_all":false,"s_badge_single_active":false,"badge_type":"type_custom","badge_custom_set_date":false,"badge_initial_date":"","badge_end_date":"","badge_new_days":"","badge_lowstock_low":"","badge_lowstock_medium":"","badge_text":"","badge_text_size":"","badge_text_color":"","badge_bg_color":"","badge_style":"badge_default","badge_position":"position_tl","_links":{"self":[{"href":"https:\/\/kadoshmusic.com.br\/es\/wp-json\/wp\/v2\/product\/2275","targetHints":{"allow":["GET"]}}],"collection":[{"href":"https:\/\/kadoshmusic.com.br\/es\/wp-json\/wp\/v2\/product"}],"about":[{"href":"https:\/\/kadoshmusic.com.br\/es\/wp-json\/wp\/v2\/types\/product"}],"version-history":[{"count":4,"href":"https:\/\/kadoshmusic.com.br\/es\/wp-json\/wp\/v2\/product\/2275\/revisions"}],"predecessor-version":[{"id":15782,"href":"https:\/\/kadoshmusic.com.br\/es\/wp-json\/wp\/v2\/product\/2275\/revisions\/15782"}],"wp:featuredmedia":[{"embeddable":true,"href":"https:\/\/kadoshmusic.com.br\/es\/wp-json\/wp\/v2\/media\/2279"}],"wp:attachment":[{"href":"https:\/\/kadoshmusic.com.br\/es\/wp-json\/wp\/v2\/media?parent=2275"}],"wp:term":[{"taxonomy":"product_cat","embeddable":true,"href":"https:\/\/kadoshmusic.com.br\/es\/wp-json\/wp\/v2\/product_cat?post=2275"},{"taxonomy":"product_tag","embeddable":true,"href":"https:\/\/kadoshmusic.com.br\/es\/wp-json\/wp\/v2\/product_tag?post=2275"}],"curies":[{"name":"wp","href":"https:\/\/api.w.org\/{rel}","templated":true}]}}