{"id":16398,"date":"2024-12-06T08:52:58","date_gmt":"2024-12-06T11:52:58","guid":{"rendered":"https:\/\/kadoshmusic.com.br\/?post_type=product&#038;p=16398"},"modified":"2026-03-18T14:55:07","modified_gmt":"2026-03-18T17:55:07","slug":"ksa-206b","status":"publish","type":"product","link":"https:\/\/kadoshmusic.com.br\/es\/product\/ksa-206b\/","title":{"rendered":"KSA 206B"},"content":{"rendered":"<p>A <span class=\"notion-enable-hover\" data-token-index=\"5\">K-AUDIO KSA206B Altavoz<\/span> es la soluci\u00f3n definitiva para cualquiera que busque equilibrio y claridad en el sonido envolvente. Con un potente <span class=\"notion-enable-hover\" data-token-index=\"7\">woofer de 6,5<\/span> y un <span class=\"notion-enable-hover\" data-token-index=\"9\">Tweeter de c\u00fapula de seda de 1<\/span>Este modelo ofrece graves con cuerpo y agudos extremadamente n\u00edtidos, cubriendo una amplia gama de frecuencias desde <span class=\"notion-enable-hover\" data-token-index=\"11\">70 Hz a 20 KHz<\/span>. Su construcci\u00f3n robusta y dise\u00f1o compacto permiten una integraci\u00f3n discreta y elegante en cualquier espacio, garantizando una experiencia de escucha superior sin comprometer la est\u00e9tica de la sala. Dise\u00f1ado para ofrecer la m\u00e1xima eficiencia, el KSA206B funciona con <span class=\"notion-enable-hover\" data-token-index=\"13\">40 W RMS<\/span> de potencia bajo una impedancia de <span class=\"notion-enable-hover\" data-token-index=\"15\">8 ohmios<\/span>ofreciendo una sensibilidad de <span class=\"notion-enable-hover\" data-token-index=\"17\">88 dB<\/span> que extrae el m\u00e1ximo rendimiento de su sistema de audio. Con unas dimensiones de <span class=\"notion-enable-hover\" data-token-index=\"19\">205 x 305 x 195 mm<\/span>Es lo suficientemente vers\u00e1til para instalaciones fijas en oficinas, salas de estar o zonas comerciales, y proporciona una fidelidad de sonido que satisface a los usuarios m\u00e1s exigentes y a los proyectos de sonido envolvente profesionales.<!-- notionvc: a12414a9-7e53-48e9-93e0-dc8ef42a42d0 --><\/p>","protected":false},"excerpt":{"rendered":"<p>A Caixa de Som K-AUDIO KSA206B \u00e9 a solu\u00e7\u00e3o definitiva para quem busca equil\u00edbrio e nitidez em sonoriza\u00e7\u00e3o ambiente. Com um potente Woofer de 6,5&#8243; e<span class=\"excerpt-hellip\"> [...]<\/span><\/p>","protected":false},"featured_media":16401,"template":"","meta":{"content-type":"","_vp_format_video_url":"","_vp_image_focal_point":[]},"product_cat":[110],"product_tag":[],"class_list":{"0":"post-16398","1":"product","2":"type-product","3":"status-publish","4":"has-post-thumbnail","6":"product_cat-k-audio","8":"first","9":"instock","10":"shipping-taxable","11":"purchasable","12":"product-type-simple"},"yoast_head":"<!-- This site is optimized with the Yoast SEO Premium plugin v22.9 (Yoast SEO v24.0) - https:\/\/yoast.com\/wordpress\/plugins\/seo\/ -->\n<title>KSA 206B - Kadosh Music<\/title>\n<meta name=\"robots\" content=\"index, follow, max-snippet:-1, max-image-preview:large, max-video-preview:-1\" \/>\n<link rel=\"canonical\" href=\"https:\/\/kadoshmusic.com.br\/es\/product\/ksa-206b\/\" \/>\n<meta property=\"og:locale\" content=\"es_ES\" \/>\n<meta property=\"og:type\" content=\"article\" \/>\n<meta property=\"og:title\" content=\"KSA 206B\" \/>\n<meta property=\"og:description\" content=\"A Caixa de Som K-AUDIO KSA206B \u00e9 a solu\u00e7\u00e3o definitiva para quem busca equil\u00edbrio e nitidez em sonoriza\u00e7\u00e3o ambiente. Com um potente Woofer de 6,5&#8243; e [\u2026]\" \/>\n<meta property=\"og:url\" content=\"https:\/\/kadoshmusic.com.br\/es\/product\/ksa-206b\/\" \/>\n<meta property=\"og:site_name\" content=\"Kadosh Music\" \/>\n<meta property=\"article:publisher\" content=\"https:\/\/www.facebook.com\/micskadosh\" \/>\n<meta property=\"article:modified_time\" content=\"2026-03-18T17:55:07+00:00\" \/>\n<meta property=\"og:image\" content=\"https:\/\/kadoshmusic.com.br\/wp-content\/uploads\/2026\/03\/KSA206B_c.png\" \/>\n\t<meta property=\"og:image:width\" content=\"1080\" \/>\n\t<meta property=\"og:image:height\" content=\"1080\" \/>\n\t<meta property=\"og:image:type\" content=\"image\/png\" \/>\n<meta name=\"twitter:card\" content=\"summary_large_image\" \/>\n<meta name=\"twitter:label1\" content=\"Est. reading time\" \/>\n\t<meta name=\"twitter:data1\" content=\"2 minutos\" \/>\n<script type=\"application\/ld+json\" class=\"yoast-schema-graph\">{\"@context\":\"https:\/\/schema.org\",\"@graph\":[{\"@type\":\"WebPage\",\"@id\":\"https:\/\/kadoshmusic.com.br\/produto\/ksa-206b\/\",\"url\":\"https:\/\/kadoshmusic.com.br\/produto\/ksa-206b\/\",\"name\":\"KSA 206B - Kadosh Music\",\"isPartOf\":{\"@id\":\"https:\/\/kadoshmusic.com.br\/#website\"},\"primaryImageOfPage\":{\"@id\":\"https:\/\/kadoshmusic.com.br\/produto\/ksa-206b\/#primaryimage\"},\"image\":{\"@id\":\"https:\/\/kadoshmusic.com.br\/produto\/ksa-206b\/#primaryimage\"},\"thumbnailUrl\":\"https:\/\/kadoshmusic.com.br\/wp-content\/uploads\/2026\/03\/KSA206B_c.png\",\"datePublished\":\"2024-12-06T11:52:58+00:00\",\"dateModified\":\"2026-03-18T17:55:07+00:00\",\"breadcrumb\":{\"@id\":\"https:\/\/kadoshmusic.com.br\/produto\/ksa-206b\/#breadcrumb\"},\"inLanguage\":\"es\",\"potentialAction\":[{\"@type\":\"ReadAction\",\"target\":[\"https:\/\/kadoshmusic.com.br\/produto\/ksa-206b\/\"]}]},{\"@type\":\"ImageObject\",\"inLanguage\":\"es\",\"@id\":\"https:\/\/kadoshmusic.com.br\/produto\/ksa-206b\/#primaryimage\",\"url\":\"https:\/\/kadoshmusic.com.br\/wp-content\/uploads\/2026\/03\/KSA206B_c.png\",\"contentUrl\":\"https:\/\/kadoshmusic.com.br\/wp-content\/uploads\/2026\/03\/KSA206B_c.png\",\"width\":1080,\"height\":1080},{\"@type\":\"BreadcrumbList\",\"@id\":\"https:\/\/kadoshmusic.com.br\/produto\/ksa-206b\/#breadcrumb\",\"itemListElement\":[{\"@type\":\"ListItem\",\"position\":1,\"name\":\"Home\",\"item\":\"https:\/\/kadoshmusic.com.br\/\"},{\"@type\":\"ListItem\",\"position\":2,\"name\":\"Shop\",\"item\":\"https:\/\/kadoshmusic.com.br\/shop\/\"},{\"@type\":\"ListItem\",\"position\":3,\"name\":\"KSA 206B\"}]},{\"@type\":\"WebSite\",\"@id\":\"https:\/\/kadoshmusic.com.br\/#website\",\"url\":\"https:\/\/kadoshmusic.com.br\/\",\"name\":\"Kadosh Music\",\"description\":\"A Tecnologia Conectando o \u00c1udio e a M\u00fasica\",\"publisher\":{\"@id\":\"https:\/\/kadoshmusic.com.br\/#organization\"},\"alternateName\":\"kadosh\",\"potentialAction\":[{\"@type\":\"SearchAction\",\"target\":{\"@type\":\"EntryPoint\",\"urlTemplate\":\"https:\/\/kadoshmusic.com.br\/?s={search_term_string}\"},\"query-input\":{\"@type\":\"PropertyValueSpecification\",\"valueRequired\":true,\"valueName\":\"search_term_string\"}}],\"inLanguage\":\"es\"},{\"@type\":\"Organization\",\"@id\":\"https:\/\/kadoshmusic.com.br\/#organization\",\"name\":\"kadosh music\",\"url\":\"https:\/\/kadoshmusic.com.br\/\",\"logo\":{\"@type\":\"ImageObject\",\"inLanguage\":\"es\",\"@id\":\"https:\/\/kadoshmusic.com.br\/#\/schema\/logo\/image\/\",\"url\":\"https:\/\/kadoshmusic.com.br\/wp-content\/uploads\/2024\/06\/logo-principal-1024x450-1.webp\",\"contentUrl\":\"https:\/\/kadoshmusic.com.br\/wp-content\/uploads\/2024\/06\/logo-principal-1024x450-1.webp\",\"width\":1024,\"height\":450,\"caption\":\"kadosh music\"},\"image\":{\"@id\":\"https:\/\/kadoshmusic.com.br\/#\/schema\/logo\/image\/\"},\"sameAs\":[\"https:\/\/www.facebook.com\/micskadosh\"]}]}<\/script>\n<!-- \/ Yoast SEO Premium plugin. -->","yoast_head_json":{"title":"KSA 206B - Kadosh Music","robots":{"index":"index","follow":"follow","max-snippet":"max-snippet:-1","max-image-preview":"max-image-preview:large","max-video-preview":"max-video-preview:-1"},"canonical":"https:\/\/kadoshmusic.com.br\/es\/product\/ksa-206b\/","og_locale":"es_ES","og_type":"article","og_title":"KSA 206B","og_description":"A Caixa de Som K-AUDIO KSA206B \u00e9 a solu\u00e7\u00e3o definitiva para quem busca equil\u00edbrio e nitidez em sonoriza\u00e7\u00e3o ambiente. Com um potente Woofer de 6,5&#8243; e [\u2026]","og_url":"https:\/\/kadoshmusic.com.br\/es\/product\/ksa-206b\/","og_site_name":"Kadosh Music","article_publisher":"https:\/\/www.facebook.com\/micskadosh","article_modified_time":"2026-03-18T17:55:07+00:00","og_image":[{"width":1080,"height":1080,"url":"https:\/\/kadoshmusic.com.br\/wp-content\/uploads\/2026\/03\/KSA206B_c.png","type":"image\/png"}],"twitter_card":"summary_large_image","twitter_misc":{"Est. reading time":"2 minutos"},"schema":{"@context":"https:\/\/schema.org","@graph":[{"@type":"WebPage","@id":"https:\/\/kadoshmusic.com.br\/produto\/ksa-206b\/","url":"https:\/\/kadoshmusic.com.br\/produto\/ksa-206b\/","name":"KSA 206B - Kadosh Music","isPartOf":{"@id":"https:\/\/kadoshmusic.com.br\/#website"},"primaryImageOfPage":{"@id":"https:\/\/kadoshmusic.com.br\/produto\/ksa-206b\/#primaryimage"},"image":{"@id":"https:\/\/kadoshmusic.com.br\/produto\/ksa-206b\/#primaryimage"},"thumbnailUrl":"https:\/\/kadoshmusic.com.br\/wp-content\/uploads\/2026\/03\/KSA206B_c.png","datePublished":"2024-12-06T11:52:58+00:00","dateModified":"2026-03-18T17:55:07+00:00","breadcrumb":{"@id":"https:\/\/kadoshmusic.com.br\/produto\/ksa-206b\/#breadcrumb"},"inLanguage":"es","potentialAction":[{"@type":"ReadAction","target":["https:\/\/kadoshmusic.com.br\/produto\/ksa-206b\/"]}]},{"@type":"ImageObject","inLanguage":"es","@id":"https:\/\/kadoshmusic.com.br\/produto\/ksa-206b\/#primaryimage","url":"https:\/\/kadoshmusic.com.br\/wp-content\/uploads\/2026\/03\/KSA206B_c.png","contentUrl":"https:\/\/kadoshmusic.com.br\/wp-content\/uploads\/2026\/03\/KSA206B_c.png","width":1080,"height":1080},{"@type":"BreadcrumbList","@id":"https:\/\/kadoshmusic.com.br\/produto\/ksa-206b\/#breadcrumb","itemListElement":[{"@type":"ListItem","position":1,"name":"Home","item":"https:\/\/kadoshmusic.com.br\/"},{"@type":"ListItem","position":2,"name":"Shop","item":"https:\/\/kadoshmusic.com.br\/shop\/"},{"@type":"ListItem","position":3,"name":"KSA 206B"}]},{"@type":"WebSite","@id":"https:\/\/kadoshmusic.com.br\/#website","url":"https:\/\/kadoshmusic.com.br\/","name":"Kadosh Music","description":"A Tecnologia Conectando o \u00c1udio e a M\u00fasica","publisher":{"@id":"https:\/\/kadoshmusic.com.br\/#organization"},"alternateName":"kadosh","potentialAction":[{"@type":"SearchAction","target":{"@type":"EntryPoint","urlTemplate":"https:\/\/kadoshmusic.com.br\/?s={search_term_string}"},"query-input":{"@type":"PropertyValueSpecification","valueRequired":true,"valueName":"search_term_string"}}],"inLanguage":"es"},{"@type":"Organization","@id":"https:\/\/kadoshmusic.com.br\/#organization","name":"kadosh music","url":"https:\/\/kadoshmusic.com.br\/","logo":{"@type":"ImageObject","inLanguage":"es","@id":"https:\/\/kadoshmusic.com.br\/#\/schema\/logo\/image\/","url":"https:\/\/kadoshmusic.com.br\/wp-content\/uploads\/2024\/06\/logo-principal-1024x450-1.webp","contentUrl":"https:\/\/kadoshmusic.com.br\/wp-content\/uploads\/2024\/06\/logo-principal-1024x450-1.webp","width":1024,"height":450,"caption":"kadosh music"},"image":{"@id":"https:\/\/kadoshmusic.com.br\/#\/schema\/logo\/image\/"},"sameAs":["https:\/\/www.facebook.com\/micskadosh"]}]}},"jetpack_sharing_enabled":true,"s_badge_disabled_all":false,"s_badge_single_active":false,"badge_type":"type_custom","badge_custom_set_date":false,"badge_initial_date":"","badge_end_date":"","badge_new_days":"","badge_lowstock_low":"","badge_lowstock_medium":"","badge_text":"","badge_text_size":"","badge_text_color":"","badge_bg_color":"","badge_style":"badge_default","badge_position":"position_tl","_links":{"self":[{"href":"https:\/\/kadoshmusic.com.br\/es\/wp-json\/wp\/v2\/product\/16398","targetHints":{"allow":["GET"]}}],"collection":[{"href":"https:\/\/kadoshmusic.com.br\/es\/wp-json\/wp\/v2\/product"}],"about":[{"href":"https:\/\/kadoshmusic.com.br\/es\/wp-json\/wp\/v2\/types\/product"}],"version-history":[{"count":3,"href":"https:\/\/kadoshmusic.com.br\/es\/wp-json\/wp\/v2\/product\/16398\/revisions"}],"predecessor-version":[{"id":16453,"href":"https:\/\/kadoshmusic.com.br\/es\/wp-json\/wp\/v2\/product\/16398\/revisions\/16453"}],"wp:featuredmedia":[{"embeddable":true,"href":"https:\/\/kadoshmusic.com.br\/es\/wp-json\/wp\/v2\/media\/16401"}],"wp:attachment":[{"href":"https:\/\/kadoshmusic.com.br\/es\/wp-json\/wp\/v2\/media?parent=16398"}],"wp:term":[{"taxonomy":"product_cat","embeddable":true,"href":"https:\/\/kadoshmusic.com.br\/es\/wp-json\/wp\/v2\/product_cat?post=16398"},{"taxonomy":"product_tag","embeddable":true,"href":"https:\/\/kadoshmusic.com.br\/es\/wp-json\/wp\/v2\/product_tag?post=16398"}],"curies":[{"name":"wp","href":"https:\/\/api.w.org\/{rel}","templated":true}]}}