{"id":16178,"date":"2024-05-21T08:46:28","date_gmt":"2024-05-21T11:46:28","guid":{"rendered":"https:\/\/kadoshmusic.com.br\/?post_type=product&#038;p=16178"},"modified":"2026-02-24T16:25:23","modified_gmt":"2026-02-24T19:25:23","slug":"k621m-kcomm","status":"publish","type":"product","link":"https:\/\/kadoshmusic.com.br\/es\/product\/k621m-kcomm\/","title":{"rendered":"K621M KCOMM"},"content":{"rendered":"<p>Desarrollado para satisfacer las exigencias del audio profesional, el K621M combina la tecnolog\u00eda de transmisi\u00f3n digital AF (audiofrecuencia) y RF (radiofrecuencia), garantizando un sonido de alta calidad y fiabilidad. Adem\u00e1s, cuenta con la posibilidad de cambiar r\u00e1pidamente de c\u00e1psula (consulte en el sitio web las c\u00e1psulas compatibles), lo que proporciona versatilidad para diferentes aplicaciones.<\/p>\n<p>El K621M es la versi\u00f3n con 1 micr\u00f3fono de mano, dise\u00f1ada para la resistencia y el transporte pr\u00e1ctico en bastidores. Dispone de 1 par de antenas omnidireccionales con conexi\u00f3n BNC dedicadas a True Diversity, que ofrecen la m\u00e1xima estabilidad de se\u00f1al.<\/p>\n<p>Su rendimiento sonoro no tiene rival, gracias a la c\u00e1psula K6m de Kadosh, reconocida por su excepcional calidad de audio. El transmisor, ligero y con cuerpo de aluminio, tiene un conmutador de silencio integrado y una pantalla LCD en color con informaci\u00f3n esencial como frecuencia, TX Power, nivel de bater\u00eda, silencio y SYNC.<\/p>\n<p>O receptor de meio rack \u00e9 robusto e conta com true diversity, garantindo excelente recep\u00e7\u00e3o. Sua carca\u00e7a totalmente em metal e tela LCD colorida intuitiva permitem controle total e f\u00e1cil monitoramento. Al\u00e9m disso, inclui al\u00e7as para fixa\u00e7\u00e3o em racks de transporte, proporcionando praticidade na montagem.<\/p>\n<p>Seu diferencial \u00e9 o protocolo K-Comm, que cria um canal interno de intercomunica\u00e7\u00e3o entre o artista e a equipe sem necessidade de alterar a frequ\u00eancia de trabalho principal.<\/p>\n<p>Al\u00e9m disso, conta com a fun\u00e7\u00e3o Auto Mute (AM On | AM Off), ajust\u00e1vel diretamente no receptor para controle total da sua transmiss\u00e3o. Com o K621M, voc\u00ea tem a liberdade e a confian\u00e7a de um sistema sem fio de \u00faltima gera\u00e7\u00e3o, desenvolvido para elevar a qualidade do seu som ao vivo!<\/p>","protected":false},"excerpt":{"rendered":"<p>Desenvolvido para atender \u00e0s demandas do \u00e1udio profissional, o K621M combina tecnologia de transmiss\u00e3o digital AF (Audio Frequency) e RF (Radio Frequency), garantindo som de alta<span class=\"excerpt-hellip\"> [...]<\/span><\/p>","protected":false},"featured_media":16351,"template":"","meta":{"content-type":"","_vp_format_video_url":"","_vp_image_focal_point":[]},"product_cat":[107,148],"product_tag":[],"class_list":{"0":"post-16178","1":"product","2":"type-product","3":"status-publish","4":"has-post-thumbnail","6":"product_cat-kadosh","7":"product_cat-microfones-sem-fio-uhf","9":"first","10":"instock","11":"shipping-taxable","12":"purchasable","13":"product-type-simple"},"yoast_head":"<!-- This site is optimized with the Yoast SEO Premium plugin v22.9 (Yoast SEO v24.0) - https:\/\/yoast.com\/wordpress\/plugins\/seo\/ -->\n<title>K621M KCOMM - Kadosh Music<\/title>\n<meta name=\"robots\" content=\"index, follow, max-snippet:-1, max-image-preview:large, max-video-preview:-1\" \/>\n<link rel=\"canonical\" href=\"https:\/\/kadoshmusic.com.br\/es\/product\/k621m-kcomm\/\" \/>\n<meta property=\"og:locale\" content=\"es_ES\" \/>\n<meta property=\"og:type\" content=\"article\" \/>\n<meta property=\"og:title\" content=\"K621M KCOMM\" \/>\n<meta property=\"og:description\" content=\"Desenvolvido para atender \u00e0s demandas do \u00e1udio profissional, o K621M combina tecnologia de transmiss\u00e3o digital AF (Audio Frequency) e RF (Radio Frequency), garantindo som de alta [\u2026]\" \/>\n<meta property=\"og:url\" content=\"https:\/\/kadoshmusic.com.br\/es\/product\/k621m-kcomm\/\" \/>\n<meta property=\"og:site_name\" content=\"Kadosh Music\" \/>\n<meta property=\"article:publisher\" content=\"https:\/\/www.facebook.com\/micskadosh\" \/>\n<meta property=\"article:modified_time\" content=\"2026-02-24T19:25:23+00:00\" \/>\n<meta property=\"og:image\" content=\"https:\/\/kadoshmusic.com.br\/wp-content\/uploads\/2024\/05\/621-1.png\" \/>\n\t<meta property=\"og:image:width\" content=\"1080\" \/>\n\t<meta property=\"og:image:height\" content=\"1080\" \/>\n\t<meta property=\"og:image:type\" content=\"image\/png\" \/>\n<meta name=\"twitter:card\" content=\"summary_large_image\" \/>\n<meta name=\"twitter:label1\" content=\"Est. reading time\" \/>\n\t<meta name=\"twitter:data1\" content=\"2 minutos\" \/>\n<script type=\"application\/ld+json\" class=\"yoast-schema-graph\">{\"@context\":\"https:\/\/schema.org\",\"@graph\":[{\"@type\":\"WebPage\",\"@id\":\"https:\/\/kadoshmusic.com.br\/produto\/k621m-kcomm\/\",\"url\":\"https:\/\/kadoshmusic.com.br\/produto\/k621m-kcomm\/\",\"name\":\"K621M KCOMM - Kadosh Music\",\"isPartOf\":{\"@id\":\"https:\/\/kadoshmusic.com.br\/#website\"},\"primaryImageOfPage\":{\"@id\":\"https:\/\/kadoshmusic.com.br\/produto\/k621m-kcomm\/#primaryimage\"},\"image\":{\"@id\":\"https:\/\/kadoshmusic.com.br\/produto\/k621m-kcomm\/#primaryimage\"},\"thumbnailUrl\":\"https:\/\/kadoshmusic.com.br\/wp-content\/uploads\/2024\/05\/621-1.png\",\"datePublished\":\"2024-05-21T11:46:28+00:00\",\"dateModified\":\"2026-02-24T19:25:23+00:00\",\"breadcrumb\":{\"@id\":\"https:\/\/kadoshmusic.com.br\/produto\/k621m-kcomm\/#breadcrumb\"},\"inLanguage\":\"es\",\"potentialAction\":[{\"@type\":\"ReadAction\",\"target\":[\"https:\/\/kadoshmusic.com.br\/produto\/k621m-kcomm\/\"]}]},{\"@type\":\"ImageObject\",\"inLanguage\":\"es\",\"@id\":\"https:\/\/kadoshmusic.com.br\/produto\/k621m-kcomm\/#primaryimage\",\"url\":\"https:\/\/kadoshmusic.com.br\/wp-content\/uploads\/2024\/05\/621-1.png\",\"contentUrl\":\"https:\/\/kadoshmusic.com.br\/wp-content\/uploads\/2024\/05\/621-1.png\",\"width\":1080,\"height\":1080},{\"@type\":\"BreadcrumbList\",\"@id\":\"https:\/\/kadoshmusic.com.br\/produto\/k621m-kcomm\/#breadcrumb\",\"itemListElement\":[{\"@type\":\"ListItem\",\"position\":1,\"name\":\"Home\",\"item\":\"https:\/\/kadoshmusic.com.br\/\"},{\"@type\":\"ListItem\",\"position\":2,\"name\":\"Shop\",\"item\":\"https:\/\/kadoshmusic.com.br\/shop\/\"},{\"@type\":\"ListItem\",\"position\":3,\"name\":\"K621M KCOMM\"}]},{\"@type\":\"WebSite\",\"@id\":\"https:\/\/kadoshmusic.com.br\/#website\",\"url\":\"https:\/\/kadoshmusic.com.br\/\",\"name\":\"Kadosh Music\",\"description\":\"A Tecnologia Conectando o \u00c1udio e a M\u00fasica\",\"publisher\":{\"@id\":\"https:\/\/kadoshmusic.com.br\/#organization\"},\"alternateName\":\"kadosh\",\"potentialAction\":[{\"@type\":\"SearchAction\",\"target\":{\"@type\":\"EntryPoint\",\"urlTemplate\":\"https:\/\/kadoshmusic.com.br\/?s={search_term_string}\"},\"query-input\":{\"@type\":\"PropertyValueSpecification\",\"valueRequired\":true,\"valueName\":\"search_term_string\"}}],\"inLanguage\":\"es\"},{\"@type\":\"Organization\",\"@id\":\"https:\/\/kadoshmusic.com.br\/#organization\",\"name\":\"kadosh music\",\"url\":\"https:\/\/kadoshmusic.com.br\/\",\"logo\":{\"@type\":\"ImageObject\",\"inLanguage\":\"es\",\"@id\":\"https:\/\/kadoshmusic.com.br\/#\/schema\/logo\/image\/\",\"url\":\"https:\/\/kadoshmusic.com.br\/wp-content\/uploads\/2024\/06\/logo-principal-1024x450-1.webp\",\"contentUrl\":\"https:\/\/kadoshmusic.com.br\/wp-content\/uploads\/2024\/06\/logo-principal-1024x450-1.webp\",\"width\":1024,\"height\":450,\"caption\":\"kadosh music\"},\"image\":{\"@id\":\"https:\/\/kadoshmusic.com.br\/#\/schema\/logo\/image\/\"},\"sameAs\":[\"https:\/\/www.facebook.com\/micskadosh\"]}]}<\/script>\n<!-- \/ Yoast SEO Premium plugin. -->","yoast_head_json":{"title":"K621M KCOMM - Kadosh Music","robots":{"index":"index","follow":"follow","max-snippet":"max-snippet:-1","max-image-preview":"max-image-preview:large","max-video-preview":"max-video-preview:-1"},"canonical":"https:\/\/kadoshmusic.com.br\/es\/product\/k621m-kcomm\/","og_locale":"es_ES","og_type":"article","og_title":"K621M KCOMM","og_description":"Desenvolvido para atender \u00e0s demandas do \u00e1udio profissional, o K621M combina tecnologia de transmiss\u00e3o digital AF (Audio Frequency) e RF (Radio Frequency), garantindo som de alta [\u2026]","og_url":"https:\/\/kadoshmusic.com.br\/es\/product\/k621m-kcomm\/","og_site_name":"Kadosh Music","article_publisher":"https:\/\/www.facebook.com\/micskadosh","article_modified_time":"2026-02-24T19:25:23+00:00","og_image":[{"width":1080,"height":1080,"url":"https:\/\/kadoshmusic.com.br\/wp-content\/uploads\/2024\/05\/621-1.png","type":"image\/png"}],"twitter_card":"summary_large_image","twitter_misc":{"Est. reading time":"2 minutos"},"schema":{"@context":"https:\/\/schema.org","@graph":[{"@type":"WebPage","@id":"https:\/\/kadoshmusic.com.br\/produto\/k621m-kcomm\/","url":"https:\/\/kadoshmusic.com.br\/produto\/k621m-kcomm\/","name":"K621M KCOMM - Kadosh Music","isPartOf":{"@id":"https:\/\/kadoshmusic.com.br\/#website"},"primaryImageOfPage":{"@id":"https:\/\/kadoshmusic.com.br\/produto\/k621m-kcomm\/#primaryimage"},"image":{"@id":"https:\/\/kadoshmusic.com.br\/produto\/k621m-kcomm\/#primaryimage"},"thumbnailUrl":"https:\/\/kadoshmusic.com.br\/wp-content\/uploads\/2024\/05\/621-1.png","datePublished":"2024-05-21T11:46:28+00:00","dateModified":"2026-02-24T19:25:23+00:00","breadcrumb":{"@id":"https:\/\/kadoshmusic.com.br\/produto\/k621m-kcomm\/#breadcrumb"},"inLanguage":"es","potentialAction":[{"@type":"ReadAction","target":["https:\/\/kadoshmusic.com.br\/produto\/k621m-kcomm\/"]}]},{"@type":"ImageObject","inLanguage":"es","@id":"https:\/\/kadoshmusic.com.br\/produto\/k621m-kcomm\/#primaryimage","url":"https:\/\/kadoshmusic.com.br\/wp-content\/uploads\/2024\/05\/621-1.png","contentUrl":"https:\/\/kadoshmusic.com.br\/wp-content\/uploads\/2024\/05\/621-1.png","width":1080,"height":1080},{"@type":"BreadcrumbList","@id":"https:\/\/kadoshmusic.com.br\/produto\/k621m-kcomm\/#breadcrumb","itemListElement":[{"@type":"ListItem","position":1,"name":"Home","item":"https:\/\/kadoshmusic.com.br\/"},{"@type":"ListItem","position":2,"name":"Shop","item":"https:\/\/kadoshmusic.com.br\/shop\/"},{"@type":"ListItem","position":3,"name":"K621M KCOMM"}]},{"@type":"WebSite","@id":"https:\/\/kadoshmusic.com.br\/#website","url":"https:\/\/kadoshmusic.com.br\/","name":"Kadosh Music","description":"A Tecnologia Conectando o \u00c1udio e a M\u00fasica","publisher":{"@id":"https:\/\/kadoshmusic.com.br\/#organization"},"alternateName":"kadosh","potentialAction":[{"@type":"SearchAction","target":{"@type":"EntryPoint","urlTemplate":"https:\/\/kadoshmusic.com.br\/?s={search_term_string}"},"query-input":{"@type":"PropertyValueSpecification","valueRequired":true,"valueName":"search_term_string"}}],"inLanguage":"es"},{"@type":"Organization","@id":"https:\/\/kadoshmusic.com.br\/#organization","name":"kadosh music","url":"https:\/\/kadoshmusic.com.br\/","logo":{"@type":"ImageObject","inLanguage":"es","@id":"https:\/\/kadoshmusic.com.br\/#\/schema\/logo\/image\/","url":"https:\/\/kadoshmusic.com.br\/wp-content\/uploads\/2024\/06\/logo-principal-1024x450-1.webp","contentUrl":"https:\/\/kadoshmusic.com.br\/wp-content\/uploads\/2024\/06\/logo-principal-1024x450-1.webp","width":1024,"height":450,"caption":"kadosh music"},"image":{"@id":"https:\/\/kadoshmusic.com.br\/#\/schema\/logo\/image\/"},"sameAs":["https:\/\/www.facebook.com\/micskadosh"]}]}},"jetpack_sharing_enabled":true,"s_badge_disabled_all":false,"s_badge_single_active":false,"badge_type":"type_custom","badge_custom_set_date":false,"badge_initial_date":"","badge_end_date":"","badge_new_days":"","badge_lowstock_low":"","badge_lowstock_medium":"","badge_text":"","badge_text_size":"","badge_text_color":"","badge_bg_color":"","badge_style":"badge_default","badge_position":"position_tl","_links":{"self":[{"href":"https:\/\/kadoshmusic.com.br\/es\/wp-json\/wp\/v2\/product\/16178","targetHints":{"allow":["GET"]}}],"collection":[{"href":"https:\/\/kadoshmusic.com.br\/es\/wp-json\/wp\/v2\/product"}],"about":[{"href":"https:\/\/kadoshmusic.com.br\/es\/wp-json\/wp\/v2\/types\/product"}],"version-history":[{"count":4,"href":"https:\/\/kadoshmusic.com.br\/es\/wp-json\/wp\/v2\/product\/16178\/revisions"}],"predecessor-version":[{"id":16187,"href":"https:\/\/kadoshmusic.com.br\/es\/wp-json\/wp\/v2\/product\/16178\/revisions\/16187"}],"wp:featuredmedia":[{"embeddable":true,"href":"https:\/\/kadoshmusic.com.br\/es\/wp-json\/wp\/v2\/media\/16351"}],"wp:attachment":[{"href":"https:\/\/kadoshmusic.com.br\/es\/wp-json\/wp\/v2\/media?parent=16178"}],"wp:term":[{"taxonomy":"product_cat","embeddable":true,"href":"https:\/\/kadoshmusic.com.br\/es\/wp-json\/wp\/v2\/product_cat?post=16178"},{"taxonomy":"product_tag","embeddable":true,"href":"https:\/\/kadoshmusic.com.br\/es\/wp-json\/wp\/v2\/product_tag?post=16178"}],"curies":[{"name":"wp","href":"https:\/\/api.w.org\/{rel}","templated":true}]}}