{"id":16144,"date":"2024-12-06T08:06:30","date_gmt":"2024-12-06T11:06:30","guid":{"rendered":"https:\/\/kadoshmusic.com.br\/?post_type=product&#038;p=16144"},"modified":"2025-11-17T15:17:31","modified_gmt":"2025-11-17T18:17:31","slug":"mtx-8-5","status":"publish","type":"product","link":"https:\/\/kadoshmusic.com.br\/es\/product\/mtx-8-5\/","title":{"rendered":"MTX 8,5"},"content":{"rendered":"<p data-start=\"350\" data-end=\"700\">Dise\u00f1ado para iglesias, bandas, estudios, eventos y producciones que exigen calidad profesional, el mezclador MTX combina preamplificadores de alto rendimiento, efectos digitales de 32 bits, funcionamiento intuitivo y m\u00faltiples opciones de conexi\u00f3n, todo en un dispositivo robusto y fiable.<\/p>\n<ul>\n<li data-start=\"737\" data-end=\"893\">\n<p data-start=\"739\" data-end=\"893\"><strong data-start=\"743\" data-end=\"795\">Canales completos con potentes preamplificadores<\/strong><br data-start=\"795\" data-end=\"798\" \/>Entradas MIC\/LINE XLR balanceadas + TS 1\/4\u2033 no balanceadas con una excelente relaci\u00f3n se\u00f1al\/ruido.<\/p>\n<\/li>\n<li data-start=\"895\" data-end=\"1007\">\n<p data-start=\"897\" data-end=\"1007\"><strong data-start=\"901\" data-end=\"956\">Ecualizador de 3 bandas con medios semiparam\u00e9tricos<\/strong><br data-start=\"956\" data-end=\"959\" \/>Ajustes precisos para esculpir el tono ideal.<\/p>\n<\/li>\n<li data-start=\"1009\" data-end=\"1158\">\n<p data-start=\"1011\" data-end=\"1158\"><strong data-start=\"1015\" data-end=\"1066\">2 procesadores de efectos digitales (FX1 y FX2)<\/strong><br data-start=\"1066\" data-end=\"1069\" \/>100 presets profesionales: reverbs, delays, chorus, flanger, dobles y mucho m\u00e1s.<\/p>\n<\/li>\n<li data-start=\"1160\" data-end=\"1245\">\n<p data-start=\"1162\" data-end=\"1245\"><strong data-start=\"1166\" data-end=\"1187\">Alimentaci\u00f3n fantasma de 48 V<\/strong><br data-start=\"1187\" data-end=\"1190\" \/>Fuente de alimentaci\u00f3n para micr\u00f3fonos de condensador y cajas DI.<\/p>\n<\/li>\n<li data-start=\"1247\" data-end=\"1323\">\n<p data-start=\"1249\" data-end=\"1323\"><strong data-start=\"1252\" data-end=\"1278\">Supervisi\u00f3n completa<\/strong><br data-start=\"1278\" data-end=\"1281\" \/>Salida de auriculares con control individual.<\/p>\n<\/li>\n<li data-start=\"1325\" data-end=\"1430\">\n<p data-start=\"1327\" data-end=\"1430\"><strong data-start=\"1330\" data-end=\"1377\">Principales resultados y subgrupos independientes<\/strong><br data-start=\"1377\" data-end=\"1380\" \/>Control total de la mezcla en directo o en el estudio.<\/p>\n<\/li>\n<li data-start=\"1432\" data-end=\"1538\">\n<p data-start=\"1434\" data-end=\"1538\"><strong data-start=\"1437\" data-end=\"1485\">Compatible con USB\/PC y reproductor MP3 integrado<\/strong><br data-start=\"1485\" data-end=\"1488\" \/>Reproduce, graba y alterna entre USB y Bluetooth.<\/p>\n<h3 data-start=\"1608\" data-end=\"1654\"><strong data-start=\"1612\" data-end=\"1654\">- Entradas y control de ganancia<\/strong><\/h3>\n<ul data-start=\"1655\" data-end=\"1844\">\n<li data-start=\"1655\" data-end=\"1712\">\n<p data-start=\"1657\" data-end=\"1712\">Entradas XLR y TS 1\/4\u2033 balanceadas para instrumentos.<\/p>\n<\/li>\n<li data-start=\"1713\" data-end=\"1778\">\n<p data-start=\"1715\" data-end=\"1778\">Ajuste TRIM para preamplificaci\u00f3n con LED de se\u00f1al y CLIP.<\/p>\n<\/li>\n<li data-start=\"1779\" data-end=\"1844\">\n<p data-start=\"1781\" data-end=\"1844\">Filtro Low Cut de 80 Hz para eliminar los ruidos graves no deseados.<\/p>\n<\/li>\n<\/ul>\n<h3 data-start=\"1846\" data-end=\"1888\"><strong data-start=\"1850\" data-end=\"1888\">- Equiparaci\u00f3n profesional<\/strong><\/h3>\n<ul data-start=\"1889\" data-end=\"2101\">\n<li data-start=\"1889\" data-end=\"1930\">\n<p data-start=\"1891\" data-end=\"1930\">EQ de 3 bandas por canal (+\/- 15 dB).<\/p>\n<\/li>\n<li data-start=\"1931\" data-end=\"1987\">\n<p data-start=\"1933\" data-end=\"1987\">Medios con barrido de frecuencia (100 Hz - 8 kHz).<\/p>\n<\/li>\n<li data-start=\"1988\" data-end=\"2101\">\n<p data-start=\"1990\" data-end=\"2101\">Agudos a 12 kHz y graves a 80 Hz.<br data-start=\"2025\" data-end=\"2028\" \/>Perfecto para mezclas limpias, presencia vocal y correcci\u00f3n de sonido en el escenario.<\/p>\n<\/li>\n<\/ul>\n<h3 data-start=\"2103\" data-end=\"2136\"><strong data-start=\"2107\" data-end=\"2136\">- Auxiliares y FX<\/strong><\/h3>\n<ul data-start=\"2137\" data-end=\"2249\">\n<li data-start=\"2137\" data-end=\"2170\">\n<p data-start=\"2139\" data-end=\"2170\">5 canales AUX (pre\/post fader).<\/p>\n<\/li>\n<li data-start=\"2171\" data-end=\"2206\">\n<p data-start=\"2173\" data-end=\"2206\">2 buses FX independientes.<\/p>\n<\/li>\n<li data-start=\"2207\" data-end=\"2249\">\n<p data-start=\"2209\" data-end=\"2249\">Env\u00edo dedicado para efectos y monitores.<\/p>\n<\/li>\n<\/ul>\n<h3 data-start=\"2251\" data-end=\"2298\"><strong data-start=\"2255\" data-end=\"2298\">- Efectos digitales (DSP de 32 bits)<\/strong><\/h3>\n<ul data-start=\"2299\" data-end=\"2542\">\n<li data-start=\"2299\" data-end=\"2469\">\n<p data-start=\"2301\" data-end=\"2469\">100 preajustes organizados en grupos:<br data-start=\"2335\" data-end=\"2338\" \/>Reverberaciones (salas de estar, iglesias, salones)<br data-start=\"2373\" data-end=\"2376\" \/>Eco + retardo est\u00e9reo<br data-start=\"2399\" data-end=\"2402\" \/>Chorus, phaser, flanger<br data-start=\"2429\" data-end=\"2432\" \/>Efectos especiales y duplicados<\/p>\n<\/li>\n<li data-start=\"2470\" data-end=\"2542\">\n<p data-start=\"2472\" data-end=\"2542\">Par\u00e1metros editables + almacenamiento de hasta 20 preajustes personalizados.<\/p>\n<\/li>\n<\/ul>\n<h3 data-start=\"2544\" data-end=\"2584\"><strong data-start=\"2548\" data-end=\"2584\">- Conectividad total<\/strong><\/h3>\n<ul data-start=\"2585\" data-end=\"2827\">\n<li data-start=\"2585\" data-end=\"2608\">\n<p data-start=\"2587\" data-end=\"2608\">Entradas USB y RCA.<\/p>\n<\/li>\n<li data-start=\"2609\" data-end=\"2677\">\n<p data-start=\"2611\" data-end=\"2677\">Reproducci\u00f3n MP3, grabaci\u00f3n directa y conmutaci\u00f3n mediante el bot\u00f3n MODE.<\/p>\n<\/li>\n<li data-start=\"2678\" data-end=\"2716\">\n<p data-start=\"2680\" data-end=\"2716\">Interfaz Bluetooth a trav\u00e9s del men\u00fa.<\/p>\n<\/li>\n<li data-start=\"2717\" data-end=\"2769\">\n<p data-start=\"2719\" data-end=\"2769\">Conector para pedalera (activaci\u00f3n\/desactivaci\u00f3n de efectos).<\/p>\n<\/li>\n<li data-start=\"2770\" data-end=\"2827\">\n<p data-start=\"2772\" data-end=\"2827\">Salidas principales L\/R, Sub 1\/2\/3\/4, AUX SEND y MONITOR.<\/p>\n<\/li>\n<\/ul>\n<h3 data-start=\"2829\" data-end=\"2861\"><strong data-start=\"2833\" data-end=\"2861\">- Control general<\/strong><\/h3>\n<ul data-start=\"2862\" data-end=\"3123\">\n<li data-start=\"2862\" data-end=\"2903\">\n<p data-start=\"2864\" data-end=\"2903\">Faders largos y suaves para mayor precisi\u00f3n.<\/p>\n<\/li>\n<li data-start=\"2904\" data-end=\"2944\">\n<p data-start=\"2906\" data-end=\"2944\">LEDs de nivel con indicador CLIP.<\/p>\n<\/li>\n<li data-start=\"2945\" data-end=\"2989\">\n<p data-start=\"2947\" data-end=\"2989\">Ecualizador gr\u00e1fico est\u00e9reo de 9 bandas.<\/p>\n<\/li>\n<li data-start=\"2990\" data-end=\"3035\">\n<p data-start=\"2992\" data-end=\"3035\">Botones de enrutamiento: MAIN, SUB, AUX, FX.<\/p>\n<\/li>\n<li data-start=\"3036\" data-end=\"3123\">\n<p data-start=\"3038\" data-end=\"3123\">Control de compresi\u00f3n integrado por canal (Threshold, Ratio, Gain, Attack, Release).<\/p>\n<\/li>\n<\/ul>\n<\/li>\n<\/ul>","protected":false},"excerpt":{"rendered":"<p>Projetado para igrejas, bandas, est\u00fadios, eventos e produ\u00e7\u00f5es que exigem qualidade profissional, o Mixer MTX combina pr\u00e9-amplificadores de alto desempenho, efeitos digitais de 32 bits, opera\u00e7\u00e3o<span class=\"excerpt-hellip\"> [...]<\/span><\/p>","protected":false},"featured_media":16145,"template":"","meta":{"content-type":"","_vp_format_video_url":"","_vp_image_focal_point":[]},"product_cat":[110,318],"product_tag":[],"class_list":{"0":"post-16144","1":"product","2":"type-product","3":"status-publish","4":"has-post-thumbnail","6":"product_cat-k-audio","7":"product_cat-linha-mx-mesas","9":"first","10":"instock","11":"shipping-taxable","12":"purchasable","13":"product-type-simple"},"yoast_head":"<!-- This site is optimized with the Yoast SEO Premium plugin v22.9 (Yoast SEO v24.0) - https:\/\/yoast.com\/wordpress\/plugins\/seo\/ -->\n<title>MTX 8.5 - Kadosh Music<\/title>\n<meta name=\"robots\" content=\"index, follow, max-snippet:-1, max-image-preview:large, max-video-preview:-1\" \/>\n<link rel=\"canonical\" href=\"https:\/\/kadoshmusic.com.br\/es\/product\/mtx-8-5\/\" \/>\n<meta property=\"og:locale\" content=\"es_ES\" \/>\n<meta property=\"og:type\" content=\"article\" \/>\n<meta property=\"og:title\" content=\"MTX 8.5\" \/>\n<meta property=\"og:description\" content=\"Projetado para igrejas, bandas, est\u00fadios, eventos e produ\u00e7\u00f5es que exigem qualidade profissional, o Mixer MTX combina pr\u00e9-amplificadores de alto desempenho, efeitos digitais de 32 bits, opera\u00e7\u00e3o [\u2026]\" \/>\n<meta property=\"og:url\" content=\"https:\/\/kadoshmusic.com.br\/es\/product\/mtx-8-5\/\" \/>\n<meta property=\"og:site_name\" content=\"Kadosh Music\" \/>\n<meta property=\"article:publisher\" content=\"https:\/\/www.facebook.com\/micskadosh\" \/>\n<meta property=\"article:modified_time\" content=\"2025-11-17T18:17:31+00:00\" \/>\n<meta property=\"og:image\" content=\"https:\/\/kadoshmusic.com.br\/wp-content\/uploads\/2025\/11\/MTX-8.5_a.png\" \/>\n\t<meta property=\"og:image:width\" content=\"1080\" \/>\n\t<meta property=\"og:image:height\" content=\"1080\" \/>\n\t<meta property=\"og:image:type\" content=\"image\/png\" \/>\n<meta name=\"twitter:card\" content=\"summary_large_image\" \/>\n<meta name=\"twitter:label1\" content=\"Est. reading time\" \/>\n\t<meta name=\"twitter:data1\" content=\"3 minutos\" \/>\n<script type=\"application\/ld+json\" class=\"yoast-schema-graph\">{\"@context\":\"https:\/\/schema.org\",\"@graph\":[{\"@type\":\"WebPage\",\"@id\":\"https:\/\/kadoshmusic.com.br\/produto\/mtx-8-5\/\",\"url\":\"https:\/\/kadoshmusic.com.br\/produto\/mtx-8-5\/\",\"name\":\"MTX 8.5 - Kadosh Music\",\"isPartOf\":{\"@id\":\"https:\/\/kadoshmusic.com.br\/#website\"},\"primaryImageOfPage\":{\"@id\":\"https:\/\/kadoshmusic.com.br\/produto\/mtx-8-5\/#primaryimage\"},\"image\":{\"@id\":\"https:\/\/kadoshmusic.com.br\/produto\/mtx-8-5\/#primaryimage\"},\"thumbnailUrl\":\"https:\/\/kadoshmusic.com.br\/wp-content\/uploads\/2025\/11\/MTX-8.5_a.png\",\"datePublished\":\"2024-12-06T11:06:30+00:00\",\"dateModified\":\"2025-11-17T18:17:31+00:00\",\"breadcrumb\":{\"@id\":\"https:\/\/kadoshmusic.com.br\/produto\/mtx-8-5\/#breadcrumb\"},\"inLanguage\":\"es\",\"potentialAction\":[{\"@type\":\"ReadAction\",\"target\":[\"https:\/\/kadoshmusic.com.br\/produto\/mtx-8-5\/\"]}]},{\"@type\":\"ImageObject\",\"inLanguage\":\"es\",\"@id\":\"https:\/\/kadoshmusic.com.br\/produto\/mtx-8-5\/#primaryimage\",\"url\":\"https:\/\/kadoshmusic.com.br\/wp-content\/uploads\/2025\/11\/MTX-8.5_a.png\",\"contentUrl\":\"https:\/\/kadoshmusic.com.br\/wp-content\/uploads\/2025\/11\/MTX-8.5_a.png\",\"width\":1080,\"height\":1080},{\"@type\":\"BreadcrumbList\",\"@id\":\"https:\/\/kadoshmusic.com.br\/produto\/mtx-8-5\/#breadcrumb\",\"itemListElement\":[{\"@type\":\"ListItem\",\"position\":1,\"name\":\"Home\",\"item\":\"https:\/\/kadoshmusic.com.br\/\"},{\"@type\":\"ListItem\",\"position\":2,\"name\":\"Shop\",\"item\":\"https:\/\/kadoshmusic.com.br\/shop\/\"},{\"@type\":\"ListItem\",\"position\":3,\"name\":\"MTX 8.5\"}]},{\"@type\":\"WebSite\",\"@id\":\"https:\/\/kadoshmusic.com.br\/#website\",\"url\":\"https:\/\/kadoshmusic.com.br\/\",\"name\":\"Kadosh Music\",\"description\":\"A Tecnologia Conectando o \u00c1udio e a M\u00fasica\",\"publisher\":{\"@id\":\"https:\/\/kadoshmusic.com.br\/#organization\"},\"alternateName\":\"kadosh\",\"potentialAction\":[{\"@type\":\"SearchAction\",\"target\":{\"@type\":\"EntryPoint\",\"urlTemplate\":\"https:\/\/kadoshmusic.com.br\/?s={search_term_string}\"},\"query-input\":{\"@type\":\"PropertyValueSpecification\",\"valueRequired\":true,\"valueName\":\"search_term_string\"}}],\"inLanguage\":\"es\"},{\"@type\":\"Organization\",\"@id\":\"https:\/\/kadoshmusic.com.br\/#organization\",\"name\":\"kadosh music\",\"url\":\"https:\/\/kadoshmusic.com.br\/\",\"logo\":{\"@type\":\"ImageObject\",\"inLanguage\":\"es\",\"@id\":\"https:\/\/kadoshmusic.com.br\/#\/schema\/logo\/image\/\",\"url\":\"https:\/\/kadoshmusic.com.br\/wp-content\/uploads\/2024\/06\/logo-principal-1024x450-1.webp\",\"contentUrl\":\"https:\/\/kadoshmusic.com.br\/wp-content\/uploads\/2024\/06\/logo-principal-1024x450-1.webp\",\"width\":1024,\"height\":450,\"caption\":\"kadosh music\"},\"image\":{\"@id\":\"https:\/\/kadoshmusic.com.br\/#\/schema\/logo\/image\/\"},\"sameAs\":[\"https:\/\/www.facebook.com\/micskadosh\"]}]}<\/script>\n<!-- \/ Yoast SEO Premium plugin. -->","yoast_head_json":{"title":"MTX 8.5 - Kadosh Music","robots":{"index":"index","follow":"follow","max-snippet":"max-snippet:-1","max-image-preview":"max-image-preview:large","max-video-preview":"max-video-preview:-1"},"canonical":"https:\/\/kadoshmusic.com.br\/es\/product\/mtx-8-5\/","og_locale":"es_ES","og_type":"article","og_title":"MTX 8.5","og_description":"Projetado para igrejas, bandas, est\u00fadios, eventos e produ\u00e7\u00f5es que exigem qualidade profissional, o Mixer MTX combina pr\u00e9-amplificadores de alto desempenho, efeitos digitais de 32 bits, opera\u00e7\u00e3o [\u2026]","og_url":"https:\/\/kadoshmusic.com.br\/es\/product\/mtx-8-5\/","og_site_name":"Kadosh Music","article_publisher":"https:\/\/www.facebook.com\/micskadosh","article_modified_time":"2025-11-17T18:17:31+00:00","og_image":[{"width":1080,"height":1080,"url":"https:\/\/kadoshmusic.com.br\/wp-content\/uploads\/2025\/11\/MTX-8.5_a.png","type":"image\/png"}],"twitter_card":"summary_large_image","twitter_misc":{"Est. reading time":"3 minutos"},"schema":{"@context":"https:\/\/schema.org","@graph":[{"@type":"WebPage","@id":"https:\/\/kadoshmusic.com.br\/produto\/mtx-8-5\/","url":"https:\/\/kadoshmusic.com.br\/produto\/mtx-8-5\/","name":"MTX 8.5 - Kadosh Music","isPartOf":{"@id":"https:\/\/kadoshmusic.com.br\/#website"},"primaryImageOfPage":{"@id":"https:\/\/kadoshmusic.com.br\/produto\/mtx-8-5\/#primaryimage"},"image":{"@id":"https:\/\/kadoshmusic.com.br\/produto\/mtx-8-5\/#primaryimage"},"thumbnailUrl":"https:\/\/kadoshmusic.com.br\/wp-content\/uploads\/2025\/11\/MTX-8.5_a.png","datePublished":"2024-12-06T11:06:30+00:00","dateModified":"2025-11-17T18:17:31+00:00","breadcrumb":{"@id":"https:\/\/kadoshmusic.com.br\/produto\/mtx-8-5\/#breadcrumb"},"inLanguage":"es","potentialAction":[{"@type":"ReadAction","target":["https:\/\/kadoshmusic.com.br\/produto\/mtx-8-5\/"]}]},{"@type":"ImageObject","inLanguage":"es","@id":"https:\/\/kadoshmusic.com.br\/produto\/mtx-8-5\/#primaryimage","url":"https:\/\/kadoshmusic.com.br\/wp-content\/uploads\/2025\/11\/MTX-8.5_a.png","contentUrl":"https:\/\/kadoshmusic.com.br\/wp-content\/uploads\/2025\/11\/MTX-8.5_a.png","width":1080,"height":1080},{"@type":"BreadcrumbList","@id":"https:\/\/kadoshmusic.com.br\/produto\/mtx-8-5\/#breadcrumb","itemListElement":[{"@type":"ListItem","position":1,"name":"Home","item":"https:\/\/kadoshmusic.com.br\/"},{"@type":"ListItem","position":2,"name":"Shop","item":"https:\/\/kadoshmusic.com.br\/shop\/"},{"@type":"ListItem","position":3,"name":"MTX 8.5"}]},{"@type":"WebSite","@id":"https:\/\/kadoshmusic.com.br\/#website","url":"https:\/\/kadoshmusic.com.br\/","name":"Kadosh Music","description":"A Tecnologia Conectando o \u00c1udio e a M\u00fasica","publisher":{"@id":"https:\/\/kadoshmusic.com.br\/#organization"},"alternateName":"kadosh","potentialAction":[{"@type":"SearchAction","target":{"@type":"EntryPoint","urlTemplate":"https:\/\/kadoshmusic.com.br\/?s={search_term_string}"},"query-input":{"@type":"PropertyValueSpecification","valueRequired":true,"valueName":"search_term_string"}}],"inLanguage":"es"},{"@type":"Organization","@id":"https:\/\/kadoshmusic.com.br\/#organization","name":"kadosh music","url":"https:\/\/kadoshmusic.com.br\/","logo":{"@type":"ImageObject","inLanguage":"es","@id":"https:\/\/kadoshmusic.com.br\/#\/schema\/logo\/image\/","url":"https:\/\/kadoshmusic.com.br\/wp-content\/uploads\/2024\/06\/logo-principal-1024x450-1.webp","contentUrl":"https:\/\/kadoshmusic.com.br\/wp-content\/uploads\/2024\/06\/logo-principal-1024x450-1.webp","width":1024,"height":450,"caption":"kadosh music"},"image":{"@id":"https:\/\/kadoshmusic.com.br\/#\/schema\/logo\/image\/"},"sameAs":["https:\/\/www.facebook.com\/micskadosh"]}]}},"jetpack_sharing_enabled":true,"s_badge_disabled_all":false,"s_badge_single_active":false,"badge_type":"type_custom","badge_custom_set_date":false,"badge_initial_date":"","badge_end_date":"","badge_new_days":"","badge_lowstock_low":"","badge_lowstock_medium":"","badge_text":"","badge_text_size":"","badge_text_color":"","badge_bg_color":"","badge_style":"badge_default","badge_position":"position_tl","_links":{"self":[{"href":"https:\/\/kadoshmusic.com.br\/es\/wp-json\/wp\/v2\/product\/16144","targetHints":{"allow":["GET"]}}],"collection":[{"href":"https:\/\/kadoshmusic.com.br\/es\/wp-json\/wp\/v2\/product"}],"about":[{"href":"https:\/\/kadoshmusic.com.br\/es\/wp-json\/wp\/v2\/types\/product"}],"version-history":[{"count":1,"href":"https:\/\/kadoshmusic.com.br\/es\/wp-json\/wp\/v2\/product\/16144\/revisions"}],"predecessor-version":[{"id":16150,"href":"https:\/\/kadoshmusic.com.br\/es\/wp-json\/wp\/v2\/product\/16144\/revisions\/16150"}],"wp:featuredmedia":[{"embeddable":true,"href":"https:\/\/kadoshmusic.com.br\/es\/wp-json\/wp\/v2\/media\/16145"}],"wp:attachment":[{"href":"https:\/\/kadoshmusic.com.br\/es\/wp-json\/wp\/v2\/media?parent=16144"}],"wp:term":[{"taxonomy":"product_cat","embeddable":true,"href":"https:\/\/kadoshmusic.com.br\/es\/wp-json\/wp\/v2\/product_cat?post=16144"},{"taxonomy":"product_tag","embeddable":true,"href":"https:\/\/kadoshmusic.com.br\/es\/wp-json\/wp\/v2\/product_tag?post=16144"}],"curies":[{"name":"wp","href":"https:\/\/api.w.org\/{rel}","templated":true}]}}