{"id":15897,"date":"2024-05-21T08:47:22","date_gmt":"2024-05-21T11:47:22","guid":{"rendered":"https:\/\/kadoshmusic.com.br\/?post_type=product&#038;p=15897"},"modified":"2025-07-22T15:25:29","modified_gmt":"2025-07-22T18:25:29","slug":"k920in","status":"publish","type":"product","link":"https:\/\/kadoshmusic.com.br\/es\/product\/k920in\/","title":{"rendered":"K920in"},"content":{"rendered":"<p><strong>Vigilancia personal inal\u00e1mbrica con opci\u00f3n MONO\/ESTEREO<\/strong><\/p>\n<p>El K920IN es la versi\u00f3n dual del conocido sistema K910IN de EAR, ideal para aplicaciones profesionales que requieren dos canales de monitorizaci\u00f3n simult\u00e1neos con la misma calidad de sonido, versatilidad y control, utilizando una sola unidad de rack pero con controles independientes. Con soporte para modo MONO y EST\u00c9REO, el K920IN ofrece libertad a m\u00fasicos, t\u00e9cnicos y operadores para monitorizar dos mezclas independientes en un \u00fanico transmisor - perfecto para actuaciones en directo, grabaciones o producciones con varios miembros.<\/p>\n<p><strong>Transmisor principal (TX) Caracter\u00edsticas<\/strong><\/p>\n<p>&#8211; Controle de Volume Integrado<br \/>\n&#8211; Ajuste o volume de sa\u00edda do monitor diretamente no painel frontal com precis\u00e3o e praticidade.<br \/>\n&#8211; Sa\u00edda de Fone de Ouvido TRS 6,5mm<br \/>\n&#8211; Permite ouvir o sinal diretamente do transmissor \u2014 ideal para checagens r\u00e1pidas ou monitoramento t\u00e9cnico sem o uso do bodypack.<br \/>\n&#8211; Conectividade Bluetooth<br \/>\n&#8211; Possibilita a reprodu\u00e7\u00e3o de m\u00fasica de fundo a partir de um dispositivo externo, oferecendo mais op\u00e7\u00f5es de conte\u00fado durante os testes de som ou eventos.<br \/>\n&#8211; Sincroniza\u00e7\u00e3o via IR<br \/>\n&#8211; Se o receptor (RX) estiver fora de frequ\u00eancia, basta alinhar ao transmissor com o bot\u00e3o SET e o sensor IR \u2014 emparelhamento r\u00e1pido e sem erros.<br \/>\n&#8211; Display LCD Multifuncional<br \/>\n&#8211; Tela clara e objetiva que exibe frequ\u00eancia atual, canal, n\u00edvel de \u00e1udio (AF), status de bloqueio e outras informa\u00e7\u00f5es essenciais em tempo real.<br \/>\n&#8211; Bot\u00e3o Multifun\u00e7\u00e3o (Lock \/ Frequ\u00eancia \/ Canal)<br \/>\n&#8211; Permite mudan\u00e7a r\u00e1pida de canal, frequ\u00eancia e ativa\u00e7\u00e3o de bloqueio para evitar altera\u00e7\u00f5es indesejadas durante o uso ao vivo.<br \/>\n&#8211; Ajuste de Ganho Independente (Canais 1 e 2)<br \/>\n&#8211; Controle de ganho para cada entrada, garantindo n\u00edveis adequados de sinal sem distor\u00e7\u00f5es ou perdas de qualidade.<br \/>\n&#8211; Entrada XLR-3p balanceada \u2013 ideal para sinais profissionais vindos da mesa de som.<\/p>\n<p>Antena BNC 75 Ohms Remov\u00edvel<br \/>\nConex\u00e3o robusta com possibilidade de expans\u00e3o de alcance por antenas externas ou combinadores (como o ACK410).<\/p>","protected":false},"excerpt":{"rendered":"<p>Monitoramento Pessoal Sem Fio com Op\u00e7\u00e3o MONO\/EST\u00c9REO O K920IN \u00e9 a vers\u00e3o dupla do renomado sistema K910IN da EAR, ideal para aplica\u00e7\u00f5es profissionais que exigem dois<span class=\"excerpt-hellip\"> [...]<\/span><\/p>","protected":false},"featured_media":15899,"template":"","meta":{"content-type":"","_vp_format_video_url":"","_vp_image_focal_point":[]},"product_cat":[101,107],"product_tag":[],"class_list":{"0":"post-15897","1":"product","2":"type-product","3":"status-publish","4":"has-post-thumbnail","6":"product_cat-sem-categoria","7":"product_cat-kadosh","9":"first","10":"instock","11":"shipping-taxable","12":"purchasable","13":"product-type-simple"},"yoast_head":"<!-- This site is optimized with the Yoast SEO Premium plugin v22.9 (Yoast SEO v24.0) - https:\/\/yoast.com\/wordpress\/plugins\/seo\/ -->\n<title>K920in - Kadosh Music<\/title>\n<meta name=\"robots\" content=\"index, follow, max-snippet:-1, max-image-preview:large, max-video-preview:-1\" \/>\n<link rel=\"canonical\" href=\"https:\/\/kadoshmusic.com.br\/es\/product\/k920in\/\" \/>\n<meta property=\"og:locale\" content=\"es_ES\" \/>\n<meta property=\"og:type\" content=\"article\" \/>\n<meta property=\"og:title\" content=\"K920in\" \/>\n<meta property=\"og:description\" content=\"Monitoramento Pessoal Sem Fio com Op\u00e7\u00e3o MONO\/EST\u00c9REO O K920IN \u00e9 a vers\u00e3o dupla do renomado sistema K910IN da EAR, ideal para aplica\u00e7\u00f5es profissionais que exigem dois [\u2026]\" \/>\n<meta property=\"og:url\" content=\"https:\/\/kadoshmusic.com.br\/es\/product\/k920in\/\" \/>\n<meta property=\"og:site_name\" content=\"Kadosh Music\" \/>\n<meta property=\"article:publisher\" content=\"https:\/\/www.facebook.com\/micskadosh\" \/>\n<meta property=\"article:modified_time\" content=\"2025-07-22T18:25:29+00:00\" \/>\n<meta property=\"og:image\" content=\"https:\/\/kadoshmusic.com.br\/wp-content\/uploads\/2025\/07\/K920in.png\" \/>\n\t<meta property=\"og:image:width\" content=\"1080\" \/>\n\t<meta property=\"og:image:height\" content=\"1080\" \/>\n\t<meta property=\"og:image:type\" content=\"image\/png\" \/>\n<meta name=\"twitter:card\" content=\"summary_large_image\" \/>\n<meta name=\"twitter:label1\" content=\"Est. reading time\" \/>\n\t<meta name=\"twitter:data1\" content=\"2 minutos\" \/>\n<script type=\"application\/ld+json\" class=\"yoast-schema-graph\">{\"@context\":\"https:\/\/schema.org\",\"@graph\":[{\"@type\":\"WebPage\",\"@id\":\"https:\/\/kadoshmusic.com.br\/produto\/k920in\/\",\"url\":\"https:\/\/kadoshmusic.com.br\/produto\/k920in\/\",\"name\":\"K920in - Kadosh Music\",\"isPartOf\":{\"@id\":\"https:\/\/kadoshmusic.com.br\/#website\"},\"primaryImageOfPage\":{\"@id\":\"https:\/\/kadoshmusic.com.br\/produto\/k920in\/#primaryimage\"},\"image\":{\"@id\":\"https:\/\/kadoshmusic.com.br\/produto\/k920in\/#primaryimage\"},\"thumbnailUrl\":\"https:\/\/kadoshmusic.com.br\/wp-content\/uploads\/2025\/07\/K920in.png\",\"datePublished\":\"2024-05-21T11:47:22+00:00\",\"dateModified\":\"2025-07-22T18:25:29+00:00\",\"breadcrumb\":{\"@id\":\"https:\/\/kadoshmusic.com.br\/produto\/k920in\/#breadcrumb\"},\"inLanguage\":\"es\",\"potentialAction\":[{\"@type\":\"ReadAction\",\"target\":[\"https:\/\/kadoshmusic.com.br\/produto\/k920in\/\"]}]},{\"@type\":\"ImageObject\",\"inLanguage\":\"es\",\"@id\":\"https:\/\/kadoshmusic.com.br\/produto\/k920in\/#primaryimage\",\"url\":\"https:\/\/kadoshmusic.com.br\/wp-content\/uploads\/2025\/07\/K920in.png\",\"contentUrl\":\"https:\/\/kadoshmusic.com.br\/wp-content\/uploads\/2025\/07\/K920in.png\",\"width\":1080,\"height\":1080},{\"@type\":\"BreadcrumbList\",\"@id\":\"https:\/\/kadoshmusic.com.br\/produto\/k920in\/#breadcrumb\",\"itemListElement\":[{\"@type\":\"ListItem\",\"position\":1,\"name\":\"Home\",\"item\":\"https:\/\/kadoshmusic.com.br\/\"},{\"@type\":\"ListItem\",\"position\":2,\"name\":\"Shop\",\"item\":\"https:\/\/kadoshmusic.com.br\/shop\/\"},{\"@type\":\"ListItem\",\"position\":3,\"name\":\"K920in\"}]},{\"@type\":\"WebSite\",\"@id\":\"https:\/\/kadoshmusic.com.br\/#website\",\"url\":\"https:\/\/kadoshmusic.com.br\/\",\"name\":\"Kadosh Music\",\"description\":\"A Tecnologia Conectando o \u00c1udio e a M\u00fasica\",\"publisher\":{\"@id\":\"https:\/\/kadoshmusic.com.br\/#organization\"},\"alternateName\":\"kadosh\",\"potentialAction\":[{\"@type\":\"SearchAction\",\"target\":{\"@type\":\"EntryPoint\",\"urlTemplate\":\"https:\/\/kadoshmusic.com.br\/?s={search_term_string}\"},\"query-input\":{\"@type\":\"PropertyValueSpecification\",\"valueRequired\":true,\"valueName\":\"search_term_string\"}}],\"inLanguage\":\"es\"},{\"@type\":\"Organization\",\"@id\":\"https:\/\/kadoshmusic.com.br\/#organization\",\"name\":\"kadosh music\",\"url\":\"https:\/\/kadoshmusic.com.br\/\",\"logo\":{\"@type\":\"ImageObject\",\"inLanguage\":\"es\",\"@id\":\"https:\/\/kadoshmusic.com.br\/#\/schema\/logo\/image\/\",\"url\":\"https:\/\/kadoshmusic.com.br\/wp-content\/uploads\/2024\/06\/logo-principal-1024x450-1.webp\",\"contentUrl\":\"https:\/\/kadoshmusic.com.br\/wp-content\/uploads\/2024\/06\/logo-principal-1024x450-1.webp\",\"width\":1024,\"height\":450,\"caption\":\"kadosh music\"},\"image\":{\"@id\":\"https:\/\/kadoshmusic.com.br\/#\/schema\/logo\/image\/\"},\"sameAs\":[\"https:\/\/www.facebook.com\/micskadosh\"]}]}<\/script>\n<!-- \/ Yoast SEO Premium plugin. -->","yoast_head_json":{"title":"K920in - Kadosh Music","robots":{"index":"index","follow":"follow","max-snippet":"max-snippet:-1","max-image-preview":"max-image-preview:large","max-video-preview":"max-video-preview:-1"},"canonical":"https:\/\/kadoshmusic.com.br\/es\/product\/k920in\/","og_locale":"es_ES","og_type":"article","og_title":"K920in","og_description":"Monitoramento Pessoal Sem Fio com Op\u00e7\u00e3o MONO\/EST\u00c9REO O K920IN \u00e9 a vers\u00e3o dupla do renomado sistema K910IN da EAR, ideal para aplica\u00e7\u00f5es profissionais que exigem dois [\u2026]","og_url":"https:\/\/kadoshmusic.com.br\/es\/product\/k920in\/","og_site_name":"Kadosh Music","article_publisher":"https:\/\/www.facebook.com\/micskadosh","article_modified_time":"2025-07-22T18:25:29+00:00","og_image":[{"width":1080,"height":1080,"url":"https:\/\/kadoshmusic.com.br\/wp-content\/uploads\/2025\/07\/K920in.png","type":"image\/png"}],"twitter_card":"summary_large_image","twitter_misc":{"Est. reading time":"2 minutos"},"schema":{"@context":"https:\/\/schema.org","@graph":[{"@type":"WebPage","@id":"https:\/\/kadoshmusic.com.br\/produto\/k920in\/","url":"https:\/\/kadoshmusic.com.br\/produto\/k920in\/","name":"K920in - Kadosh Music","isPartOf":{"@id":"https:\/\/kadoshmusic.com.br\/#website"},"primaryImageOfPage":{"@id":"https:\/\/kadoshmusic.com.br\/produto\/k920in\/#primaryimage"},"image":{"@id":"https:\/\/kadoshmusic.com.br\/produto\/k920in\/#primaryimage"},"thumbnailUrl":"https:\/\/kadoshmusic.com.br\/wp-content\/uploads\/2025\/07\/K920in.png","datePublished":"2024-05-21T11:47:22+00:00","dateModified":"2025-07-22T18:25:29+00:00","breadcrumb":{"@id":"https:\/\/kadoshmusic.com.br\/produto\/k920in\/#breadcrumb"},"inLanguage":"es","potentialAction":[{"@type":"ReadAction","target":["https:\/\/kadoshmusic.com.br\/produto\/k920in\/"]}]},{"@type":"ImageObject","inLanguage":"es","@id":"https:\/\/kadoshmusic.com.br\/produto\/k920in\/#primaryimage","url":"https:\/\/kadoshmusic.com.br\/wp-content\/uploads\/2025\/07\/K920in.png","contentUrl":"https:\/\/kadoshmusic.com.br\/wp-content\/uploads\/2025\/07\/K920in.png","width":1080,"height":1080},{"@type":"BreadcrumbList","@id":"https:\/\/kadoshmusic.com.br\/produto\/k920in\/#breadcrumb","itemListElement":[{"@type":"ListItem","position":1,"name":"Home","item":"https:\/\/kadoshmusic.com.br\/"},{"@type":"ListItem","position":2,"name":"Shop","item":"https:\/\/kadoshmusic.com.br\/shop\/"},{"@type":"ListItem","position":3,"name":"K920in"}]},{"@type":"WebSite","@id":"https:\/\/kadoshmusic.com.br\/#website","url":"https:\/\/kadoshmusic.com.br\/","name":"Kadosh Music","description":"A Tecnologia Conectando o \u00c1udio e a M\u00fasica","publisher":{"@id":"https:\/\/kadoshmusic.com.br\/#organization"},"alternateName":"kadosh","potentialAction":[{"@type":"SearchAction","target":{"@type":"EntryPoint","urlTemplate":"https:\/\/kadoshmusic.com.br\/?s={search_term_string}"},"query-input":{"@type":"PropertyValueSpecification","valueRequired":true,"valueName":"search_term_string"}}],"inLanguage":"es"},{"@type":"Organization","@id":"https:\/\/kadoshmusic.com.br\/#organization","name":"kadosh music","url":"https:\/\/kadoshmusic.com.br\/","logo":{"@type":"ImageObject","inLanguage":"es","@id":"https:\/\/kadoshmusic.com.br\/#\/schema\/logo\/image\/","url":"https:\/\/kadoshmusic.com.br\/wp-content\/uploads\/2024\/06\/logo-principal-1024x450-1.webp","contentUrl":"https:\/\/kadoshmusic.com.br\/wp-content\/uploads\/2024\/06\/logo-principal-1024x450-1.webp","width":1024,"height":450,"caption":"kadosh music"},"image":{"@id":"https:\/\/kadoshmusic.com.br\/#\/schema\/logo\/image\/"},"sameAs":["https:\/\/www.facebook.com\/micskadosh"]}]}},"jetpack_sharing_enabled":true,"s_badge_disabled_all":false,"s_badge_single_active":false,"badge_type":"type_custom","badge_custom_set_date":false,"badge_initial_date":"","badge_end_date":"","badge_new_days":"","badge_lowstock_low":"","badge_lowstock_medium":"","badge_text":"","badge_text_size":"","badge_text_color":"","badge_bg_color":"","badge_style":"badge_default","badge_position":"position_tl","_links":{"self":[{"href":"https:\/\/kadoshmusic.com.br\/es\/wp-json\/wp\/v2\/product\/15897","targetHints":{"allow":["GET"]}}],"collection":[{"href":"https:\/\/kadoshmusic.com.br\/es\/wp-json\/wp\/v2\/product"}],"about":[{"href":"https:\/\/kadoshmusic.com.br\/es\/wp-json\/wp\/v2\/types\/product"}],"version-history":[{"count":3,"href":"https:\/\/kadoshmusic.com.br\/es\/wp-json\/wp\/v2\/product\/15897\/revisions"}],"predecessor-version":[{"id":15909,"href":"https:\/\/kadoshmusic.com.br\/es\/wp-json\/wp\/v2\/product\/15897\/revisions\/15909"}],"wp:featuredmedia":[{"embeddable":true,"href":"https:\/\/kadoshmusic.com.br\/es\/wp-json\/wp\/v2\/media\/15899"}],"wp:attachment":[{"href":"https:\/\/kadoshmusic.com.br\/es\/wp-json\/wp\/v2\/media?parent=15897"}],"wp:term":[{"taxonomy":"product_cat","embeddable":true,"href":"https:\/\/kadoshmusic.com.br\/es\/wp-json\/wp\/v2\/product_cat?post=15897"},{"taxonomy":"product_tag","embeddable":true,"href":"https:\/\/kadoshmusic.com.br\/es\/wp-json\/wp\/v2\/product_tag?post=15897"}],"curies":[{"name":"wp","href":"https:\/\/api.w.org\/{rel}","templated":true}]}}