{"id":15856,"date":"2024-05-21T08:45:00","date_gmt":"2024-05-21T11:45:00","guid":{"rendered":"https:\/\/kadoshmusic.com.br\/?post_type=product&#038;p=15856"},"modified":"2025-07-22T14:57:56","modified_gmt":"2025-07-22T17:57:56","slug":"k820in","status":"publish","type":"product","link":"https:\/\/kadoshmusic.com.br\/es\/product\/k820in\/","title":{"rendered":"K820in"},"content":{"rendered":"<p><strong>Sistema de monitorizaci\u00f3n dual de alta definici\u00f3n<\/strong><br \/>\nEl K820IN es la evoluci\u00f3n del K810IN, un sistema de monitorizaci\u00f3n intraauricular inal\u00e1mbrico dual que ocupa una sola unidad de rack y ofrece audio profesional de alta calidad con latencia ultrabaja y tecnolog\u00eda de transmisi\u00f3n precisa. Ideal para m\u00fasicos, t\u00e9cnicos de sonido y profesionales del escenario que necesitan monitorizar dos canales independientes al mismo tiempo, con claridad y fiabilidad. Si busca flexibilidad, separaci\u00f3n de se\u00f1ales y practicidad en un solo sistema, el K820IN es la elecci\u00f3n correcta.<\/p>\n<p><strong>Aspectos t\u00e9cnicos destacados:<\/strong><\/p>\n<p><strong>Doble monitorizaci\u00f3n personal y dual-mono<\/strong><\/p>\n<p>Lo mejor del K820IN es su modo de usuario dual, que le permite utilizar dos canales de monitorizaci\u00f3n independientes en un solo receptor con ajustes independientes y mono dual independiente - ideal para situaciones en las que dos m\u00fasicos comparten el mismo sistema, o cuando necesita escuchar dos fuentes diferentes por separado.<\/p>\n<p><strong>Transmisi\u00f3n estable y de alta calidad<\/strong><\/p>\n<p>&#8211; Modula\u00e7\u00e3o 4-DQPSK para maior resist\u00eancia a interfer\u00eancias e muito mais estabilidade em longas dist\u00e2ncias.<br \/>\n&#8211; Taxa de amostragem de 48 KHz<br \/>\n&#8211; Taxa de transmiss\u00e3o de 204,8 kbps<br \/>\n&#8211; Sync por IR<br \/>\n&#8211; Bluetooth para recebimento de m\u00fasica em dispositivo externo<br \/>\n&#8211; Faixa din\u00e2mica: superior a 90 dB<br \/>\n&#8211; Distor\u00e7\u00e3o harm\u00f4nica: inferior a 0,1%<br \/>\n&#8211; Tempo de atraso da transmiss\u00e3o: inferior a 3 ms<br \/>\n&#8211; Resposta de frequ\u00eancia (RX): 30Hz a 20KHz<\/p>\n<p>Isso significa uma monitora\u00e7\u00e3o clara, precisa e sem ru\u00eddos indesejados \u2014 mesmo em ambientes exigentes. Resultados: \u00e1udio limpo, detalhado e confi\u00e1vel.<\/p>\n<p><strong>ID \u00fanico por dispositivo<\/strong><br \/>\nCada unidad K820IN tiene una direcci\u00f3n ID \u00fanica, lo que garantiza la seguridad, el emparejamiento dedicado y la estabilidad incluso con varios sistemas funcionando simult\u00e1neamente.<\/p>","protected":false},"excerpt":{"rendered":"<p>Sistema de Monitoramento Duplo com Alta Defini\u00e7\u00e3o O K820IN \u00e9 a evolu\u00e7\u00e3o do K810IN \u2014 um sistema de monitoramento in-ear sem fio duplo que ocupa apenas<span class=\"excerpt-hellip\"> [...]<\/span><\/p>","protected":false},"featured_media":15929,"template":"","meta":{"content-type":"","_vp_format_video_url":"","_vp_image_focal_point":[]},"product_cat":[101,107],"product_tag":[],"class_list":{"0":"post-15856","1":"product","2":"type-product","3":"status-publish","4":"has-post-thumbnail","6":"product_cat-sem-categoria","7":"product_cat-kadosh","9":"first","10":"instock","11":"shipping-taxable","12":"purchasable","13":"product-type-simple"},"yoast_head":"<!-- This site is optimized with the Yoast SEO Premium plugin v22.9 (Yoast SEO v24.0) - https:\/\/yoast.com\/wordpress\/plugins\/seo\/ -->\n<title>K820in - Kadosh Music<\/title>\n<meta name=\"robots\" content=\"index, follow, max-snippet:-1, max-image-preview:large, max-video-preview:-1\" \/>\n<link rel=\"canonical\" href=\"https:\/\/kadoshmusic.com.br\/es\/product\/k820in\/\" \/>\n<meta property=\"og:locale\" content=\"es_ES\" \/>\n<meta property=\"og:type\" content=\"article\" \/>\n<meta property=\"og:title\" content=\"K820in\" \/>\n<meta property=\"og:description\" content=\"Sistema de Monitoramento Duplo com Alta Defini\u00e7\u00e3o O K820IN \u00e9 a evolu\u00e7\u00e3o do K810IN \u2014 um sistema de monitoramento in-ear sem fio duplo que ocupa apenas [\u2026]\" \/>\n<meta property=\"og:url\" content=\"https:\/\/kadoshmusic.com.br\/es\/product\/k820in\/\" \/>\n<meta property=\"og:site_name\" content=\"Kadosh Music\" \/>\n<meta property=\"article:publisher\" content=\"https:\/\/www.facebook.com\/micskadosh\" \/>\n<meta property=\"article:modified_time\" content=\"2025-07-22T17:57:56+00:00\" \/>\n<meta property=\"og:image\" content=\"https:\/\/kadoshmusic.com.br\/wp-content\/uploads\/2024\/05\/K820in-1.png\" \/>\n\t<meta property=\"og:image:width\" content=\"1080\" \/>\n\t<meta property=\"og:image:height\" content=\"1080\" \/>\n\t<meta property=\"og:image:type\" content=\"image\/png\" \/>\n<meta name=\"twitter:card\" content=\"summary_large_image\" \/>\n<meta name=\"twitter:label1\" content=\"Est. reading time\" \/>\n\t<meta name=\"twitter:data1\" content=\"2 minutos\" \/>\n<script type=\"application\/ld+json\" class=\"yoast-schema-graph\">{\"@context\":\"https:\/\/schema.org\",\"@graph\":[{\"@type\":\"WebPage\",\"@id\":\"https:\/\/kadoshmusic.com.br\/produto\/k820in\/\",\"url\":\"https:\/\/kadoshmusic.com.br\/produto\/k820in\/\",\"name\":\"K820in - Kadosh Music\",\"isPartOf\":{\"@id\":\"https:\/\/kadoshmusic.com.br\/#website\"},\"primaryImageOfPage\":{\"@id\":\"https:\/\/kadoshmusic.com.br\/produto\/k820in\/#primaryimage\"},\"image\":{\"@id\":\"https:\/\/kadoshmusic.com.br\/produto\/k820in\/#primaryimage\"},\"thumbnailUrl\":\"https:\/\/kadoshmusic.com.br\/wp-content\/uploads\/2024\/05\/K820in-1.png\",\"datePublished\":\"2024-05-21T11:45:00+00:00\",\"dateModified\":\"2025-07-22T17:57:56+00:00\",\"breadcrumb\":{\"@id\":\"https:\/\/kadoshmusic.com.br\/produto\/k820in\/#breadcrumb\"},\"inLanguage\":\"es\",\"potentialAction\":[{\"@type\":\"ReadAction\",\"target\":[\"https:\/\/kadoshmusic.com.br\/produto\/k820in\/\"]}]},{\"@type\":\"ImageObject\",\"inLanguage\":\"es\",\"@id\":\"https:\/\/kadoshmusic.com.br\/produto\/k820in\/#primaryimage\",\"url\":\"https:\/\/kadoshmusic.com.br\/wp-content\/uploads\/2024\/05\/K820in-1.png\",\"contentUrl\":\"https:\/\/kadoshmusic.com.br\/wp-content\/uploads\/2024\/05\/K820in-1.png\",\"width\":1080,\"height\":1080},{\"@type\":\"BreadcrumbList\",\"@id\":\"https:\/\/kadoshmusic.com.br\/produto\/k820in\/#breadcrumb\",\"itemListElement\":[{\"@type\":\"ListItem\",\"position\":1,\"name\":\"Home\",\"item\":\"https:\/\/kadoshmusic.com.br\/\"},{\"@type\":\"ListItem\",\"position\":2,\"name\":\"Shop\",\"item\":\"https:\/\/kadoshmusic.com.br\/shop\/\"},{\"@type\":\"ListItem\",\"position\":3,\"name\":\"K820in\"}]},{\"@type\":\"WebSite\",\"@id\":\"https:\/\/kadoshmusic.com.br\/#website\",\"url\":\"https:\/\/kadoshmusic.com.br\/\",\"name\":\"Kadosh Music\",\"description\":\"A Tecnologia Conectando o \u00c1udio e a M\u00fasica\",\"publisher\":{\"@id\":\"https:\/\/kadoshmusic.com.br\/#organization\"},\"alternateName\":\"kadosh\",\"potentialAction\":[{\"@type\":\"SearchAction\",\"target\":{\"@type\":\"EntryPoint\",\"urlTemplate\":\"https:\/\/kadoshmusic.com.br\/?s={search_term_string}\"},\"query-input\":{\"@type\":\"PropertyValueSpecification\",\"valueRequired\":true,\"valueName\":\"search_term_string\"}}],\"inLanguage\":\"es\"},{\"@type\":\"Organization\",\"@id\":\"https:\/\/kadoshmusic.com.br\/#organization\",\"name\":\"kadosh music\",\"url\":\"https:\/\/kadoshmusic.com.br\/\",\"logo\":{\"@type\":\"ImageObject\",\"inLanguage\":\"es\",\"@id\":\"https:\/\/kadoshmusic.com.br\/#\/schema\/logo\/image\/\",\"url\":\"https:\/\/kadoshmusic.com.br\/wp-content\/uploads\/2024\/06\/logo-principal-1024x450-1.webp\",\"contentUrl\":\"https:\/\/kadoshmusic.com.br\/wp-content\/uploads\/2024\/06\/logo-principal-1024x450-1.webp\",\"width\":1024,\"height\":450,\"caption\":\"kadosh music\"},\"image\":{\"@id\":\"https:\/\/kadoshmusic.com.br\/#\/schema\/logo\/image\/\"},\"sameAs\":[\"https:\/\/www.facebook.com\/micskadosh\"]}]}<\/script>\n<!-- \/ Yoast SEO Premium plugin. -->","yoast_head_json":{"title":"K820in - Kadosh Music","robots":{"index":"index","follow":"follow","max-snippet":"max-snippet:-1","max-image-preview":"max-image-preview:large","max-video-preview":"max-video-preview:-1"},"canonical":"https:\/\/kadoshmusic.com.br\/es\/product\/k820in\/","og_locale":"es_ES","og_type":"article","og_title":"K820in","og_description":"Sistema de Monitoramento Duplo com Alta Defini\u00e7\u00e3o O K820IN \u00e9 a evolu\u00e7\u00e3o do K810IN \u2014 um sistema de monitoramento in-ear sem fio duplo que ocupa apenas [\u2026]","og_url":"https:\/\/kadoshmusic.com.br\/es\/product\/k820in\/","og_site_name":"Kadosh Music","article_publisher":"https:\/\/www.facebook.com\/micskadosh","article_modified_time":"2025-07-22T17:57:56+00:00","og_image":[{"width":1080,"height":1080,"url":"https:\/\/kadoshmusic.com.br\/wp-content\/uploads\/2024\/05\/K820in-1.png","type":"image\/png"}],"twitter_card":"summary_large_image","twitter_misc":{"Est. reading time":"2 minutos"},"schema":{"@context":"https:\/\/schema.org","@graph":[{"@type":"WebPage","@id":"https:\/\/kadoshmusic.com.br\/produto\/k820in\/","url":"https:\/\/kadoshmusic.com.br\/produto\/k820in\/","name":"K820in - Kadosh Music","isPartOf":{"@id":"https:\/\/kadoshmusic.com.br\/#website"},"primaryImageOfPage":{"@id":"https:\/\/kadoshmusic.com.br\/produto\/k820in\/#primaryimage"},"image":{"@id":"https:\/\/kadoshmusic.com.br\/produto\/k820in\/#primaryimage"},"thumbnailUrl":"https:\/\/kadoshmusic.com.br\/wp-content\/uploads\/2024\/05\/K820in-1.png","datePublished":"2024-05-21T11:45:00+00:00","dateModified":"2025-07-22T17:57:56+00:00","breadcrumb":{"@id":"https:\/\/kadoshmusic.com.br\/produto\/k820in\/#breadcrumb"},"inLanguage":"es","potentialAction":[{"@type":"ReadAction","target":["https:\/\/kadoshmusic.com.br\/produto\/k820in\/"]}]},{"@type":"ImageObject","inLanguage":"es","@id":"https:\/\/kadoshmusic.com.br\/produto\/k820in\/#primaryimage","url":"https:\/\/kadoshmusic.com.br\/wp-content\/uploads\/2024\/05\/K820in-1.png","contentUrl":"https:\/\/kadoshmusic.com.br\/wp-content\/uploads\/2024\/05\/K820in-1.png","width":1080,"height":1080},{"@type":"BreadcrumbList","@id":"https:\/\/kadoshmusic.com.br\/produto\/k820in\/#breadcrumb","itemListElement":[{"@type":"ListItem","position":1,"name":"Home","item":"https:\/\/kadoshmusic.com.br\/"},{"@type":"ListItem","position":2,"name":"Shop","item":"https:\/\/kadoshmusic.com.br\/shop\/"},{"@type":"ListItem","position":3,"name":"K820in"}]},{"@type":"WebSite","@id":"https:\/\/kadoshmusic.com.br\/#website","url":"https:\/\/kadoshmusic.com.br\/","name":"Kadosh Music","description":"A Tecnologia Conectando o \u00c1udio e a M\u00fasica","publisher":{"@id":"https:\/\/kadoshmusic.com.br\/#organization"},"alternateName":"kadosh","potentialAction":[{"@type":"SearchAction","target":{"@type":"EntryPoint","urlTemplate":"https:\/\/kadoshmusic.com.br\/?s={search_term_string}"},"query-input":{"@type":"PropertyValueSpecification","valueRequired":true,"valueName":"search_term_string"}}],"inLanguage":"es"},{"@type":"Organization","@id":"https:\/\/kadoshmusic.com.br\/#organization","name":"kadosh music","url":"https:\/\/kadoshmusic.com.br\/","logo":{"@type":"ImageObject","inLanguage":"es","@id":"https:\/\/kadoshmusic.com.br\/#\/schema\/logo\/image\/","url":"https:\/\/kadoshmusic.com.br\/wp-content\/uploads\/2024\/06\/logo-principal-1024x450-1.webp","contentUrl":"https:\/\/kadoshmusic.com.br\/wp-content\/uploads\/2024\/06\/logo-principal-1024x450-1.webp","width":1024,"height":450,"caption":"kadosh music"},"image":{"@id":"https:\/\/kadoshmusic.com.br\/#\/schema\/logo\/image\/"},"sameAs":["https:\/\/www.facebook.com\/micskadosh"]}]}},"jetpack_sharing_enabled":true,"s_badge_disabled_all":false,"s_badge_single_active":false,"badge_type":"type_custom","badge_custom_set_date":false,"badge_initial_date":"","badge_end_date":"","badge_new_days":"","badge_lowstock_low":"","badge_lowstock_medium":"","badge_text":"","badge_text_size":"","badge_text_color":"","badge_bg_color":"","badge_style":"badge_default","badge_position":"position_tl","_links":{"self":[{"href":"https:\/\/kadoshmusic.com.br\/es\/wp-json\/wp\/v2\/product\/15856","targetHints":{"allow":["GET"]}}],"collection":[{"href":"https:\/\/kadoshmusic.com.br\/es\/wp-json\/wp\/v2\/product"}],"about":[{"href":"https:\/\/kadoshmusic.com.br\/es\/wp-json\/wp\/v2\/types\/product"}],"version-history":[{"count":4,"href":"https:\/\/kadoshmusic.com.br\/es\/wp-json\/wp\/v2\/product\/15856\/revisions"}],"predecessor-version":[{"id":15906,"href":"https:\/\/kadoshmusic.com.br\/es\/wp-json\/wp\/v2\/product\/15856\/revisions\/15906"}],"wp:featuredmedia":[{"embeddable":true,"href":"https:\/\/kadoshmusic.com.br\/es\/wp-json\/wp\/v2\/media\/15929"}],"wp:attachment":[{"href":"https:\/\/kadoshmusic.com.br\/es\/wp-json\/wp\/v2\/media?parent=15856"}],"wp:term":[{"taxonomy":"product_cat","embeddable":true,"href":"https:\/\/kadoshmusic.com.br\/es\/wp-json\/wp\/v2\/product_cat?post=15856"},{"taxonomy":"product_tag","embeddable":true,"href":"https:\/\/kadoshmusic.com.br\/es\/wp-json\/wp\/v2\/product_tag?post=15856"}],"curies":[{"name":"wp","href":"https:\/\/api.w.org\/{rel}","templated":true}]}}