{"id":15848,"date":"2024-05-21T08:44:52","date_gmt":"2024-05-21T11:44:52","guid":{"rendered":"https:\/\/kadoshmusic.com.br\/?post_type=product&#038;p=15848"},"modified":"2026-03-25T11:38:18","modified_gmt":"2026-03-25T14:38:18","slug":"k810in","status":"publish","type":"product","link":"https:\/\/kadoshmusic.com.br\/es\/product\/k810in\/","title":{"rendered":"K810in"},"content":{"rendered":"<div>O <strong>K810IN<\/strong> es un sistema de monitorizaci\u00f3n intraauricular inal\u00e1mbrico mono dual dise\u00f1ado para ofrecer un audio preciso, fiable y de alta definici\u00f3n en cualquier entorno profesional. Ideal para m\u00fasicos, t\u00e9cnicos de sonido, presentadores y operadores que exigen calidad de sonido, baja latencia y total libertad de movimientos en el escenario o el estudio.<\/div>\n<div>\n<p><strong>Aspectos t\u00e9cnicos destacados:<\/strong><\/p>\n<\/div>\n<div>Calidad de audio profesional Con una frecuencia de muestreo de 48KHz y una transmisi\u00f3n de 204,8 kbps, el Kadosh K810IN ofrece un sonido limpio y detallado con una amplia respuesta en frecuencia de 30Hz a 20KHz en el receptor.<\/div>\n<div>\n<p><strong>Dual Mono:<\/strong><\/p>\n<\/div>\n<div>La alternativa inteligente a la monitorizaci\u00f3n est\u00e9reo completa. Para los m\u00fasicos que necesitan una separaci\u00f3n clara entre dos se\u00f1ales -como el clic y la voz, o un instrumento que requerir\u00eda una imagen est\u00e9reo- pero no disponen del presupuesto para sistemas est\u00e9reo avanzados, el <strong>K810IN<\/strong> con doble entrada mono es la soluci\u00f3n ideal. Aunque funciona en modo mono, el sistema permite enviar dos se\u00f1ales diferentes por separado (una en cada canal del transmisor). De esta forma, el m\u00fasico puede escuchar, por ejemplo, el tono de la guitarra sin cancelaciones, lo que facilita la percepci\u00f3n de cada elemento individual en el escenario. La mezcla se realiza externamente (en la mesa o en el transmisor a trav\u00e9s de los mandos de ajuste de volumen del panel trasero), y el usuario escucha las dos se\u00f1ales simult\u00e1neamente y por separado, sin necesidad de invertir en receptores est\u00e9reo m\u00e1s caros. Con este <strong>K810IN<\/strong> ofrece una experiencia casi est\u00e9reo con un coste reducido y un funcionamiento sencillo.<\/div>\n<div><strong>Conexi\u00f3n estable y flexible<\/strong><\/div>\n<div>Disponible en dos bandas de frecuencia:<\/div>\n<div><strong>B5<\/strong>: 560-590 MHz<\/div>\n<div><strong>B6<\/strong>640-664,75 MHz<\/div>\n<div>Con 50 frecuencias seleccionables, el sistema garantiza flexibilidad para entornos con m\u00faltiples canales de RF, evitando interferencias.<\/div>\n<div><\/div>\n<div>Latencia ultrabaja (&lt; 3 ms), ideal para actuaciones en directo en las que el tiempo de respuesta marca la diferencia. La transmisi\u00f3n casi en tiempo real proporciona confianza y precisi\u00f3n.<\/div>\n<div><\/div>\n<div>Distorsi\u00f3n arm\u00f3nica inferior a 0,1%<\/div>","protected":false},"excerpt":{"rendered":"<p>O K810IN \u00e9 um sistema de monitoramento in-ear sem fio dual-mono, projetado para oferecer \u00e1udio preciso, confi\u00e1vel e de alta defini\u00e7\u00e3o em qualquer ambiente profissional. Ideal<span class=\"excerpt-hellip\"> [...]<\/span><\/p>","protected":false},"featured_media":16433,"template":"","meta":{"content-type":"","_vp_format_video_url":"","_vp_image_focal_point":[]},"product_cat":[101,107],"product_tag":[],"class_list":{"0":"post-15848","1":"product","2":"type-product","3":"status-publish","4":"has-post-thumbnail","6":"product_cat-sem-categoria","7":"product_cat-kadosh","9":"first","10":"instock","11":"shipping-taxable","12":"purchasable","13":"product-type-simple"},"yoast_head":"<!-- This site is optimized with the Yoast SEO Premium plugin v22.9 (Yoast SEO v24.0) - https:\/\/yoast.com\/wordpress\/plugins\/seo\/ -->\n<title>K810in - Kadosh Music<\/title>\n<meta name=\"robots\" content=\"index, follow, max-snippet:-1, max-image-preview:large, max-video-preview:-1\" \/>\n<link rel=\"canonical\" href=\"https:\/\/kadoshmusic.com.br\/es\/product\/k810in\/\" \/>\n<meta property=\"og:locale\" content=\"es_ES\" \/>\n<meta property=\"og:type\" content=\"article\" \/>\n<meta property=\"og:title\" content=\"K810in\" \/>\n<meta property=\"og:description\" content=\"O K810IN \u00e9 um sistema de monitoramento in-ear sem fio dual-mono, projetado para oferecer \u00e1udio preciso, confi\u00e1vel e de alta defini\u00e7\u00e3o em qualquer ambiente profissional. Ideal [\u2026]\" \/>\n<meta property=\"og:url\" content=\"https:\/\/kadoshmusic.com.br\/es\/product\/k810in\/\" \/>\n<meta property=\"og:site_name\" content=\"Kadosh Music\" \/>\n<meta property=\"article:publisher\" content=\"https:\/\/www.facebook.com\/micskadosh\" \/>\n<meta property=\"article:modified_time\" content=\"2026-03-25T14:38:18+00:00\" \/>\n<meta property=\"og:image\" content=\"https:\/\/kadoshmusic.com.br\/wp-content\/uploads\/2024\/05\/k810in-1.png\" \/>\n\t<meta property=\"og:image:width\" content=\"1080\" \/>\n\t<meta property=\"og:image:height\" content=\"1080\" \/>\n\t<meta property=\"og:image:type\" content=\"image\/png\" \/>\n<meta name=\"twitter:card\" content=\"summary_large_image\" \/>\n<meta name=\"twitter:label1\" content=\"Est. reading time\" \/>\n\t<meta name=\"twitter:data1\" content=\"2 minutos\" \/>\n<script type=\"application\/ld+json\" class=\"yoast-schema-graph\">{\"@context\":\"https:\/\/schema.org\",\"@graph\":[{\"@type\":\"WebPage\",\"@id\":\"https:\/\/kadoshmusic.com.br\/produto\/k810in\/\",\"url\":\"https:\/\/kadoshmusic.com.br\/produto\/k810in\/\",\"name\":\"K810in - Kadosh Music\",\"isPartOf\":{\"@id\":\"https:\/\/kadoshmusic.com.br\/#website\"},\"primaryImageOfPage\":{\"@id\":\"https:\/\/kadoshmusic.com.br\/produto\/k810in\/#primaryimage\"},\"image\":{\"@id\":\"https:\/\/kadoshmusic.com.br\/produto\/k810in\/#primaryimage\"},\"thumbnailUrl\":\"https:\/\/kadoshmusic.com.br\/wp-content\/uploads\/2024\/05\/k810in-1.png\",\"datePublished\":\"2024-05-21T11:44:52+00:00\",\"dateModified\":\"2026-03-25T14:38:18+00:00\",\"breadcrumb\":{\"@id\":\"https:\/\/kadoshmusic.com.br\/produto\/k810in\/#breadcrumb\"},\"inLanguage\":\"es\",\"potentialAction\":[{\"@type\":\"ReadAction\",\"target\":[\"https:\/\/kadoshmusic.com.br\/produto\/k810in\/\"]}]},{\"@type\":\"ImageObject\",\"inLanguage\":\"es\",\"@id\":\"https:\/\/kadoshmusic.com.br\/produto\/k810in\/#primaryimage\",\"url\":\"https:\/\/kadoshmusic.com.br\/wp-content\/uploads\/2024\/05\/k810in-1.png\",\"contentUrl\":\"https:\/\/kadoshmusic.com.br\/wp-content\/uploads\/2024\/05\/k810in-1.png\",\"width\":1080,\"height\":1080},{\"@type\":\"BreadcrumbList\",\"@id\":\"https:\/\/kadoshmusic.com.br\/produto\/k810in\/#breadcrumb\",\"itemListElement\":[{\"@type\":\"ListItem\",\"position\":1,\"name\":\"Home\",\"item\":\"https:\/\/kadoshmusic.com.br\/\"},{\"@type\":\"ListItem\",\"position\":2,\"name\":\"Shop\",\"item\":\"https:\/\/kadoshmusic.com.br\/shop\/\"},{\"@type\":\"ListItem\",\"position\":3,\"name\":\"K810in\"}]},{\"@type\":\"WebSite\",\"@id\":\"https:\/\/kadoshmusic.com.br\/#website\",\"url\":\"https:\/\/kadoshmusic.com.br\/\",\"name\":\"Kadosh Music\",\"description\":\"A Tecnologia Conectando o \u00c1udio e a M\u00fasica\",\"publisher\":{\"@id\":\"https:\/\/kadoshmusic.com.br\/#organization\"},\"alternateName\":\"kadosh\",\"potentialAction\":[{\"@type\":\"SearchAction\",\"target\":{\"@type\":\"EntryPoint\",\"urlTemplate\":\"https:\/\/kadoshmusic.com.br\/?s={search_term_string}\"},\"query-input\":{\"@type\":\"PropertyValueSpecification\",\"valueRequired\":true,\"valueName\":\"search_term_string\"}}],\"inLanguage\":\"es\"},{\"@type\":\"Organization\",\"@id\":\"https:\/\/kadoshmusic.com.br\/#organization\",\"name\":\"kadosh music\",\"url\":\"https:\/\/kadoshmusic.com.br\/\",\"logo\":{\"@type\":\"ImageObject\",\"inLanguage\":\"es\",\"@id\":\"https:\/\/kadoshmusic.com.br\/#\/schema\/logo\/image\/\",\"url\":\"https:\/\/kadoshmusic.com.br\/wp-content\/uploads\/2024\/06\/logo-principal-1024x450-1.webp\",\"contentUrl\":\"https:\/\/kadoshmusic.com.br\/wp-content\/uploads\/2024\/06\/logo-principal-1024x450-1.webp\",\"width\":1024,\"height\":450,\"caption\":\"kadosh music\"},\"image\":{\"@id\":\"https:\/\/kadoshmusic.com.br\/#\/schema\/logo\/image\/\"},\"sameAs\":[\"https:\/\/www.facebook.com\/micskadosh\"]}]}<\/script>\n<!-- \/ Yoast SEO Premium plugin. -->","yoast_head_json":{"title":"K810in - Kadosh Music","robots":{"index":"index","follow":"follow","max-snippet":"max-snippet:-1","max-image-preview":"max-image-preview:large","max-video-preview":"max-video-preview:-1"},"canonical":"https:\/\/kadoshmusic.com.br\/es\/product\/k810in\/","og_locale":"es_ES","og_type":"article","og_title":"K810in","og_description":"O K810IN \u00e9 um sistema de monitoramento in-ear sem fio dual-mono, projetado para oferecer \u00e1udio preciso, confi\u00e1vel e de alta defini\u00e7\u00e3o em qualquer ambiente profissional. Ideal [\u2026]","og_url":"https:\/\/kadoshmusic.com.br\/es\/product\/k810in\/","og_site_name":"Kadosh Music","article_publisher":"https:\/\/www.facebook.com\/micskadosh","article_modified_time":"2026-03-25T14:38:18+00:00","og_image":[{"width":1080,"height":1080,"url":"https:\/\/kadoshmusic.com.br\/wp-content\/uploads\/2024\/05\/k810in-1.png","type":"image\/png"}],"twitter_card":"summary_large_image","twitter_misc":{"Est. reading time":"2 minutos"},"schema":{"@context":"https:\/\/schema.org","@graph":[{"@type":"WebPage","@id":"https:\/\/kadoshmusic.com.br\/produto\/k810in\/","url":"https:\/\/kadoshmusic.com.br\/produto\/k810in\/","name":"K810in - Kadosh Music","isPartOf":{"@id":"https:\/\/kadoshmusic.com.br\/#website"},"primaryImageOfPage":{"@id":"https:\/\/kadoshmusic.com.br\/produto\/k810in\/#primaryimage"},"image":{"@id":"https:\/\/kadoshmusic.com.br\/produto\/k810in\/#primaryimage"},"thumbnailUrl":"https:\/\/kadoshmusic.com.br\/wp-content\/uploads\/2024\/05\/k810in-1.png","datePublished":"2024-05-21T11:44:52+00:00","dateModified":"2026-03-25T14:38:18+00:00","breadcrumb":{"@id":"https:\/\/kadoshmusic.com.br\/produto\/k810in\/#breadcrumb"},"inLanguage":"es","potentialAction":[{"@type":"ReadAction","target":["https:\/\/kadoshmusic.com.br\/produto\/k810in\/"]}]},{"@type":"ImageObject","inLanguage":"es","@id":"https:\/\/kadoshmusic.com.br\/produto\/k810in\/#primaryimage","url":"https:\/\/kadoshmusic.com.br\/wp-content\/uploads\/2024\/05\/k810in-1.png","contentUrl":"https:\/\/kadoshmusic.com.br\/wp-content\/uploads\/2024\/05\/k810in-1.png","width":1080,"height":1080},{"@type":"BreadcrumbList","@id":"https:\/\/kadoshmusic.com.br\/produto\/k810in\/#breadcrumb","itemListElement":[{"@type":"ListItem","position":1,"name":"Home","item":"https:\/\/kadoshmusic.com.br\/"},{"@type":"ListItem","position":2,"name":"Shop","item":"https:\/\/kadoshmusic.com.br\/shop\/"},{"@type":"ListItem","position":3,"name":"K810in"}]},{"@type":"WebSite","@id":"https:\/\/kadoshmusic.com.br\/#website","url":"https:\/\/kadoshmusic.com.br\/","name":"Kadosh Music","description":"A Tecnologia Conectando o \u00c1udio e a M\u00fasica","publisher":{"@id":"https:\/\/kadoshmusic.com.br\/#organization"},"alternateName":"kadosh","potentialAction":[{"@type":"SearchAction","target":{"@type":"EntryPoint","urlTemplate":"https:\/\/kadoshmusic.com.br\/?s={search_term_string}"},"query-input":{"@type":"PropertyValueSpecification","valueRequired":true,"valueName":"search_term_string"}}],"inLanguage":"es"},{"@type":"Organization","@id":"https:\/\/kadoshmusic.com.br\/#organization","name":"kadosh music","url":"https:\/\/kadoshmusic.com.br\/","logo":{"@type":"ImageObject","inLanguage":"es","@id":"https:\/\/kadoshmusic.com.br\/#\/schema\/logo\/image\/","url":"https:\/\/kadoshmusic.com.br\/wp-content\/uploads\/2024\/06\/logo-principal-1024x450-1.webp","contentUrl":"https:\/\/kadoshmusic.com.br\/wp-content\/uploads\/2024\/06\/logo-principal-1024x450-1.webp","width":1024,"height":450,"caption":"kadosh music"},"image":{"@id":"https:\/\/kadoshmusic.com.br\/#\/schema\/logo\/image\/"},"sameAs":["https:\/\/www.facebook.com\/micskadosh"]}]}},"jetpack_sharing_enabled":true,"s_badge_disabled_all":false,"s_badge_single_active":false,"badge_type":"type_custom","badge_custom_set_date":false,"badge_initial_date":"","badge_end_date":"","badge_new_days":"","badge_lowstock_low":"","badge_lowstock_medium":"","badge_text":"","badge_text_size":"","badge_text_color":"","badge_bg_color":"","badge_style":"badge_default","badge_position":"position_tl","_links":{"self":[{"href":"https:\/\/kadoshmusic.com.br\/es\/wp-json\/wp\/v2\/product\/15848","targetHints":{"allow":["GET"]}}],"collection":[{"href":"https:\/\/kadoshmusic.com.br\/es\/wp-json\/wp\/v2\/product"}],"about":[{"href":"https:\/\/kadoshmusic.com.br\/es\/wp-json\/wp\/v2\/types\/product"}],"version-history":[{"count":4,"href":"https:\/\/kadoshmusic.com.br\/es\/wp-json\/wp\/v2\/product\/15848\/revisions"}],"predecessor-version":[{"id":15905,"href":"https:\/\/kadoshmusic.com.br\/es\/wp-json\/wp\/v2\/product\/15848\/revisions\/15905"}],"wp:featuredmedia":[{"embeddable":true,"href":"https:\/\/kadoshmusic.com.br\/es\/wp-json\/wp\/v2\/media\/16433"}],"wp:attachment":[{"href":"https:\/\/kadoshmusic.com.br\/es\/wp-json\/wp\/v2\/media?parent=15848"}],"wp:term":[{"taxonomy":"product_cat","embeddable":true,"href":"https:\/\/kadoshmusic.com.br\/es\/wp-json\/wp\/v2\/product_cat?post=15848"},{"taxonomy":"product_tag","embeddable":true,"href":"https:\/\/kadoshmusic.com.br\/es\/wp-json\/wp\/v2\/product_tag?post=15848"}],"curies":[{"name":"wp","href":"https:\/\/api.w.org\/{rel}","templated":true}]}}