{"id":15813,"date":"2024-05-21T08:47:27","date_gmt":"2024-05-21T11:47:27","guid":{"rendered":"https:\/\/kadoshmusic.com.br\/?post_type=product&#038;p=15813"},"modified":"2026-02-23T14:55:16","modified_gmt":"2026-02-23T17:55:16","slug":"k622m-k-comm","status":"publish","type":"product","link":"https:\/\/kadoshmusic.com.br\/es\/product\/k622m-k-comm\/","title":{"rendered":"K622M K COMM"},"content":{"rendered":"<h3><b>Micr\u00f3fono inal\u00e1mbrico UHF de doble brazo K622M<\/b><\/h3>\n<p><span style=\"font-weight: 400;\">El Kadosh K622M ofrece una transmisi\u00f3n excepcionalmente estable con tecnolog\u00eda UHF integrada y transmisi\u00f3n de audio digital (AF) y radiofrecuencia (RF). Su escaneo autom\u00e1tico de frecuencias y sus opciones de banda RF lo convierten en la opci\u00f3n ideal para los profesionales que valoran la alta calidad.<\/span><\/p>\n<p><span style=\"font-weight: 400;\">Con su patr\u00f3n polar cardioide cuidadosamente desarrollado, dos bastones, alcance ampliado de hasta 80 metros y tecnolog\u00eda TRUE DIVERSITY, el K622M garantiza un excelente rendimiento en una gran variedad de entornos. Con tecnolog\u00eda PLL para una sincronizaci\u00f3n de frecuencia precisa y encriptaci\u00f3n integrada para mayor seguridad, <\/span><span style=\"font-weight: 400;\">as\u00ed como una pantalla LCD para mostrar la frecuencia y los detalles del estado de la bater\u00eda, montaje en bastidor para una f\u00e1cil integraci\u00f3n en sistemas de audio profesionales y alimentaci\u00f3n mediante fuentes de alimentaci\u00f3n dedicadas, el Kadosh K622M es ideal para usted.<\/span><\/p>\n<p>&nbsp;<\/p>\n<h4>TRANSMISI\u00d3N DE AUDIO DE ALTA CALIDAD<\/h4>\n<p><span style=\"font-weight: 400;\">Equipado con una transmisi\u00f3n de audio digital de 24 bits y una frecuencia de muestreo de 48 kHz, el K622M convierte la se\u00f1al de audio en datos digitales con gran precisi\u00f3n y fidelidad, capturando con minucioso detalle lo necesario para una reproducci\u00f3n fiel del sonido. Esta alta resoluci\u00f3n y frecuencia de muestreo garantizan una calidad de audio con un amplio rango din\u00e1mico y una reproducci\u00f3n cristalina en todas las situaciones.<\/span><\/p>\n<p>&nbsp;<\/p>\n<h4>PANTALLA LCD COMPLETA EN EL M\u00c1STIL DEL MICR\u00d3FONO<\/h4>\n<p><span style=\"font-weight: 400;\">La pantalla LCD proporciona informaci\u00f3n precisa sobre la frecuencia seleccionada y el estado de la bater\u00eda, lo que permite un funcionamiento intuitivo y fluido.<\/span><\/p>\n<p>&nbsp;<\/p>\n<h4>BOT\u00d3N DE SILENCIO EN EL STICK<\/h4>\n<p><span style=\"font-weight: 400;\">Con el K622M, tienes control de silencio directamente desde el stick. Pulsando dos veces el bot\u00f3n, la pantalla indicar\u00e1 el estado MUTE. De este modo, no tendr\u00e1s que apagar el micr\u00f3fono cuando quieras silenciarlo o evitar ruidos molestos.<\/span><\/p>\n<p>&nbsp;<\/p>\n<h4>BAST\u00d3N ERGON\u00d3MICO Y ROBUSTO<\/h4>\n<p>O Kadosh K622M se destaca por seu bast\u00e3o ergon\u00f4mico e robusto, projetado para oferecer conforto e durabilidade ao usu\u00e1rio. O design ergon\u00f4mico reduz a tens\u00e3o no pulso e na m\u00e3o, permitindo longas sess\u00f5es de uso sem causar desconforto. Isso \u00e9 essencial para m\u00fasicos, palestrantes, pastores ou apresentadores que precisam segurar o microfone por per\u00edodos prolongados. Al\u00e9m disso, a constru\u00e7\u00e3o robusta garante que o bast\u00e3o resista ao uso di\u00e1rio, suportando quedas e impactos leves sem comprometer a qualidade ou o desempenho do microfone.<\/p>\n<p>O bast\u00e3o ergon\u00f4mico proporciona uma pegada firme e segura, evitando escorreg\u00f5es acidentais e oferecendo melhor controle durante apresenta\u00e7\u00f5es ao vivo ou grava\u00e7\u00f5es em est\u00fadio. Essa estabilidade e durabilidade tornam o K622M uma escolha confi\u00e1vel para quem busca um microfone que seja confort\u00e1vel de segurar e capaz de suportar o uso intenso.<\/p>\n<p>&nbsp;<\/p>\n<h4>C\u00c1PSULA<\/h4>\n<p><span style=\"font-weight: 400;\">El K622M integra una c\u00e1psula de alta sensibilidad que proporciona una reproducci\u00f3n de voz n\u00edtida. Su patr\u00f3n polar cardioide se centra en la parte frontal, bloqueando el ruido no deseado, ideal para entornos en los que la reducci\u00f3n del ruido es vital. Esta capacidad de aislamiento lo hace perfecto para situaciones en las que la claridad y la supresi\u00f3n de la realimentaci\u00f3n (reducci\u00f3n de microf\u00f3nicos) son esenciales.<\/span><\/p>\n<p>&nbsp;<\/p>\n<h4>FUNCIONAMIENTO CON PILAS AA<\/h4>\n<p>O K622M oferece a praticidade do funcionamento com pilhas AA, proporcionando mobilidade e flexibilidade para m\u00fasicos, apresentadores e palestrantes. Com uma dura\u00e7\u00e3o m\u00e9dia de 8 horas por par de pilhas, o K622M \u00e9 ideal para longas sess\u00f5es de grava\u00e7\u00e3o, shows ao vivo e eventos prolongados. A alimenta\u00e7\u00e3o por pilhas AA facilita a substitui\u00e7\u00e3o, eliminando a necessidade de baterias recarreg\u00e1veis ou carregadores, o que \u00e9 perfeito para profissionais em movimento.<\/p>\n<p>O uso de pilhas AA garante um desempenho est\u00e1vel e confi\u00e1vel, sem a necessidade de recargas frequentes. A troca das pilhas \u00e9 r\u00e1pida e simples, permitindo que o microfone retorne ao uso quase instantaneamente, evitando interrup\u00e7\u00f5es em sua performance ou grava\u00e7\u00e3o.<\/p>\n<p>&nbsp;<\/p>\n<h4>PREVENCI\u00d3N DE INTERFERENCIAS CON TECNOLOG\u00cdA DE TRANSMISI\u00d3N DIGITAL Y ESCANEO DE FRECUENCIAS<\/h4>\n<p><span style=\"font-weight: 400;\">Gracias a la tecnolog\u00eda de transmisi\u00f3n digital, que convierte y transmite el audio con eficacia y precisi\u00f3n, el K622M es m\u00e1s inmune a las interferencias externas. Adem\u00e1s, gracias a su exploraci\u00f3n autom\u00e1tica de frecuencias para seleccionar las mejores frecuencias disponibles de forma inteligente y r\u00e1pida, el micr\u00f3fono es capaz de evitar interferencias de otras fuentes de RF y garantizar una conexi\u00f3n sin ruidos ni interrupciones.<\/span><\/p>\n<p>&nbsp;<\/p>\n<h4>ENCRIPTACI\u00d3N INTEGRADA PARA GARANTIZAR TRANSMISIONES SEGURAS<\/h4>\n<p><span style=\"font-weight: 400;\">La K622M ofrece la m\u00e1xima protecci\u00f3n para sus datos gracias a la encriptaci\u00f3n integrada, que garantiza la seguridad de las transmisiones. Esta tecnolog\u00eda encripta los datos transmitidos, haci\u00e9ndolos inaccesibles a cualquier persona no autorizada, esencial para mantener la confidencialidad de la informaci\u00f3n en retransmisiones en directo o presentaciones corporativas.<\/span><\/p>\n<p><span style=\"font-weight: 400;\">Adem\u00e1s, su tecnolog\u00eda PLL (Phase-Locked Loop) permite una sincronizaci\u00f3n precisa de las frecuencias, garantizando un rendimiento impecable en cualquier escenario. Las opciones de banda RF ofrecen flexibilidad, permitiendo elegir la banda en funci\u00f3n de la disponibilidad de frecuencias en la regi\u00f3n, garantizando una cobertura completa y una conexi\u00f3n estable en diversas situaciones. El funcionamiento SYNC IR simplifica el proceso de inicializaci\u00f3n, garantizando una conexi\u00f3n r\u00e1pida y fiable entre el micr\u00f3fono y el receptor.<\/span><\/p>\n<p>&nbsp;<\/p>\n<h3>ASA DE CREMALLERA EST\u00c1NDAR<\/h3>\n<p>A al\u00e7a padr\u00e3o rack \u00e9 um acess\u00f3rio que permite fixar o receptor do K622 em racks profissionais, garantindo seguran\u00e7a e organiza\u00e7\u00e3o para o seu sistema de \u00e1udio. Com ela, voc\u00ea mant\u00e9m seu est\u00fadio ou espa\u00e7o de trabalho mais arrumado, liberando espa\u00e7o em bancadas e mesas, enquanto proporciona estabilidade para o receptor, especialmente \u00fatil em ambientes de alta vibra\u00e7\u00e3o como palcos e est\u00fadios. O design robusto da al\u00e7a garante a seguran\u00e7a do receptor sem afetar a acessibilidade para ajustes e configura\u00e7\u00f5es.<\/p>\n<p>A instala\u00e7\u00e3o \u00e9 simples e r\u00e1pida: basta posicionar o receptor do K622 no local desejado do rack, usar a al\u00e7a para fix\u00e1-lo e garantir que est\u00e1 bem apertado. Em seguida, conecte os cabos necess\u00e1rios para a opera\u00e7\u00e3o do receptor e teste para confirmar a estabilidade e a qualidade do som. Com essa al\u00e7a padr\u00e3o rack, o monitoramento do seu sistema de \u00e1udio se torna mais f\u00e1cil e eficaz, al\u00e9m de proporcionar uma maior organiza\u00e7\u00e3o ao seu espa\u00e7o de trabalho.<\/p>\n<p>&nbsp;<\/p>\n<p>&nbsp;<\/p>\n<h4>SALIDAS DE AUDIO<\/h4>\n<p><span style=\"font-weight: 400;\">El Kadosh K622M cuenta con dos salidas XLR balanceadas para una transmisi\u00f3n de audio precisa, y dos salidas para canales de comunicaci\u00f3n. Estos conectores garantizan una alta calidad desde la entrada hasta la salida del dispositivo, reduciendo el ruido y las interferencias. La salida Mix Out simplifica la conexi\u00f3n al combinar los dos canales de audio en un solo cable, garantizando la transmisi\u00f3n sin p\u00e9rdida de calidad.<\/span><\/p>\n<p>&nbsp;<\/p>\n<p>&nbsp;<\/p>\n<p>&nbsp;<\/p>","protected":false},"excerpt":{"rendered":"<p>Micr\u00f3fono inal\u00e1mbrico UHF Kadosh K622M Dual Stick El Kadosh K622M ofrece una transmisi\u00f3n excepcionalmente estable con tecnolog\u00eda UHF integrada y transmisi\u00f3n de audio digital (AF).<span class=\"excerpt-hellip\"> [...]<\/span><\/p>","protected":false},"featured_media":16346,"template":"","meta":{"content-type":"","_vp_format_video_url":"","_vp_image_focal_point":[]},"product_cat":[107,148],"product_tag":[],"class_list":{"0":"post-15813","1":"product","2":"type-product","3":"status-publish","4":"has-post-thumbnail","6":"product_cat-kadosh","7":"product_cat-microfones-sem-fio-uhf","9":"first","10":"instock","11":"shipping-taxable","12":"purchasable","13":"product-type-simple"},"yoast_head":"<!-- This site is optimized with the Yoast SEO Premium plugin v22.9 (Yoast SEO v24.0) - https:\/\/yoast.com\/wordpress\/plugins\/seo\/ -->\n<title>K622M K COMM - Kadosh Music<\/title>\n<meta name=\"robots\" content=\"index, follow, max-snippet:-1, max-image-preview:large, max-video-preview:-1\" \/>\n<link rel=\"canonical\" href=\"https:\/\/kadoshmusic.com.br\/es\/product\/k622m-k-comm\/\" \/>\n<meta property=\"og:locale\" content=\"es_ES\" \/>\n<meta property=\"og:type\" content=\"article\" \/>\n<meta property=\"og:title\" content=\"K622M K COMM\" \/>\n<meta property=\"og:description\" content=\"Microfone sem Fio UHF Bast\u00e3o Duplo K622M O Kadosh K622M oferece uma transmiss\u00e3o excepcionalmente est\u00e1vel com tecnologia UHF integrada e transmiss\u00e3o digital de \u00e1udio (AF) e [\u2026]\" \/>\n<meta property=\"og:url\" content=\"https:\/\/kadoshmusic.com.br\/es\/product\/k622m-k-comm\/\" \/>\n<meta property=\"og:site_name\" content=\"Kadosh Music\" \/>\n<meta property=\"article:publisher\" content=\"https:\/\/www.facebook.com\/micskadosh\" \/>\n<meta property=\"article:modified_time\" content=\"2026-02-23T17:55:16+00:00\" \/>\n<meta property=\"og:image\" content=\"https:\/\/kadoshmusic.com.br\/wp-content\/uploads\/2024\/05\/tb-2.png\" \/>\n\t<meta property=\"og:image:width\" content=\"1080\" \/>\n\t<meta property=\"og:image:height\" content=\"1080\" \/>\n\t<meta property=\"og:image:type\" content=\"image\/png\" \/>\n<meta name=\"twitter:card\" content=\"summary_large_image\" \/>\n<meta name=\"twitter:label1\" content=\"Est. reading time\" \/>\n\t<meta name=\"twitter:data1\" content=\"6 minutos\" \/>\n<script type=\"application\/ld+json\" class=\"yoast-schema-graph\">{\"@context\":\"https:\/\/schema.org\",\"@graph\":[{\"@type\":\"WebPage\",\"@id\":\"https:\/\/kadoshmusic.com.br\/produto\/k622m-k-comm\/\",\"url\":\"https:\/\/kadoshmusic.com.br\/produto\/k622m-k-comm\/\",\"name\":\"K622M K COMM - Kadosh Music\",\"isPartOf\":{\"@id\":\"https:\/\/kadoshmusic.com.br\/#website\"},\"primaryImageOfPage\":{\"@id\":\"https:\/\/kadoshmusic.com.br\/produto\/k622m-k-comm\/#primaryimage\"},\"image\":{\"@id\":\"https:\/\/kadoshmusic.com.br\/produto\/k622m-k-comm\/#primaryimage\"},\"thumbnailUrl\":\"https:\/\/kadoshmusic.com.br\/wp-content\/uploads\/2024\/05\/tb-2.png\",\"datePublished\":\"2024-05-21T11:47:27+00:00\",\"dateModified\":\"2026-02-23T17:55:16+00:00\",\"breadcrumb\":{\"@id\":\"https:\/\/kadoshmusic.com.br\/produto\/k622m-k-comm\/#breadcrumb\"},\"inLanguage\":\"es\",\"potentialAction\":[{\"@type\":\"ReadAction\",\"target\":[\"https:\/\/kadoshmusic.com.br\/produto\/k622m-k-comm\/\"]}]},{\"@type\":\"ImageObject\",\"inLanguage\":\"es\",\"@id\":\"https:\/\/kadoshmusic.com.br\/produto\/k622m-k-comm\/#primaryimage\",\"url\":\"https:\/\/kadoshmusic.com.br\/wp-content\/uploads\/2024\/05\/tb-2.png\",\"contentUrl\":\"https:\/\/kadoshmusic.com.br\/wp-content\/uploads\/2024\/05\/tb-2.png\",\"width\":1080,\"height\":1080},{\"@type\":\"BreadcrumbList\",\"@id\":\"https:\/\/kadoshmusic.com.br\/produto\/k622m-k-comm\/#breadcrumb\",\"itemListElement\":[{\"@type\":\"ListItem\",\"position\":1,\"name\":\"Home\",\"item\":\"https:\/\/kadoshmusic.com.br\/\"},{\"@type\":\"ListItem\",\"position\":2,\"name\":\"Shop\",\"item\":\"https:\/\/kadoshmusic.com.br\/shop\/\"},{\"@type\":\"ListItem\",\"position\":3,\"name\":\"K622M K COMM\"}]},{\"@type\":\"WebSite\",\"@id\":\"https:\/\/kadoshmusic.com.br\/#website\",\"url\":\"https:\/\/kadoshmusic.com.br\/\",\"name\":\"Kadosh Music\",\"description\":\"A Tecnologia Conectando o \u00c1udio e a M\u00fasica\",\"publisher\":{\"@id\":\"https:\/\/kadoshmusic.com.br\/#organization\"},\"alternateName\":\"kadosh\",\"potentialAction\":[{\"@type\":\"SearchAction\",\"target\":{\"@type\":\"EntryPoint\",\"urlTemplate\":\"https:\/\/kadoshmusic.com.br\/?s={search_term_string}\"},\"query-input\":{\"@type\":\"PropertyValueSpecification\",\"valueRequired\":true,\"valueName\":\"search_term_string\"}}],\"inLanguage\":\"es\"},{\"@type\":\"Organization\",\"@id\":\"https:\/\/kadoshmusic.com.br\/#organization\",\"name\":\"kadosh music\",\"url\":\"https:\/\/kadoshmusic.com.br\/\",\"logo\":{\"@type\":\"ImageObject\",\"inLanguage\":\"es\",\"@id\":\"https:\/\/kadoshmusic.com.br\/#\/schema\/logo\/image\/\",\"url\":\"https:\/\/kadoshmusic.com.br\/wp-content\/uploads\/2024\/06\/logo-principal-1024x450-1.webp\",\"contentUrl\":\"https:\/\/kadoshmusic.com.br\/wp-content\/uploads\/2024\/06\/logo-principal-1024x450-1.webp\",\"width\":1024,\"height\":450,\"caption\":\"kadosh music\"},\"image\":{\"@id\":\"https:\/\/kadoshmusic.com.br\/#\/schema\/logo\/image\/\"},\"sameAs\":[\"https:\/\/www.facebook.com\/micskadosh\"]}]}<\/script>\n<!-- \/ Yoast SEO Premium plugin. -->","yoast_head_json":{"title":"K622M K COMM - Kadosh Music","robots":{"index":"index","follow":"follow","max-snippet":"max-snippet:-1","max-image-preview":"max-image-preview:large","max-video-preview":"max-video-preview:-1"},"canonical":"https:\/\/kadoshmusic.com.br\/es\/product\/k622m-k-comm\/","og_locale":"es_ES","og_type":"article","og_title":"K622M K COMM","og_description":"Microfone sem Fio UHF Bast\u00e3o Duplo K622M O Kadosh K622M oferece uma transmiss\u00e3o excepcionalmente est\u00e1vel com tecnologia UHF integrada e transmiss\u00e3o digital de \u00e1udio (AF) e [\u2026]","og_url":"https:\/\/kadoshmusic.com.br\/es\/product\/k622m-k-comm\/","og_site_name":"Kadosh Music","article_publisher":"https:\/\/www.facebook.com\/micskadosh","article_modified_time":"2026-02-23T17:55:16+00:00","og_image":[{"width":1080,"height":1080,"url":"https:\/\/kadoshmusic.com.br\/wp-content\/uploads\/2024\/05\/tb-2.png","type":"image\/png"}],"twitter_card":"summary_large_image","twitter_misc":{"Est. reading time":"6 minutos"},"schema":{"@context":"https:\/\/schema.org","@graph":[{"@type":"WebPage","@id":"https:\/\/kadoshmusic.com.br\/produto\/k622m-k-comm\/","url":"https:\/\/kadoshmusic.com.br\/produto\/k622m-k-comm\/","name":"K622M K COMM - Kadosh Music","isPartOf":{"@id":"https:\/\/kadoshmusic.com.br\/#website"},"primaryImageOfPage":{"@id":"https:\/\/kadoshmusic.com.br\/produto\/k622m-k-comm\/#primaryimage"},"image":{"@id":"https:\/\/kadoshmusic.com.br\/produto\/k622m-k-comm\/#primaryimage"},"thumbnailUrl":"https:\/\/kadoshmusic.com.br\/wp-content\/uploads\/2024\/05\/tb-2.png","datePublished":"2024-05-21T11:47:27+00:00","dateModified":"2026-02-23T17:55:16+00:00","breadcrumb":{"@id":"https:\/\/kadoshmusic.com.br\/produto\/k622m-k-comm\/#breadcrumb"},"inLanguage":"es","potentialAction":[{"@type":"ReadAction","target":["https:\/\/kadoshmusic.com.br\/produto\/k622m-k-comm\/"]}]},{"@type":"ImageObject","inLanguage":"es","@id":"https:\/\/kadoshmusic.com.br\/produto\/k622m-k-comm\/#primaryimage","url":"https:\/\/kadoshmusic.com.br\/wp-content\/uploads\/2024\/05\/tb-2.png","contentUrl":"https:\/\/kadoshmusic.com.br\/wp-content\/uploads\/2024\/05\/tb-2.png","width":1080,"height":1080},{"@type":"BreadcrumbList","@id":"https:\/\/kadoshmusic.com.br\/produto\/k622m-k-comm\/#breadcrumb","itemListElement":[{"@type":"ListItem","position":1,"name":"Home","item":"https:\/\/kadoshmusic.com.br\/"},{"@type":"ListItem","position":2,"name":"Shop","item":"https:\/\/kadoshmusic.com.br\/shop\/"},{"@type":"ListItem","position":3,"name":"K622M K COMM"}]},{"@type":"WebSite","@id":"https:\/\/kadoshmusic.com.br\/#website","url":"https:\/\/kadoshmusic.com.br\/","name":"Kadosh Music","description":"A Tecnologia Conectando o \u00c1udio e a M\u00fasica","publisher":{"@id":"https:\/\/kadoshmusic.com.br\/#organization"},"alternateName":"kadosh","potentialAction":[{"@type":"SearchAction","target":{"@type":"EntryPoint","urlTemplate":"https:\/\/kadoshmusic.com.br\/?s={search_term_string}"},"query-input":{"@type":"PropertyValueSpecification","valueRequired":true,"valueName":"search_term_string"}}],"inLanguage":"es"},{"@type":"Organization","@id":"https:\/\/kadoshmusic.com.br\/#organization","name":"kadosh music","url":"https:\/\/kadoshmusic.com.br\/","logo":{"@type":"ImageObject","inLanguage":"es","@id":"https:\/\/kadoshmusic.com.br\/#\/schema\/logo\/image\/","url":"https:\/\/kadoshmusic.com.br\/wp-content\/uploads\/2024\/06\/logo-principal-1024x450-1.webp","contentUrl":"https:\/\/kadoshmusic.com.br\/wp-content\/uploads\/2024\/06\/logo-principal-1024x450-1.webp","width":1024,"height":450,"caption":"kadosh music"},"image":{"@id":"https:\/\/kadoshmusic.com.br\/#\/schema\/logo\/image\/"},"sameAs":["https:\/\/www.facebook.com\/micskadosh"]}]}},"jetpack_sharing_enabled":true,"s_badge_disabled_all":false,"s_badge_single_active":false,"badge_type":"type_custom","badge_custom_set_date":false,"badge_initial_date":"","badge_end_date":"","badge_new_days":"","badge_lowstock_low":"","badge_lowstock_medium":"","badge_text":"","badge_text_size":"","badge_text_color":"","badge_bg_color":"","badge_style":"badge_default","badge_position":"position_tl","_links":{"self":[{"href":"https:\/\/kadoshmusic.com.br\/es\/wp-json\/wp\/v2\/product\/15813","targetHints":{"allow":["GET"]}}],"collection":[{"href":"https:\/\/kadoshmusic.com.br\/es\/wp-json\/wp\/v2\/product"}],"about":[{"href":"https:\/\/kadoshmusic.com.br\/es\/wp-json\/wp\/v2\/types\/product"}],"version-history":[{"count":1,"href":"https:\/\/kadoshmusic.com.br\/es\/wp-json\/wp\/v2\/product\/15813\/revisions"}],"predecessor-version":[{"id":15821,"href":"https:\/\/kadoshmusic.com.br\/es\/wp-json\/wp\/v2\/product\/15813\/revisions\/15821"}],"wp:featuredmedia":[{"embeddable":true,"href":"https:\/\/kadoshmusic.com.br\/es\/wp-json\/wp\/v2\/media\/16346"}],"wp:attachment":[{"href":"https:\/\/kadoshmusic.com.br\/es\/wp-json\/wp\/v2\/media?parent=15813"}],"wp:term":[{"taxonomy":"product_cat","embeddable":true,"href":"https:\/\/kadoshmusic.com.br\/es\/wp-json\/wp\/v2\/product_cat?post=15813"},{"taxonomy":"product_tag","embeddable":true,"href":"https:\/\/kadoshmusic.com.br\/es\/wp-json\/wp\/v2\/product_tag?post=15813"}],"curies":[{"name":"wp","href":"https:\/\/api.w.org\/{rel}","templated":true}]}}