{"id":14987,"date":"2024-05-21T08:46:06","date_gmt":"2024-05-21T11:46:06","guid":{"rendered":"https:\/\/kadoshmusic.com.br\/?post_type=product&#038;p=14987"},"modified":"2025-05-16T17:57:10","modified_gmt":"2025-05-16T20:57:10","slug":"microfone-sem-fio-digital-622h","status":"publish","type":"product","link":"https:\/\/kadoshmusic.com.br\/es\/product\/microfone-sem-fio-digital-622h\/","title":{"rendered":"K622H"},"content":{"rendered":"<p>Nuestro K622, independientemente de la versi\u00f3n M, H o C, tiene una transmisi\u00f3n AF digital de 48KHz Sample Rate \/ 24bit Rate, es decir, una resoluci\u00f3n acorde con los est\u00e1ndares de los sistemas profesionales. El procesamiento de RF (Radiofrecuencia) tambi\u00e9n es digital, lo que hace que la comunicaci\u00f3n entre Tx y Rx sea mucho m\u00e1s estable, ya que esta comunicaci\u00f3n se realiza en bits.<\/p>\n<p><b>Sistema inal\u00e1mbrico UHF<\/b><\/p>\n<p><img fetchpriority=\"high\" decoding=\"async\" class=\"wp-image-15313 size-full aligncenter\" src=\"https:\/\/kadoshmusic.com.br\/wp-content\/uploads\/2024\/05\/K622H-1.png\" alt=\"\" width=\"1080\" height=\"1080\" srcset=\"https:\/\/kadoshmusic.com.br\/wp-content\/uploads\/2024\/05\/K622H-1.png 1080w, https:\/\/kadoshmusic.com.br\/wp-content\/uploads\/2024\/05\/K622H-1-300x300.png 300w, https:\/\/kadoshmusic.com.br\/wp-content\/uploads\/2024\/05\/K622H-1-1024x1024.png 1024w, https:\/\/kadoshmusic.com.br\/wp-content\/uploads\/2024\/05\/K622H-1-150x150.png 150w, https:\/\/kadoshmusic.com.br\/wp-content\/uploads\/2024\/05\/K622H-1-768x768.png 768w, https:\/\/kadoshmusic.com.br\/wp-content\/uploads\/2024\/05\/K622H-1-40x40.png 40w, https:\/\/kadoshmusic.com.br\/wp-content\/uploads\/2024\/05\/K622H-1-132x132.png 132w, https:\/\/kadoshmusic.com.br\/wp-content\/uploads\/2024\/05\/K622H-1-500x500.png 500w, https:\/\/kadoshmusic.com.br\/wp-content\/uploads\/2024\/05\/K622H-1-800x800.png 800w, https:\/\/kadoshmusic.com.br\/wp-content\/uploads\/2024\/05\/K622H-1-75x75.png 75w, https:\/\/kadoshmusic.com.br\/wp-content\/uploads\/2024\/05\/K622H-1-480x480.png 480w, https:\/\/kadoshmusic.com.br\/wp-content\/uploads\/2024\/05\/K622H-1-400x400.png 400w, https:\/\/kadoshmusic.com.br\/wp-content\/uploads\/2024\/05\/K622H-1-600x600.png 600w\" sizes=\"(max-width:767px) 480px, (max-width:1080px) 100vw, 1080px\" \/><\/p>\n<p>&nbsp;<\/p>\n<p>El Kadosh K622H ofrece una transmisi\u00f3n excepcionalmente estable con tecnolog\u00eda UHF integrada y transmisi\u00f3n de audio digital (AF) y radiofrecuencia (RF). Su escaneo autom\u00e1tico de frecuencias y sus opciones de banda RF lo convierten en la opci\u00f3n ideal para los profesionales que valoran la alta calidad.<\/p>\n<p>Con su patr\u00f3n polar cardioide cuidadosamente desarrollado, sus dos polos, su alcance ampliado de hasta 80 metros y la tecnolog\u00eda TRUE DIVERSITY, el K622H garantiza un excelente rendimiento en una gran variedad de entornos. Con tecnolog\u00eda PLL para una sincronizaci\u00f3n precisa de las frecuencias y encriptaci\u00f3n integrada para mayor seguridad, as\u00ed como una pantalla LCD para mostrar los detalles de las frecuencias y el estado de la bater\u00eda, montaje en rack para una f\u00e1cil integraci\u00f3n en sistemas de audio profesionales y alimentaci\u00f3n mediante fuentes de alimentaci\u00f3n dedicadas, el Kadosh K622H es ideal para usted.<\/p>\n<p>&nbsp;<\/p>\n<p>&nbsp;<\/p>\n<p><strong>TRANSMISI\u00d3N DE AUDIO DE ALTA CALIDAD<\/strong><\/p>\n<p>&nbsp;<\/p>\n<p>Equipado con una transmisi\u00f3n de audio digital de 24 bits y una frecuencia de muestreo de 48 kHz, el K622H convierte la se\u00f1al de audio en datos digitales con gran precisi\u00f3n y fidelidad, capturando con minucioso detalle lo necesario para una reproducci\u00f3n fiel del sonido. Esta alta resoluci\u00f3n y frecuencia de muestreo garantizan una calidad de audio con un amplio rango din\u00e1mico y una reproducci\u00f3n cristalina en todas las situaciones.<br \/>\n<img decoding=\"async\" class=\"aligncenter wp-image-14992\" src=\"https:\/\/kadoshmusic.com.br\/wp-content\/uploads\/2025\/02\/K622H_a.png\" alt=\"\" width=\"1619\" height=\"882\" srcset=\"https:\/\/kadoshmusic.com.br\/wp-content\/uploads\/2025\/02\/K622H_a.png 5408w, https:\/\/kadoshmusic.com.br\/wp-content\/uploads\/2025\/02\/K622H_a-300x163.png 300w, https:\/\/kadoshmusic.com.br\/wp-content\/uploads\/2025\/02\/K622H_a-1024x558.png 1024w, https:\/\/kadoshmusic.com.br\/wp-content\/uploads\/2025\/02\/K622H_a-768x419.png 768w, https:\/\/kadoshmusic.com.br\/wp-content\/uploads\/2025\/02\/K622H_a-1536x837.png 1536w, https:\/\/kadoshmusic.com.br\/wp-content\/uploads\/2025\/02\/K622H_a-2048x1116.png 2048w, https:\/\/kadoshmusic.com.br\/wp-content\/uploads\/2025\/02\/K622H_a-500x272.png 500w, https:\/\/kadoshmusic.com.br\/wp-content\/uploads\/2025\/02\/K622H_a-800x436.png 800w, https:\/\/kadoshmusic.com.br\/wp-content\/uploads\/2025\/02\/K622H_a-1280x698.png 1280w, https:\/\/kadoshmusic.com.br\/wp-content\/uploads\/2025\/02\/K622H_a-1920x1046.png 1920w, https:\/\/kadoshmusic.com.br\/wp-content\/uploads\/2025\/02\/K622H_a-138x75.png 138w, https:\/\/kadoshmusic.com.br\/wp-content\/uploads\/2025\/02\/K622H_a-480x262.png 480w\" sizes=\"(max-width:767px) 480px, (max-width:1619px) 100vw, 1619px\" \/><\/p>\n<p>PANTALLA LCD COMPLETA<\/p>\n<p>La pantalla LCD proporciona informaci\u00f3n precisa sobre la frecuencia seleccionada y el estado de la bater\u00eda, lo que permite un funcionamiento intuitivo y fluido.<\/p>\n<p><img decoding=\"async\" class=\"wp-image-14993 aligncenter\" src=\"https:\/\/kadoshmusic.com.br\/wp-content\/uploads\/2025\/02\/K622H_f.png\" alt=\"\" width=\"550\" height=\"797\" srcset=\"https:\/\/kadoshmusic.com.br\/wp-content\/uploads\/2025\/02\/K622H_f.png 2290w, https:\/\/kadoshmusic.com.br\/wp-content\/uploads\/2025\/02\/K622H_f-207x300.png 207w, https:\/\/kadoshmusic.com.br\/wp-content\/uploads\/2025\/02\/K622H_f-706x1024.png 706w, https:\/\/kadoshmusic.com.br\/wp-content\/uploads\/2025\/02\/K622H_f-768x1113.png 768w, https:\/\/kadoshmusic.com.br\/wp-content\/uploads\/2025\/02\/K622H_f-1059x1536.png 1059w, https:\/\/kadoshmusic.com.br\/wp-content\/uploads\/2025\/02\/K622H_f-1413x2048.png 1413w, https:\/\/kadoshmusic.com.br\/wp-content\/uploads\/2025\/02\/K622H_f-500x725.png 500w, https:\/\/kadoshmusic.com.br\/wp-content\/uploads\/2025\/02\/K622H_f-800x1160.png 800w, https:\/\/kadoshmusic.com.br\/wp-content\/uploads\/2025\/02\/K622H_f-1280x1856.png 1280w, https:\/\/kadoshmusic.com.br\/wp-content\/uploads\/2025\/02\/K622H_f-1920x2784.png 1920w, https:\/\/kadoshmusic.com.br\/wp-content\/uploads\/2025\/02\/K622H_f-52x75.png 52w, https:\/\/kadoshmusic.com.br\/wp-content\/uploads\/2025\/02\/K622H_f-480x696.png 480w\" sizes=\"(max-width:767px) 480px, 550px\" \/><\/p>\n<h4>SALIDAS DE AUDIO<\/h4>\n<p>El Kadosh K622H dispone de dos salidas XLR balanceadas para una transmisi\u00f3n de audio precisa. Estos conectores garantizan una alta calidad desde la entrada hasta la salida del dispositivo, reduciendo el ruido y las interferencias. La salida Mix Out simplifica la conexi\u00f3n al combinar los dos canales de audio en un solo cable, garantizando una calidad de transmisi\u00f3n sin p\u00e9rdidas.<\/p>\n<p><img loading=\"lazy\" decoding=\"async\" class=\"aligncenter wp-image-14994\" src=\"https:\/\/kadoshmusic.com.br\/wp-content\/uploads\/2025\/02\/K622H_e.png\" alt=\"\" width=\"1319\" height=\"207\" srcset=\"https:\/\/kadoshmusic.com.br\/wp-content\/uploads\/2025\/02\/K622H_e.png 5432w, https:\/\/kadoshmusic.com.br\/wp-content\/uploads\/2025\/02\/K622H_e-300x47.png 300w, https:\/\/kadoshmusic.com.br\/wp-content\/uploads\/2025\/02\/K622H_e-1024x161.png 1024w, https:\/\/kadoshmusic.com.br\/wp-content\/uploads\/2025\/02\/K622H_e-768x120.png 768w, https:\/\/kadoshmusic.com.br\/wp-content\/uploads\/2025\/02\/K622H_e-1536x241.png 1536w, https:\/\/kadoshmusic.com.br\/wp-content\/uploads\/2025\/02\/K622H_e-2048x321.png 2048w, https:\/\/kadoshmusic.com.br\/wp-content\/uploads\/2025\/02\/K622H_e-500x78.png 500w, https:\/\/kadoshmusic.com.br\/wp-content\/uploads\/2025\/02\/K622H_e-800x125.png 800w, https:\/\/kadoshmusic.com.br\/wp-content\/uploads\/2025\/02\/K622H_e-1280x201.png 1280w, https:\/\/kadoshmusic.com.br\/wp-content\/uploads\/2025\/02\/K622H_e-1920x301.png 1920w, https:\/\/kadoshmusic.com.br\/wp-content\/uploads\/2025\/02\/K622H_e-150x24.png 150w, https:\/\/kadoshmusic.com.br\/wp-content\/uploads\/2025\/02\/K622H_e-480x75.png 480w\" sizes=\"(max-width:767px) 480px, (max-width:1319px) 100vw, 1319px\" \/><\/p>\n<p><b>\u00a0<\/b><\/p>","protected":false},"excerpt":{"rendered":"<p>Nuestro K622, independientemente de la versi\u00f3n M, H o C, tiene una transmisi\u00f3n digital AF de 48KHz Sample Rate \/ 24bit Rate, es decir, una resoluci\u00f3n en el<span class=\"excerpt-hellip\"> [...]<\/span><\/p>","protected":false},"featured_media":15313,"template":"","meta":{"content-type":"","_vp_format_video_url":"","_vp_image_focal_point":[]},"product_cat":[107,148],"product_tag":[],"class_list":{"0":"post-14987","1":"product","2":"type-product","3":"status-publish","4":"has-post-thumbnail","6":"product_cat-kadosh","7":"product_cat-microfones-sem-fio-uhf","9":"first","10":"instock","11":"shipping-taxable","12":"purchasable","13":"product-type-simple"},"yoast_head":"<!-- This site is optimized with the Yoast SEO Premium plugin v22.9 (Yoast SEO v24.0) - https:\/\/yoast.com\/wordpress\/plugins\/seo\/ -->\n<title>K622H - Kadosh Music<\/title>\n<meta name=\"robots\" content=\"index, follow, max-snippet:-1, max-image-preview:large, max-video-preview:-1\" \/>\n<link rel=\"canonical\" href=\"https:\/\/kadoshmusic.com.br\/es\/product\/microfone-sem-fio-digital-622h\/\" \/>\n<meta property=\"og:locale\" content=\"es_ES\" \/>\n<meta property=\"og:type\" content=\"article\" \/>\n<meta property=\"og:title\" content=\"K622H\" \/>\n<meta property=\"og:description\" content=\"O nosso K622, independentemente da vers\u00e3o M, H ou C possuem transmiss\u00e3o AF digital Sample Rate 48KHz \/ Taxa de 24bit, ou seja, uma resolu\u00e7\u00e3o nos [\u2026]\" \/>\n<meta property=\"og:url\" content=\"https:\/\/kadoshmusic.com.br\/es\/product\/microfone-sem-fio-digital-622h\/\" \/>\n<meta property=\"og:site_name\" content=\"Kadosh Music\" \/>\n<meta property=\"article:publisher\" content=\"https:\/\/www.facebook.com\/micskadosh\" \/>\n<meta property=\"article:modified_time\" content=\"2025-05-16T20:57:10+00:00\" \/>\n<meta property=\"og:image\" content=\"https:\/\/kadoshmusic.com.br\/wp-content\/uploads\/2024\/05\/K622H-1.png\" \/>\n\t<meta property=\"og:image:width\" content=\"1080\" \/>\n\t<meta property=\"og:image:height\" content=\"1080\" \/>\n\t<meta property=\"og:image:type\" content=\"image\/png\" \/>\n<meta name=\"twitter:card\" content=\"summary_large_image\" \/>\n<meta name=\"twitter:label1\" content=\"Est. reading time\" \/>\n\t<meta name=\"twitter:data1\" content=\"3 minutos\" \/>\n<script type=\"application\/ld+json\" class=\"yoast-schema-graph\">{\"@context\":\"https:\/\/schema.org\",\"@graph\":[{\"@type\":\"WebPage\",\"@id\":\"https:\/\/kadoshmusic.com.br\/produto\/microfone-sem-fio-digital-622h\/\",\"url\":\"https:\/\/kadoshmusic.com.br\/produto\/microfone-sem-fio-digital-622h\/\",\"name\":\"K622H - Kadosh Music\",\"isPartOf\":{\"@id\":\"https:\/\/kadoshmusic.com.br\/#website\"},\"primaryImageOfPage\":{\"@id\":\"https:\/\/kadoshmusic.com.br\/produto\/microfone-sem-fio-digital-622h\/#primaryimage\"},\"image\":{\"@id\":\"https:\/\/kadoshmusic.com.br\/produto\/microfone-sem-fio-digital-622h\/#primaryimage\"},\"thumbnailUrl\":\"https:\/\/kadoshmusic.com.br\/wp-content\/uploads\/2024\/05\/K622H-1.png\",\"datePublished\":\"2024-05-21T11:46:06+00:00\",\"dateModified\":\"2025-05-16T20:57:10+00:00\",\"breadcrumb\":{\"@id\":\"https:\/\/kadoshmusic.com.br\/produto\/microfone-sem-fio-digital-622h\/#breadcrumb\"},\"inLanguage\":\"es\",\"potentialAction\":[{\"@type\":\"ReadAction\",\"target\":[\"https:\/\/kadoshmusic.com.br\/produto\/microfone-sem-fio-digital-622h\/\"]}]},{\"@type\":\"ImageObject\",\"inLanguage\":\"es\",\"@id\":\"https:\/\/kadoshmusic.com.br\/produto\/microfone-sem-fio-digital-622h\/#primaryimage\",\"url\":\"https:\/\/kadoshmusic.com.br\/wp-content\/uploads\/2024\/05\/K622H-1.png\",\"contentUrl\":\"https:\/\/kadoshmusic.com.br\/wp-content\/uploads\/2024\/05\/K622H-1.png\",\"width\":1080,\"height\":1080},{\"@type\":\"BreadcrumbList\",\"@id\":\"https:\/\/kadoshmusic.com.br\/produto\/microfone-sem-fio-digital-622h\/#breadcrumb\",\"itemListElement\":[{\"@type\":\"ListItem\",\"position\":1,\"name\":\"Home\",\"item\":\"https:\/\/kadoshmusic.com.br\/\"},{\"@type\":\"ListItem\",\"position\":2,\"name\":\"Shop\",\"item\":\"https:\/\/kadoshmusic.com.br\/shop\/\"},{\"@type\":\"ListItem\",\"position\":3,\"name\":\"K622H\"}]},{\"@type\":\"WebSite\",\"@id\":\"https:\/\/kadoshmusic.com.br\/#website\",\"url\":\"https:\/\/kadoshmusic.com.br\/\",\"name\":\"Kadosh Music\",\"description\":\"A Tecnologia Conectando o \u00c1udio e a M\u00fasica\",\"publisher\":{\"@id\":\"https:\/\/kadoshmusic.com.br\/#organization\"},\"alternateName\":\"kadosh\",\"potentialAction\":[{\"@type\":\"SearchAction\",\"target\":{\"@type\":\"EntryPoint\",\"urlTemplate\":\"https:\/\/kadoshmusic.com.br\/?s={search_term_string}\"},\"query-input\":{\"@type\":\"PropertyValueSpecification\",\"valueRequired\":true,\"valueName\":\"search_term_string\"}}],\"inLanguage\":\"es\"},{\"@type\":\"Organization\",\"@id\":\"https:\/\/kadoshmusic.com.br\/#organization\",\"name\":\"kadosh music\",\"url\":\"https:\/\/kadoshmusic.com.br\/\",\"logo\":{\"@type\":\"ImageObject\",\"inLanguage\":\"es\",\"@id\":\"https:\/\/kadoshmusic.com.br\/#\/schema\/logo\/image\/\",\"url\":\"https:\/\/kadoshmusic.com.br\/wp-content\/uploads\/2024\/06\/logo-principal-1024x450-1.webp\",\"contentUrl\":\"https:\/\/kadoshmusic.com.br\/wp-content\/uploads\/2024\/06\/logo-principal-1024x450-1.webp\",\"width\":1024,\"height\":450,\"caption\":\"kadosh music\"},\"image\":{\"@id\":\"https:\/\/kadoshmusic.com.br\/#\/schema\/logo\/image\/\"},\"sameAs\":[\"https:\/\/www.facebook.com\/micskadosh\"]}]}<\/script>\n<!-- \/ Yoast SEO Premium plugin. -->","yoast_head_json":{"title":"K622H - Kadosh Music","robots":{"index":"index","follow":"follow","max-snippet":"max-snippet:-1","max-image-preview":"max-image-preview:large","max-video-preview":"max-video-preview:-1"},"canonical":"https:\/\/kadoshmusic.com.br\/es\/product\/microfone-sem-fio-digital-622h\/","og_locale":"es_ES","og_type":"article","og_title":"K622H","og_description":"O nosso K622, independentemente da vers\u00e3o M, H ou C possuem transmiss\u00e3o AF digital Sample Rate 48KHz \/ Taxa de 24bit, ou seja, uma resolu\u00e7\u00e3o nos [\u2026]","og_url":"https:\/\/kadoshmusic.com.br\/es\/product\/microfone-sem-fio-digital-622h\/","og_site_name":"Kadosh Music","article_publisher":"https:\/\/www.facebook.com\/micskadosh","article_modified_time":"2025-05-16T20:57:10+00:00","og_image":[{"width":1080,"height":1080,"url":"https:\/\/kadoshmusic.com.br\/wp-content\/uploads\/2024\/05\/K622H-1.png","type":"image\/png"}],"twitter_card":"summary_large_image","twitter_misc":{"Est. reading time":"3 minutos"},"schema":{"@context":"https:\/\/schema.org","@graph":[{"@type":"WebPage","@id":"https:\/\/kadoshmusic.com.br\/produto\/microfone-sem-fio-digital-622h\/","url":"https:\/\/kadoshmusic.com.br\/produto\/microfone-sem-fio-digital-622h\/","name":"K622H - Kadosh Music","isPartOf":{"@id":"https:\/\/kadoshmusic.com.br\/#website"},"primaryImageOfPage":{"@id":"https:\/\/kadoshmusic.com.br\/produto\/microfone-sem-fio-digital-622h\/#primaryimage"},"image":{"@id":"https:\/\/kadoshmusic.com.br\/produto\/microfone-sem-fio-digital-622h\/#primaryimage"},"thumbnailUrl":"https:\/\/kadoshmusic.com.br\/wp-content\/uploads\/2024\/05\/K622H-1.png","datePublished":"2024-05-21T11:46:06+00:00","dateModified":"2025-05-16T20:57:10+00:00","breadcrumb":{"@id":"https:\/\/kadoshmusic.com.br\/produto\/microfone-sem-fio-digital-622h\/#breadcrumb"},"inLanguage":"es","potentialAction":[{"@type":"ReadAction","target":["https:\/\/kadoshmusic.com.br\/produto\/microfone-sem-fio-digital-622h\/"]}]},{"@type":"ImageObject","inLanguage":"es","@id":"https:\/\/kadoshmusic.com.br\/produto\/microfone-sem-fio-digital-622h\/#primaryimage","url":"https:\/\/kadoshmusic.com.br\/wp-content\/uploads\/2024\/05\/K622H-1.png","contentUrl":"https:\/\/kadoshmusic.com.br\/wp-content\/uploads\/2024\/05\/K622H-1.png","width":1080,"height":1080},{"@type":"BreadcrumbList","@id":"https:\/\/kadoshmusic.com.br\/produto\/microfone-sem-fio-digital-622h\/#breadcrumb","itemListElement":[{"@type":"ListItem","position":1,"name":"Home","item":"https:\/\/kadoshmusic.com.br\/"},{"@type":"ListItem","position":2,"name":"Shop","item":"https:\/\/kadoshmusic.com.br\/shop\/"},{"@type":"ListItem","position":3,"name":"K622H"}]},{"@type":"WebSite","@id":"https:\/\/kadoshmusic.com.br\/#website","url":"https:\/\/kadoshmusic.com.br\/","name":"Kadosh Music","description":"A Tecnologia Conectando o \u00c1udio e a M\u00fasica","publisher":{"@id":"https:\/\/kadoshmusic.com.br\/#organization"},"alternateName":"kadosh","potentialAction":[{"@type":"SearchAction","target":{"@type":"EntryPoint","urlTemplate":"https:\/\/kadoshmusic.com.br\/?s={search_term_string}"},"query-input":{"@type":"PropertyValueSpecification","valueRequired":true,"valueName":"search_term_string"}}],"inLanguage":"es"},{"@type":"Organization","@id":"https:\/\/kadoshmusic.com.br\/#organization","name":"kadosh music","url":"https:\/\/kadoshmusic.com.br\/","logo":{"@type":"ImageObject","inLanguage":"es","@id":"https:\/\/kadoshmusic.com.br\/#\/schema\/logo\/image\/","url":"https:\/\/kadoshmusic.com.br\/wp-content\/uploads\/2024\/06\/logo-principal-1024x450-1.webp","contentUrl":"https:\/\/kadoshmusic.com.br\/wp-content\/uploads\/2024\/06\/logo-principal-1024x450-1.webp","width":1024,"height":450,"caption":"kadosh music"},"image":{"@id":"https:\/\/kadoshmusic.com.br\/#\/schema\/logo\/image\/"},"sameAs":["https:\/\/www.facebook.com\/micskadosh"]}]}},"jetpack_sharing_enabled":true,"s_badge_disabled_all":false,"s_badge_single_active":false,"badge_type":"type_custom","badge_custom_set_date":false,"badge_initial_date":"","badge_end_date":"","badge_new_days":"","badge_lowstock_low":"","badge_lowstock_medium":"","badge_text":"","badge_text_size":"","badge_text_color":"","badge_bg_color":"","badge_style":"badge_default","badge_position":"position_tl","_links":{"self":[{"href":"https:\/\/kadoshmusic.com.br\/es\/wp-json\/wp\/v2\/product\/14987","targetHints":{"allow":["GET"]}}],"collection":[{"href":"https:\/\/kadoshmusic.com.br\/es\/wp-json\/wp\/v2\/product"}],"about":[{"href":"https:\/\/kadoshmusic.com.br\/es\/wp-json\/wp\/v2\/types\/product"}],"version-history":[{"count":5,"href":"https:\/\/kadoshmusic.com.br\/es\/wp-json\/wp\/v2\/product\/14987\/revisions"}],"predecessor-version":[{"id":15315,"href":"https:\/\/kadoshmusic.com.br\/es\/wp-json\/wp\/v2\/product\/14987\/revisions\/15315"}],"wp:featuredmedia":[{"embeddable":true,"href":"https:\/\/kadoshmusic.com.br\/es\/wp-json\/wp\/v2\/media\/15313"}],"wp:attachment":[{"href":"https:\/\/kadoshmusic.com.br\/es\/wp-json\/wp\/v2\/media?parent=14987"}],"wp:term":[{"taxonomy":"product_cat","embeddable":true,"href":"https:\/\/kadoshmusic.com.br\/es\/wp-json\/wp\/v2\/product_cat?post=14987"},{"taxonomy":"product_tag","embeddable":true,"href":"https:\/\/kadoshmusic.com.br\/es\/wp-json\/wp\/v2\/product_tag?post=14987"}],"curies":[{"name":"wp","href":"https:\/\/api.w.org\/{rel}","templated":true}]}}