{"id":13766,"date":"2024-05-21T07:18:35","date_gmt":"2024-05-21T10:18:35","guid":{"rendered":"https:\/\/kadoshmusic.com.br\/?post_type=product&#038;p=13766"},"modified":"2025-07-21T11:05:21","modified_gmt":"2025-07-21T14:05:21","slug":"kit-distribuidor-ad880br","status":"publish","type":"product","link":"https:\/\/kadoshmusic.com.br\/es\/product\/kit-distribuidor-ad880br\/","title":{"rendered":"AD880BR"},"content":{"rendered":"<p>El sistema de distribuci\u00f3n de antena AD880BR est\u00e1 dise\u00f1ado para ampliar 8 canales de micr\u00f3fono inal\u00e1mbrico en 1 par de antenas. El AD880BR dispone de 8 canales para sistemas de microfon\u00eda UHF con transmisi\u00f3n anal\u00f3gica o digital. Equipado con 8 salidas DC12V para alimentar los receptores. <strong>K501, K522, K901, K1201, K1202, K622, K1001, K1501.<\/strong><\/p>\n<p>El distribuidor de antena AD880BR es un sistema dedicado a la distribuci\u00f3n de antenas en receptores True Diversity, extendiendo las se\u00f1ales transmitidas a trav\u00e9s de los micr\u00f3fonos (TX) a s\u00f3lo 1 par de antenas. Tambi\u00e9n estabiliza las se\u00f1ales de RF para compensar las p\u00e9rdidas debidas a la divisi\u00f3n de la potencia de la se\u00f1al para varios receptores, compatible con <strong>K501, K522, K901, K1201, K1202, K622, K1001, K1501, K2001, K2002.<\/strong><\/p>\n<p>Cada D880 permite que hasta 8 receptores utilicen el mismo par de antenas, y puede utilizar un quinto receptor o un segundo D880. Las antenas que vienen con el AD880BR son activas y tienen ajuste de tacto suave, lo que permite ajustar la compensaci\u00f3n de p\u00e9rdida de se\u00f1al a trav\u00e9s de los cables. Tambi\u00e9n hay un indicador de corte de se\u00f1al (sobrecarga de RF), que se produce cuando las se\u00f1ales que se reciben a trav\u00e9s de las antenas reciben se\u00f1ales muy fuertes a trav\u00e9s de los transmisores (micr\u00f3fonos).<\/p>\n<p>En el envase encontrar\u00e1:<br \/>\n<strong>- 1 Distribuidor de antena D880<\/strong><br \/>\n<strong>- 2 antenas activas A810 con ajuste de ganancia mediante los botones ARRIBA\/ABAJO<\/strong><br \/>\n<strong>- 8 cables BNC para conexi\u00f3n RX a distribuidor de 50 cm<\/strong><br \/>\n<strong>- 2 cables BNC para conectar el Distribuidor a las antenas 3m<\/strong><br \/>\n<strong>- 1 cable de alimentaci\u00f3n (CA)<\/strong><br \/>\n<strong>- 1 manual de instrucciones<\/strong><\/p>","protected":false},"excerpt":{"rendered":"<p class=\"font_8\">Distribuidor de se\u00f1al de rack est\u00e1ndar para hasta 8 sistemas de micr\u00f3fono<\/p>","protected":false},"featured_media":13770,"template":"","meta":{"content-type":"","_vp_format_video_url":"","_vp_image_focal_point":[]},"product_cat":[171,107],"product_tag":[],"class_list":{"0":"post-13766","1":"product","2":"type-product","3":"status-publish","4":"has-post-thumbnail","6":"product_cat-distribuidor-de-sinal","7":"product_cat-kadosh","9":"first","10":"instock","11":"shipping-taxable","12":"purchasable","13":"product-type-variable"},"yoast_head":"<!-- This site is optimized with the Yoast SEO Premium plugin v22.9 (Yoast SEO v24.0) - https:\/\/yoast.com\/wordpress\/plugins\/seo\/ -->\n<title>AD880BR - Kadosh Music<\/title>\n<meta name=\"robots\" content=\"index, follow, max-snippet:-1, max-image-preview:large, max-video-preview:-1\" \/>\n<link rel=\"canonical\" href=\"https:\/\/kadoshmusic.com.br\/es\/product\/kit-distribuidor-ad880br\/\" \/>\n<meta property=\"og:locale\" content=\"es_ES\" \/>\n<meta property=\"og:type\" content=\"article\" \/>\n<meta property=\"og:title\" content=\"AD880BR\" \/>\n<meta property=\"og:description\" content=\"Distribuidor de sinal padr\u00e3o rack para at\u00e9 8 sistemas de microfone\" \/>\n<meta property=\"og:url\" content=\"https:\/\/kadoshmusic.com.br\/es\/product\/kit-distribuidor-ad880br\/\" \/>\n<meta property=\"og:site_name\" content=\"Kadosh Music\" \/>\n<meta property=\"article:publisher\" content=\"https:\/\/www.facebook.com\/micskadosh\" \/>\n<meta property=\"article:modified_time\" content=\"2025-07-21T14:05:21+00:00\" \/>\n<meta property=\"og:image\" content=\"https:\/\/kadoshmusic.com.br\/wp-content\/uploads\/2024\/10\/AD880BR.png\" \/>\n\t<meta property=\"og:image:width\" content=\"1080\" \/>\n\t<meta property=\"og:image:height\" content=\"1080\" \/>\n\t<meta property=\"og:image:type\" content=\"image\/png\" \/>\n<meta name=\"twitter:card\" content=\"summary_large_image\" \/>\n<meta name=\"twitter:label1\" content=\"Est. reading time\" \/>\n\t<meta name=\"twitter:data1\" content=\"2 minutos\" \/>\n<script type=\"application\/ld+json\" class=\"yoast-schema-graph\">{\"@context\":\"https:\/\/schema.org\",\"@graph\":[{\"@type\":\"WebPage\",\"@id\":\"https:\/\/kadoshmusic.com.br\/produto\/kit-distribuidor-ad880br\/\",\"url\":\"https:\/\/kadoshmusic.com.br\/produto\/kit-distribuidor-ad880br\/\",\"name\":\"AD880BR - Kadosh Music\",\"isPartOf\":{\"@id\":\"https:\/\/kadoshmusic.com.br\/#website\"},\"primaryImageOfPage\":{\"@id\":\"https:\/\/kadoshmusic.com.br\/produto\/kit-distribuidor-ad880br\/#primaryimage\"},\"image\":{\"@id\":\"https:\/\/kadoshmusic.com.br\/produto\/kit-distribuidor-ad880br\/#primaryimage\"},\"thumbnailUrl\":\"https:\/\/kadoshmusic.com.br\/wp-content\/uploads\/2024\/10\/AD880BR.png\",\"datePublished\":\"2024-05-21T10:18:35+00:00\",\"dateModified\":\"2025-07-21T14:05:21+00:00\",\"breadcrumb\":{\"@id\":\"https:\/\/kadoshmusic.com.br\/produto\/kit-distribuidor-ad880br\/#breadcrumb\"},\"inLanguage\":\"es\",\"potentialAction\":[{\"@type\":\"ReadAction\",\"target\":[\"https:\/\/kadoshmusic.com.br\/produto\/kit-distribuidor-ad880br\/\"]}]},{\"@type\":\"ImageObject\",\"inLanguage\":\"es\",\"@id\":\"https:\/\/kadoshmusic.com.br\/produto\/kit-distribuidor-ad880br\/#primaryimage\",\"url\":\"https:\/\/kadoshmusic.com.br\/wp-content\/uploads\/2024\/10\/AD880BR.png\",\"contentUrl\":\"https:\/\/kadoshmusic.com.br\/wp-content\/uploads\/2024\/10\/AD880BR.png\",\"width\":1080,\"height\":1080},{\"@type\":\"BreadcrumbList\",\"@id\":\"https:\/\/kadoshmusic.com.br\/produto\/kit-distribuidor-ad880br\/#breadcrumb\",\"itemListElement\":[{\"@type\":\"ListItem\",\"position\":1,\"name\":\"Home\",\"item\":\"https:\/\/kadoshmusic.com.br\/\"},{\"@type\":\"ListItem\",\"position\":2,\"name\":\"Shop\",\"item\":\"https:\/\/kadoshmusic.com.br\/shop\/\"},{\"@type\":\"ListItem\",\"position\":3,\"name\":\"AD880BR\"}]},{\"@type\":\"WebSite\",\"@id\":\"https:\/\/kadoshmusic.com.br\/#website\",\"url\":\"https:\/\/kadoshmusic.com.br\/\",\"name\":\"Kadosh Music\",\"description\":\"A Tecnologia Conectando o \u00c1udio e a M\u00fasica\",\"publisher\":{\"@id\":\"https:\/\/kadoshmusic.com.br\/#organization\"},\"alternateName\":\"kadosh\",\"potentialAction\":[{\"@type\":\"SearchAction\",\"target\":{\"@type\":\"EntryPoint\",\"urlTemplate\":\"https:\/\/kadoshmusic.com.br\/?s={search_term_string}\"},\"query-input\":{\"@type\":\"PropertyValueSpecification\",\"valueRequired\":true,\"valueName\":\"search_term_string\"}}],\"inLanguage\":\"es\"},{\"@type\":\"Organization\",\"@id\":\"https:\/\/kadoshmusic.com.br\/#organization\",\"name\":\"kadosh music\",\"url\":\"https:\/\/kadoshmusic.com.br\/\",\"logo\":{\"@type\":\"ImageObject\",\"inLanguage\":\"es\",\"@id\":\"https:\/\/kadoshmusic.com.br\/#\/schema\/logo\/image\/\",\"url\":\"https:\/\/kadoshmusic.com.br\/wp-content\/uploads\/2024\/06\/logo-principal-1024x450-1.webp\",\"contentUrl\":\"https:\/\/kadoshmusic.com.br\/wp-content\/uploads\/2024\/06\/logo-principal-1024x450-1.webp\",\"width\":1024,\"height\":450,\"caption\":\"kadosh music\"},\"image\":{\"@id\":\"https:\/\/kadoshmusic.com.br\/#\/schema\/logo\/image\/\"},\"sameAs\":[\"https:\/\/www.facebook.com\/micskadosh\"]}]}<\/script>\n<!-- \/ Yoast SEO Premium plugin. -->","yoast_head_json":{"title":"AD880BR - Kadosh Music","robots":{"index":"index","follow":"follow","max-snippet":"max-snippet:-1","max-image-preview":"max-image-preview:large","max-video-preview":"max-video-preview:-1"},"canonical":"https:\/\/kadoshmusic.com.br\/es\/product\/kit-distribuidor-ad880br\/","og_locale":"es_ES","og_type":"article","og_title":"AD880BR","og_description":"Distribuidor de sinal padr\u00e3o rack para at\u00e9 8 sistemas de microfone","og_url":"https:\/\/kadoshmusic.com.br\/es\/product\/kit-distribuidor-ad880br\/","og_site_name":"Kadosh Music","article_publisher":"https:\/\/www.facebook.com\/micskadosh","article_modified_time":"2025-07-21T14:05:21+00:00","og_image":[{"width":1080,"height":1080,"url":"https:\/\/kadoshmusic.com.br\/wp-content\/uploads\/2024\/10\/AD880BR.png","type":"image\/png"}],"twitter_card":"summary_large_image","twitter_misc":{"Est. reading time":"2 minutos"},"schema":{"@context":"https:\/\/schema.org","@graph":[{"@type":"WebPage","@id":"https:\/\/kadoshmusic.com.br\/produto\/kit-distribuidor-ad880br\/","url":"https:\/\/kadoshmusic.com.br\/produto\/kit-distribuidor-ad880br\/","name":"AD880BR - Kadosh Music","isPartOf":{"@id":"https:\/\/kadoshmusic.com.br\/#website"},"primaryImageOfPage":{"@id":"https:\/\/kadoshmusic.com.br\/produto\/kit-distribuidor-ad880br\/#primaryimage"},"image":{"@id":"https:\/\/kadoshmusic.com.br\/produto\/kit-distribuidor-ad880br\/#primaryimage"},"thumbnailUrl":"https:\/\/kadoshmusic.com.br\/wp-content\/uploads\/2024\/10\/AD880BR.png","datePublished":"2024-05-21T10:18:35+00:00","dateModified":"2025-07-21T14:05:21+00:00","breadcrumb":{"@id":"https:\/\/kadoshmusic.com.br\/produto\/kit-distribuidor-ad880br\/#breadcrumb"},"inLanguage":"es","potentialAction":[{"@type":"ReadAction","target":["https:\/\/kadoshmusic.com.br\/produto\/kit-distribuidor-ad880br\/"]}]},{"@type":"ImageObject","inLanguage":"es","@id":"https:\/\/kadoshmusic.com.br\/produto\/kit-distribuidor-ad880br\/#primaryimage","url":"https:\/\/kadoshmusic.com.br\/wp-content\/uploads\/2024\/10\/AD880BR.png","contentUrl":"https:\/\/kadoshmusic.com.br\/wp-content\/uploads\/2024\/10\/AD880BR.png","width":1080,"height":1080},{"@type":"BreadcrumbList","@id":"https:\/\/kadoshmusic.com.br\/produto\/kit-distribuidor-ad880br\/#breadcrumb","itemListElement":[{"@type":"ListItem","position":1,"name":"Home","item":"https:\/\/kadoshmusic.com.br\/"},{"@type":"ListItem","position":2,"name":"Shop","item":"https:\/\/kadoshmusic.com.br\/shop\/"},{"@type":"ListItem","position":3,"name":"AD880BR"}]},{"@type":"WebSite","@id":"https:\/\/kadoshmusic.com.br\/#website","url":"https:\/\/kadoshmusic.com.br\/","name":"Kadosh Music","description":"A Tecnologia Conectando o \u00c1udio e a M\u00fasica","publisher":{"@id":"https:\/\/kadoshmusic.com.br\/#organization"},"alternateName":"kadosh","potentialAction":[{"@type":"SearchAction","target":{"@type":"EntryPoint","urlTemplate":"https:\/\/kadoshmusic.com.br\/?s={search_term_string}"},"query-input":{"@type":"PropertyValueSpecification","valueRequired":true,"valueName":"search_term_string"}}],"inLanguage":"es"},{"@type":"Organization","@id":"https:\/\/kadoshmusic.com.br\/#organization","name":"kadosh music","url":"https:\/\/kadoshmusic.com.br\/","logo":{"@type":"ImageObject","inLanguage":"es","@id":"https:\/\/kadoshmusic.com.br\/#\/schema\/logo\/image\/","url":"https:\/\/kadoshmusic.com.br\/wp-content\/uploads\/2024\/06\/logo-principal-1024x450-1.webp","contentUrl":"https:\/\/kadoshmusic.com.br\/wp-content\/uploads\/2024\/06\/logo-principal-1024x450-1.webp","width":1024,"height":450,"caption":"kadosh music"},"image":{"@id":"https:\/\/kadoshmusic.com.br\/#\/schema\/logo\/image\/"},"sameAs":["https:\/\/www.facebook.com\/micskadosh"]}]}},"jetpack_sharing_enabled":true,"s_badge_disabled_all":false,"s_badge_single_active":false,"badge_type":"type_custom","badge_custom_set_date":false,"badge_initial_date":"","badge_end_date":"","badge_new_days":"","badge_lowstock_low":"","badge_lowstock_medium":"","badge_text":"","badge_text_size":"","badge_text_color":"","badge_bg_color":"","badge_style":"badge_default","badge_position":"position_tl","_links":{"self":[{"href":"https:\/\/kadoshmusic.com.br\/es\/wp-json\/wp\/v2\/product\/13766","targetHints":{"allow":["GET"]}}],"collection":[{"href":"https:\/\/kadoshmusic.com.br\/es\/wp-json\/wp\/v2\/product"}],"about":[{"href":"https:\/\/kadoshmusic.com.br\/es\/wp-json\/wp\/v2\/types\/product"}],"version-history":[{"count":3,"href":"https:\/\/kadoshmusic.com.br\/es\/wp-json\/wp\/v2\/product\/13766\/revisions"}],"predecessor-version":[{"id":15934,"href":"https:\/\/kadoshmusic.com.br\/es\/wp-json\/wp\/v2\/product\/13766\/revisions\/15934"}],"wp:featuredmedia":[{"embeddable":true,"href":"https:\/\/kadoshmusic.com.br\/es\/wp-json\/wp\/v2\/media\/13770"}],"wp:attachment":[{"href":"https:\/\/kadoshmusic.com.br\/es\/wp-json\/wp\/v2\/media?parent=13766"}],"wp:term":[{"taxonomy":"product_cat","embeddable":true,"href":"https:\/\/kadoshmusic.com.br\/es\/wp-json\/wp\/v2\/product_cat?post=13766"},{"taxonomy":"product_tag","embeddable":true,"href":"https:\/\/kadoshmusic.com.br\/es\/wp-json\/wp\/v2\/product_tag?post=13766"}],"curies":[{"name":"wp","href":"https:\/\/api.w.org\/{rel}","templated":true}]}}