{"id":12129,"date":"2024-05-21T08:50:09","date_gmt":"2024-05-21T11:50:09","guid":{"rendered":"https:\/\/kadoshmusic.com.br\/?post_type=product&#038;p=12129"},"modified":"2025-07-21T11:56:42","modified_gmt":"2025-07-21T14:56:42","slug":"microfone-sem-fio-uhf-k1202h","status":"publish","type":"product","link":"https:\/\/kadoshmusic.com.br\/es\/product\/microfone-sem-fio-uhf-k1202h\/","title":{"rendered":"K1202H"},"content":{"rendered":"<p>Adoptamos 2 bandas de RF* debidamente aprobadas por ANATEL, permitiendo que los clientes utilicen el sistema en cualquier estado** de Brasil. Adem\u00e1s de estar equipado con PLL y True Diversity, proporciona al usuario seguridad y estabilidad de RF, de acuerdo con las normas de ANATEL. Es compatible con distribuidores de antenas, permitiendo que la base sea utilizada dentro de un rack en la sala de estar y que antenas remotas sean utilizadas a trav\u00e9s de un cable BNC en el escenario.<\/p>\n<p>*Todav\u00eda puede venderse en la gama de 470MHz a 510MHz. Esta gama se dej\u00f3 de fabricar en septiembre de 2022.<\/p>\n<p>**marque la mejor opci\u00f3n para su regi\u00f3n entre 513MHz - 558MHz o 628MHz - 647,750MHz<\/p>\n<p>PANTALLA CON INFORMACI\u00d3NLa pantalla de la base (receptor \/ RX) dispone de informaci\u00f3n como el nivel de AF, RF, carga de la bater\u00eda del TX, frecuencia, bloqueo del RX, indicador de sincronizaci\u00f3n y nivel de silenciamiento. La iluminaci\u00f3n del display del RX cambia de color cuando identifica que el TX est\u00e1 encendido o apagado. Es naranja cuando el TX est\u00e1 apagado y blanca cuando est\u00e1 encendido.<\/p>\n<p>\" Sistema de micr\u00f3fono de diadema \u00fanico con tecnolog\u00eda PLL (Phase Locked Loop) a 32KHz, c\u00e1psula din\u00e1mica, patr\u00f3n polar omini direccional. Antenas omnidireccionales, True Diversity. Mango de aluminio.<\/p>\n<p>Compartimento de pilas dentro del cuerpo y accesible a trav\u00e9s de un caj\u00f3n, alimentado por 2\u00d71,5 V AA. Mucho audio<\/p>\n<p>nivelado, perfecto para voces.<\/p>\n<p>Bot\u00f3n On \/ Off y Bloqueo. RX con visualizaci\u00f3n Freq., AF, RF A\/B True Diversity, bot\u00f3n Scan, Lock.<\/p>\n<p>Gama de frecuencias: 63 Hz - 16.000 Hz (\u00b1 2 dB)<\/p>\n<p>Gama: 625.000MHz - 649.750MHz (100<\/p>\n<p>canales)\"<\/p>","protected":false},"excerpt":{"rendered":"<p>Adoptamos 2 bandas de RF* debidamente aprobadas por ANATEL, lo que permite a los clientes utilizar el sistema en cualquier estado** de Brasil. Adem\u00e1s de estar equipado con<span class=\"excerpt-hellip\"> [...]<\/span><\/p>","protected":false},"featured_media":12130,"template":"","meta":{"content-type":"","_vp_format_video_url":"","_vp_image_focal_point":[]},"product_cat":[107,148],"product_tag":[],"class_list":{"0":"post-12129","1":"product","2":"type-product","3":"status-publish","4":"has-post-thumbnail","6":"product_cat-kadosh","7":"product_cat-microfones-sem-fio-uhf","9":"first","10":"instock","11":"shipping-taxable","12":"purchasable","13":"product-type-simple"},"yoast_head":"<!-- This site is optimized with the Yoast SEO Premium plugin v22.9 (Yoast SEO v24.0) - https:\/\/yoast.com\/wordpress\/plugins\/seo\/ -->\n<title>K1202H - Kadosh Music<\/title>\n<meta name=\"robots\" content=\"index, follow, max-snippet:-1, max-image-preview:large, max-video-preview:-1\" \/>\n<link rel=\"canonical\" href=\"https:\/\/kadoshmusic.com.br\/es\/product\/microfone-sem-fio-uhf-k1202h\/\" \/>\n<meta property=\"og:locale\" content=\"es_ES\" \/>\n<meta property=\"og:type\" content=\"article\" \/>\n<meta property=\"og:title\" content=\"K1202H\" \/>\n<meta property=\"og:description\" content=\"Adotamos 2 bandas* de RF devidamente homologadas \u00e0 ANATEL, proporcionando ao cliente usar o sistema em qualquer estado** do nosso Brasil. Al\u00e9m de estar equipado com [\u2026]\" \/>\n<meta property=\"og:url\" content=\"https:\/\/kadoshmusic.com.br\/es\/product\/microfone-sem-fio-uhf-k1202h\/\" \/>\n<meta property=\"og:site_name\" content=\"Kadosh Music\" \/>\n<meta property=\"article:publisher\" content=\"https:\/\/www.facebook.com\/micskadosh\" \/>\n<meta property=\"article:modified_time\" content=\"2025-07-21T14:56:42+00:00\" \/>\n<meta property=\"og:image\" content=\"https:\/\/kadoshmusic.com.br\/wp-content\/uploads\/2024\/05\/1202H.png\" \/>\n\t<meta property=\"og:image:width\" content=\"1080\" \/>\n\t<meta property=\"og:image:height\" content=\"1080\" \/>\n\t<meta property=\"og:image:type\" content=\"image\/png\" \/>\n<meta name=\"twitter:card\" content=\"summary_large_image\" \/>\n<meta name=\"twitter:label1\" content=\"Est. reading time\" \/>\n\t<meta name=\"twitter:data1\" content=\"2 minutos\" \/>\n<script type=\"application\/ld+json\" class=\"yoast-schema-graph\">{\"@context\":\"https:\/\/schema.org\",\"@graph\":[{\"@type\":\"WebPage\",\"@id\":\"https:\/\/kadoshmusic.com.br\/produto\/microfone-sem-fio-uhf-k1202h\/\",\"url\":\"https:\/\/kadoshmusic.com.br\/produto\/microfone-sem-fio-uhf-k1202h\/\",\"name\":\"K1202H - Kadosh Music\",\"isPartOf\":{\"@id\":\"https:\/\/kadoshmusic.com.br\/#website\"},\"primaryImageOfPage\":{\"@id\":\"https:\/\/kadoshmusic.com.br\/produto\/microfone-sem-fio-uhf-k1202h\/#primaryimage\"},\"image\":{\"@id\":\"https:\/\/kadoshmusic.com.br\/produto\/microfone-sem-fio-uhf-k1202h\/#primaryimage\"},\"thumbnailUrl\":\"https:\/\/kadoshmusic.com.br\/wp-content\/uploads\/2024\/05\/1202H.png\",\"datePublished\":\"2024-05-21T11:50:09+00:00\",\"dateModified\":\"2025-07-21T14:56:42+00:00\",\"breadcrumb\":{\"@id\":\"https:\/\/kadoshmusic.com.br\/produto\/microfone-sem-fio-uhf-k1202h\/#breadcrumb\"},\"inLanguage\":\"es\",\"potentialAction\":[{\"@type\":\"ReadAction\",\"target\":[\"https:\/\/kadoshmusic.com.br\/produto\/microfone-sem-fio-uhf-k1202h\/\"]}]},{\"@type\":\"ImageObject\",\"inLanguage\":\"es\",\"@id\":\"https:\/\/kadoshmusic.com.br\/produto\/microfone-sem-fio-uhf-k1202h\/#primaryimage\",\"url\":\"https:\/\/kadoshmusic.com.br\/wp-content\/uploads\/2024\/05\/1202H.png\",\"contentUrl\":\"https:\/\/kadoshmusic.com.br\/wp-content\/uploads\/2024\/05\/1202H.png\",\"width\":1080,\"height\":1080},{\"@type\":\"BreadcrumbList\",\"@id\":\"https:\/\/kadoshmusic.com.br\/produto\/microfone-sem-fio-uhf-k1202h\/#breadcrumb\",\"itemListElement\":[{\"@type\":\"ListItem\",\"position\":1,\"name\":\"Home\",\"item\":\"https:\/\/kadoshmusic.com.br\/\"},{\"@type\":\"ListItem\",\"position\":2,\"name\":\"Shop\",\"item\":\"https:\/\/kadoshmusic.com.br\/shop\/\"},{\"@type\":\"ListItem\",\"position\":3,\"name\":\"K1202H\"}]},{\"@type\":\"WebSite\",\"@id\":\"https:\/\/kadoshmusic.com.br\/#website\",\"url\":\"https:\/\/kadoshmusic.com.br\/\",\"name\":\"Kadosh Music\",\"description\":\"A Tecnologia Conectando o \u00c1udio e a M\u00fasica\",\"publisher\":{\"@id\":\"https:\/\/kadoshmusic.com.br\/#organization\"},\"alternateName\":\"kadosh\",\"potentialAction\":[{\"@type\":\"SearchAction\",\"target\":{\"@type\":\"EntryPoint\",\"urlTemplate\":\"https:\/\/kadoshmusic.com.br\/?s={search_term_string}\"},\"query-input\":{\"@type\":\"PropertyValueSpecification\",\"valueRequired\":true,\"valueName\":\"search_term_string\"}}],\"inLanguage\":\"es\"},{\"@type\":\"Organization\",\"@id\":\"https:\/\/kadoshmusic.com.br\/#organization\",\"name\":\"kadosh music\",\"url\":\"https:\/\/kadoshmusic.com.br\/\",\"logo\":{\"@type\":\"ImageObject\",\"inLanguage\":\"es\",\"@id\":\"https:\/\/kadoshmusic.com.br\/#\/schema\/logo\/image\/\",\"url\":\"https:\/\/kadoshmusic.com.br\/wp-content\/uploads\/2024\/06\/logo-principal-1024x450-1.webp\",\"contentUrl\":\"https:\/\/kadoshmusic.com.br\/wp-content\/uploads\/2024\/06\/logo-principal-1024x450-1.webp\",\"width\":1024,\"height\":450,\"caption\":\"kadosh music\"},\"image\":{\"@id\":\"https:\/\/kadoshmusic.com.br\/#\/schema\/logo\/image\/\"},\"sameAs\":[\"https:\/\/www.facebook.com\/micskadosh\"]}]}<\/script>\n<!-- \/ Yoast SEO Premium plugin. -->","yoast_head_json":{"title":"K1202H - Kadosh Music","robots":{"index":"index","follow":"follow","max-snippet":"max-snippet:-1","max-image-preview":"max-image-preview:large","max-video-preview":"max-video-preview:-1"},"canonical":"https:\/\/kadoshmusic.com.br\/es\/product\/microfone-sem-fio-uhf-k1202h\/","og_locale":"es_ES","og_type":"article","og_title":"K1202H","og_description":"Adotamos 2 bandas* de RF devidamente homologadas \u00e0 ANATEL, proporcionando ao cliente usar o sistema em qualquer estado** do nosso Brasil. Al\u00e9m de estar equipado com [\u2026]","og_url":"https:\/\/kadoshmusic.com.br\/es\/product\/microfone-sem-fio-uhf-k1202h\/","og_site_name":"Kadosh Music","article_publisher":"https:\/\/www.facebook.com\/micskadosh","article_modified_time":"2025-07-21T14:56:42+00:00","og_image":[{"width":1080,"height":1080,"url":"https:\/\/kadoshmusic.com.br\/wp-content\/uploads\/2024\/05\/1202H.png","type":"image\/png"}],"twitter_card":"summary_large_image","twitter_misc":{"Est. reading time":"2 minutos"},"schema":{"@context":"https:\/\/schema.org","@graph":[{"@type":"WebPage","@id":"https:\/\/kadoshmusic.com.br\/produto\/microfone-sem-fio-uhf-k1202h\/","url":"https:\/\/kadoshmusic.com.br\/produto\/microfone-sem-fio-uhf-k1202h\/","name":"K1202H - Kadosh Music","isPartOf":{"@id":"https:\/\/kadoshmusic.com.br\/#website"},"primaryImageOfPage":{"@id":"https:\/\/kadoshmusic.com.br\/produto\/microfone-sem-fio-uhf-k1202h\/#primaryimage"},"image":{"@id":"https:\/\/kadoshmusic.com.br\/produto\/microfone-sem-fio-uhf-k1202h\/#primaryimage"},"thumbnailUrl":"https:\/\/kadoshmusic.com.br\/wp-content\/uploads\/2024\/05\/1202H.png","datePublished":"2024-05-21T11:50:09+00:00","dateModified":"2025-07-21T14:56:42+00:00","breadcrumb":{"@id":"https:\/\/kadoshmusic.com.br\/produto\/microfone-sem-fio-uhf-k1202h\/#breadcrumb"},"inLanguage":"es","potentialAction":[{"@type":"ReadAction","target":["https:\/\/kadoshmusic.com.br\/produto\/microfone-sem-fio-uhf-k1202h\/"]}]},{"@type":"ImageObject","inLanguage":"es","@id":"https:\/\/kadoshmusic.com.br\/produto\/microfone-sem-fio-uhf-k1202h\/#primaryimage","url":"https:\/\/kadoshmusic.com.br\/wp-content\/uploads\/2024\/05\/1202H.png","contentUrl":"https:\/\/kadoshmusic.com.br\/wp-content\/uploads\/2024\/05\/1202H.png","width":1080,"height":1080},{"@type":"BreadcrumbList","@id":"https:\/\/kadoshmusic.com.br\/produto\/microfone-sem-fio-uhf-k1202h\/#breadcrumb","itemListElement":[{"@type":"ListItem","position":1,"name":"Home","item":"https:\/\/kadoshmusic.com.br\/"},{"@type":"ListItem","position":2,"name":"Shop","item":"https:\/\/kadoshmusic.com.br\/shop\/"},{"@type":"ListItem","position":3,"name":"K1202H"}]},{"@type":"WebSite","@id":"https:\/\/kadoshmusic.com.br\/#website","url":"https:\/\/kadoshmusic.com.br\/","name":"Kadosh Music","description":"A Tecnologia Conectando o \u00c1udio e a M\u00fasica","publisher":{"@id":"https:\/\/kadoshmusic.com.br\/#organization"},"alternateName":"kadosh","potentialAction":[{"@type":"SearchAction","target":{"@type":"EntryPoint","urlTemplate":"https:\/\/kadoshmusic.com.br\/?s={search_term_string}"},"query-input":{"@type":"PropertyValueSpecification","valueRequired":true,"valueName":"search_term_string"}}],"inLanguage":"es"},{"@type":"Organization","@id":"https:\/\/kadoshmusic.com.br\/#organization","name":"kadosh music","url":"https:\/\/kadoshmusic.com.br\/","logo":{"@type":"ImageObject","inLanguage":"es","@id":"https:\/\/kadoshmusic.com.br\/#\/schema\/logo\/image\/","url":"https:\/\/kadoshmusic.com.br\/wp-content\/uploads\/2024\/06\/logo-principal-1024x450-1.webp","contentUrl":"https:\/\/kadoshmusic.com.br\/wp-content\/uploads\/2024\/06\/logo-principal-1024x450-1.webp","width":1024,"height":450,"caption":"kadosh music"},"image":{"@id":"https:\/\/kadoshmusic.com.br\/#\/schema\/logo\/image\/"},"sameAs":["https:\/\/www.facebook.com\/micskadosh"]}]}},"jetpack_sharing_enabled":true,"s_badge_disabled_all":false,"s_badge_single_active":false,"badge_type":"type_custom","badge_custom_set_date":false,"badge_initial_date":"","badge_end_date":"","badge_new_days":"","badge_lowstock_low":"","badge_lowstock_medium":"","badge_text":"","badge_text_size":"","badge_text_color":"","badge_bg_color":"","badge_style":"badge_default","badge_position":"position_tl","_links":{"self":[{"href":"https:\/\/kadoshmusic.com.br\/es\/wp-json\/wp\/v2\/product\/12129","targetHints":{"allow":["GET"]}}],"collection":[{"href":"https:\/\/kadoshmusic.com.br\/es\/wp-json\/wp\/v2\/product"}],"about":[{"href":"https:\/\/kadoshmusic.com.br\/es\/wp-json\/wp\/v2\/types\/product"}],"version-history":[{"count":3,"href":"https:\/\/kadoshmusic.com.br\/es\/wp-json\/wp\/v2\/product\/12129\/revisions"}],"predecessor-version":[{"id":15949,"href":"https:\/\/kadoshmusic.com.br\/es\/wp-json\/wp\/v2\/product\/12129\/revisions\/15949"}],"wp:featuredmedia":[{"embeddable":true,"href":"https:\/\/kadoshmusic.com.br\/es\/wp-json\/wp\/v2\/media\/12130"}],"wp:attachment":[{"href":"https:\/\/kadoshmusic.com.br\/es\/wp-json\/wp\/v2\/media?parent=12129"}],"wp:term":[{"taxonomy":"product_cat","embeddable":true,"href":"https:\/\/kadoshmusic.com.br\/es\/wp-json\/wp\/v2\/product_cat?post=12129"},{"taxonomy":"product_tag","embeddable":true,"href":"https:\/\/kadoshmusic.com.br\/es\/wp-json\/wp\/v2\/product_tag?post=12129"}],"curies":[{"name":"wp","href":"https:\/\/api.w.org\/{rel}","templated":true}]}}