{"id":11901,"date":"2024-05-21T08:56:33","date_gmt":"2024-05-21T11:56:33","guid":{"rendered":"https:\/\/kadoshmusic.com.br\/?post_type=product&#038;p=11901"},"modified":"2025-05-16T17:31:54","modified_gmt":"2025-05-16T20:31:54","slug":"receptor-sem-fio-uhf-k1600r-bastao-k16mc","status":"publish","type":"product","link":"https:\/\/kadoshmusic.com.br\/es\/product\/receptor-sem-fio-uhf-k1600r-bastao-k16mc\/","title":{"rendered":"Palo K1600R\/ K16MC"},"content":{"rendered":"<p>El K1600-R dispone de cuatro canales independientes, lo que ofrece una flexibilidad excepcional para capturar y reproducir audio de varias fuentes simult\u00e1neamente.<\/p>\n<p>&nbsp;<\/p>\n<p><img fetchpriority=\"high\" decoding=\"async\" class=\"aligncenter wp-image-15290\" src=\"https:\/\/kadoshmusic.com.br\/wp-content\/uploads\/2024\/05\/K1600-R-2.png\" alt=\"\" width=\"946\" height=\"428\" srcset=\"https:\/\/kadoshmusic.com.br\/wp-content\/uploads\/2024\/05\/K1600-R-2.png 9755w, https:\/\/kadoshmusic.com.br\/wp-content\/uploads\/2024\/05\/K1600-R-2-300x136.png 300w, https:\/\/kadoshmusic.com.br\/wp-content\/uploads\/2024\/05\/K1600-R-2-1024x463.png 1024w, https:\/\/kadoshmusic.com.br\/wp-content\/uploads\/2024\/05\/K1600-R-2-768x347.png 768w, https:\/\/kadoshmusic.com.br\/wp-content\/uploads\/2024\/05\/K1600-R-2-1536x695.png 1536w, https:\/\/kadoshmusic.com.br\/wp-content\/uploads\/2024\/05\/K1600-R-2-2048x926.png 2048w, https:\/\/kadoshmusic.com.br\/wp-content\/uploads\/2024\/05\/K1600-R-2-500x226.png 500w, https:\/\/kadoshmusic.com.br\/wp-content\/uploads\/2024\/05\/K1600-R-2-800x362.png 800w, https:\/\/kadoshmusic.com.br\/wp-content\/uploads\/2024\/05\/K1600-R-2-1280x579.png 1280w, https:\/\/kadoshmusic.com.br\/wp-content\/uploads\/2024\/05\/K1600-R-2-1920x868.png 1920w, https:\/\/kadoshmusic.com.br\/wp-content\/uploads\/2024\/05\/K1600-R-2-150x68.png 150w, https:\/\/kadoshmusic.com.br\/wp-content\/uploads\/2024\/05\/K1600-R-2-480x217.png 480w\" sizes=\"(max-width:767px) 480px, (max-width:946px) 100vw, 946px\" \/><\/p>\n<p>Con tecnolog\u00eda de vanguardia, el receptor funciona con el protocolo Dante, un est\u00e1ndar de audio sobre IP (AoIP) que proporciona una transmisi\u00f3n de audio de alta calidad y baja latencia a trav\u00e9s de redes de datos est\u00e1ndar. Esto permite una integraci\u00f3n perfecta en complejos sistemas de audio digital, simplificando la configuraci\u00f3n y proporcionando una experiencia de audio impecable. Su construcci\u00f3n robusta y dise\u00f1o compacto lo hacen ideal para su uso en escenarios, estudios de grabaci\u00f3n, instalaciones de audio profesionales y otros entornos exigentes. Adem\u00e1s, su interfaz intuitiva y sus controles accesibles garantizan un funcionamiento sencillo y eficaz, incluso en situaciones de gran presi\u00f3n.<\/p>\n<p><strong>K16MC<\/strong><br \/>\n<img decoding=\"async\" class=\"aligncenter wp-image-15292\" src=\"https:\/\/kadoshmusic.com.br\/wp-content\/uploads\/2024\/05\/K16-MC.png\" alt=\"\" width=\"483\" height=\"703\" srcset=\"https:\/\/kadoshmusic.com.br\/wp-content\/uploads\/2024\/05\/K16-MC.png 1113w, https:\/\/kadoshmusic.com.br\/wp-content\/uploads\/2024\/05\/K16-MC-206x300.png 206w, https:\/\/kadoshmusic.com.br\/wp-content\/uploads\/2024\/05\/K16-MC-704x1024.png 704w, https:\/\/kadoshmusic.com.br\/wp-content\/uploads\/2024\/05\/K16-MC-768x1118.png 768w, https:\/\/kadoshmusic.com.br\/wp-content\/uploads\/2024\/05\/K16-MC-1055x1536.png 1055w, https:\/\/kadoshmusic.com.br\/wp-content\/uploads\/2024\/05\/K16-MC-500x728.png 500w, https:\/\/kadoshmusic.com.br\/wp-content\/uploads\/2024\/05\/K16-MC-800x1164.png 800w, https:\/\/kadoshmusic.com.br\/wp-content\/uploads\/2024\/05\/K16-MC-52x75.png 52w, https:\/\/kadoshmusic.com.br\/wp-content\/uploads\/2024\/05\/K16-MC-480x699.png 480w\" sizes=\"(max-width:767px) 480px, 483px\" \/><\/p>\n<p>O K16-MC tem uma qualidade de som quente e natural. O avan\u00e7ado sistema antivibra\u00e7\u00e3o da c\u00e1psula do microfone pode absorver vibra\u00e7\u00f5es mec\u00e2nicas e minimizar o ru\u00eddo de toque. excelente fora do eixo direcional, alta press\u00e3o sonora curva de resposta de frequ\u00eancia adequada restaura v\u00e1rios sons com precis\u00e3o, seja fala ou canto, pode atender \u00e0s suas necessidades<br \/>\ne dar-lhe um som verdadeiro. O globo do microfone \u00e9 feita de fio de a\u00e7o el\u00e1stico e tem um p\u00e1ra-brisa embutido, que pode efetivamente reduzir o ru\u00eddo indesejado do vento e o ru\u00eddo da respira\u00e7\u00e3o.<\/p>","protected":false},"excerpt":{"rendered":"<p>O K1600-R possui quatro canais independentes, oferece flexibilidade excepcional para capturar e reproduzir \u00e1udio de v\u00e1rias fontes simultaneamente. &nbsp; Com tecnologia de ponta, o receptor opera<span class=\"excerpt-hellip\"> [...]<\/span><\/p>","protected":false},"featured_media":12078,"template":"","meta":{"content-type":"","_vp_format_video_url":"","_vp_image_focal_point":[]},"product_cat":[107],"product_tag":[],"class_list":{"0":"post-11901","1":"product","2":"type-product","3":"status-publish","4":"has-post-thumbnail","6":"product_cat-kadosh","8":"first","9":"instock","10":"shipping-taxable","11":"purchasable","12":"product-type-simple"},"yoast_head":"<!-- This site is optimized with the Yoast SEO Premium plugin v22.9 (Yoast SEO v24.0) - https:\/\/yoast.com\/wordpress\/plugins\/seo\/ -->\n<title>K1600R\/ bast\u00e3o K16MC - Kadosh Music<\/title>\n<meta name=\"robots\" content=\"index, follow, max-snippet:-1, max-image-preview:large, max-video-preview:-1\" \/>\n<link rel=\"canonical\" href=\"https:\/\/kadoshmusic.com.br\/es\/product\/receptor-sem-fio-uhf-k1600r-bastao-k16mc\/\" \/>\n<meta property=\"og:locale\" content=\"es_ES\" \/>\n<meta property=\"og:type\" content=\"article\" \/>\n<meta property=\"og:title\" content=\"K1600R\/ bast\u00e3o K16MC\" \/>\n<meta property=\"og:description\" content=\"O K1600-R possui quatro canais independentes, oferece flexibilidade excepcional para capturar e reproduzir \u00e1udio de v\u00e1rias fontes simultaneamente. &nbsp; Com tecnologia de ponta, o receptor opera [\u2026]\" \/>\n<meta property=\"og:url\" content=\"https:\/\/kadoshmusic.com.br\/es\/product\/receptor-sem-fio-uhf-k1600r-bastao-k16mc\/\" \/>\n<meta property=\"og:site_name\" content=\"Kadosh Music\" \/>\n<meta property=\"article:publisher\" content=\"https:\/\/www.facebook.com\/micskadosh\" \/>\n<meta property=\"article:modified_time\" content=\"2025-05-16T20:31:54+00:00\" \/>\n<meta property=\"og:image\" content=\"https:\/\/kadoshmusic.com.br\/wp-content\/uploads\/2024\/04\/K1600r-1.png\" \/>\n\t<meta property=\"og:image:width\" content=\"1080\" \/>\n\t<meta property=\"og:image:height\" content=\"1080\" \/>\n\t<meta property=\"og:image:type\" content=\"image\/png\" \/>\n<meta name=\"twitter:card\" content=\"summary_large_image\" \/>\n<meta name=\"twitter:label1\" content=\"Est. reading time\" \/>\n\t<meta name=\"twitter:data1\" content=\"2 minutos\" \/>\n<script type=\"application\/ld+json\" class=\"yoast-schema-graph\">{\"@context\":\"https:\/\/schema.org\",\"@graph\":[{\"@type\":\"WebPage\",\"@id\":\"https:\/\/kadoshmusic.com.br\/produto\/receptor-sem-fio-uhf-k1600r-bastao-k16mc\/\",\"url\":\"https:\/\/kadoshmusic.com.br\/produto\/receptor-sem-fio-uhf-k1600r-bastao-k16mc\/\",\"name\":\"K1600R\/ bast\u00e3o K16MC - Kadosh Music\",\"isPartOf\":{\"@id\":\"https:\/\/kadoshmusic.com.br\/#website\"},\"primaryImageOfPage\":{\"@id\":\"https:\/\/kadoshmusic.com.br\/produto\/receptor-sem-fio-uhf-k1600r-bastao-k16mc\/#primaryimage\"},\"image\":{\"@id\":\"https:\/\/kadoshmusic.com.br\/produto\/receptor-sem-fio-uhf-k1600r-bastao-k16mc\/#primaryimage\"},\"thumbnailUrl\":\"https:\/\/kadoshmusic.com.br\/wp-content\/uploads\/2024\/04\/K1600r-1.png\",\"datePublished\":\"2024-05-21T11:56:33+00:00\",\"dateModified\":\"2025-05-16T20:31:54+00:00\",\"breadcrumb\":{\"@id\":\"https:\/\/kadoshmusic.com.br\/produto\/receptor-sem-fio-uhf-k1600r-bastao-k16mc\/#breadcrumb\"},\"inLanguage\":\"es\",\"potentialAction\":[{\"@type\":\"ReadAction\",\"target\":[\"https:\/\/kadoshmusic.com.br\/produto\/receptor-sem-fio-uhf-k1600r-bastao-k16mc\/\"]}]},{\"@type\":\"ImageObject\",\"inLanguage\":\"es\",\"@id\":\"https:\/\/kadoshmusic.com.br\/produto\/receptor-sem-fio-uhf-k1600r-bastao-k16mc\/#primaryimage\",\"url\":\"https:\/\/kadoshmusic.com.br\/wp-content\/uploads\/2024\/04\/K1600r-1.png\",\"contentUrl\":\"https:\/\/kadoshmusic.com.br\/wp-content\/uploads\/2024\/04\/K1600r-1.png\",\"width\":1080,\"height\":1080},{\"@type\":\"BreadcrumbList\",\"@id\":\"https:\/\/kadoshmusic.com.br\/produto\/receptor-sem-fio-uhf-k1600r-bastao-k16mc\/#breadcrumb\",\"itemListElement\":[{\"@type\":\"ListItem\",\"position\":1,\"name\":\"Home\",\"item\":\"https:\/\/kadoshmusic.com.br\/\"},{\"@type\":\"ListItem\",\"position\":2,\"name\":\"Shop\",\"item\":\"https:\/\/kadoshmusic.com.br\/shop\/\"},{\"@type\":\"ListItem\",\"position\":3,\"name\":\"K1600R\/ bast\u00e3o K16MC\"}]},{\"@type\":\"WebSite\",\"@id\":\"https:\/\/kadoshmusic.com.br\/#website\",\"url\":\"https:\/\/kadoshmusic.com.br\/\",\"name\":\"Kadosh Music\",\"description\":\"A Tecnologia Conectando o \u00c1udio e a M\u00fasica\",\"publisher\":{\"@id\":\"https:\/\/kadoshmusic.com.br\/#organization\"},\"alternateName\":\"kadosh\",\"potentialAction\":[{\"@type\":\"SearchAction\",\"target\":{\"@type\":\"EntryPoint\",\"urlTemplate\":\"https:\/\/kadoshmusic.com.br\/?s={search_term_string}\"},\"query-input\":{\"@type\":\"PropertyValueSpecification\",\"valueRequired\":true,\"valueName\":\"search_term_string\"}}],\"inLanguage\":\"es\"},{\"@type\":\"Organization\",\"@id\":\"https:\/\/kadoshmusic.com.br\/#organization\",\"name\":\"kadosh music\",\"url\":\"https:\/\/kadoshmusic.com.br\/\",\"logo\":{\"@type\":\"ImageObject\",\"inLanguage\":\"es\",\"@id\":\"https:\/\/kadoshmusic.com.br\/#\/schema\/logo\/image\/\",\"url\":\"https:\/\/kadoshmusic.com.br\/wp-content\/uploads\/2024\/06\/logo-principal-1024x450-1.webp\",\"contentUrl\":\"https:\/\/kadoshmusic.com.br\/wp-content\/uploads\/2024\/06\/logo-principal-1024x450-1.webp\",\"width\":1024,\"height\":450,\"caption\":\"kadosh music\"},\"image\":{\"@id\":\"https:\/\/kadoshmusic.com.br\/#\/schema\/logo\/image\/\"},\"sameAs\":[\"https:\/\/www.facebook.com\/micskadosh\"]}]}<\/script>\n<!-- \/ Yoast SEO Premium plugin. -->","yoast_head_json":{"title":"K1600R\/ bast\u00e3o K16MC - Kadosh Music","robots":{"index":"index","follow":"follow","max-snippet":"max-snippet:-1","max-image-preview":"max-image-preview:large","max-video-preview":"max-video-preview:-1"},"canonical":"https:\/\/kadoshmusic.com.br\/es\/product\/receptor-sem-fio-uhf-k1600r-bastao-k16mc\/","og_locale":"es_ES","og_type":"article","og_title":"K1600R\/ bast\u00e3o K16MC","og_description":"O K1600-R possui quatro canais independentes, oferece flexibilidade excepcional para capturar e reproduzir \u00e1udio de v\u00e1rias fontes simultaneamente. &nbsp; Com tecnologia de ponta, o receptor opera [\u2026]","og_url":"https:\/\/kadoshmusic.com.br\/es\/product\/receptor-sem-fio-uhf-k1600r-bastao-k16mc\/","og_site_name":"Kadosh Music","article_publisher":"https:\/\/www.facebook.com\/micskadosh","article_modified_time":"2025-05-16T20:31:54+00:00","og_image":[{"width":1080,"height":1080,"url":"https:\/\/kadoshmusic.com.br\/wp-content\/uploads\/2024\/04\/K1600r-1.png","type":"image\/png"}],"twitter_card":"summary_large_image","twitter_misc":{"Est. reading time":"2 minutos"},"schema":{"@context":"https:\/\/schema.org","@graph":[{"@type":"WebPage","@id":"https:\/\/kadoshmusic.com.br\/produto\/receptor-sem-fio-uhf-k1600r-bastao-k16mc\/","url":"https:\/\/kadoshmusic.com.br\/produto\/receptor-sem-fio-uhf-k1600r-bastao-k16mc\/","name":"K1600R\/ bast\u00e3o K16MC - Kadosh Music","isPartOf":{"@id":"https:\/\/kadoshmusic.com.br\/#website"},"primaryImageOfPage":{"@id":"https:\/\/kadoshmusic.com.br\/produto\/receptor-sem-fio-uhf-k1600r-bastao-k16mc\/#primaryimage"},"image":{"@id":"https:\/\/kadoshmusic.com.br\/produto\/receptor-sem-fio-uhf-k1600r-bastao-k16mc\/#primaryimage"},"thumbnailUrl":"https:\/\/kadoshmusic.com.br\/wp-content\/uploads\/2024\/04\/K1600r-1.png","datePublished":"2024-05-21T11:56:33+00:00","dateModified":"2025-05-16T20:31:54+00:00","breadcrumb":{"@id":"https:\/\/kadoshmusic.com.br\/produto\/receptor-sem-fio-uhf-k1600r-bastao-k16mc\/#breadcrumb"},"inLanguage":"es","potentialAction":[{"@type":"ReadAction","target":["https:\/\/kadoshmusic.com.br\/produto\/receptor-sem-fio-uhf-k1600r-bastao-k16mc\/"]}]},{"@type":"ImageObject","inLanguage":"es","@id":"https:\/\/kadoshmusic.com.br\/produto\/receptor-sem-fio-uhf-k1600r-bastao-k16mc\/#primaryimage","url":"https:\/\/kadoshmusic.com.br\/wp-content\/uploads\/2024\/04\/K1600r-1.png","contentUrl":"https:\/\/kadoshmusic.com.br\/wp-content\/uploads\/2024\/04\/K1600r-1.png","width":1080,"height":1080},{"@type":"BreadcrumbList","@id":"https:\/\/kadoshmusic.com.br\/produto\/receptor-sem-fio-uhf-k1600r-bastao-k16mc\/#breadcrumb","itemListElement":[{"@type":"ListItem","position":1,"name":"Home","item":"https:\/\/kadoshmusic.com.br\/"},{"@type":"ListItem","position":2,"name":"Shop","item":"https:\/\/kadoshmusic.com.br\/shop\/"},{"@type":"ListItem","position":3,"name":"K1600R\/ bast\u00e3o K16MC"}]},{"@type":"WebSite","@id":"https:\/\/kadoshmusic.com.br\/#website","url":"https:\/\/kadoshmusic.com.br\/","name":"Kadosh Music","description":"A Tecnologia Conectando o \u00c1udio e a M\u00fasica","publisher":{"@id":"https:\/\/kadoshmusic.com.br\/#organization"},"alternateName":"kadosh","potentialAction":[{"@type":"SearchAction","target":{"@type":"EntryPoint","urlTemplate":"https:\/\/kadoshmusic.com.br\/?s={search_term_string}"},"query-input":{"@type":"PropertyValueSpecification","valueRequired":true,"valueName":"search_term_string"}}],"inLanguage":"es"},{"@type":"Organization","@id":"https:\/\/kadoshmusic.com.br\/#organization","name":"kadosh music","url":"https:\/\/kadoshmusic.com.br\/","logo":{"@type":"ImageObject","inLanguage":"es","@id":"https:\/\/kadoshmusic.com.br\/#\/schema\/logo\/image\/","url":"https:\/\/kadoshmusic.com.br\/wp-content\/uploads\/2024\/06\/logo-principal-1024x450-1.webp","contentUrl":"https:\/\/kadoshmusic.com.br\/wp-content\/uploads\/2024\/06\/logo-principal-1024x450-1.webp","width":1024,"height":450,"caption":"kadosh music"},"image":{"@id":"https:\/\/kadoshmusic.com.br\/#\/schema\/logo\/image\/"},"sameAs":["https:\/\/www.facebook.com\/micskadosh"]}]}},"jetpack_sharing_enabled":true,"s_badge_disabled_all":false,"s_badge_single_active":false,"badge_type":"type_custom","badge_custom_set_date":false,"badge_initial_date":"","badge_end_date":"","badge_new_days":"","badge_lowstock_low":"","badge_lowstock_medium":"","badge_text":"","badge_text_size":"","badge_text_color":"","badge_bg_color":"","badge_style":"badge_default","badge_position":"position_tl","_links":{"self":[{"href":"https:\/\/kadoshmusic.com.br\/es\/wp-json\/wp\/v2\/product\/11901","targetHints":{"allow":["GET"]}}],"collection":[{"href":"https:\/\/kadoshmusic.com.br\/es\/wp-json\/wp\/v2\/product"}],"about":[{"href":"https:\/\/kadoshmusic.com.br\/es\/wp-json\/wp\/v2\/types\/product"}],"version-history":[{"count":4,"href":"https:\/\/kadoshmusic.com.br\/es\/wp-json\/wp\/v2\/product\/11901\/revisions"}],"predecessor-version":[{"id":15293,"href":"https:\/\/kadoshmusic.com.br\/es\/wp-json\/wp\/v2\/product\/11901\/revisions\/15293"}],"wp:featuredmedia":[{"embeddable":true,"href":"https:\/\/kadoshmusic.com.br\/es\/wp-json\/wp\/v2\/media\/12078"}],"wp:attachment":[{"href":"https:\/\/kadoshmusic.com.br\/es\/wp-json\/wp\/v2\/media?parent=11901"}],"wp:term":[{"taxonomy":"product_cat","embeddable":true,"href":"https:\/\/kadoshmusic.com.br\/es\/wp-json\/wp\/v2\/product_cat?post=11901"},{"taxonomy":"product_tag","embeddable":true,"href":"https:\/\/kadoshmusic.com.br\/es\/wp-json\/wp\/v2\/product_tag?post=11901"}],"curies":[{"name":"wp","href":"https:\/\/api.w.org\/{rel}","templated":true}]}}