{"id":10874,"date":"2024-12-06T07:55:34","date_gmt":"2024-12-06T10:55:34","guid":{"rendered":"https:\/\/kadoshmusic.com.br\/?post_type=product&#038;p=10874"},"modified":"2025-06-26T11:31:00","modified_gmt":"2025-06-26T14:31:00","slug":"mc-40","status":"publish","type":"product","link":"https:\/\/kadoshmusic.com.br\/es\/product\/mc-40\/","title":{"rendered":"MC 40"},"content":{"rendered":"<p>La mesa de sonido<strong> MC 40 de 4 canales de K-Audio<\/strong> es una opci\u00f3n ideal para profesionales y entusiastas del audio que buscan un dispositivo vers\u00e1til, de alta calidad y repleto de funciones para sus necesidades de mezcla y procesamiento de audio. Estas son sus caracter\u00edsticas:<\/p>\n<p>&nbsp;<\/p>\n<p>&#8211; <strong>Mezclador de audio de 4 canales<\/strong>Permite mezclar y procesar simult\u00e1neamente hasta cuatro fuentes de audio diferentes.<\/p>\n<p>&#8211; <strong>Entradas flexibles<\/strong>Ofertas <strong>Conectores XLR<\/strong> y de l\u00ednea, con 2 entradas de micr\u00f3fono mono y 2 entradas est\u00e9reo, lo que garantiza la versatilidad a la hora de conectar distintos tipos de dispositivos.<\/p>\n<p>&#8211; <strong>Ecualizaci\u00f3n de 3 bandas<\/strong>: Con controles de graves, medios y agudos, permite ajustar con precisi\u00f3n las frecuencias de audio para mejorar la calidad del sonido.<\/p>\n<p>&#8211; <strong>Alimentaci\u00f3n fantasma +48 V<\/strong>Proporciona alimentaci\u00f3n fantasma para los micr\u00f3fonos que requieren alimentaci\u00f3n adicional, como los micr\u00f3fonos de condensador, lo que garantiza la compatibilidad con una gran variedad de equipos.<\/p>\n<p>&#8211; <strong>Efecto digital Reverb:<\/strong> Con efectos digitales de alta calidad en <strong>24 bits 16 DSP<\/strong>a\u00f1ade profundidad y ambiente al audio.<\/p>\n<p>&#8211;<strong> Conectividad Bluetooth<\/strong>Permite la conexi\u00f3n inal\u00e1mbrica para la reproducci\u00f3n de audio o streaming desde dispositivos compatibles.<\/p>\n<p>&#8211; <strong>Pantalla digital<\/strong>: Facilita la supervisi\u00f3n y el ajuste de la configuraci\u00f3n del mezclador, ofreciendo una interfaz de usuario intuitiva.<\/p>\n<p>&#8211; <strong>Reproductor MP3 integrado<\/strong>Permite la reproducci\u00f3n directa de archivos de audio MP3 desde dispositivos de almacenamiento USB.<\/p>\n<p>&#8211; <strong>Interfaz USB con grabaci\u00f3n en PC y Flashdisk:<\/strong> Permite la grabaci\u00f3n directa de audio en ordenadores o dispositivos de almacenamiento flash conectados mediante USB, lo que ofrece practicidad a la hora de capturar y almacenar audio.<\/p>\n<p>&#8211; <strong>Material del chasis de hierro<\/strong>Proporciona durabilidad y protecci\u00f3n a los componentes internos de la mezcladora, garantizando su longevidad y robustez.<\/p>","protected":false},"excerpt":{"rendered":"<p>A <strong>Mezclador de sonido anal\u00f3gico K-Audio MC40<\/strong> ofrece mezclas profesionales con <strong>4 canales, 2 micr\u00f3fonos mono y 2 est\u00e9reo<\/strong>.<\/p>\n<p>Con ecualizaci\u00f3n precisa, efectos digitales y <strong>Conectividad Bluetooth, USB y MP3 integrada<\/strong>Ofrece versatilidad y una calidad de sonido excepcional.<\/p>\n<p>\ud83d\udd38<strong>Solicite presupuesto ahora.<\/strong><\/p>","protected":false},"featured_media":12291,"template":"","meta":{"content-type":"","_vp_format_video_url":"","_vp_image_focal_point":[]},"product_cat":[110,179],"product_tag":[],"class_list":{"0":"post-10874","1":"product","2":"type-product","3":"status-publish","4":"has-post-thumbnail","6":"product_cat-k-audio","7":"product_cat-linha-mc","9":"first","10":"instock","11":"shipping-taxable","12":"purchasable","13":"product-type-simple"},"yoast_head":"<!-- This site is optimized with the Yoast SEO Premium plugin v22.9 (Yoast SEO v24.0) - https:\/\/yoast.com\/wordpress\/plugins\/seo\/ -->\n<title>MC 40 - Kadosh Music<\/title>\n<meta name=\"robots\" content=\"index, follow, max-snippet:-1, max-image-preview:large, max-video-preview:-1\" \/>\n<link rel=\"canonical\" href=\"https:\/\/kadoshmusic.com.br\/es\/product\/mc-40\/\" \/>\n<meta property=\"og:locale\" content=\"es_ES\" \/>\n<meta property=\"og:type\" content=\"article\" \/>\n<meta property=\"og:title\" content=\"MC 40\" \/>\n<meta property=\"og:description\" content=\"A mesa de som anal\u00f3gica MC40 da K-Audio oferece mixagem profissional com 4 canais, 2 microfones mono e 2 est\u00e9reos.  Com equaliza\u00e7\u00e3o precisa, efeitos digitais e conectividade Bluetooth, USB e MP3 integrados, proporciona versatilidade e qualidade sonora excepcional.  \ud83d\udd38Solicite or\u00e7amento agora mesmo.\" \/>\n<meta property=\"og:url\" content=\"https:\/\/kadoshmusic.com.br\/es\/product\/mc-40\/\" \/>\n<meta property=\"og:site_name\" content=\"Kadosh Music\" \/>\n<meta property=\"article:publisher\" content=\"https:\/\/www.facebook.com\/micskadosh\" \/>\n<meta property=\"article:modified_time\" content=\"2025-06-26T14:31:00+00:00\" \/>\n<meta property=\"og:image\" content=\"https:\/\/kadoshmusic.com.br\/wp-content\/uploads\/2024\/03\/MC40.png\" \/>\n\t<meta property=\"og:image:width\" content=\"1080\" \/>\n\t<meta property=\"og:image:height\" content=\"1080\" \/>\n\t<meta property=\"og:image:type\" content=\"image\/png\" \/>\n<meta name=\"twitter:card\" content=\"summary_large_image\" \/>\n<meta name=\"twitter:label1\" content=\"Est. reading time\" \/>\n\t<meta name=\"twitter:data1\" content=\"2 minutos\" \/>\n<script type=\"application\/ld+json\" class=\"yoast-schema-graph\">{\"@context\":\"https:\/\/schema.org\",\"@graph\":[{\"@type\":\"WebPage\",\"@id\":\"https:\/\/kadoshmusic.com.br\/produto\/mc-40\/\",\"url\":\"https:\/\/kadoshmusic.com.br\/produto\/mc-40\/\",\"name\":\"MC 40 - Kadosh Music\",\"isPartOf\":{\"@id\":\"https:\/\/kadoshmusic.com.br\/#website\"},\"primaryImageOfPage\":{\"@id\":\"https:\/\/kadoshmusic.com.br\/produto\/mc-40\/#primaryimage\"},\"image\":{\"@id\":\"https:\/\/kadoshmusic.com.br\/produto\/mc-40\/#primaryimage\"},\"thumbnailUrl\":\"https:\/\/kadoshmusic.com.br\/wp-content\/uploads\/2024\/03\/MC40.png\",\"datePublished\":\"2024-12-06T10:55:34+00:00\",\"dateModified\":\"2025-06-26T14:31:00+00:00\",\"breadcrumb\":{\"@id\":\"https:\/\/kadoshmusic.com.br\/produto\/mc-40\/#breadcrumb\"},\"inLanguage\":\"es\",\"potentialAction\":[{\"@type\":\"ReadAction\",\"target\":[\"https:\/\/kadoshmusic.com.br\/produto\/mc-40\/\"]}]},{\"@type\":\"ImageObject\",\"inLanguage\":\"es\",\"@id\":\"https:\/\/kadoshmusic.com.br\/produto\/mc-40\/#primaryimage\",\"url\":\"https:\/\/kadoshmusic.com.br\/wp-content\/uploads\/2024\/03\/MC40.png\",\"contentUrl\":\"https:\/\/kadoshmusic.com.br\/wp-content\/uploads\/2024\/03\/MC40.png\",\"width\":1080,\"height\":1080},{\"@type\":\"BreadcrumbList\",\"@id\":\"https:\/\/kadoshmusic.com.br\/produto\/mc-40\/#breadcrumb\",\"itemListElement\":[{\"@type\":\"ListItem\",\"position\":1,\"name\":\"Home\",\"item\":\"https:\/\/kadoshmusic.com.br\/\"},{\"@type\":\"ListItem\",\"position\":2,\"name\":\"Shop\",\"item\":\"https:\/\/kadoshmusic.com.br\/shop\/\"},{\"@type\":\"ListItem\",\"position\":3,\"name\":\"MC 40\"}]},{\"@type\":\"WebSite\",\"@id\":\"https:\/\/kadoshmusic.com.br\/#website\",\"url\":\"https:\/\/kadoshmusic.com.br\/\",\"name\":\"Kadosh Music\",\"description\":\"A Tecnologia Conectando o \u00c1udio e a M\u00fasica\",\"publisher\":{\"@id\":\"https:\/\/kadoshmusic.com.br\/#organization\"},\"alternateName\":\"kadosh\",\"potentialAction\":[{\"@type\":\"SearchAction\",\"target\":{\"@type\":\"EntryPoint\",\"urlTemplate\":\"https:\/\/kadoshmusic.com.br\/?s={search_term_string}\"},\"query-input\":{\"@type\":\"PropertyValueSpecification\",\"valueRequired\":true,\"valueName\":\"search_term_string\"}}],\"inLanguage\":\"es\"},{\"@type\":\"Organization\",\"@id\":\"https:\/\/kadoshmusic.com.br\/#organization\",\"name\":\"kadosh music\",\"url\":\"https:\/\/kadoshmusic.com.br\/\",\"logo\":{\"@type\":\"ImageObject\",\"inLanguage\":\"es\",\"@id\":\"https:\/\/kadoshmusic.com.br\/#\/schema\/logo\/image\/\",\"url\":\"https:\/\/kadoshmusic.com.br\/wp-content\/uploads\/2024\/06\/logo-principal-1024x450-1.webp\",\"contentUrl\":\"https:\/\/kadoshmusic.com.br\/wp-content\/uploads\/2024\/06\/logo-principal-1024x450-1.webp\",\"width\":1024,\"height\":450,\"caption\":\"kadosh music\"},\"image\":{\"@id\":\"https:\/\/kadoshmusic.com.br\/#\/schema\/logo\/image\/\"},\"sameAs\":[\"https:\/\/www.facebook.com\/micskadosh\"]}]}<\/script>\n<!-- \/ Yoast SEO Premium plugin. -->","yoast_head_json":{"title":"MC 40 - Kadosh Music","robots":{"index":"index","follow":"follow","max-snippet":"max-snippet:-1","max-image-preview":"max-image-preview:large","max-video-preview":"max-video-preview:-1"},"canonical":"https:\/\/kadoshmusic.com.br\/es\/product\/mc-40\/","og_locale":"es_ES","og_type":"article","og_title":"MC 40","og_description":"A mesa de som anal\u00f3gica MC40 da K-Audio oferece mixagem profissional com 4 canais, 2 microfones mono e 2 est\u00e9reos.  Com equaliza\u00e7\u00e3o precisa, efeitos digitais e conectividade Bluetooth, USB e MP3 integrados, proporciona versatilidade e qualidade sonora excepcional.  \ud83d\udd38Solicite or\u00e7amento agora mesmo.","og_url":"https:\/\/kadoshmusic.com.br\/es\/product\/mc-40\/","og_site_name":"Kadosh Music","article_publisher":"https:\/\/www.facebook.com\/micskadosh","article_modified_time":"2025-06-26T14:31:00+00:00","og_image":[{"width":1080,"height":1080,"url":"https:\/\/kadoshmusic.com.br\/wp-content\/uploads\/2024\/03\/MC40.png","type":"image\/png"}],"twitter_card":"summary_large_image","twitter_misc":{"Est. reading time":"2 minutos"},"schema":{"@context":"https:\/\/schema.org","@graph":[{"@type":"WebPage","@id":"https:\/\/kadoshmusic.com.br\/produto\/mc-40\/","url":"https:\/\/kadoshmusic.com.br\/produto\/mc-40\/","name":"MC 40 - Kadosh Music","isPartOf":{"@id":"https:\/\/kadoshmusic.com.br\/#website"},"primaryImageOfPage":{"@id":"https:\/\/kadoshmusic.com.br\/produto\/mc-40\/#primaryimage"},"image":{"@id":"https:\/\/kadoshmusic.com.br\/produto\/mc-40\/#primaryimage"},"thumbnailUrl":"https:\/\/kadoshmusic.com.br\/wp-content\/uploads\/2024\/03\/MC40.png","datePublished":"2024-12-06T10:55:34+00:00","dateModified":"2025-06-26T14:31:00+00:00","breadcrumb":{"@id":"https:\/\/kadoshmusic.com.br\/produto\/mc-40\/#breadcrumb"},"inLanguage":"es","potentialAction":[{"@type":"ReadAction","target":["https:\/\/kadoshmusic.com.br\/produto\/mc-40\/"]}]},{"@type":"ImageObject","inLanguage":"es","@id":"https:\/\/kadoshmusic.com.br\/produto\/mc-40\/#primaryimage","url":"https:\/\/kadoshmusic.com.br\/wp-content\/uploads\/2024\/03\/MC40.png","contentUrl":"https:\/\/kadoshmusic.com.br\/wp-content\/uploads\/2024\/03\/MC40.png","width":1080,"height":1080},{"@type":"BreadcrumbList","@id":"https:\/\/kadoshmusic.com.br\/produto\/mc-40\/#breadcrumb","itemListElement":[{"@type":"ListItem","position":1,"name":"Home","item":"https:\/\/kadoshmusic.com.br\/"},{"@type":"ListItem","position":2,"name":"Shop","item":"https:\/\/kadoshmusic.com.br\/shop\/"},{"@type":"ListItem","position":3,"name":"MC 40"}]},{"@type":"WebSite","@id":"https:\/\/kadoshmusic.com.br\/#website","url":"https:\/\/kadoshmusic.com.br\/","name":"Kadosh Music","description":"A Tecnologia Conectando o \u00c1udio e a M\u00fasica","publisher":{"@id":"https:\/\/kadoshmusic.com.br\/#organization"},"alternateName":"kadosh","potentialAction":[{"@type":"SearchAction","target":{"@type":"EntryPoint","urlTemplate":"https:\/\/kadoshmusic.com.br\/?s={search_term_string}"},"query-input":{"@type":"PropertyValueSpecification","valueRequired":true,"valueName":"search_term_string"}}],"inLanguage":"es"},{"@type":"Organization","@id":"https:\/\/kadoshmusic.com.br\/#organization","name":"kadosh music","url":"https:\/\/kadoshmusic.com.br\/","logo":{"@type":"ImageObject","inLanguage":"es","@id":"https:\/\/kadoshmusic.com.br\/#\/schema\/logo\/image\/","url":"https:\/\/kadoshmusic.com.br\/wp-content\/uploads\/2024\/06\/logo-principal-1024x450-1.webp","contentUrl":"https:\/\/kadoshmusic.com.br\/wp-content\/uploads\/2024\/06\/logo-principal-1024x450-1.webp","width":1024,"height":450,"caption":"kadosh music"},"image":{"@id":"https:\/\/kadoshmusic.com.br\/#\/schema\/logo\/image\/"},"sameAs":["https:\/\/www.facebook.com\/micskadosh"]}]}},"jetpack_sharing_enabled":true,"s_badge_disabled_all":false,"s_badge_single_active":false,"badge_type":"type_custom","badge_custom_set_date":false,"badge_initial_date":"","badge_end_date":"","badge_new_days":"","badge_lowstock_low":"","badge_lowstock_medium":"","badge_text":"","badge_text_size":"","badge_text_color":"","badge_bg_color":"","badge_style":"badge_default","badge_position":"position_tl","_links":{"self":[{"href":"https:\/\/kadoshmusic.com.br\/es\/wp-json\/wp\/v2\/product\/10874","targetHints":{"allow":["GET"]}}],"collection":[{"href":"https:\/\/kadoshmusic.com.br\/es\/wp-json\/wp\/v2\/product"}],"about":[{"href":"https:\/\/kadoshmusic.com.br\/es\/wp-json\/wp\/v2\/types\/product"}],"version-history":[{"count":5,"href":"https:\/\/kadoshmusic.com.br\/es\/wp-json\/wp\/v2\/product\/10874\/revisions"}],"predecessor-version":[{"id":10903,"href":"https:\/\/kadoshmusic.com.br\/es\/wp-json\/wp\/v2\/product\/10874\/revisions\/10903"}],"wp:featuredmedia":[{"embeddable":true,"href":"https:\/\/kadoshmusic.com.br\/es\/wp-json\/wp\/v2\/media\/12291"}],"wp:attachment":[{"href":"https:\/\/kadoshmusic.com.br\/es\/wp-json\/wp\/v2\/media?parent=10874"}],"wp:term":[{"taxonomy":"product_cat","embeddable":true,"href":"https:\/\/kadoshmusic.com.br\/es\/wp-json\/wp\/v2\/product_cat?post=10874"},{"taxonomy":"product_tag","embeddable":true,"href":"https:\/\/kadoshmusic.com.br\/es\/wp-json\/wp\/v2\/product_tag?post=10874"}],"curies":[{"name":"wp","href":"https:\/\/api.w.org\/{rel}","templated":true}]}}