{"id":10174,"date":"2024-12-06T08:37:53","date_gmt":"2024-12-06T11:37:53","guid":{"rendered":"https:\/\/kadoshmusic.com.br\/?post_type=product&#038;p=10174"},"modified":"2025-07-08T16:39:03","modified_gmt":"2025-07-08T19:39:03","slug":"tp10a","status":"publish","type":"product","link":"https:\/\/kadoshmusic.com.br\/es\/product\/tp10a\/","title":{"rendered":"TP10A"},"content":{"rendered":"<p><strong>Alimentaci\u00f3n del altavoz:<\/strong> Equipado con un <strong>Altavoz de 10 pulgadas<\/strong> y un amplificador integrado de alta eficiencia, el<strong> TP 10<\/strong> ofrece una reproducci\u00f3n de audio excepcional en todas las frecuencias. El sonido n\u00edtido y potente garantiza la participaci\u00f3n de su p\u00fablico, haciendo que cada experiencia auditiva sea memorable.<\/p>\n<p><strong>Ampl\u00eda tu espacio:<\/strong> Con potencia de salida suficiente para llenar espacios peque\u00f1os y medianos, el <strong>TP 10<\/strong> crea una atm\u00f3sfera envolvente. Ya sea para actuaciones, eventos al aire libre o momentos de ocio, disfruta de un sonido impresionante que marca la diferencia.<\/p>\n<p><strong>Conectividad vers\u00e1til:<\/strong> A <strong>TP 10<\/strong> ofrece varias opciones de conectividad, incluidas entradas de l\u00ednea, <strong>Bluetooth y USB<\/strong>. Reproduzca m\u00fasica directamente desde dispositivos m\u00f3viles, memorias USB u ordenadores port\u00e1tiles. Flexibilidad para m\u00fasica en directo, actuaciones o simplemente para disfrutar de tus canciones favoritas est\u00e9s donde est\u00e9s.<\/p>\n<p><strong>Control total en sus manos:<\/strong> Controles de volumen intuitivos,<strong> EQ<\/strong> y reproducci\u00f3n proporcionan una experiencia personalizada. Ajuste el sonido a sus preferencias y ad\u00e1ptese al entorno con facilidad. A <strong>TP 10<\/strong> est\u00e1 dise\u00f1ado para que la experiencia auditiva sea sencilla y personalizada.<\/p>\n<p><strong>Portabilidad sin complicaciones:<\/strong> Gracias a su robusta construcci\u00f3n y a las asas integradas, el transporte y la instalaci\u00f3n son r\u00e1pidos y sencillos. Ll\u00e9vate el sonido all\u00e1 donde te lleve la m\u00fasica. <strong>TP 10<\/strong> est\u00e1 preparado para seguir tu ritmo.<\/p>\n<p>&nbsp;<\/p>\n<p>Convierta cada momento en una experiencia sonora \u00fanica con el <strong>K-AUDIO TP 10<\/strong> - compacta, potente y lista para impresionar.<\/p>","protected":false},"excerpt":{"rendered":"<p>A<strong> K-AUDIO TP 10<\/strong> es un potente altavoz con un altavoz de 10 pulgadas y amplificador incorporado. Ideal para espacios reducidos, ofrece un audio n\u00edtido y envolvente.<\/p>\n<p>Con conectividad <strong>Bluetooth, USB<\/strong> y entradas de l\u00ednea, es flexible para una gran variedad de fuentes. Los controles intuitivos facilitan el ajuste<strong> volumen y ecualizador<\/strong>.<\/p>\n<p>Robusto y f\u00e1cil de transportar, es perfecto para llevar un sonido excepcional all\u00e1 donde vaya.<\/p>","protected":false},"featured_media":11537,"template":"","meta":{"content-type":"","_vp_format_video_url":"","_vp_image_focal_point":[]},"product_cat":[110],"product_tag":[],"class_list":{"0":"post-10174","1":"product","2":"type-product","3":"status-publish","4":"has-post-thumbnail","6":"product_cat-k-audio","8":"first","9":"instock","10":"shipping-taxable","11":"purchasable","12":"product-type-simple"},"yoast_head":"<!-- This site is optimized with the Yoast SEO Premium plugin v22.9 (Yoast SEO v24.0) - https:\/\/yoast.com\/wordpress\/plugins\/seo\/ -->\n<title>TP10A - Kadosh Music<\/title>\n<meta name=\"robots\" content=\"index, follow, max-snippet:-1, max-image-preview:large, max-video-preview:-1\" \/>\n<link rel=\"canonical\" href=\"https:\/\/kadoshmusic.com.br\/es\/product\/tp10a\/\" \/>\n<meta property=\"og:locale\" content=\"es_ES\" \/>\n<meta property=\"og:type\" content=\"article\" \/>\n<meta property=\"og:title\" content=\"TP10A\" \/>\n<meta property=\"og:description\" content=\"A K-AUDIO TP 10 \u00e9 uma caixa de som potente com alto-falante de 10 polegadas e amplificador embutido. Ideal para espa\u00e7os pequenos, oferece \u00e1udio claro e envolvente.  Com conectividade Bluetooth, USB e entradas de linha, \u00e9 flex\u00edvel para diversas fontes. Controles intuitivos facilitam ajustes de volume e EQ.  Robusta e f\u00e1cil de transportar, \u00e9 perfeita para levar o som excepcional onde voc\u00ea for.\" \/>\n<meta property=\"og:url\" content=\"https:\/\/kadoshmusic.com.br\/es\/product\/tp10a\/\" \/>\n<meta property=\"og:site_name\" content=\"Kadosh Music\" \/>\n<meta property=\"article:publisher\" content=\"https:\/\/www.facebook.com\/micskadosh\" \/>\n<meta property=\"article:modified_time\" content=\"2025-07-08T19:39:03+00:00\" \/>\n<meta property=\"og:image\" content=\"https:\/\/kadoshmusic.com.br\/wp-content\/uploads\/2024\/02\/capa-30.png\" \/>\n\t<meta property=\"og:image:width\" content=\"1080\" \/>\n\t<meta property=\"og:image:height\" content=\"1080\" \/>\n\t<meta property=\"og:image:type\" content=\"image\/png\" \/>\n<meta name=\"twitter:card\" content=\"summary_large_image\" \/>\n<meta name=\"twitter:label1\" content=\"Est. reading time\" \/>\n\t<meta name=\"twitter:data1\" content=\"2 minutos\" \/>\n<script type=\"application\/ld+json\" class=\"yoast-schema-graph\">{\"@context\":\"https:\/\/schema.org\",\"@graph\":[{\"@type\":\"WebPage\",\"@id\":\"https:\/\/kadoshmusic.com.br\/produto\/tp10a\/\",\"url\":\"https:\/\/kadoshmusic.com.br\/produto\/tp10a\/\",\"name\":\"TP10A - Kadosh Music\",\"isPartOf\":{\"@id\":\"https:\/\/kadoshmusic.com.br\/#website\"},\"primaryImageOfPage\":{\"@id\":\"https:\/\/kadoshmusic.com.br\/produto\/tp10a\/#primaryimage\"},\"image\":{\"@id\":\"https:\/\/kadoshmusic.com.br\/produto\/tp10a\/#primaryimage\"},\"thumbnailUrl\":\"https:\/\/kadoshmusic.com.br\/wp-content\/uploads\/2024\/02\/capa-30.png\",\"datePublished\":\"2024-12-06T11:37:53+00:00\",\"dateModified\":\"2025-07-08T19:39:03+00:00\",\"breadcrumb\":{\"@id\":\"https:\/\/kadoshmusic.com.br\/produto\/tp10a\/#breadcrumb\"},\"inLanguage\":\"es\",\"potentialAction\":[{\"@type\":\"ReadAction\",\"target\":[\"https:\/\/kadoshmusic.com.br\/produto\/tp10a\/\"]}]},{\"@type\":\"ImageObject\",\"inLanguage\":\"es\",\"@id\":\"https:\/\/kadoshmusic.com.br\/produto\/tp10a\/#primaryimage\",\"url\":\"https:\/\/kadoshmusic.com.br\/wp-content\/uploads\/2024\/02\/capa-30.png\",\"contentUrl\":\"https:\/\/kadoshmusic.com.br\/wp-content\/uploads\/2024\/02\/capa-30.png\",\"width\":1080,\"height\":1080},{\"@type\":\"BreadcrumbList\",\"@id\":\"https:\/\/kadoshmusic.com.br\/produto\/tp10a\/#breadcrumb\",\"itemListElement\":[{\"@type\":\"ListItem\",\"position\":1,\"name\":\"Home\",\"item\":\"https:\/\/kadoshmusic.com.br\/\"},{\"@type\":\"ListItem\",\"position\":2,\"name\":\"Shop\",\"item\":\"https:\/\/kadoshmusic.com.br\/shop\/\"},{\"@type\":\"ListItem\",\"position\":3,\"name\":\"TP10A\"}]},{\"@type\":\"WebSite\",\"@id\":\"https:\/\/kadoshmusic.com.br\/#website\",\"url\":\"https:\/\/kadoshmusic.com.br\/\",\"name\":\"Kadosh Music\",\"description\":\"A Tecnologia Conectando o \u00c1udio e a M\u00fasica\",\"publisher\":{\"@id\":\"https:\/\/kadoshmusic.com.br\/#organization\"},\"alternateName\":\"kadosh\",\"potentialAction\":[{\"@type\":\"SearchAction\",\"target\":{\"@type\":\"EntryPoint\",\"urlTemplate\":\"https:\/\/kadoshmusic.com.br\/?s={search_term_string}\"},\"query-input\":{\"@type\":\"PropertyValueSpecification\",\"valueRequired\":true,\"valueName\":\"search_term_string\"}}],\"inLanguage\":\"es\"},{\"@type\":\"Organization\",\"@id\":\"https:\/\/kadoshmusic.com.br\/#organization\",\"name\":\"kadosh music\",\"url\":\"https:\/\/kadoshmusic.com.br\/\",\"logo\":{\"@type\":\"ImageObject\",\"inLanguage\":\"es\",\"@id\":\"https:\/\/kadoshmusic.com.br\/#\/schema\/logo\/image\/\",\"url\":\"https:\/\/kadoshmusic.com.br\/wp-content\/uploads\/2024\/06\/logo-principal-1024x450-1.webp\",\"contentUrl\":\"https:\/\/kadoshmusic.com.br\/wp-content\/uploads\/2024\/06\/logo-principal-1024x450-1.webp\",\"width\":1024,\"height\":450,\"caption\":\"kadosh music\"},\"image\":{\"@id\":\"https:\/\/kadoshmusic.com.br\/#\/schema\/logo\/image\/\"},\"sameAs\":[\"https:\/\/www.facebook.com\/micskadosh\"]}]}<\/script>\n<!-- \/ Yoast SEO Premium plugin. -->","yoast_head_json":{"title":"TP10A - Kadosh Music","robots":{"index":"index","follow":"follow","max-snippet":"max-snippet:-1","max-image-preview":"max-image-preview:large","max-video-preview":"max-video-preview:-1"},"canonical":"https:\/\/kadoshmusic.com.br\/es\/product\/tp10a\/","og_locale":"es_ES","og_type":"article","og_title":"TP10A","og_description":"A K-AUDIO TP 10 \u00e9 uma caixa de som potente com alto-falante de 10 polegadas e amplificador embutido. Ideal para espa\u00e7os pequenos, oferece \u00e1udio claro e envolvente.  Com conectividade Bluetooth, USB e entradas de linha, \u00e9 flex\u00edvel para diversas fontes. Controles intuitivos facilitam ajustes de volume e EQ.  Robusta e f\u00e1cil de transportar, \u00e9 perfeita para levar o som excepcional onde voc\u00ea for.","og_url":"https:\/\/kadoshmusic.com.br\/es\/product\/tp10a\/","og_site_name":"Kadosh Music","article_publisher":"https:\/\/www.facebook.com\/micskadosh","article_modified_time":"2025-07-08T19:39:03+00:00","og_image":[{"width":1080,"height":1080,"url":"https:\/\/kadoshmusic.com.br\/wp-content\/uploads\/2024\/02\/capa-30.png","type":"image\/png"}],"twitter_card":"summary_large_image","twitter_misc":{"Est. reading time":"2 minutos"},"schema":{"@context":"https:\/\/schema.org","@graph":[{"@type":"WebPage","@id":"https:\/\/kadoshmusic.com.br\/produto\/tp10a\/","url":"https:\/\/kadoshmusic.com.br\/produto\/tp10a\/","name":"TP10A - Kadosh Music","isPartOf":{"@id":"https:\/\/kadoshmusic.com.br\/#website"},"primaryImageOfPage":{"@id":"https:\/\/kadoshmusic.com.br\/produto\/tp10a\/#primaryimage"},"image":{"@id":"https:\/\/kadoshmusic.com.br\/produto\/tp10a\/#primaryimage"},"thumbnailUrl":"https:\/\/kadoshmusic.com.br\/wp-content\/uploads\/2024\/02\/capa-30.png","datePublished":"2024-12-06T11:37:53+00:00","dateModified":"2025-07-08T19:39:03+00:00","breadcrumb":{"@id":"https:\/\/kadoshmusic.com.br\/produto\/tp10a\/#breadcrumb"},"inLanguage":"es","potentialAction":[{"@type":"ReadAction","target":["https:\/\/kadoshmusic.com.br\/produto\/tp10a\/"]}]},{"@type":"ImageObject","inLanguage":"es","@id":"https:\/\/kadoshmusic.com.br\/produto\/tp10a\/#primaryimage","url":"https:\/\/kadoshmusic.com.br\/wp-content\/uploads\/2024\/02\/capa-30.png","contentUrl":"https:\/\/kadoshmusic.com.br\/wp-content\/uploads\/2024\/02\/capa-30.png","width":1080,"height":1080},{"@type":"BreadcrumbList","@id":"https:\/\/kadoshmusic.com.br\/produto\/tp10a\/#breadcrumb","itemListElement":[{"@type":"ListItem","position":1,"name":"Home","item":"https:\/\/kadoshmusic.com.br\/"},{"@type":"ListItem","position":2,"name":"Shop","item":"https:\/\/kadoshmusic.com.br\/shop\/"},{"@type":"ListItem","position":3,"name":"TP10A"}]},{"@type":"WebSite","@id":"https:\/\/kadoshmusic.com.br\/#website","url":"https:\/\/kadoshmusic.com.br\/","name":"Kadosh Music","description":"A Tecnologia Conectando o \u00c1udio e a M\u00fasica","publisher":{"@id":"https:\/\/kadoshmusic.com.br\/#organization"},"alternateName":"kadosh","potentialAction":[{"@type":"SearchAction","target":{"@type":"EntryPoint","urlTemplate":"https:\/\/kadoshmusic.com.br\/?s={search_term_string}"},"query-input":{"@type":"PropertyValueSpecification","valueRequired":true,"valueName":"search_term_string"}}],"inLanguage":"es"},{"@type":"Organization","@id":"https:\/\/kadoshmusic.com.br\/#organization","name":"kadosh music","url":"https:\/\/kadoshmusic.com.br\/","logo":{"@type":"ImageObject","inLanguage":"es","@id":"https:\/\/kadoshmusic.com.br\/#\/schema\/logo\/image\/","url":"https:\/\/kadoshmusic.com.br\/wp-content\/uploads\/2024\/06\/logo-principal-1024x450-1.webp","contentUrl":"https:\/\/kadoshmusic.com.br\/wp-content\/uploads\/2024\/06\/logo-principal-1024x450-1.webp","width":1024,"height":450,"caption":"kadosh music"},"image":{"@id":"https:\/\/kadoshmusic.com.br\/#\/schema\/logo\/image\/"},"sameAs":["https:\/\/www.facebook.com\/micskadosh"]}]}},"jetpack_sharing_enabled":true,"s_badge_disabled_all":false,"s_badge_single_active":false,"badge_type":"type_custom","badge_custom_set_date":false,"badge_initial_date":"","badge_end_date":"","badge_new_days":"","badge_lowstock_low":"","badge_lowstock_medium":"","badge_text":"","badge_text_size":"","badge_text_color":"","badge_bg_color":"","badge_style":"badge_default","badge_position":"position_tl","_links":{"self":[{"href":"https:\/\/kadoshmusic.com.br\/es\/wp-json\/wp\/v2\/product\/10174","targetHints":{"allow":["GET"]}}],"collection":[{"href":"https:\/\/kadoshmusic.com.br\/es\/wp-json\/wp\/v2\/product"}],"about":[{"href":"https:\/\/kadoshmusic.com.br\/es\/wp-json\/wp\/v2\/types\/product"}],"version-history":[{"count":4,"href":"https:\/\/kadoshmusic.com.br\/es\/wp-json\/wp\/v2\/product\/10174\/revisions"}],"predecessor-version":[{"id":10382,"href":"https:\/\/kadoshmusic.com.br\/es\/wp-json\/wp\/v2\/product\/10174\/revisions\/10382"}],"wp:featuredmedia":[{"embeddable":true,"href":"https:\/\/kadoshmusic.com.br\/es\/wp-json\/wp\/v2\/media\/11537"}],"wp:attachment":[{"href":"https:\/\/kadoshmusic.com.br\/es\/wp-json\/wp\/v2\/media?parent=10174"}],"wp:term":[{"taxonomy":"product_cat","embeddable":true,"href":"https:\/\/kadoshmusic.com.br\/es\/wp-json\/wp\/v2\/product_cat?post=10174"},{"taxonomy":"product_tag","embeddable":true,"href":"https:\/\/kadoshmusic.com.br\/es\/wp-json\/wp\/v2\/product_tag?post=10174"}],"curies":[{"name":"wp","href":"https:\/\/api.w.org\/{rel}","templated":true}]}}