{"id":10029,"date":"2024-01-27T10:03:15","date_gmt":"2024-01-27T13:03:15","guid":{"rendered":"https:\/\/kadoshmusic.com.br\/?page_id=10029"},"modified":"2025-01-20T16:01:13","modified_gmt":"2025-01-20T19:01:13","slug":"garantia-estendida","status":"publish","type":"page","link":"https:\/\/kadoshmusic.com.br\/es\/garantia-estendida\/","title":{"rendered":"Garant\u00eda ampliada"},"content":{"rendered":"<div data-elementor-type=\"wp-page\" data-elementor-id=\"10029\" class=\"elementor elementor-10029\" data-elementor-post-type=\"page\">\n\t\t\t\t\t\t<section data-particle_enable=\"false\" data-particle-mobile-disabled=\"false\" class=\"elementor-section elementor-top-section elementor-element elementor-element-2028a92a elementor-section-stretched elementor-section-boxed elementor-section-height-default elementor-section-height-default\" data-id=\"2028a92a\" data-element_type=\"section\" data-settings=\"{&quot;stretch_section&quot;:&quot;section-stretched&quot;,&quot;jet_parallax_layout_list&quot;:[]}\">\n\t\t\t\t\t\t<div class=\"elementor-container elementor-column-gap-default\">\n\t\t\t\t\t<div class=\"elementor-column elementor-col-100 elementor-top-column elementor-element elementor-element-46b9d20c\" data-id=\"46b9d20c\" data-element_type=\"column\">\n\t\t\t<div class=\"elementor-widget-wrap elementor-element-populated\">\n\t\t\t\t\t\t<div class=\"elementor-element elementor-element-1694f5c7 elementor-widget elementor-widget-heading\" data-id=\"1694f5c7\" data-element_type=\"widget\" data-widget_type=\"heading.default\">\n\t\t\t\t<div class=\"elementor-widget-container\">\n\t\t\t\t\t<h2 class=\"elementor-heading-title elementor-size-default\">GARANT\u00cdA AMPLIADA<\/h2>\t\t\t\t<\/div>\n\t\t\t\t<\/div>\n\t\t\t\t<div class=\"elementor-element elementor-element-29b5292d elementor-widget elementor-widget-heading\" data-id=\"29b5292d\" data-element_type=\"widget\" data-widget_type=\"heading.default\">\n\t\t\t\t<div class=\"elementor-widget-container\">\n\t\t\t\t\t<h2 class=\"elementor-heading-title elementor-size-default\"> Registro sujeto a evaluaci\u00f3n y aprobaci\u00f3n<\/h2>\t\t\t\t<\/div>\n\t\t\t\t<\/div>\n\t\t\t\t<div class=\"elementor-element elementor-element-dd7919b elementor-widget elementor-widget-jet-engine-booking-form\" data-id=\"dd7919b\" data-element_type=\"widget\" data-widget_type=\"jet-engine-booking-form.default\">\n\t\t\t\t<div class=\"elementor-widget-container\">\n\t\t\t\t\t<style id=\"jet-form-builder-10028-inline-css\"><\/style><form  class=\"jet-form-builder layout-column submit-type-ajax\" action=\"https:\/\/kadoshmusic.com.br\/es\/wp-json\/wp\/v2\/pages\/10029\/?jet_form_builder_submit=submit&#038;method=reload\" method=\"POST\" data-form-id=\"10028\" data-layout=\"column\" enctype=\"multipart\/form-data\" data-clear=\"1\" novalidate=\"null\" data-trp-original-action=\"https:\/\/kadoshmusic.com.br\/es\/wp-json\/wp\/v2\/pages\/10029\/?jet_form_builder_submit=submit&amp;method=reload\">\r\n<input type=\"hidden\" name=\"_jfb_current_render_states[]\" value=\"DEFAULT.STATE\" data-jfb-sync \/><input type=\"hidden\" class=\"jet-form-builder__field hidden-field\" name=\"_jet_engine_booking_form_id\" data-field-name=\"_jet_engine_booking_form_id\" value=\"10028\">\n<input type=\"hidden\" class=\"jet-form-builder__field hidden-field\" name=\"_jet_engine_refer\" data-field-name=\"_jet_engine_refer\" value=\"https:\/\/kadoshmusic.com.br\/es\/wp-json\/wp\/v2\/pages\/10029\/\">\n<input type=\"hidden\" class=\"jet-form-builder__field hidden-field\" name=\"__queried_post_id\" data-field-name=\"__queried_post_id\" value=\"10029\">\n<div class=\"jet-form-builder-progress-pages jfb-progress-type--default jet-form-builder-progress-pages--global\" data-type=\"default\">\t<div class=\"jet-form-builder-progress-pages__item--wrapper active-page\" data-page=\"1\">\n\t\t<div class=\"jet-form-builder-progress-pages__item\">\n\t\t\t<div class=\"jet-form-builder-progress-pages__item--circle\">1<\/div>\n\t\t\t<div class=\"jet-form-builder-progress-pages__item--label\">Detalles del comprador<\/div>\n\t\t<\/div>\n\t\t\t\t\t<div class=\"jet-form-builder-progress-pages__separator\"><\/div>\n\t\t\t<\/div>\n\t\t<div class=\"jet-form-builder-progress-pages__item--wrapper\" data-page=\"2\">\n\t\t<div class=\"jet-form-builder-progress-pages__item\">\n\t\t\t<div class=\"jet-form-builder-progress-pages__item--circle\">2<\/div>\n\t\t\t<div class=\"jet-form-builder-progress-pages__item--label\">Datos del vendedor<\/div>\n\t\t<\/div>\n\t\t\t<\/div>\n\t<\/div><div class=\"jet-form-builder-page\" data-page=\"1\" data-page-offset=\"75\"><input type=\"hidden\" class=\"jet-form-builder__field hidden-field\" name=\"post_id\" data-field-name=\"post_id\" data-jfb-sync=\"null\" value=\"10029\"><div  data-validation-type=\"inherit\" class=\"jet-form-builder-row field-type-text-field\" >\n<div class=\"jet-form-builder__label\">\r\n<div class=\"jet-form-builder__label-text\">Nombre y apellidos <span class=\"jet-form-builder__required\">*<\/span><\/div><\/div><div class=\"jet-form-builder__field-wrap\">\n\t\t\t\t<input placeholder=\"Nombre y apellidos\" required=\"required\" name=\"nome_completo\" id=\"nome_completo\" type=\"text\" data-field-name=\"nome_completo\" class=\"jet-form-builder__field text-field\" minlength=\"3\" maxlength=\"119\" data-jfb-sync=\"null\">\n\t\t\t\t\t<\/div><div class=\"jet-form-builder__desc\"><small>Nombre completo del comprador<\/small><\/div>\n<\/div><div  data-validation-type=\"inherit\" class=\"jet-form-builder-row field-type-text-field\" >\n<div class=\"jet-form-builder__label\">\r\n<div class=\"jet-form-builder__label-text\">CPF <span class=\"jet-form-builder__required\">*<\/span><\/div><\/div><div class=\"jet-form-builder__field-wrap\">\n\t\t\t\t<input placeholder=\"999.999.999-99\" required=\"required\" name=\"cpf\" id=\"cpf\" type=\"text\" data-field-name=\"cpf\" class=\"jet-form-builder__field text-field jet-form-builder__masked-field\" minlength=\"3\" maxlength=\"119\" data-jfb-sync=\"null\" data-inputmask=\"&#039;mask&#039;: &#039;999.999.999-99&#039;\" data-inputmask-placeholder=\"_\" data-inputmask-clearmaskonlostfocus=\"false\">\n\t\t\t\t\t<\/div><div class=\"jet-form-builder__desc\"><small>S\u00f3lo n\u00fameros CPF del comprador.<\/small><\/div>\n<\/div><div  data-validation-type=\"inherit\" class=\"jet-form-builder-row field-type-text-field\" >\n<div class=\"jet-form-builder__label\">\r\n<div class=\"jet-form-builder__label-text\">Correo electr\u00f3nico <span class=\"jet-form-builder__required\">*<\/span><\/div><\/div><div class=\"jet-form-builder__field-wrap\">\n\t\t\t\t<input placeholder=\"nome@email.com\" required=\"required\" name=\"email\" id=\"email\" type=\"email\" data-field-name=\"email\" class=\"jet-form-builder__field text-field\" minlength=\"3\" maxlength=\"119\" data-jfb-sync=\"null\">\n\t\t\t\t\t<\/div><div class=\"jet-form-builder__desc\"><small>Correo electr\u00f3nico del comprador<\/small><\/div>\n<\/div><div  data-validation-type=\"inherit\" class=\"jet-form-builder-row field-type-text-field\" >\n<div class=\"jet-form-builder__label\">\r\n<div class=\"jet-form-builder__label-text\">Tel\u00e9fono m\u00f3vil <span class=\"jet-form-builder__required\">*<\/span><\/div><\/div><div class=\"jet-form-builder__field-wrap\">\n\t\t\t\t<input placeholder=\"(99) 99999-9999\" required=\"required\" name=\"celular\" id=\"celular\" type=\"text\" data-field-name=\"celular\" class=\"jet-form-builder__field text-field jet-form-builder__masked-field\" minlength=\"3\" maxlength=\"119\" data-jfb-sync=\"null\" data-inputmask=\"&#039;mask&#039;: &#039;(99) 99999-9999&#039;\" data-inputmask-placeholder=\"_\" data-inputmask-clearmaskonlostfocus=\"false\">\n\t\t\t\t\t<\/div><div class=\"jet-form-builder__desc\"><small>N\u00famero de contacto s\u00f3lo con prefijo<\/small><\/div>\n<\/div><div class=\"jet-form-builder__next-page-wrap\">\n\t\t\t\t\t<button class=\"jet-form-builder__next-page\" type=\"button\">Siguiente<\/button>\n\t<\/div>\n<\/div>\n<div class=\"jet-form-builder-page jet-form-builder-page--hidden\" data-page=\"2\" data-page-offset=\"75\"><div  data-validation-type=\"inherit\" class=\"jet-form-builder-row field-type-text-field\" >\n<div class=\"jet-form-builder__label\">\r\n<div class=\"jet-form-builder__label-text\">nombre de la tienda <span class=\"jet-form-builder__required\">*<\/span><\/div><\/div><div class=\"jet-form-builder__field-wrap\">\n\t\t\t\t<input required=\"required\" name=\"nome_da_loja\" id=\"nome_da_loja\" type=\"text\" data-field-name=\"nome_da_loja\" class=\"jet-form-builder__field text-field\" minlength=\"3\" maxlength=\"119\" data-jfb-sync=\"null\">\n\t\t\t\t\t<\/div><div class=\"jet-form-builder__desc\"><small>Nombre del lugar de compra<\/small><\/div>\n<\/div><div  data-validation-type=\"inherit\" class=\"jet-form-builder-row field-type-text-field\" >\n<div class=\"jet-form-builder__label\">\r\n<div class=\"jet-form-builder__label-text\">CNPJ de la tienda <span class=\"jet-form-builder__required\">*<\/span><\/div><\/div><div class=\"jet-form-builder__field-wrap\">\n\t\t\t\t<input required=\"required\" name=\"CNPJ_da_loja\" id=\"CNPJ_da_loja\" type=\"text\" data-field-name=\"CNPJ_da_loja\" class=\"jet-form-builder__field text-field jet-form-builder__masked-field\" minlength=\"3\" maxlength=\"119\" data-jfb-sync=\"null\" data-inputmask=\"&#039;mask&#039;: &#039;99.999.999\/9999-99&#039;\" data-inputmask-placeholder=\"_\" data-inputmask-clearmaskonlostfocus=\"false\">\n\t\t\t\t\t<\/div><div class=\"jet-form-builder__desc\"><small>CNPJ de la tienda (se encuentra en la factura)<\/small><\/div>\n<\/div><div  data-validation-type=\"inherit\" class=\"jet-form-builder-row field-type-date-field\" >\n<div class=\"jet-form-builder__label\">\r\n<div class=\"jet-form-builder__label-text\">Fecha de compra <span class=\"jet-form-builder__required\">*<\/span><\/div><\/div><input class=\"jet-form-builder__field date-field\" required=\"required\" name=\"data_da_compra\" type=\"date\" data-field-name=\"data_da_compra\" id=\"data_da_compra\" data-jfb-sync=\"null\"><div class=\"jet-form-builder__desc\"><small>Fecha de compra (situada en la factura)<\/small><\/div>\n<\/div><div  data-validation-type=\"inherit\" class=\"jet-form-builder-row field-type-text-field\" >\n<div class=\"jet-form-builder__label\">\r\n<div class=\"jet-form-builder__label-text\">Direcci\u00f3n de la tienda <span class=\"jet-form-builder__required\">*<\/span><\/div><\/div><div class=\"jet-form-builder__field-wrap\">\n\t\t\t\t<input required=\"required\" name=\"endereco_loja\" id=\"endereco_loja\" type=\"text\" data-field-name=\"endereco_loja\" class=\"jet-form-builder__field text-field\" minlength=\"3\" maxlength=\"119\" data-jfb-sync=\"null\">\n\t\t\t\t\t<\/div><div class=\"jet-form-builder__desc\"><small>Direcci\u00f3n de la tienda<\/small><\/div>\n<\/div><div  data-validation-type=\"inherit\" class=\"jet-form-builder-row field-type-text-field\" >\n<div class=\"jet-form-builder__label\">\r\n<div class=\"jet-form-builder__label-text\">Producto adquirido <span class=\"jet-form-builder__required\">*<\/span><\/div><\/div><div class=\"jet-form-builder__field-wrap\">\n\t\t\t\t<input required=\"required\" name=\"produto_comprado\" id=\"produto_comprado\" type=\"text\" data-field-name=\"produto_comprado\" class=\"jet-form-builder__field text-field\" minlength=\"3\" maxlength=\"119\" data-jfb-sync=\"null\">\n\t\t\t\t\t<\/div><div class=\"jet-form-builder__desc\"><small>Nombre y modelo del producto<\/small><\/div>\n<\/div><div  data-validation-type=\"inherit\" class=\"jet-form-builder-row field-type-text-field\" >\n<div class=\"jet-form-builder__label\">\r\n<div class=\"jet-form-builder__label-text\">N\u00famero de factura <span class=\"jet-form-builder__required\">*<\/span><\/div><\/div><div class=\"jet-form-builder__field-wrap\">\n\t\t\t\t<input required=\"required\" name=\"numero_nota_fiscal\" id=\"numero_nota_fiscal\" type=\"text\" data-field-name=\"numero_nota_fiscal\" class=\"jet-form-builder__field text-field\" minlength=\"3\" maxlength=\"119\" data-jfb-sync=\"null\">\n\t\t\t\t\t<\/div><div class=\"jet-form-builder__desc\"><small>N\u00famero de factura (situado en la factura)<\/small><\/div>\n<\/div><div  data-validation-type=\"advanced\" data-validation-messages=\"{&quot;max_size&quot;:&quot;Tamanho m\u00e1ximo: %max_size%&quot;,&quot;max_files&quot;:&quot;Favor reduzir o tamanho total %this(max_files)% or fewer (you currently have %this|length% files).&quot;,&quot;file_max_size&quot;:&quot;O tamanho n\u00e3o pode exceder %this(max_size)|sizeFormat%.&quot;,&quot;file_ext&quot;:&quot;Esse tipo de arquivo n\u00e3o \u00e9 permitido&quot;}\" class=\"jet-form-builder-row field-type-media-field\" >\n<template class=\"jet-form-builder__preview-template\"><div class=\"jet-form-builder-file-upload__file\" data-file=\"%file_url%\">\n\t<!-- preview -->\n\t<!-- field -->\n\t<div class=\"jet-form-builder-file-upload__file-remove\" data-file-name=\"%file_name%\">\n\t\t<svg width=\"22\" height=\"22\" viewbox=\"0 0 14 15\" fill=\"none\" xmlns=\"http:\/\/www.w3.org\/2000\/svg\">\n\t\t\t<path d=\"M4.375 7H6.125V12.25H4.375V7ZM7.875 7H9.625V12.25H7.875V7ZM10.5 1.75C10.5 1.51302 10.4134 1.30794 10.2402 1.13477C10.0762 0.961589 9.87109 0.875 9.625 0.875H4.375C4.12891 0.875 3.91927 0.961589 3.74609 1.13477C3.58203 1.30794 3.5 1.51302 3.5 1.75V3.5H0V5.25H0.875V14C0.875 14.237 0.957031 14.4421 1.12109 14.6152C1.29427 14.7884 1.50391 14.875 1.75 14.875H12.25C12.4961 14.875 12.7012 14.7884 12.8652 14.6152C13.0384 14.4421 13.125 14.237 13.125 14V5.25H14V3.5H10.5V1.75ZM5.25 2.625H8.75V3.5H5.25V2.625ZM11.375 5.25V13.125H2.625V5.25H11.375Z\"><\/path>\n\t\t<\/svg>\n\t<\/div>\n\t<span\n\t\t\tclass=\"jet-form-builder-file-upload__file-invalid-marker\"\n\t\t\tstyle=\"display: none\">\n\t\t<svg xmlns=\"http:\/\/www.w3.org\/2000\/svg\" viewbox=\"0 0 20 20\" fill=\"currentcolor\" width=\"24\" height=\"24\" aria-hidden=\"true\" focusable=\"false\"><path d=\"M10 2c4.42 0 8 3.58 8 8s-3.58 8-8 8-8-3.58-8-8 3.58-8 8-8zm1.13 9.38l.35-6.46H8.52l.35 6.46h2.26zm-.09 3.36c.24-.23.37-.55.37-.96 0-.42-.12-.74-.36-.97s-.59-.35-1.06-.35-.82.12-1.07.35-.37.55-.37.97c0 .41.13.73.38.96.26.23.61.34 1.06.34s.8-.11 1.05-.34z\"><\/path><\/svg>\n\t<\/span>\n\t<!-- footer -->\n<\/div>\n<\/template><div class=\"jet-form-builder__label\">\r\n<div class=\"jet-form-builder__label-text\">NOTA FISCAL<\/div><\/div><div class=\"jet-form-builder__field-wrap jet-form-builder-file-upload\">\n\t\t<div class=\"jet-form-builder-file-upload__content\">\n\t\t<div class=\"jet-form-builder-file-upload__loader\"><svg xmlns=\"http:\/\/www.w3.org\/2000\/svg\" width=\"38\" height=\"38\" viewbox=\"0 0 38 38\" stroke=\"#fff\"><g fill=\"none\" fill-rule=\"evenodd\"><g transform=\"translate(1 1)\" stroke-width=\"2\"><circle stroke-opacity=\".5\" cx=\"18\" cy=\"18\" r=\"18\"\/><path d=\"M36 18c0-9.94-8.06-18-18-18\" transform=\"rotate(137.826 18 18)\"><animatetransform attributename=\"transform\" type=\"rotate\" from=\"0 18 18\" to=\"360 18 18\" dur=\"1s\" repeatcount=\"indefinite\"\/><\/path><\/g><\/g><\/svg><\/div>\t\t<div class=\"jet-form-builder-file-upload__files\" data-args=\"{&quot;max_files&quot;:2,&quot;max_size&quot;:20961034}\">\n\t\t\t\t\t<\/div>\n\t<\/div>\n\t<div class=\"jet-form-builder-file-upload__fields\">\n\t\t<input class=\"jet-form-builder__field file-field jet-form-builder-file-upload__input\" name=\"nota_fiscal[]\" data-field-name=\"nota_fiscal\" type=\"file\" data-form_id=\"10028\" id=\"nota_fiscal\" data-jfb-sync=\"null\" data-max_files=\"2\" multiple=\"1\" accept=\"application\/pdf,image\/jpeg,image\/png,image\/webp\" data-max_size=\"20961034\">\n\t<\/div>\n\t<div class=\"jet-form-builder-file-upload__message\"><small>Tamanho m\u00e1ximo: 20 MB<\/small><\/div>\n\t<div class=\"jet-form-builder-file-upload__errors is-hidden\"><\/div>\n\t<\/div><div class=\"jet-form-builder__desc\"><small>Enviar PDF o imagen de la factura<\/small><\/div>\n<\/div><div  data-validation-type=\"inherit\" class=\"jet-form-builder-row field-type-submit-field\" >\n\t<div data-type=\"submit\" class=\"jet-form-builder__action-button-wrapper jet-form-builder__submit-wrap\">\n\t<button class=\"jet-form-builder__action-button jet-form-builder__submit submit-type-ajax\" type=\"submit\">Enviar<\/button>\n\t<\/div>\n\t\n<\/div><\/div>\t<div class=\"jet-form-builder-messages-wrap\" data-form-id=\"10028\"><\/div>\n<input type=\"hidden\" name=\"trp-form-language\" value=\"es\"\/><\/form>\n\t\t\t\t<\/div>\n\t\t\t\t<\/div>\n\t\t\t\t\t<\/div>\n\t\t<\/div>\n\t\t\t\t\t<\/div>\n\t\t<\/section>\n\t\t\t\t<\/div>","protected":false},"excerpt":{"rendered":"<p>GARANTIA ESTENDIDA Cadastro sujeito a avalia\u00e7\u00e3o e aprova\u00e7\u00e3o 1 Dados do comprador 2 Dados vendedor Nome completo * Nome completo do comprador CPF * CPF do<span class=\"excerpt-hellip\"> [...]<\/span><\/p>","protected":false},"author":2,"featured_media":0,"parent":0,"menu_order":0,"comment_status":"closed","ping_status":"closed","template":"","meta":{"content-type":"","_vp_format_video_url":"","_vp_image_focal_point":[],"footnotes":""},"class_list":["post-10029","page","type-page","status-publish","hentry"],"yoast_head":"<!-- This site is optimized with the Yoast SEO Premium plugin v22.9 (Yoast SEO v24.0) - https:\/\/yoast.com\/wordpress\/plugins\/seo\/ -->\n<title>Garantia Estendida - Kadosh Music<\/title>\n<meta name=\"robots\" content=\"index, follow, max-snippet:-1, max-image-preview:large, max-video-preview:-1\" \/>\n<link rel=\"canonical\" href=\"https:\/\/kadoshmusic.com.br\/es\/garantia-estendida\/\" \/>\n<meta property=\"og:locale\" content=\"es_ES\" \/>\n<meta property=\"og:type\" content=\"article\" \/>\n<meta property=\"og:title\" content=\"Garantia Estendida\" \/>\n<meta property=\"og:description\" content=\"GARANTIA ESTENDIDA Cadastro sujeito a avalia\u00e7\u00e3o e aprova\u00e7\u00e3o 1 Dados do comprador 2 Dados vendedor Nome completo * Nome completo do comprador CPF * CPF do [\u2026]\" \/>\n<meta property=\"og:url\" content=\"https:\/\/kadoshmusic.com.br\/es\/garantia-estendida\/\" \/>\n<meta property=\"og:site_name\" content=\"Kadosh Music\" \/>\n<meta property=\"article:publisher\" content=\"https:\/\/www.facebook.com\/micskadosh\" \/>\n<meta property=\"article:modified_time\" content=\"2025-01-20T19:01:13+00:00\" \/>\n<meta property=\"og:image\" content=\"https:\/\/kadoshmusic.com.br\/wp-content\/uploads\/2024\/06\/logo-principal-1024x450-1.webp\" \/>\n\t<meta property=\"og:image:width\" content=\"1024\" \/>\n\t<meta property=\"og:image:height\" content=\"450\" \/>\n\t<meta property=\"og:image:type\" content=\"image\/webp\" \/>\n<meta name=\"twitter:card\" content=\"summary_large_image\" \/>\n<meta name=\"twitter:label1\" content=\"Est. reading time\" \/>\n\t<meta name=\"twitter:data1\" content=\"1 minuto\" \/>\n<script type=\"application\/ld+json\" class=\"yoast-schema-graph\">{\"@context\":\"https:\/\/schema.org\",\"@graph\":[{\"@type\":\"WebPage\",\"@id\":\"https:\/\/kadoshmusic.com.br\/garantia-estendida\/\",\"url\":\"https:\/\/kadoshmusic.com.br\/garantia-estendida\/\",\"name\":\"Garantia Estendida - Kadosh Music\",\"isPartOf\":{\"@id\":\"https:\/\/kadoshmusic.com.br\/#website\"},\"datePublished\":\"2024-01-27T13:03:15+00:00\",\"dateModified\":\"2025-01-20T19:01:13+00:00\",\"breadcrumb\":{\"@id\":\"https:\/\/kadoshmusic.com.br\/garantia-estendida\/#breadcrumb\"},\"inLanguage\":\"es\",\"potentialAction\":[{\"@type\":\"ReadAction\",\"target\":[\"https:\/\/kadoshmusic.com.br\/garantia-estendida\/\"]}]},{\"@type\":\"BreadcrumbList\",\"@id\":\"https:\/\/kadoshmusic.com.br\/garantia-estendida\/#breadcrumb\",\"itemListElement\":[{\"@type\":\"ListItem\",\"position\":1,\"name\":\"Home\",\"item\":\"https:\/\/kadoshmusic.com.br\/\"},{\"@type\":\"ListItem\",\"position\":2,\"name\":\"Garantia Estendida\"}]},{\"@type\":\"WebSite\",\"@id\":\"https:\/\/kadoshmusic.com.br\/#website\",\"url\":\"https:\/\/kadoshmusic.com.br\/\",\"name\":\"Kadosh Music\",\"description\":\"A Tecnologia Conectando o \u00c1udio e a M\u00fasica\",\"publisher\":{\"@id\":\"https:\/\/kadoshmusic.com.br\/#organization\"},\"alternateName\":\"kadosh\",\"potentialAction\":[{\"@type\":\"SearchAction\",\"target\":{\"@type\":\"EntryPoint\",\"urlTemplate\":\"https:\/\/kadoshmusic.com.br\/?s={search_term_string}\"},\"query-input\":{\"@type\":\"PropertyValueSpecification\",\"valueRequired\":true,\"valueName\":\"search_term_string\"}}],\"inLanguage\":\"es\"},{\"@type\":\"Organization\",\"@id\":\"https:\/\/kadoshmusic.com.br\/#organization\",\"name\":\"kadosh music\",\"url\":\"https:\/\/kadoshmusic.com.br\/\",\"logo\":{\"@type\":\"ImageObject\",\"inLanguage\":\"es\",\"@id\":\"https:\/\/kadoshmusic.com.br\/#\/schema\/logo\/image\/\",\"url\":\"https:\/\/kadoshmusic.com.br\/wp-content\/uploads\/2024\/06\/logo-principal-1024x450-1.webp\",\"contentUrl\":\"https:\/\/kadoshmusic.com.br\/wp-content\/uploads\/2024\/06\/logo-principal-1024x450-1.webp\",\"width\":1024,\"height\":450,\"caption\":\"kadosh music\"},\"image\":{\"@id\":\"https:\/\/kadoshmusic.com.br\/#\/schema\/logo\/image\/\"},\"sameAs\":[\"https:\/\/www.facebook.com\/micskadosh\"]}]}<\/script>\n<!-- \/ Yoast SEO Premium plugin. -->","yoast_head_json":{"title":"Garantia Estendida - Kadosh Music","robots":{"index":"index","follow":"follow","max-snippet":"max-snippet:-1","max-image-preview":"max-image-preview:large","max-video-preview":"max-video-preview:-1"},"canonical":"https:\/\/kadoshmusic.com.br\/es\/garantia-estendida\/","og_locale":"es_ES","og_type":"article","og_title":"Garantia Estendida","og_description":"GARANTIA ESTENDIDA Cadastro sujeito a avalia\u00e7\u00e3o e aprova\u00e7\u00e3o 1 Dados do comprador 2 Dados vendedor Nome completo * Nome completo do comprador CPF * CPF do [\u2026]","og_url":"https:\/\/kadoshmusic.com.br\/es\/garantia-estendida\/","og_site_name":"Kadosh Music","article_publisher":"https:\/\/www.facebook.com\/micskadosh","article_modified_time":"2025-01-20T19:01:13+00:00","og_image":[{"width":1024,"height":450,"url":"https:\/\/kadoshmusic.com.br\/wp-content\/uploads\/2024\/06\/logo-principal-1024x450-1.webp","type":"image\/webp"}],"twitter_card":"summary_large_image","twitter_misc":{"Est. reading time":"1 minuto"},"schema":{"@context":"https:\/\/schema.org","@graph":[{"@type":"WebPage","@id":"https:\/\/kadoshmusic.com.br\/garantia-estendida\/","url":"https:\/\/kadoshmusic.com.br\/garantia-estendida\/","name":"Garantia Estendida - Kadosh Music","isPartOf":{"@id":"https:\/\/kadoshmusic.com.br\/#website"},"datePublished":"2024-01-27T13:03:15+00:00","dateModified":"2025-01-20T19:01:13+00:00","breadcrumb":{"@id":"https:\/\/kadoshmusic.com.br\/garantia-estendida\/#breadcrumb"},"inLanguage":"es","potentialAction":[{"@type":"ReadAction","target":["https:\/\/kadoshmusic.com.br\/garantia-estendida\/"]}]},{"@type":"BreadcrumbList","@id":"https:\/\/kadoshmusic.com.br\/garantia-estendida\/#breadcrumb","itemListElement":[{"@type":"ListItem","position":1,"name":"Home","item":"https:\/\/kadoshmusic.com.br\/"},{"@type":"ListItem","position":2,"name":"Garantia Estendida"}]},{"@type":"WebSite","@id":"https:\/\/kadoshmusic.com.br\/#website","url":"https:\/\/kadoshmusic.com.br\/","name":"Kadosh Music","description":"A Tecnologia Conectando o \u00c1udio e a M\u00fasica","publisher":{"@id":"https:\/\/kadoshmusic.com.br\/#organization"},"alternateName":"kadosh","potentialAction":[{"@type":"SearchAction","target":{"@type":"EntryPoint","urlTemplate":"https:\/\/kadoshmusic.com.br\/?s={search_term_string}"},"query-input":{"@type":"PropertyValueSpecification","valueRequired":true,"valueName":"search_term_string"}}],"inLanguage":"es"},{"@type":"Organization","@id":"https:\/\/kadoshmusic.com.br\/#organization","name":"kadosh music","url":"https:\/\/kadoshmusic.com.br\/","logo":{"@type":"ImageObject","inLanguage":"es","@id":"https:\/\/kadoshmusic.com.br\/#\/schema\/logo\/image\/","url":"https:\/\/kadoshmusic.com.br\/wp-content\/uploads\/2024\/06\/logo-principal-1024x450-1.webp","contentUrl":"https:\/\/kadoshmusic.com.br\/wp-content\/uploads\/2024\/06\/logo-principal-1024x450-1.webp","width":1024,"height":450,"caption":"kadosh music"},"image":{"@id":"https:\/\/kadoshmusic.com.br\/#\/schema\/logo\/image\/"},"sameAs":["https:\/\/www.facebook.com\/micskadosh"]}]}},"jetpack_sharing_enabled":true,"_links":{"self":[{"href":"https:\/\/kadoshmusic.com.br\/es\/wp-json\/wp\/v2\/pages\/10029","targetHints":{"allow":["GET"]}}],"collection":[{"href":"https:\/\/kadoshmusic.com.br\/es\/wp-json\/wp\/v2\/pages"}],"about":[{"href":"https:\/\/kadoshmusic.com.br\/es\/wp-json\/wp\/v2\/types\/page"}],"author":[{"embeddable":true,"href":"https:\/\/kadoshmusic.com.br\/es\/wp-json\/wp\/v2\/users\/2"}],"replies":[{"embeddable":true,"href":"https:\/\/kadoshmusic.com.br\/es\/wp-json\/wp\/v2\/comments?post=10029"}],"version-history":[{"count":17,"href":"https:\/\/kadoshmusic.com.br\/es\/wp-json\/wp\/v2\/pages\/10029\/revisions"}],"predecessor-version":[{"id":14911,"href":"https:\/\/kadoshmusic.com.br\/es\/wp-json\/wp\/v2\/pages\/10029\/revisions\/14911"}],"wp:attachment":[{"href":"https:\/\/kadoshmusic.com.br\/es\/wp-json\/wp\/v2\/media?parent=10029"}],"curies":[{"name":"wp","href":"https:\/\/api.w.org\/{rel}","templated":true}]}}