{"id":9537,"date":"2024-05-21T08:51:58","date_gmt":"2024-05-21T11:51:58","guid":{"rendered":"https:\/\/kadoshmusic.com.br\/?post_type=product&#038;p=9537"},"modified":"2025-07-17T14:47:01","modified_gmt":"2025-07-17T17:47:01","slug":"k-1202m-branco","status":"publish","type":"product","link":"https:\/\/kadoshmusic.com.br\/en\/product\/k-1202m-branco\/","title":{"rendered":"K1202M White"},"content":{"rendered":"<p><strong>THE K12-m AUDIO<\/strong><\/p>\n<p><img fetchpriority=\"high\" decoding=\"async\" class=\"aligncenter wp-image-12620\" src=\"https:\/\/kadoshmusic.com.br\/wp-content\/uploads\/2024\/05\/06-1-683x1024.png\" alt=\"\" width=\"386\" height=\"579\" srcset=\"https:\/\/kadoshmusic.com.br\/wp-content\/uploads\/2024\/05\/06-1-683x1024.png 683w, https:\/\/kadoshmusic.com.br\/wp-content\/uploads\/2024\/05\/06-1-200x300.png 200w, https:\/\/kadoshmusic.com.br\/wp-content\/uploads\/2024\/05\/06-1-768x1152.png 768w, https:\/\/kadoshmusic.com.br\/wp-content\/uploads\/2024\/05\/06-1-1024x1536.png 1024w, https:\/\/kadoshmusic.com.br\/wp-content\/uploads\/2024\/05\/06-1-1365x2048.png 1365w, https:\/\/kadoshmusic.com.br\/wp-content\/uploads\/2024\/05\/06-1-50x75.png 50w, https:\/\/kadoshmusic.com.br\/wp-content\/uploads\/2024\/05\/06-1-480x720.png 480w, https:\/\/kadoshmusic.com.br\/wp-content\/uploads\/2024\/05\/06-1-800x1200.png 800w\" sizes=\"(max-width:767px) 386px, 386px\" \/><\/p>\n<p>The audio quality is something that will surprise you. The exclusive K12-m dynamic transducer, hypercardioid polar pattern, has a response between 63Hz and 12,000Hz, capable of withstanding an incredible 130 dB\/SPL without causing distortion (clipping). It has XLR and TS outputs\u00a0<i>(in the case of the K1202 the TS output is Mix Out).<\/i><\/p>\n<p><img decoding=\"async\" class=\"aligncenter wp-image-12624\" src=\"https:\/\/kadoshmusic.com.br\/wp-content\/uploads\/2024\/05\/07-1-683x1024.png\" alt=\"\" width=\"419\" height=\"629\" srcset=\"https:\/\/kadoshmusic.com.br\/wp-content\/uploads\/2024\/05\/07-1-683x1024.png 683w, https:\/\/kadoshmusic.com.br\/wp-content\/uploads\/2024\/05\/07-1-200x300.png 200w, https:\/\/kadoshmusic.com.br\/wp-content\/uploads\/2024\/05\/07-1-768x1152.png 768w, https:\/\/kadoshmusic.com.br\/wp-content\/uploads\/2024\/05\/07-1-1024x1536.png 1024w, https:\/\/kadoshmusic.com.br\/wp-content\/uploads\/2024\/05\/07-1-1365x2048.png 1365w, https:\/\/kadoshmusic.com.br\/wp-content\/uploads\/2024\/05\/07-1-50x75.png 50w, https:\/\/kadoshmusic.com.br\/wp-content\/uploads\/2024\/05\/07-1-480x720.png 480w, https:\/\/kadoshmusic.com.br\/wp-content\/uploads\/2024\/05\/07-1-800x1200.png 800w\" sizes=\"(max-width:767px) 419px, 419px\" \/><\/p>\n<p><strong>THE RF OF K1201 and K1202<\/strong><\/p>\n<p><img decoding=\"async\" class=\"aligncenter wp-image-12622\" src=\"https:\/\/kadoshmusic.com.br\/wp-content\/uploads\/2024\/05\/01-1024x683.png\" alt=\"\" width=\"882\" height=\"588\" srcset=\"https:\/\/kadoshmusic.com.br\/wp-content\/uploads\/2024\/05\/01-1024x683.png 1024w, https:\/\/kadoshmusic.com.br\/wp-content\/uploads\/2024\/05\/01-300x200.png 300w, https:\/\/kadoshmusic.com.br\/wp-content\/uploads\/2024\/05\/01-768x512.png 768w, https:\/\/kadoshmusic.com.br\/wp-content\/uploads\/2024\/05\/01-1536x1024.png 1536w, https:\/\/kadoshmusic.com.br\/wp-content\/uploads\/2024\/05\/01-2048x1365.png 2048w, https:\/\/kadoshmusic.com.br\/wp-content\/uploads\/2024\/05\/01-113x75.png 113w, https:\/\/kadoshmusic.com.br\/wp-content\/uploads\/2024\/05\/01-480x320.png 480w, https:\/\/kadoshmusic.com.br\/wp-content\/uploads\/2024\/05\/01-800x533.png 800w\" sizes=\"(max-width:767px) 480px, (max-width:882px) 100vw, 882px\" \/><\/p>\n<p>We have adopted 2 RF bands* duly approved by ANATEL, allowing customers to use the system in any state** in Brazil. In addition to being equipped with PLL and True Diversity, it provides the user with RF security and stability, in accordance with ANATEL standards. It is compatible with antenna distributors, giving the possibility of using the base inside the rack in the living room and using remote antennas via BNC cable on stage.<\/p>\n<ul>\n<li><strong>FEEL THE DIFFERENCE OF UNPARALLELED SOUND QUALITY WITH OUR TRUE DIVERSITY TECHNOLOGY.<\/strong>True Diversity technology is an important feature in wireless microphone systems, designed to offer more stable, reliable and interference-free audio transmission. It is especially valuable in challenging environments where audio quality is crucial. It has two antennas that work together to pick up the wireless microphone's transmission signal. Having two antennas helps minimize the likelihood of signal loss, as at least one of the antennas must receive a strong signal.Automatic Antenna Selection is designed to automatically switch between the two antennas to choose the one that receives the strongest signal at any given time. This helps prevent signal drops and interference, even in challenging environments. It helps eliminate interference from other electronic devices or radio signal sources, which is especially important in environments with many wireless devices.True Diversity technology is valuable in situations where audio quality is paramount, such as live performances, recordings, broadcasts and events. It provides greater stability and reliability in transmission, reducing the chances of technical problems.<br \/>\nThey help to extend the operating range of the wireless microphone system, allowing greater mobility for the user.<\/li>\n<\/ul>\n<p><i>*It may still be sold in the 470MHz to 510MHz range. This range was discontinued as of September\/2022<\/i><\/p>\n<p><i>**check the best option for your region between 513MHz - 558MHz or 628MHz - 647.750MHz<\/i><\/p>\n<p><strong>SUGGESTED USE:<\/strong>\u00a0Live vocals (concerts and churches), lectures<\/p>\n<p>One of the things that sets the K1201 and K1202 apart is the battery compartment, undoubtedly the pinnacle of practicality! Just press the buttons on the side and the battery drawer is ready. You can have 1 spare drawer (purchased separately) to make the process of changing batteries during the show easier.<\/p>\n<p><strong>INFORMATION DISPLAY<\/strong><\/p>\n<p><img loading=\"lazy\" decoding=\"async\" class=\"aligncenter wp-image-12618 size-large\" src=\"https:\/\/kadoshmusic.com.br\/wp-content\/uploads\/2024\/05\/04-1-1024x683.png\" alt=\"\" width=\"1024\" height=\"683\" \/><\/p>\n<p>The base display (receiver \/ RX) has information such as AF level, RF, TX battery charge, frequency, RX Lock, Sync indicator and Squelch level. The RX display illumination changes color when it identifies that the TX is on or off. It is orange when the TX is off and white when it is on.<\/p>","protected":false},"excerpt":{"rendered":"<p>THE AUDIO OF THE K12-m The audio quality is something that will amaze you, the exclusive K12-m dynamic transducer, hypercardioid polar pattern, has a response between 63Hz<span class=\"excerpt-hellip\"> [...]<\/span><\/p>","protected":false},"featured_media":12128,"template":"","meta":{"content-type":"","_vp_format_video_url":"","_vp_image_focal_point":[]},"product_cat":[107,148],"product_tag":[],"class_list":{"0":"post-9537","1":"product","2":"type-product","3":"status-publish","4":"has-post-thumbnail","6":"product_cat-kadosh","7":"product_cat-microfones-sem-fio-uhf","9":"first","10":"instock","11":"shipping-taxable","12":"purchasable","13":"product-type-simple"},"yoast_head":"<!-- This site is optimized with the Yoast SEO Premium plugin v22.9 (Yoast SEO v24.0) - https:\/\/yoast.com\/wordpress\/plugins\/seo\/ -->\n<title>K1202M Branco - Kadosh Music<\/title>\n<meta name=\"robots\" content=\"index, follow, max-snippet:-1, max-image-preview:large, max-video-preview:-1\" \/>\n<link rel=\"canonical\" href=\"https:\/\/kadoshmusic.com.br\/en\/product\/k-1202m-branco\/\" \/>\n<meta property=\"og:locale\" content=\"en_US\" \/>\n<meta property=\"og:type\" content=\"article\" \/>\n<meta property=\"og:title\" content=\"K1202M Branco\" \/>\n<meta property=\"og:description\" content=\"O \u00c1UDIO DO K12-m A qualidade de \u00e1udio \u00e9 algo que vai te surpreender, o transdutor din\u00e2mico exclusivo K12-m, padr\u00e3o polar hipercardi\u00f3ide, possui resposta entre 63Hz [\u2026]\" \/>\n<meta property=\"og:url\" content=\"https:\/\/kadoshmusic.com.br\/en\/product\/k-1202m-branco\/\" \/>\n<meta property=\"og:site_name\" content=\"Kadosh Music\" \/>\n<meta property=\"article:publisher\" content=\"https:\/\/www.facebook.com\/micskadosh\" \/>\n<meta property=\"article:modified_time\" content=\"2025-07-17T17:47:01+00:00\" \/>\n<meta property=\"og:image\" content=\"https:\/\/kadoshmusic.com.br\/wp-content\/uploads\/2024\/05\/1202M-branco.png\" \/>\n\t<meta property=\"og:image:width\" content=\"1080\" \/>\n\t<meta property=\"og:image:height\" content=\"1080\" \/>\n\t<meta property=\"og:image:type\" content=\"image\/png\" \/>\n<meta name=\"twitter:card\" content=\"summary_large_image\" \/>\n<meta name=\"twitter:label1\" content=\"Est. reading time\" \/>\n\t<meta name=\"twitter:data1\" content=\"4 minutes\" \/>\n<script type=\"application\/ld+json\" class=\"yoast-schema-graph\">{\"@context\":\"https:\/\/schema.org\",\"@graph\":[{\"@type\":\"WebPage\",\"@id\":\"https:\/\/kadoshmusic.com.br\/produto\/k-1202m-branco\/\",\"url\":\"https:\/\/kadoshmusic.com.br\/produto\/k-1202m-branco\/\",\"name\":\"K1202M Branco - Kadosh Music\",\"isPartOf\":{\"@id\":\"https:\/\/kadoshmusic.com.br\/#website\"},\"primaryImageOfPage\":{\"@id\":\"https:\/\/kadoshmusic.com.br\/produto\/k-1202m-branco\/#primaryimage\"},\"image\":{\"@id\":\"https:\/\/kadoshmusic.com.br\/produto\/k-1202m-branco\/#primaryimage\"},\"thumbnailUrl\":\"https:\/\/kadoshmusic.com.br\/wp-content\/uploads\/2024\/05\/1202M-branco.png\",\"datePublished\":\"2024-05-21T11:51:58+00:00\",\"dateModified\":\"2025-07-17T17:47:01+00:00\",\"breadcrumb\":{\"@id\":\"https:\/\/kadoshmusic.com.br\/produto\/k-1202m-branco\/#breadcrumb\"},\"inLanguage\":\"en-US\",\"potentialAction\":[{\"@type\":\"ReadAction\",\"target\":[\"https:\/\/kadoshmusic.com.br\/produto\/k-1202m-branco\/\"]}]},{\"@type\":\"ImageObject\",\"inLanguage\":\"en-US\",\"@id\":\"https:\/\/kadoshmusic.com.br\/produto\/k-1202m-branco\/#primaryimage\",\"url\":\"https:\/\/kadoshmusic.com.br\/wp-content\/uploads\/2024\/05\/1202M-branco.png\",\"contentUrl\":\"https:\/\/kadoshmusic.com.br\/wp-content\/uploads\/2024\/05\/1202M-branco.png\",\"width\":1080,\"height\":1080},{\"@type\":\"BreadcrumbList\",\"@id\":\"https:\/\/kadoshmusic.com.br\/produto\/k-1202m-branco\/#breadcrumb\",\"itemListElement\":[{\"@type\":\"ListItem\",\"position\":1,\"name\":\"Home\",\"item\":\"https:\/\/kadoshmusic.com.br\/\"},{\"@type\":\"ListItem\",\"position\":2,\"name\":\"Shop\",\"item\":\"https:\/\/kadoshmusic.com.br\/shop\/\"},{\"@type\":\"ListItem\",\"position\":3,\"name\":\"K1202M Branco\"}]},{\"@type\":\"WebSite\",\"@id\":\"https:\/\/kadoshmusic.com.br\/#website\",\"url\":\"https:\/\/kadoshmusic.com.br\/\",\"name\":\"Kadosh Music\",\"description\":\"A Tecnologia Conectando o \u00c1udio e a M\u00fasica\",\"publisher\":{\"@id\":\"https:\/\/kadoshmusic.com.br\/#organization\"},\"alternateName\":\"kadosh\",\"potentialAction\":[{\"@type\":\"SearchAction\",\"target\":{\"@type\":\"EntryPoint\",\"urlTemplate\":\"https:\/\/kadoshmusic.com.br\/?s={search_term_string}\"},\"query-input\":{\"@type\":\"PropertyValueSpecification\",\"valueRequired\":true,\"valueName\":\"search_term_string\"}}],\"inLanguage\":\"en-US\"},{\"@type\":\"Organization\",\"@id\":\"https:\/\/kadoshmusic.com.br\/#organization\",\"name\":\"kadosh music\",\"url\":\"https:\/\/kadoshmusic.com.br\/\",\"logo\":{\"@type\":\"ImageObject\",\"inLanguage\":\"en-US\",\"@id\":\"https:\/\/kadoshmusic.com.br\/#\/schema\/logo\/image\/\",\"url\":\"https:\/\/kadoshmusic.com.br\/wp-content\/uploads\/2024\/06\/logo-principal-1024x450-1.webp\",\"contentUrl\":\"https:\/\/kadoshmusic.com.br\/wp-content\/uploads\/2024\/06\/logo-principal-1024x450-1.webp\",\"width\":1024,\"height\":450,\"caption\":\"kadosh music\"},\"image\":{\"@id\":\"https:\/\/kadoshmusic.com.br\/#\/schema\/logo\/image\/\"},\"sameAs\":[\"https:\/\/www.facebook.com\/micskadosh\"]}]}<\/script>\n<!-- \/ Yoast SEO Premium plugin. -->","yoast_head_json":{"title":"K1202M Branco - Kadosh Music","robots":{"index":"index","follow":"follow","max-snippet":"max-snippet:-1","max-image-preview":"max-image-preview:large","max-video-preview":"max-video-preview:-1"},"canonical":"https:\/\/kadoshmusic.com.br\/en\/product\/k-1202m-branco\/","og_locale":"en_US","og_type":"article","og_title":"K1202M Branco","og_description":"O \u00c1UDIO DO K12-m A qualidade de \u00e1udio \u00e9 algo que vai te surpreender, o transdutor din\u00e2mico exclusivo K12-m, padr\u00e3o polar hipercardi\u00f3ide, possui resposta entre 63Hz [\u2026]","og_url":"https:\/\/kadoshmusic.com.br\/en\/product\/k-1202m-branco\/","og_site_name":"Kadosh Music","article_publisher":"https:\/\/www.facebook.com\/micskadosh","article_modified_time":"2025-07-17T17:47:01+00:00","og_image":[{"width":1080,"height":1080,"url":"https:\/\/kadoshmusic.com.br\/wp-content\/uploads\/2024\/05\/1202M-branco.png","type":"image\/png"}],"twitter_card":"summary_large_image","twitter_misc":{"Est. reading time":"4 minutes"},"schema":{"@context":"https:\/\/schema.org","@graph":[{"@type":"WebPage","@id":"https:\/\/kadoshmusic.com.br\/produto\/k-1202m-branco\/","url":"https:\/\/kadoshmusic.com.br\/produto\/k-1202m-branco\/","name":"K1202M Branco - Kadosh Music","isPartOf":{"@id":"https:\/\/kadoshmusic.com.br\/#website"},"primaryImageOfPage":{"@id":"https:\/\/kadoshmusic.com.br\/produto\/k-1202m-branco\/#primaryimage"},"image":{"@id":"https:\/\/kadoshmusic.com.br\/produto\/k-1202m-branco\/#primaryimage"},"thumbnailUrl":"https:\/\/kadoshmusic.com.br\/wp-content\/uploads\/2024\/05\/1202M-branco.png","datePublished":"2024-05-21T11:51:58+00:00","dateModified":"2025-07-17T17:47:01+00:00","breadcrumb":{"@id":"https:\/\/kadoshmusic.com.br\/produto\/k-1202m-branco\/#breadcrumb"},"inLanguage":"en-US","potentialAction":[{"@type":"ReadAction","target":["https:\/\/kadoshmusic.com.br\/produto\/k-1202m-branco\/"]}]},{"@type":"ImageObject","inLanguage":"en-US","@id":"https:\/\/kadoshmusic.com.br\/produto\/k-1202m-branco\/#primaryimage","url":"https:\/\/kadoshmusic.com.br\/wp-content\/uploads\/2024\/05\/1202M-branco.png","contentUrl":"https:\/\/kadoshmusic.com.br\/wp-content\/uploads\/2024\/05\/1202M-branco.png","width":1080,"height":1080},{"@type":"BreadcrumbList","@id":"https:\/\/kadoshmusic.com.br\/produto\/k-1202m-branco\/#breadcrumb","itemListElement":[{"@type":"ListItem","position":1,"name":"Home","item":"https:\/\/kadoshmusic.com.br\/"},{"@type":"ListItem","position":2,"name":"Shop","item":"https:\/\/kadoshmusic.com.br\/shop\/"},{"@type":"ListItem","position":3,"name":"K1202M Branco"}]},{"@type":"WebSite","@id":"https:\/\/kadoshmusic.com.br\/#website","url":"https:\/\/kadoshmusic.com.br\/","name":"Kadosh Music","description":"A Tecnologia Conectando o \u00c1udio e a M\u00fasica","publisher":{"@id":"https:\/\/kadoshmusic.com.br\/#organization"},"alternateName":"kadosh","potentialAction":[{"@type":"SearchAction","target":{"@type":"EntryPoint","urlTemplate":"https:\/\/kadoshmusic.com.br\/?s={search_term_string}"},"query-input":{"@type":"PropertyValueSpecification","valueRequired":true,"valueName":"search_term_string"}}],"inLanguage":"en-US"},{"@type":"Organization","@id":"https:\/\/kadoshmusic.com.br\/#organization","name":"kadosh music","url":"https:\/\/kadoshmusic.com.br\/","logo":{"@type":"ImageObject","inLanguage":"en-US","@id":"https:\/\/kadoshmusic.com.br\/#\/schema\/logo\/image\/","url":"https:\/\/kadoshmusic.com.br\/wp-content\/uploads\/2024\/06\/logo-principal-1024x450-1.webp","contentUrl":"https:\/\/kadoshmusic.com.br\/wp-content\/uploads\/2024\/06\/logo-principal-1024x450-1.webp","width":1024,"height":450,"caption":"kadosh music"},"image":{"@id":"https:\/\/kadoshmusic.com.br\/#\/schema\/logo\/image\/"},"sameAs":["https:\/\/www.facebook.com\/micskadosh"]}]}},"jetpack_sharing_enabled":true,"s_badge_disabled_all":false,"s_badge_single_active":false,"badge_type":"type_custom","badge_custom_set_date":false,"badge_initial_date":"","badge_end_date":"","badge_new_days":"","badge_lowstock_low":"","badge_lowstock_medium":"","badge_text":"","badge_text_size":"","badge_text_color":"","badge_bg_color":"","badge_style":"badge_default","badge_position":"position_tl","_links":{"self":[{"href":"https:\/\/kadoshmusic.com.br\/en\/wp-json\/wp\/v2\/product\/9537","targetHints":{"allow":["GET"]}}],"collection":[{"href":"https:\/\/kadoshmusic.com.br\/en\/wp-json\/wp\/v2\/product"}],"about":[{"href":"https:\/\/kadoshmusic.com.br\/en\/wp-json\/wp\/v2\/types\/product"}],"version-history":[{"count":11,"href":"https:\/\/kadoshmusic.com.br\/en\/wp-json\/wp\/v2\/product\/9537\/revisions"}],"predecessor-version":[{"id":15306,"href":"https:\/\/kadoshmusic.com.br\/en\/wp-json\/wp\/v2\/product\/9537\/revisions\/15306"}],"wp:featuredmedia":[{"embeddable":true,"href":"https:\/\/kadoshmusic.com.br\/en\/wp-json\/wp\/v2\/media\/12128"}],"wp:attachment":[{"href":"https:\/\/kadoshmusic.com.br\/en\/wp-json\/wp\/v2\/media?parent=9537"}],"wp:term":[{"taxonomy":"product_cat","embeddable":true,"href":"https:\/\/kadoshmusic.com.br\/en\/wp-json\/wp\/v2\/product_cat?post=9537"},{"taxonomy":"product_tag","embeddable":true,"href":"https:\/\/kadoshmusic.com.br\/en\/wp-json\/wp\/v2\/product_tag?post=9537"}],"curies":[{"name":"wp","href":"https:\/\/api.w.org\/{rel}","templated":true}]}}