{"id":3735,"date":"2024-05-21T08:01:17","date_gmt":"2024-05-21T11:01:17","guid":{"rendered":"https:\/\/kadoshmusic.com.br\/?post_type=product&#038;p=3735"},"modified":"2025-07-30T17:16:41","modified_gmt":"2025-07-30T20:16:41","slug":"k8-slim","status":"publish","type":"product","link":"https:\/\/kadoshmusic.com.br\/en\/product\/k8-slim\/","title":{"rendered":"KMD 108 Drum Microphone"},"content":{"rendered":"<div class=\"section section-top\">\n<p>O kit KMD 108 re\u00fanem os microfones K57, KMD 116, KMD 110 e KMD 120, al\u00e9m dos acess\u00f3rios como os clamps resistentes e pr\u00e1ticos (basta acoplar ao aro do tom, surdo ou caixa), espumas que filtram os<br \/>\ngraves para os microfones K51, adaptadores de rosca para pedestal.<\/p>\n<p>&nbsp;<\/p>\n<\/div>\n<p><strong>KMD 110<\/strong><br \/>\nMicrophone for capturing percussive instruments, providing clarity and soft sounds. Can be used both live and in the studio. Dynamic capsule, Cardioid polar pattern.<br \/>\nA Baixa imped\u00e2ncia e sa\u00edda balanceada no K31 permitem um desempenho livre de ru\u00eddos*<br \/>\nO K31 possui corpo de liga de zinco fundido, grade de malha de a\u00e7o e conector XLR de alta qualidade.<br \/>\nSuggested application and use:<br \/>\nLive and studio recording | Tom, Surdo and Caixa | Congas and Tumbadoras | Guitar amps and<br \/>\ndouble bass<br \/>\nFrequency Response: 60Hz - 15000Hz<br \/>\nMaximum SPL: \u2265130 dB<br \/>\nNo Phantom Power (+48v) required<br \/>\nAudio output connection: 3-pin XLR male<\/p>\n<p><strong>KMD120<\/strong><br \/>\nMicrophone designed for use with bass drums, with a cardioid pickup pattern and equipped with a diaphragm specially designed for natural sound reproduction, with bass and treble definition.<br \/>\nIt has a wide frequency response of 40Hz - 14kHz and the ability to handle high sound pressure levels.<br \/>\nExcellent choice for instruments that require low-frequency reproduction such as kick drum, 16\u2033 and 18\u2033 bass drums and bass amp pickups.<br \/>\nO K33 \u00e9 montado em um corpo de liga de zinco fundido de alta precis\u00e3o, revestido com pintura especial, grade de malha de a\u00e7o resistente a alto impacto e conector XLR balanceado permitindo desempenho livre de interfer\u00eancias mesmo com cabos longos.<\/p>\n<p><strong>KMD 116<\/strong><br \/>\nSensitive condenser microphone with flat frequency response. Ideal for use with acoustic instruments (cymbals), choirs and amplifiers. It can withstand high SPL levels without affecting the audio. This allows sounds to be fully captured on the microphone axis.<br \/>\nIt has a gold-plated XLR connector, ON|OFF switch, metal body.<br \/>\nComes with anti-puff foam and clamp.<\/p>\n<p><strong>K57<\/strong><br \/>\nMicrophone that can be used to pick up percussion, wind, bass and guitar amplifiers, guitar, voice (backing vocal), grand piano or cabinet.<br \/>\nThe K57 has an extremely efficient dynamic capsule with a frequency response between 60 - 15000Hz.<\/p>","protected":false},"excerpt":{"rendered":"<p class=\"font_8\"><strong>The KMD 108 kit combines the K57, KMD 110, KDM 120, KMD 116 microphones<\/strong><\/p>","protected":false},"featured_media":13010,"template":"","meta":{"content-type":"","_vp_format_video_url":"","_vp_image_focal_point":[]},"product_cat":[107,168,166],"product_tag":[],"class_list":{"0":"post-3735","1":"product","2":"type-product","3":"status-publish","4":"has-post-thumbnail","6":"product_cat-kadosh","7":"product_cat-kit-de-microfones","8":"product_cat-microfones-com-fio","10":"first","11":"instock","12":"shipping-taxable","13":"purchasable","14":"product-type-variable"},"yoast_head":"<!-- This site is optimized with the Yoast SEO Premium plugin v22.9 (Yoast SEO v24.0) - https:\/\/yoast.com\/wordpress\/plugins\/seo\/ -->\n<title>Microfone para Bateria KMD 108 - Kadosh Music<\/title>\n<meta name=\"robots\" content=\"index, follow, max-snippet:-1, max-image-preview:large, max-video-preview:-1\" \/>\n<link rel=\"canonical\" href=\"https:\/\/kadoshmusic.com.br\/en\/product\/k8-slim\/\" \/>\n<meta property=\"og:locale\" content=\"en_US\" \/>\n<meta property=\"og:type\" content=\"article\" \/>\n<meta property=\"og:title\" content=\"Microfone para Bateria KMD 108\" \/>\n<meta property=\"og:description\" content=\"O kit KMD 108 re\u00fanem os microfones K57, KMD 110, KDM 120, KMD 116\" \/>\n<meta property=\"og:url\" content=\"https:\/\/kadoshmusic.com.br\/en\/product\/k8-slim\/\" \/>\n<meta property=\"og:site_name\" content=\"Kadosh Music\" \/>\n<meta property=\"article:publisher\" content=\"https:\/\/www.facebook.com\/micskadosh\" \/>\n<meta property=\"article:modified_time\" content=\"2025-07-30T20:16:41+00:00\" \/>\n<meta property=\"og:image\" content=\"https:\/\/kadoshmusic.com.br\/wp-content\/uploads\/2024\/05\/capa-KMD108.png\" \/>\n\t<meta property=\"og:image:width\" content=\"1080\" \/>\n\t<meta property=\"og:image:height\" content=\"1080\" \/>\n\t<meta property=\"og:image:type\" content=\"image\/png\" \/>\n<meta name=\"twitter:card\" content=\"summary_large_image\" \/>\n<meta name=\"twitter:label1\" content=\"Est. reading time\" \/>\n\t<meta name=\"twitter:data1\" content=\"3 minutes\" \/>\n<script type=\"application\/ld+json\" class=\"yoast-schema-graph\">{\"@context\":\"https:\/\/schema.org\",\"@graph\":[{\"@type\":\"WebPage\",\"@id\":\"https:\/\/kadoshmusic.com.br\/produto\/k8-slim\/\",\"url\":\"https:\/\/kadoshmusic.com.br\/produto\/k8-slim\/\",\"name\":\"Microfone para Bateria KMD 108 - Kadosh Music\",\"isPartOf\":{\"@id\":\"https:\/\/kadoshmusic.com.br\/#website\"},\"primaryImageOfPage\":{\"@id\":\"https:\/\/kadoshmusic.com.br\/produto\/k8-slim\/#primaryimage\"},\"image\":{\"@id\":\"https:\/\/kadoshmusic.com.br\/produto\/k8-slim\/#primaryimage\"},\"thumbnailUrl\":\"https:\/\/kadoshmusic.com.br\/wp-content\/uploads\/2024\/05\/capa-KMD108.png\",\"datePublished\":\"2024-05-21T11:01:17+00:00\",\"dateModified\":\"2025-07-30T20:16:41+00:00\",\"breadcrumb\":{\"@id\":\"https:\/\/kadoshmusic.com.br\/produto\/k8-slim\/#breadcrumb\"},\"inLanguage\":\"en-US\",\"potentialAction\":[{\"@type\":\"ReadAction\",\"target\":[\"https:\/\/kadoshmusic.com.br\/produto\/k8-slim\/\"]}]},{\"@type\":\"ImageObject\",\"inLanguage\":\"en-US\",\"@id\":\"https:\/\/kadoshmusic.com.br\/produto\/k8-slim\/#primaryimage\",\"url\":\"https:\/\/kadoshmusic.com.br\/wp-content\/uploads\/2024\/05\/capa-KMD108.png\",\"contentUrl\":\"https:\/\/kadoshmusic.com.br\/wp-content\/uploads\/2024\/05\/capa-KMD108.png\",\"width\":1080,\"height\":1080},{\"@type\":\"BreadcrumbList\",\"@id\":\"https:\/\/kadoshmusic.com.br\/produto\/k8-slim\/#breadcrumb\",\"itemListElement\":[{\"@type\":\"ListItem\",\"position\":1,\"name\":\"Home\",\"item\":\"https:\/\/kadoshmusic.com.br\/\"},{\"@type\":\"ListItem\",\"position\":2,\"name\":\"Shop\",\"item\":\"https:\/\/kadoshmusic.com.br\/shop\/\"},{\"@type\":\"ListItem\",\"position\":3,\"name\":\"Microfone para Bateria KMD 108\"}]},{\"@type\":\"WebSite\",\"@id\":\"https:\/\/kadoshmusic.com.br\/#website\",\"url\":\"https:\/\/kadoshmusic.com.br\/\",\"name\":\"Kadosh Music\",\"description\":\"A Tecnologia Conectando o \u00c1udio e a M\u00fasica\",\"publisher\":{\"@id\":\"https:\/\/kadoshmusic.com.br\/#organization\"},\"alternateName\":\"kadosh\",\"potentialAction\":[{\"@type\":\"SearchAction\",\"target\":{\"@type\":\"EntryPoint\",\"urlTemplate\":\"https:\/\/kadoshmusic.com.br\/?s={search_term_string}\"},\"query-input\":{\"@type\":\"PropertyValueSpecification\",\"valueRequired\":true,\"valueName\":\"search_term_string\"}}],\"inLanguage\":\"en-US\"},{\"@type\":\"Organization\",\"@id\":\"https:\/\/kadoshmusic.com.br\/#organization\",\"name\":\"kadosh music\",\"url\":\"https:\/\/kadoshmusic.com.br\/\",\"logo\":{\"@type\":\"ImageObject\",\"inLanguage\":\"en-US\",\"@id\":\"https:\/\/kadoshmusic.com.br\/#\/schema\/logo\/image\/\",\"url\":\"https:\/\/kadoshmusic.com.br\/wp-content\/uploads\/2024\/06\/logo-principal-1024x450-1.webp\",\"contentUrl\":\"https:\/\/kadoshmusic.com.br\/wp-content\/uploads\/2024\/06\/logo-principal-1024x450-1.webp\",\"width\":1024,\"height\":450,\"caption\":\"kadosh music\"},\"image\":{\"@id\":\"https:\/\/kadoshmusic.com.br\/#\/schema\/logo\/image\/\"},\"sameAs\":[\"https:\/\/www.facebook.com\/micskadosh\"]}]}<\/script>\n<!-- \/ Yoast SEO Premium plugin. -->","yoast_head_json":{"title":"Microfone para Bateria KMD 108 - Kadosh Music","robots":{"index":"index","follow":"follow","max-snippet":"max-snippet:-1","max-image-preview":"max-image-preview:large","max-video-preview":"max-video-preview:-1"},"canonical":"https:\/\/kadoshmusic.com.br\/en\/product\/k8-slim\/","og_locale":"en_US","og_type":"article","og_title":"Microfone para Bateria KMD 108","og_description":"O kit KMD 108 re\u00fanem os microfones K57, KMD 110, KDM 120, KMD 116","og_url":"https:\/\/kadoshmusic.com.br\/en\/product\/k8-slim\/","og_site_name":"Kadosh Music","article_publisher":"https:\/\/www.facebook.com\/micskadosh","article_modified_time":"2025-07-30T20:16:41+00:00","og_image":[{"width":1080,"height":1080,"url":"https:\/\/kadoshmusic.com.br\/wp-content\/uploads\/2024\/05\/capa-KMD108.png","type":"image\/png"}],"twitter_card":"summary_large_image","twitter_misc":{"Est. reading time":"3 minutes"},"schema":{"@context":"https:\/\/schema.org","@graph":[{"@type":"WebPage","@id":"https:\/\/kadoshmusic.com.br\/produto\/k8-slim\/","url":"https:\/\/kadoshmusic.com.br\/produto\/k8-slim\/","name":"Microfone para Bateria KMD 108 - Kadosh Music","isPartOf":{"@id":"https:\/\/kadoshmusic.com.br\/#website"},"primaryImageOfPage":{"@id":"https:\/\/kadoshmusic.com.br\/produto\/k8-slim\/#primaryimage"},"image":{"@id":"https:\/\/kadoshmusic.com.br\/produto\/k8-slim\/#primaryimage"},"thumbnailUrl":"https:\/\/kadoshmusic.com.br\/wp-content\/uploads\/2024\/05\/capa-KMD108.png","datePublished":"2024-05-21T11:01:17+00:00","dateModified":"2025-07-30T20:16:41+00:00","breadcrumb":{"@id":"https:\/\/kadoshmusic.com.br\/produto\/k8-slim\/#breadcrumb"},"inLanguage":"en-US","potentialAction":[{"@type":"ReadAction","target":["https:\/\/kadoshmusic.com.br\/produto\/k8-slim\/"]}]},{"@type":"ImageObject","inLanguage":"en-US","@id":"https:\/\/kadoshmusic.com.br\/produto\/k8-slim\/#primaryimage","url":"https:\/\/kadoshmusic.com.br\/wp-content\/uploads\/2024\/05\/capa-KMD108.png","contentUrl":"https:\/\/kadoshmusic.com.br\/wp-content\/uploads\/2024\/05\/capa-KMD108.png","width":1080,"height":1080},{"@type":"BreadcrumbList","@id":"https:\/\/kadoshmusic.com.br\/produto\/k8-slim\/#breadcrumb","itemListElement":[{"@type":"ListItem","position":1,"name":"Home","item":"https:\/\/kadoshmusic.com.br\/"},{"@type":"ListItem","position":2,"name":"Shop","item":"https:\/\/kadoshmusic.com.br\/shop\/"},{"@type":"ListItem","position":3,"name":"Microfone para Bateria KMD 108"}]},{"@type":"WebSite","@id":"https:\/\/kadoshmusic.com.br\/#website","url":"https:\/\/kadoshmusic.com.br\/","name":"Kadosh Music","description":"A Tecnologia Conectando o \u00c1udio e a M\u00fasica","publisher":{"@id":"https:\/\/kadoshmusic.com.br\/#organization"},"alternateName":"kadosh","potentialAction":[{"@type":"SearchAction","target":{"@type":"EntryPoint","urlTemplate":"https:\/\/kadoshmusic.com.br\/?s={search_term_string}"},"query-input":{"@type":"PropertyValueSpecification","valueRequired":true,"valueName":"search_term_string"}}],"inLanguage":"en-US"},{"@type":"Organization","@id":"https:\/\/kadoshmusic.com.br\/#organization","name":"kadosh music","url":"https:\/\/kadoshmusic.com.br\/","logo":{"@type":"ImageObject","inLanguage":"en-US","@id":"https:\/\/kadoshmusic.com.br\/#\/schema\/logo\/image\/","url":"https:\/\/kadoshmusic.com.br\/wp-content\/uploads\/2024\/06\/logo-principal-1024x450-1.webp","contentUrl":"https:\/\/kadoshmusic.com.br\/wp-content\/uploads\/2024\/06\/logo-principal-1024x450-1.webp","width":1024,"height":450,"caption":"kadosh music"},"image":{"@id":"https:\/\/kadoshmusic.com.br\/#\/schema\/logo\/image\/"},"sameAs":["https:\/\/www.facebook.com\/micskadosh"]}]}},"jetpack_sharing_enabled":true,"s_badge_disabled_all":false,"s_badge_single_active":false,"badge_type":"type_custom","badge_custom_set_date":false,"badge_initial_date":"","badge_end_date":"","badge_new_days":"","badge_lowstock_low":"","badge_lowstock_medium":"","badge_text":"","badge_text_size":"","badge_text_color":"","badge_bg_color":"","badge_style":"badge_default","badge_position":"position_tl","_links":{"self":[{"href":"https:\/\/kadoshmusic.com.br\/en\/wp-json\/wp\/v2\/product\/3735","targetHints":{"allow":["GET"]}}],"collection":[{"href":"https:\/\/kadoshmusic.com.br\/en\/wp-json\/wp\/v2\/product"}],"about":[{"href":"https:\/\/kadoshmusic.com.br\/en\/wp-json\/wp\/v2\/types\/product"}],"version-history":[{"count":8,"href":"https:\/\/kadoshmusic.com.br\/en\/wp-json\/wp\/v2\/product\/3735\/revisions"}],"predecessor-version":[{"id":16015,"href":"https:\/\/kadoshmusic.com.br\/en\/wp-json\/wp\/v2\/product\/3735\/revisions\/16015"}],"wp:featuredmedia":[{"embeddable":true,"href":"https:\/\/kadoshmusic.com.br\/en\/wp-json\/wp\/v2\/media\/13010"}],"wp:attachment":[{"href":"https:\/\/kadoshmusic.com.br\/en\/wp-json\/wp\/v2\/media?parent=3735"}],"wp:term":[{"taxonomy":"product_cat","embeddable":true,"href":"https:\/\/kadoshmusic.com.br\/en\/wp-json\/wp\/v2\/product_cat?post=3735"},{"taxonomy":"product_tag","embeddable":true,"href":"https:\/\/kadoshmusic.com.br\/en\/wp-json\/wp\/v2\/product_tag?post=3735"}],"curies":[{"name":"wp","href":"https:\/\/api.w.org\/{rel}","templated":true}]}}