{"id":3307,"date":"2024-05-21T08:43:39","date_gmt":"2024-05-21T11:43:39","guid":{"rendered":"https:\/\/kadoshmusic.com.br\/?post_type=product&#038;p=3307"},"modified":"2025-05-19T15:12:06","modified_gmt":"2025-05-19T18:12:06","slug":"k522m","status":"publish","type":"product","link":"https:\/\/kadoshmusic.com.br\/en\/product\/k522m\/","title":{"rendered":"K522M"},"content":{"rendered":"<div class=\"section section-top\">\n<p><span style=\"font-weight: 300;\">SMALL, LIGHT AND COMFORTABLE<\/span><\/p>\n<p><span style=\"font-weight: 300;\">The Handheld K5m is extremely comfortable, thanks to its 260g <\/span><i><span style=\"font-weight: 300;\">(with battery)<\/span><\/i><span style=\"font-weight: 300;\">. Made of metal, electrostatically painted and finished with a matt varnish. On the body of the handheld transmitter you have an OLED display and button with On \/ Mute \/ Off functions.<\/span><\/p>\n<p><span style=\"font-weight: 300;\">AUDIO AND RESOURCES<\/span><\/p>\n<p><span style=\"font-weight: 300;\">The Kadosh K522 has 8 types of equalizer filters such as High Pass Filter (HPF), high shelving, apartment, Low shelving, Low Pass Filter (LPF), low shelving + LPF, low shelving + high shelving and HPF + LPF. It has a frequency response of 80Hz to 14,000Hz and a dynamic transducer.<\/span><\/p>\n<p><span style=\"font-weight: 300;\">RF\u00a0<\/span><\/p>\n<p><span style=\"font-weight: 300;\">The K522 has 100 frequencies per channel, managed so that a given frequency is only used by one channel, PLL - Phase Locked Loop, frequency scanning, IR sync (impulse response), BNC antenna connection and True Diversity.<\/span><\/p>\n<p><span style=\"font-weight: 300;\">LONG-LASTING BATTERIES<\/span><\/p>\n<p><span style=\"font-weight: 300;\">The K522 has a K5m handheld with high-quality, Kadosh-standard 3.7V lithium rechargeable batteries. You can recharge quickly (3h = 80%) via USB-C cable or external charger <\/span><i><span style=\"font-weight: 300;\">(sold separately)<\/span><\/i><span style=\"font-weight: 300;\">.<\/span><\/p>\n<\/div>","protected":false},"excerpt":{"rendered":"<p><span style=\"font-weight: 300;\"><strong>SUGGESTED USE<\/strong>: Live vocals (concerts and churches), lectures<\/span><\/p>\n<p><span style=\"font-weight: 300;\">The K522 is rack-standard (19\u2033), with True Diversity, 8 types of equalizer filters, OLED display with information such as AF, RF, Battery, Frequency, Mute<\/span><span style=\"font-weight: 300;\">.<br \/>\n<\/span><span style=\"font-weight: 300;\">With audio converters and digital processing in 16 bit \/ 48KHz, providing a very clear and transparent response.<\/span><\/p>\n<p>&nbsp;<\/p>\n<p>&nbsp;<\/p>","protected":false},"featured_media":12149,"template":"","meta":{"content-type":"","_vp_format_video_url":"","_vp_image_focal_point":[]},"product_cat":[107,148],"product_tag":[160],"class_list":{"0":"post-3307","1":"product","2":"type-product","3":"status-publish","4":"has-post-thumbnail","6":"product_cat-kadosh","7":"product_cat-microfones-sem-fio-uhf","8":"product_tag-k502hh","10":"first","11":"instock","12":"shipping-taxable","13":"purchasable","14":"product-type-variable"},"yoast_head":"<!-- This site is optimized with the Yoast SEO Premium plugin v22.9 (Yoast SEO v24.0) - https:\/\/yoast.com\/wordpress\/plugins\/seo\/ -->\n<title>K522M - Kadosh Music<\/title>\n<meta name=\"robots\" content=\"index, follow, max-snippet:-1, max-image-preview:large, max-video-preview:-1\" \/>\n<link rel=\"canonical\" href=\"https:\/\/kadoshmusic.com.br\/en\/product\/k522m\/\" \/>\n<meta property=\"og:locale\" content=\"en_US\" \/>\n<meta property=\"og:type\" content=\"article\" \/>\n<meta property=\"og:title\" content=\"K522M\" \/>\n<meta property=\"og:description\" content=\"SUGEST\u00c3O DE USO: Vocais ao vivo (shows e igrejas), palestras  O K522 \u00e9 padr\u00e3o rack (19&quot;), com True Diversity, 8 tipos de filtros de equalizador, display em OLED com informa\u00e7\u00f5es como AF, RF, Pilha, Frequ\u00eancia, Mute. Com \u00e1udio com conversores e processamento digital em 16 bit \/ 48KHz, proporcionando uma resposta com muita nitidez e transparente.  &nbsp;  &nbsp;\" \/>\n<meta property=\"og:url\" content=\"https:\/\/kadoshmusic.com.br\/en\/product\/k522m\/\" \/>\n<meta property=\"og:site_name\" content=\"Kadosh Music\" \/>\n<meta property=\"article:publisher\" content=\"https:\/\/www.facebook.com\/micskadosh\" \/>\n<meta property=\"article:modified_time\" content=\"2025-05-19T18:12:06+00:00\" \/>\n<meta property=\"og:image\" content=\"https:\/\/kadoshmusic.com.br\/wp-content\/uploads\/2024\/05\/522m.png\" \/>\n\t<meta property=\"og:image:width\" content=\"1080\" \/>\n\t<meta property=\"og:image:height\" content=\"1080\" \/>\n\t<meta property=\"og:image:type\" content=\"image\/png\" \/>\n<meta name=\"twitter:card\" content=\"summary_large_image\" \/>\n<meta name=\"twitter:label1\" content=\"Est. reading time\" \/>\n\t<meta name=\"twitter:data1\" content=\"2 minutes\" \/>\n<script type=\"application\/ld+json\" class=\"yoast-schema-graph\">{\"@context\":\"https:\/\/schema.org\",\"@graph\":[{\"@type\":\"WebPage\",\"@id\":\"https:\/\/kadoshmusic.com.br\/produto\/k522m\/\",\"url\":\"https:\/\/kadoshmusic.com.br\/produto\/k522m\/\",\"name\":\"K522M - Kadosh Music\",\"isPartOf\":{\"@id\":\"https:\/\/kadoshmusic.com.br\/#website\"},\"primaryImageOfPage\":{\"@id\":\"https:\/\/kadoshmusic.com.br\/produto\/k522m\/#primaryimage\"},\"image\":{\"@id\":\"https:\/\/kadoshmusic.com.br\/produto\/k522m\/#primaryimage\"},\"thumbnailUrl\":\"https:\/\/kadoshmusic.com.br\/wp-content\/uploads\/2024\/05\/522m.png\",\"datePublished\":\"2024-05-21T11:43:39+00:00\",\"dateModified\":\"2025-05-19T18:12:06+00:00\",\"breadcrumb\":{\"@id\":\"https:\/\/kadoshmusic.com.br\/produto\/k522m\/#breadcrumb\"},\"inLanguage\":\"en-US\",\"potentialAction\":[{\"@type\":\"ReadAction\",\"target\":[\"https:\/\/kadoshmusic.com.br\/produto\/k522m\/\"]}]},{\"@type\":\"ImageObject\",\"inLanguage\":\"en-US\",\"@id\":\"https:\/\/kadoshmusic.com.br\/produto\/k522m\/#primaryimage\",\"url\":\"https:\/\/kadoshmusic.com.br\/wp-content\/uploads\/2024\/05\/522m.png\",\"contentUrl\":\"https:\/\/kadoshmusic.com.br\/wp-content\/uploads\/2024\/05\/522m.png\",\"width\":1080,\"height\":1080},{\"@type\":\"BreadcrumbList\",\"@id\":\"https:\/\/kadoshmusic.com.br\/produto\/k522m\/#breadcrumb\",\"itemListElement\":[{\"@type\":\"ListItem\",\"position\":1,\"name\":\"Home\",\"item\":\"https:\/\/kadoshmusic.com.br\/\"},{\"@type\":\"ListItem\",\"position\":2,\"name\":\"Shop\",\"item\":\"https:\/\/kadoshmusic.com.br\/shop\/\"},{\"@type\":\"ListItem\",\"position\":3,\"name\":\"K522M\"}]},{\"@type\":\"WebSite\",\"@id\":\"https:\/\/kadoshmusic.com.br\/#website\",\"url\":\"https:\/\/kadoshmusic.com.br\/\",\"name\":\"Kadosh Music\",\"description\":\"A Tecnologia Conectando o \u00c1udio e a M\u00fasica\",\"publisher\":{\"@id\":\"https:\/\/kadoshmusic.com.br\/#organization\"},\"alternateName\":\"kadosh\",\"potentialAction\":[{\"@type\":\"SearchAction\",\"target\":{\"@type\":\"EntryPoint\",\"urlTemplate\":\"https:\/\/kadoshmusic.com.br\/?s={search_term_string}\"},\"query-input\":{\"@type\":\"PropertyValueSpecification\",\"valueRequired\":true,\"valueName\":\"search_term_string\"}}],\"inLanguage\":\"en-US\"},{\"@type\":\"Organization\",\"@id\":\"https:\/\/kadoshmusic.com.br\/#organization\",\"name\":\"kadosh music\",\"url\":\"https:\/\/kadoshmusic.com.br\/\",\"logo\":{\"@type\":\"ImageObject\",\"inLanguage\":\"en-US\",\"@id\":\"https:\/\/kadoshmusic.com.br\/#\/schema\/logo\/image\/\",\"url\":\"https:\/\/kadoshmusic.com.br\/wp-content\/uploads\/2024\/06\/logo-principal-1024x450-1.webp\",\"contentUrl\":\"https:\/\/kadoshmusic.com.br\/wp-content\/uploads\/2024\/06\/logo-principal-1024x450-1.webp\",\"width\":1024,\"height\":450,\"caption\":\"kadosh music\"},\"image\":{\"@id\":\"https:\/\/kadoshmusic.com.br\/#\/schema\/logo\/image\/\"},\"sameAs\":[\"https:\/\/www.facebook.com\/micskadosh\"]}]}<\/script>\n<!-- \/ Yoast SEO Premium plugin. -->","yoast_head_json":{"title":"K522M - Kadosh Music","robots":{"index":"index","follow":"follow","max-snippet":"max-snippet:-1","max-image-preview":"max-image-preview:large","max-video-preview":"max-video-preview:-1"},"canonical":"https:\/\/kadoshmusic.com.br\/en\/product\/k522m\/","og_locale":"en_US","og_type":"article","og_title":"K522M","og_description":"SUGEST\u00c3O DE USO: Vocais ao vivo (shows e igrejas), palestras  O K522 \u00e9 padr\u00e3o rack (19\"), com True Diversity, 8 tipos de filtros de equalizador, display em OLED com informa\u00e7\u00f5es como AF, RF, Pilha, Frequ\u00eancia, Mute. Com \u00e1udio com conversores e processamento digital em 16 bit \/ 48KHz, proporcionando uma resposta com muita nitidez e transparente.  &nbsp;  &nbsp;","og_url":"https:\/\/kadoshmusic.com.br\/en\/product\/k522m\/","og_site_name":"Kadosh Music","article_publisher":"https:\/\/www.facebook.com\/micskadosh","article_modified_time":"2025-05-19T18:12:06+00:00","og_image":[{"width":1080,"height":1080,"url":"https:\/\/kadoshmusic.com.br\/wp-content\/uploads\/2024\/05\/522m.png","type":"image\/png"}],"twitter_card":"summary_large_image","twitter_misc":{"Est. reading time":"2 minutes"},"schema":{"@context":"https:\/\/schema.org","@graph":[{"@type":"WebPage","@id":"https:\/\/kadoshmusic.com.br\/produto\/k522m\/","url":"https:\/\/kadoshmusic.com.br\/produto\/k522m\/","name":"K522M - Kadosh Music","isPartOf":{"@id":"https:\/\/kadoshmusic.com.br\/#website"},"primaryImageOfPage":{"@id":"https:\/\/kadoshmusic.com.br\/produto\/k522m\/#primaryimage"},"image":{"@id":"https:\/\/kadoshmusic.com.br\/produto\/k522m\/#primaryimage"},"thumbnailUrl":"https:\/\/kadoshmusic.com.br\/wp-content\/uploads\/2024\/05\/522m.png","datePublished":"2024-05-21T11:43:39+00:00","dateModified":"2025-05-19T18:12:06+00:00","breadcrumb":{"@id":"https:\/\/kadoshmusic.com.br\/produto\/k522m\/#breadcrumb"},"inLanguage":"en-US","potentialAction":[{"@type":"ReadAction","target":["https:\/\/kadoshmusic.com.br\/produto\/k522m\/"]}]},{"@type":"ImageObject","inLanguage":"en-US","@id":"https:\/\/kadoshmusic.com.br\/produto\/k522m\/#primaryimage","url":"https:\/\/kadoshmusic.com.br\/wp-content\/uploads\/2024\/05\/522m.png","contentUrl":"https:\/\/kadoshmusic.com.br\/wp-content\/uploads\/2024\/05\/522m.png","width":1080,"height":1080},{"@type":"BreadcrumbList","@id":"https:\/\/kadoshmusic.com.br\/produto\/k522m\/#breadcrumb","itemListElement":[{"@type":"ListItem","position":1,"name":"Home","item":"https:\/\/kadoshmusic.com.br\/"},{"@type":"ListItem","position":2,"name":"Shop","item":"https:\/\/kadoshmusic.com.br\/shop\/"},{"@type":"ListItem","position":3,"name":"K522M"}]},{"@type":"WebSite","@id":"https:\/\/kadoshmusic.com.br\/#website","url":"https:\/\/kadoshmusic.com.br\/","name":"Kadosh Music","description":"A Tecnologia Conectando o \u00c1udio e a M\u00fasica","publisher":{"@id":"https:\/\/kadoshmusic.com.br\/#organization"},"alternateName":"kadosh","potentialAction":[{"@type":"SearchAction","target":{"@type":"EntryPoint","urlTemplate":"https:\/\/kadoshmusic.com.br\/?s={search_term_string}"},"query-input":{"@type":"PropertyValueSpecification","valueRequired":true,"valueName":"search_term_string"}}],"inLanguage":"en-US"},{"@type":"Organization","@id":"https:\/\/kadoshmusic.com.br\/#organization","name":"kadosh music","url":"https:\/\/kadoshmusic.com.br\/","logo":{"@type":"ImageObject","inLanguage":"en-US","@id":"https:\/\/kadoshmusic.com.br\/#\/schema\/logo\/image\/","url":"https:\/\/kadoshmusic.com.br\/wp-content\/uploads\/2024\/06\/logo-principal-1024x450-1.webp","contentUrl":"https:\/\/kadoshmusic.com.br\/wp-content\/uploads\/2024\/06\/logo-principal-1024x450-1.webp","width":1024,"height":450,"caption":"kadosh music"},"image":{"@id":"https:\/\/kadoshmusic.com.br\/#\/schema\/logo\/image\/"},"sameAs":["https:\/\/www.facebook.com\/micskadosh"]}]}},"jetpack_sharing_enabled":true,"s_badge_disabled_all":false,"s_badge_single_active":false,"badge_type":"type_custom","badge_custom_set_date":false,"badge_initial_date":"","badge_end_date":"","badge_new_days":"","badge_lowstock_low":"","badge_lowstock_medium":"","badge_text":"","badge_text_size":"","badge_text_color":"","badge_bg_color":"","badge_style":"badge_default","badge_position":"position_tl","_links":{"self":[{"href":"https:\/\/kadoshmusic.com.br\/en\/wp-json\/wp\/v2\/product\/3307","targetHints":{"allow":["GET"]}}],"collection":[{"href":"https:\/\/kadoshmusic.com.br\/en\/wp-json\/wp\/v2\/product"}],"about":[{"href":"https:\/\/kadoshmusic.com.br\/en\/wp-json\/wp\/v2\/types\/product"}],"version-history":[{"count":13,"href":"https:\/\/kadoshmusic.com.br\/en\/wp-json\/wp\/v2\/product\/3307\/revisions"}],"predecessor-version":[{"id":7281,"href":"https:\/\/kadoshmusic.com.br\/en\/wp-json\/wp\/v2\/product\/3307\/revisions\/7281"}],"wp:featuredmedia":[{"embeddable":true,"href":"https:\/\/kadoshmusic.com.br\/en\/wp-json\/wp\/v2\/media\/12149"}],"wp:attachment":[{"href":"https:\/\/kadoshmusic.com.br\/en\/wp-json\/wp\/v2\/media?parent=3307"}],"wp:term":[{"taxonomy":"product_cat","embeddable":true,"href":"https:\/\/kadoshmusic.com.br\/en\/wp-json\/wp\/v2\/product_cat?post=3307"},{"taxonomy":"product_tag","embeddable":true,"href":"https:\/\/kadoshmusic.com.br\/en\/wp-json\/wp\/v2\/product_tag?post=3307"}],"curies":[{"name":"wp","href":"https:\/\/api.w.org\/{rel}","templated":true}]}}