{"id":16436,"date":"2024-05-21T08:42:56","date_gmt":"2024-05-21T11:42:56","guid":{"rendered":"https:\/\/kadoshmusic.com.br\/?post_type=product&#038;p=16436"},"modified":"2026-03-30T09:40:51","modified_gmt":"2026-03-30T12:40:51","slug":"k522c","status":"publish","type":"product","link":"https:\/\/kadoshmusic.com.br\/en\/product\/k522c\/","title":{"rendered":"K522C"},"content":{"rendered":"<div class=\"section section-top\">\n<p>SISTEMA DE MICROFONE SEM FIO DUPLO O K522 \u00e9 padr\u00e3o rack (19\u2033), com True Diversity, 8 tipos de filtros de equalizador, display em OLED com informa\u00e7\u00f5es como AF, RF, Pilha, Frequ\u00eancia, Mute. Com \u00e1udio com conversores e processamento digital em 16 bit \/ 48KHz, proporcionando uma resposta com muita nitidez e transparente.<\/p>\n<p>PEQUENO, LEVE E CONFORT\u00c1VEL O Handheld K5m \u00e9 extremamente confort\u00e1vel, gra\u00e7as aos seus 260g (j\u00e1 com a pilha). Feito em metal, pintura eletrost\u00e1tica e com acabamento em verniz fosco. No corpo do transmissor de m\u00e3o voc\u00ea tem um display em OLED e bot\u00e3o com fun\u00e7\u00f5es On \/ Mute \/ Off. \u00c1UDIO E RECURSOS. O Bodypack k5b traz consigo uma constru\u00e7\u00e3o leve, robusta, com chave (on, off e mute) e al\u00e7a para fixa\u00e7\u00e3o. O Kadosh K522 possui 8 tipos de filtros de equalizador como High Pass Filter (HPF), high shelving, flat, Low shelving, Low Pass Filter (LPF), low shelving + LPF, low shelving + high shelving e HPF + LPF. Possui resposta de frequ\u00eancia entre 80Hz a 14.000Hz, transdutor din\u00e2mico. RF O K522 possui 100 frequ\u00eancias por canal, sendo administradas de forma que determinada frequ\u00eancia seja usada apenas por um canal, PLL \u2013 Phase Locked Loop, escaneamento de frequ\u00eancia, sync por IR (impulse response), conex\u00e3o de antenas BNC e True Diversity. PILHAS QUE DURAM MUITO O K522 possui handheld K5m com pilhas recarreg\u00e1veis de l\u00edtio 3.7V de alta qualidade e padr\u00e3o Kadosh. Voc\u00ea poder\u00e1 recarregar rapidamente (3h = 80%) atrav\u00e9s de cabo USB-C ou atrav\u00e9s de carregador externo (vendido separadamente).<\/p>\n<\/div>","protected":false},"excerpt":{"rendered":"<p><span style=\"font-weight: 300;\"><strong>SUGGESTED USE<\/strong>: Live vocals (concerts and churches), lectures<\/span><\/p>\n<p><span style=\"font-weight: 300;\">The K522 is rack-standard (19\u2033), with True Diversity, 8 types of equalizer filters, OLED display with information such as AF, RF, Battery, Frequency, Mute<\/span><span style=\"font-weight: 300;\">.<br \/>\n<\/span><span style=\"font-weight: 300;\">With audio converters and digital processing in 16 bit \/ 48KHz, providing a very clear and transparent response.<\/span><\/p>\n<p>&nbsp;<\/p>\n<p>&nbsp;<\/p>","protected":false},"featured_media":16440,"template":"","meta":{"content-type":"","_vp_format_video_url":"","_vp_image_focal_point":[]},"product_cat":[107,148],"product_tag":[160],"class_list":{"0":"post-16436","1":"product","2":"type-product","3":"status-publish","4":"has-post-thumbnail","6":"product_cat-kadosh","7":"product_cat-microfones-sem-fio-uhf","8":"product_tag-k502hh","10":"first","11":"instock","12":"shipping-taxable","13":"purchasable","14":"product-type-variable"},"yoast_head":"<!-- This site is optimized with the Yoast SEO Premium plugin v22.9 (Yoast SEO v24.0) - https:\/\/yoast.com\/wordpress\/plugins\/seo\/ -->\n<title>K522C - Kadosh Music<\/title>\n<meta name=\"robots\" content=\"index, follow, max-snippet:-1, max-image-preview:large, max-video-preview:-1\" \/>\n<link rel=\"canonical\" href=\"https:\/\/kadoshmusic.com.br\/en\/product\/k522c\/\" \/>\n<meta property=\"og:locale\" content=\"en_US\" \/>\n<meta property=\"og:type\" content=\"article\" \/>\n<meta property=\"og:title\" content=\"K522C\" \/>\n<meta property=\"og:description\" content=\"SUGEST\u00c3O DE USO: Vocais ao vivo (shows e igrejas), palestras  O K522 \u00e9 padr\u00e3o rack (19&quot;), com True Diversity, 8 tipos de filtros de equalizador, display em OLED com informa\u00e7\u00f5es como AF, RF, Pilha, Frequ\u00eancia, Mute. Com \u00e1udio com conversores e processamento digital em 16 bit \/ 48KHz, proporcionando uma resposta com muita nitidez e transparente.  &nbsp;  &nbsp;\" \/>\n<meta property=\"og:url\" content=\"https:\/\/kadoshmusic.com.br\/en\/product\/k522c\/\" \/>\n<meta property=\"og:site_name\" content=\"Kadosh Music\" \/>\n<meta property=\"article:publisher\" content=\"https:\/\/www.facebook.com\/micskadosh\" \/>\n<meta property=\"article:modified_time\" content=\"2026-03-30T12:40:51+00:00\" \/>\n<meta property=\"og:image\" content=\"https:\/\/kadoshmusic.com.br\/wp-content\/uploads\/2026\/03\/522C_a.png\" \/>\n\t<meta property=\"og:image:width\" content=\"1080\" \/>\n\t<meta property=\"og:image:height\" content=\"1080\" \/>\n\t<meta property=\"og:image:type\" content=\"image\/png\" \/>\n<meta name=\"twitter:card\" content=\"summary_large_image\" \/>\n<meta name=\"twitter:label1\" content=\"Est. reading time\" \/>\n\t<meta name=\"twitter:data1\" content=\"2 minutes\" \/>\n<script type=\"application\/ld+json\" class=\"yoast-schema-graph\">{\"@context\":\"https:\/\/schema.org\",\"@graph\":[{\"@type\":\"WebPage\",\"@id\":\"https:\/\/kadoshmusic.com.br\/produto\/k522c\/\",\"url\":\"https:\/\/kadoshmusic.com.br\/produto\/k522c\/\",\"name\":\"K522C - Kadosh Music\",\"isPartOf\":{\"@id\":\"https:\/\/kadoshmusic.com.br\/#website\"},\"primaryImageOfPage\":{\"@id\":\"https:\/\/kadoshmusic.com.br\/produto\/k522c\/#primaryimage\"},\"image\":{\"@id\":\"https:\/\/kadoshmusic.com.br\/produto\/k522c\/#primaryimage\"},\"thumbnailUrl\":\"https:\/\/kadoshmusic.com.br\/wp-content\/uploads\/2026\/03\/522C_a.png\",\"datePublished\":\"2024-05-21T11:42:56+00:00\",\"dateModified\":\"2026-03-30T12:40:51+00:00\",\"breadcrumb\":{\"@id\":\"https:\/\/kadoshmusic.com.br\/produto\/k522c\/#breadcrumb\"},\"inLanguage\":\"en-US\",\"potentialAction\":[{\"@type\":\"ReadAction\",\"target\":[\"https:\/\/kadoshmusic.com.br\/produto\/k522c\/\"]}]},{\"@type\":\"ImageObject\",\"inLanguage\":\"en-US\",\"@id\":\"https:\/\/kadoshmusic.com.br\/produto\/k522c\/#primaryimage\",\"url\":\"https:\/\/kadoshmusic.com.br\/wp-content\/uploads\/2026\/03\/522C_a.png\",\"contentUrl\":\"https:\/\/kadoshmusic.com.br\/wp-content\/uploads\/2026\/03\/522C_a.png\",\"width\":1080,\"height\":1080},{\"@type\":\"BreadcrumbList\",\"@id\":\"https:\/\/kadoshmusic.com.br\/produto\/k522c\/#breadcrumb\",\"itemListElement\":[{\"@type\":\"ListItem\",\"position\":1,\"name\":\"Home\",\"item\":\"https:\/\/kadoshmusic.com.br\/\"},{\"@type\":\"ListItem\",\"position\":2,\"name\":\"Shop\",\"item\":\"https:\/\/kadoshmusic.com.br\/shop\/\"},{\"@type\":\"ListItem\",\"position\":3,\"name\":\"K522C\"}]},{\"@type\":\"WebSite\",\"@id\":\"https:\/\/kadoshmusic.com.br\/#website\",\"url\":\"https:\/\/kadoshmusic.com.br\/\",\"name\":\"Kadosh Music\",\"description\":\"A Tecnologia Conectando o \u00c1udio e a M\u00fasica\",\"publisher\":{\"@id\":\"https:\/\/kadoshmusic.com.br\/#organization\"},\"alternateName\":\"kadosh\",\"potentialAction\":[{\"@type\":\"SearchAction\",\"target\":{\"@type\":\"EntryPoint\",\"urlTemplate\":\"https:\/\/kadoshmusic.com.br\/?s={search_term_string}\"},\"query-input\":{\"@type\":\"PropertyValueSpecification\",\"valueRequired\":true,\"valueName\":\"search_term_string\"}}],\"inLanguage\":\"en-US\"},{\"@type\":\"Organization\",\"@id\":\"https:\/\/kadoshmusic.com.br\/#organization\",\"name\":\"kadosh music\",\"url\":\"https:\/\/kadoshmusic.com.br\/\",\"logo\":{\"@type\":\"ImageObject\",\"inLanguage\":\"en-US\",\"@id\":\"https:\/\/kadoshmusic.com.br\/#\/schema\/logo\/image\/\",\"url\":\"https:\/\/kadoshmusic.com.br\/wp-content\/uploads\/2024\/06\/logo-principal-1024x450-1.webp\",\"contentUrl\":\"https:\/\/kadoshmusic.com.br\/wp-content\/uploads\/2024\/06\/logo-principal-1024x450-1.webp\",\"width\":1024,\"height\":450,\"caption\":\"kadosh music\"},\"image\":{\"@id\":\"https:\/\/kadoshmusic.com.br\/#\/schema\/logo\/image\/\"},\"sameAs\":[\"https:\/\/www.facebook.com\/micskadosh\"]}]}<\/script>\n<!-- \/ Yoast SEO Premium plugin. -->","yoast_head_json":{"title":"K522C - Kadosh Music","robots":{"index":"index","follow":"follow","max-snippet":"max-snippet:-1","max-image-preview":"max-image-preview:large","max-video-preview":"max-video-preview:-1"},"canonical":"https:\/\/kadoshmusic.com.br\/en\/product\/k522c\/","og_locale":"en_US","og_type":"article","og_title":"K522C","og_description":"SUGEST\u00c3O DE USO: Vocais ao vivo (shows e igrejas), palestras  O K522 \u00e9 padr\u00e3o rack (19\"), com True Diversity, 8 tipos de filtros de equalizador, display em OLED com informa\u00e7\u00f5es como AF, RF, Pilha, Frequ\u00eancia, Mute. Com \u00e1udio com conversores e processamento digital em 16 bit \/ 48KHz, proporcionando uma resposta com muita nitidez e transparente.  &nbsp;  &nbsp;","og_url":"https:\/\/kadoshmusic.com.br\/en\/product\/k522c\/","og_site_name":"Kadosh Music","article_publisher":"https:\/\/www.facebook.com\/micskadosh","article_modified_time":"2026-03-30T12:40:51+00:00","og_image":[{"width":1080,"height":1080,"url":"https:\/\/kadoshmusic.com.br\/wp-content\/uploads\/2026\/03\/522C_a.png","type":"image\/png"}],"twitter_card":"summary_large_image","twitter_misc":{"Est. reading time":"2 minutes"},"schema":{"@context":"https:\/\/schema.org","@graph":[{"@type":"WebPage","@id":"https:\/\/kadoshmusic.com.br\/produto\/k522c\/","url":"https:\/\/kadoshmusic.com.br\/produto\/k522c\/","name":"K522C - Kadosh Music","isPartOf":{"@id":"https:\/\/kadoshmusic.com.br\/#website"},"primaryImageOfPage":{"@id":"https:\/\/kadoshmusic.com.br\/produto\/k522c\/#primaryimage"},"image":{"@id":"https:\/\/kadoshmusic.com.br\/produto\/k522c\/#primaryimage"},"thumbnailUrl":"https:\/\/kadoshmusic.com.br\/wp-content\/uploads\/2026\/03\/522C_a.png","datePublished":"2024-05-21T11:42:56+00:00","dateModified":"2026-03-30T12:40:51+00:00","breadcrumb":{"@id":"https:\/\/kadoshmusic.com.br\/produto\/k522c\/#breadcrumb"},"inLanguage":"en-US","potentialAction":[{"@type":"ReadAction","target":["https:\/\/kadoshmusic.com.br\/produto\/k522c\/"]}]},{"@type":"ImageObject","inLanguage":"en-US","@id":"https:\/\/kadoshmusic.com.br\/produto\/k522c\/#primaryimage","url":"https:\/\/kadoshmusic.com.br\/wp-content\/uploads\/2026\/03\/522C_a.png","contentUrl":"https:\/\/kadoshmusic.com.br\/wp-content\/uploads\/2026\/03\/522C_a.png","width":1080,"height":1080},{"@type":"BreadcrumbList","@id":"https:\/\/kadoshmusic.com.br\/produto\/k522c\/#breadcrumb","itemListElement":[{"@type":"ListItem","position":1,"name":"Home","item":"https:\/\/kadoshmusic.com.br\/"},{"@type":"ListItem","position":2,"name":"Shop","item":"https:\/\/kadoshmusic.com.br\/shop\/"},{"@type":"ListItem","position":3,"name":"K522C"}]},{"@type":"WebSite","@id":"https:\/\/kadoshmusic.com.br\/#website","url":"https:\/\/kadoshmusic.com.br\/","name":"Kadosh Music","description":"A Tecnologia Conectando o \u00c1udio e a M\u00fasica","publisher":{"@id":"https:\/\/kadoshmusic.com.br\/#organization"},"alternateName":"kadosh","potentialAction":[{"@type":"SearchAction","target":{"@type":"EntryPoint","urlTemplate":"https:\/\/kadoshmusic.com.br\/?s={search_term_string}"},"query-input":{"@type":"PropertyValueSpecification","valueRequired":true,"valueName":"search_term_string"}}],"inLanguage":"en-US"},{"@type":"Organization","@id":"https:\/\/kadoshmusic.com.br\/#organization","name":"kadosh music","url":"https:\/\/kadoshmusic.com.br\/","logo":{"@type":"ImageObject","inLanguage":"en-US","@id":"https:\/\/kadoshmusic.com.br\/#\/schema\/logo\/image\/","url":"https:\/\/kadoshmusic.com.br\/wp-content\/uploads\/2024\/06\/logo-principal-1024x450-1.webp","contentUrl":"https:\/\/kadoshmusic.com.br\/wp-content\/uploads\/2024\/06\/logo-principal-1024x450-1.webp","width":1024,"height":450,"caption":"kadosh music"},"image":{"@id":"https:\/\/kadoshmusic.com.br\/#\/schema\/logo\/image\/"},"sameAs":["https:\/\/www.facebook.com\/micskadosh"]}]}},"jetpack_sharing_enabled":true,"s_badge_disabled_all":false,"s_badge_single_active":false,"badge_type":"type_custom","badge_custom_set_date":false,"badge_initial_date":"","badge_end_date":"","badge_new_days":"","badge_lowstock_low":"","badge_lowstock_medium":"","badge_text":"","badge_text_size":"","badge_text_color":"","badge_bg_color":"","badge_style":"badge_default","badge_position":"position_tl","_links":{"self":[{"href":"https:\/\/kadoshmusic.com.br\/en\/wp-json\/wp\/v2\/product\/16436","targetHints":{"allow":["GET"]}}],"collection":[{"href":"https:\/\/kadoshmusic.com.br\/en\/wp-json\/wp\/v2\/product"}],"about":[{"href":"https:\/\/kadoshmusic.com.br\/en\/wp-json\/wp\/v2\/types\/product"}],"version-history":[{"count":1,"href":"https:\/\/kadoshmusic.com.br\/en\/wp-json\/wp\/v2\/product\/16436\/revisions"}],"predecessor-version":[{"id":16445,"href":"https:\/\/kadoshmusic.com.br\/en\/wp-json\/wp\/v2\/product\/16436\/revisions\/16445"}],"wp:featuredmedia":[{"embeddable":true,"href":"https:\/\/kadoshmusic.com.br\/en\/wp-json\/wp\/v2\/media\/16440"}],"wp:attachment":[{"href":"https:\/\/kadoshmusic.com.br\/en\/wp-json\/wp\/v2\/media?parent=16436"}],"wp:term":[{"taxonomy":"product_cat","embeddable":true,"href":"https:\/\/kadoshmusic.com.br\/en\/wp-json\/wp\/v2\/product_cat?post=16436"},{"taxonomy":"product_tag","embeddable":true,"href":"https:\/\/kadoshmusic.com.br\/en\/wp-json\/wp\/v2\/product_tag?post=16436"}],"curies":[{"name":"wp","href":"https:\/\/api.w.org\/{rel}","templated":true}]}}