{"id":16356,"date":"2024-12-06T08:16:03","date_gmt":"2024-12-06T11:16:03","guid":{"rendered":"https:\/\/kadoshmusic.com.br\/?post_type=product&#038;p=16356"},"modified":"2026-03-10T10:12:22","modified_gmt":"2026-03-10T13:12:22","slug":"kdb01p","status":"publish","type":"product","link":"https:\/\/kadoshmusic.com.br\/en\/product\/kdb01p\/","title":{"rendered":"KDB01P"},"content":{"rendered":"<p class=\"\" data-start=\"55\" data-end=\"241\">O <strong>DIRECT BOX KDB01 P<\/strong> is one of the most useful and versatile tools available - indispensable for facilitating the interface and connection between different audio equipment in countless applications.<\/p>\n<p><strong>Perfect for:<\/strong><br \/>\nSonoriza\u00e7\u00e3o ao vivo em instala\u00e7\u00f5es permanentes, clubes, igrejas e sistemas de pr\u00e1tica de PA.<br \/>\nSistemas de monitor, est\u00fadios de grava\u00e7\u00e3o caseiros e de projeto.<br \/>\nSistemas de som para karaok\u00ea e DJs.<\/p>\n<p>A Sa\u00edda Paralela possibilita conex\u00e3o simult\u00e2nea a 2 entradas separadas (como a um amplificador e a uma mesa). Converte sa\u00eddas de instrumentos de alta imped\u00e2ncia em sinais balanceados de baixa imped\u00e2ncia, ou sinais balanceados de baixa imped\u00e2ncia em sa\u00eddas n\u00e3o balanceadas. Converte sinais n\u00e3o balanceados de+ 1 OdB de mesas de DJ em sinais balanceados de n\u00edvel de linha, permitindo tanto uma interface mais f\u00e1cil com consoles quanto cabos mais longos. Permite que configura\u00e7\u00f5es com m\u00faltiplos teclados conectados a um amplificador de instrumentos sejam enviados diretamente a uma mesa de som, ligando as sa\u00eddas de alto-falante do amplificador \u00e0 entrada do console atrav\u00e9s do DB-1, eliminando assim a necessidade de uma caixa direta para cada teclado. O seletor de atenua\u00e7\u00e3o de entrada de 3 posi\u00e7\u00f5es (OdB, -20dB, -40dB) facilita a obten\u00e7\u00e3o de n\u00edveis de sinal adequados para o melhor casamento com os equipamentos conectados. O Lift de Terra comut\u00e1vel elimina problemas de ru\u00eddo por loop de terra. Constru\u00e7\u00e3o robusta e totalmente em a\u00e7o, projetado para suportar uso cont\u00ednuo por muitos anos.<\/p>","protected":false},"excerpt":{"rendered":"<p>O DIRECT BOX KDB01 P \u00e9 uma das ferramentas mais \u00fateis e vers\u00e1teis dispon\u00edveis &#8211; indispens\u00e1vel para facilitar a interface e a conex\u00e3o entre diversos equipamentos<span class=\"excerpt-hellip\"> [...]<\/span><\/p>","protected":false},"featured_media":16357,"template":"","meta":{"content-type":"","_vp_format_video_url":"","_vp_image_focal_point":[]},"product_cat":[110],"product_tag":[],"class_list":{"0":"post-16356","1":"product","2":"type-product","3":"status-publish","4":"has-post-thumbnail","6":"product_cat-k-audio","8":"first","9":"instock","10":"shipping-taxable","11":"purchasable","12":"product-type-simple"},"yoast_head":"<!-- This site is optimized with the Yoast SEO Premium plugin v22.9 (Yoast SEO v24.0) - https:\/\/yoast.com\/wordpress\/plugins\/seo\/ -->\n<title>KDB01P - Kadosh Music<\/title>\n<meta name=\"robots\" content=\"index, follow, max-snippet:-1, max-image-preview:large, max-video-preview:-1\" \/>\n<link rel=\"canonical\" href=\"https:\/\/kadoshmusic.com.br\/en\/product\/kdb01p\/\" \/>\n<meta property=\"og:locale\" content=\"en_US\" \/>\n<meta property=\"og:type\" content=\"article\" \/>\n<meta property=\"og:title\" content=\"KDB01P\" \/>\n<meta property=\"og:description\" content=\"O DIRECT BOX KDB01 P \u00e9 uma das ferramentas mais \u00fateis e vers\u00e1teis dispon\u00edveis &#8211; indispens\u00e1vel para facilitar a interface e a conex\u00e3o entre diversos equipamentos [\u2026]\" \/>\n<meta property=\"og:url\" content=\"https:\/\/kadoshmusic.com.br\/en\/product\/kdb01p\/\" \/>\n<meta property=\"og:site_name\" content=\"Kadosh Music\" \/>\n<meta property=\"article:publisher\" content=\"https:\/\/www.facebook.com\/micskadosh\" \/>\n<meta property=\"article:modified_time\" content=\"2026-03-10T13:12:22+00:00\" \/>\n<meta property=\"og:image\" content=\"https:\/\/kadoshmusic.com.br\/wp-content\/uploads\/2026\/03\/KDB01P_a.png\" \/>\n\t<meta property=\"og:image:width\" content=\"1080\" \/>\n\t<meta property=\"og:image:height\" content=\"1080\" \/>\n\t<meta property=\"og:image:type\" content=\"image\/png\" \/>\n<meta name=\"twitter:card\" content=\"summary_large_image\" \/>\n<meta name=\"twitter:label1\" content=\"Est. reading time\" \/>\n\t<meta name=\"twitter:data1\" content=\"2 minutes\" \/>\n<script type=\"application\/ld+json\" class=\"yoast-schema-graph\">{\"@context\":\"https:\/\/schema.org\",\"@graph\":[{\"@type\":\"WebPage\",\"@id\":\"https:\/\/kadoshmusic.com.br\/produto\/kdb01p\/\",\"url\":\"https:\/\/kadoshmusic.com.br\/produto\/kdb01p\/\",\"name\":\"KDB01P - Kadosh Music\",\"isPartOf\":{\"@id\":\"https:\/\/kadoshmusic.com.br\/#website\"},\"primaryImageOfPage\":{\"@id\":\"https:\/\/kadoshmusic.com.br\/produto\/kdb01p\/#primaryimage\"},\"image\":{\"@id\":\"https:\/\/kadoshmusic.com.br\/produto\/kdb01p\/#primaryimage\"},\"thumbnailUrl\":\"https:\/\/kadoshmusic.com.br\/wp-content\/uploads\/2026\/03\/KDB01P_a.png\",\"datePublished\":\"2024-12-06T11:16:03+00:00\",\"dateModified\":\"2026-03-10T13:12:22+00:00\",\"breadcrumb\":{\"@id\":\"https:\/\/kadoshmusic.com.br\/produto\/kdb01p\/#breadcrumb\"},\"inLanguage\":\"en-US\",\"potentialAction\":[{\"@type\":\"ReadAction\",\"target\":[\"https:\/\/kadoshmusic.com.br\/produto\/kdb01p\/\"]}]},{\"@type\":\"ImageObject\",\"inLanguage\":\"en-US\",\"@id\":\"https:\/\/kadoshmusic.com.br\/produto\/kdb01p\/#primaryimage\",\"url\":\"https:\/\/kadoshmusic.com.br\/wp-content\/uploads\/2026\/03\/KDB01P_a.png\",\"contentUrl\":\"https:\/\/kadoshmusic.com.br\/wp-content\/uploads\/2026\/03\/KDB01P_a.png\",\"width\":1080,\"height\":1080},{\"@type\":\"BreadcrumbList\",\"@id\":\"https:\/\/kadoshmusic.com.br\/produto\/kdb01p\/#breadcrumb\",\"itemListElement\":[{\"@type\":\"ListItem\",\"position\":1,\"name\":\"Home\",\"item\":\"https:\/\/kadoshmusic.com.br\/\"},{\"@type\":\"ListItem\",\"position\":2,\"name\":\"Shop\",\"item\":\"https:\/\/kadoshmusic.com.br\/shop\/\"},{\"@type\":\"ListItem\",\"position\":3,\"name\":\"KDB01P\"}]},{\"@type\":\"WebSite\",\"@id\":\"https:\/\/kadoshmusic.com.br\/#website\",\"url\":\"https:\/\/kadoshmusic.com.br\/\",\"name\":\"Kadosh Music\",\"description\":\"A Tecnologia Conectando o \u00c1udio e a M\u00fasica\",\"publisher\":{\"@id\":\"https:\/\/kadoshmusic.com.br\/#organization\"},\"alternateName\":\"kadosh\",\"potentialAction\":[{\"@type\":\"SearchAction\",\"target\":{\"@type\":\"EntryPoint\",\"urlTemplate\":\"https:\/\/kadoshmusic.com.br\/?s={search_term_string}\"},\"query-input\":{\"@type\":\"PropertyValueSpecification\",\"valueRequired\":true,\"valueName\":\"search_term_string\"}}],\"inLanguage\":\"en-US\"},{\"@type\":\"Organization\",\"@id\":\"https:\/\/kadoshmusic.com.br\/#organization\",\"name\":\"kadosh music\",\"url\":\"https:\/\/kadoshmusic.com.br\/\",\"logo\":{\"@type\":\"ImageObject\",\"inLanguage\":\"en-US\",\"@id\":\"https:\/\/kadoshmusic.com.br\/#\/schema\/logo\/image\/\",\"url\":\"https:\/\/kadoshmusic.com.br\/wp-content\/uploads\/2024\/06\/logo-principal-1024x450-1.webp\",\"contentUrl\":\"https:\/\/kadoshmusic.com.br\/wp-content\/uploads\/2024\/06\/logo-principal-1024x450-1.webp\",\"width\":1024,\"height\":450,\"caption\":\"kadosh music\"},\"image\":{\"@id\":\"https:\/\/kadoshmusic.com.br\/#\/schema\/logo\/image\/\"},\"sameAs\":[\"https:\/\/www.facebook.com\/micskadosh\"]}]}<\/script>\n<!-- \/ Yoast SEO Premium plugin. -->","yoast_head_json":{"title":"KDB01P - Kadosh Music","robots":{"index":"index","follow":"follow","max-snippet":"max-snippet:-1","max-image-preview":"max-image-preview:large","max-video-preview":"max-video-preview:-1"},"canonical":"https:\/\/kadoshmusic.com.br\/en\/product\/kdb01p\/","og_locale":"en_US","og_type":"article","og_title":"KDB01P","og_description":"O DIRECT BOX KDB01 P \u00e9 uma das ferramentas mais \u00fateis e vers\u00e1teis dispon\u00edveis &#8211; indispens\u00e1vel para facilitar a interface e a conex\u00e3o entre diversos equipamentos [\u2026]","og_url":"https:\/\/kadoshmusic.com.br\/en\/product\/kdb01p\/","og_site_name":"Kadosh Music","article_publisher":"https:\/\/www.facebook.com\/micskadosh","article_modified_time":"2026-03-10T13:12:22+00:00","og_image":[{"width":1080,"height":1080,"url":"https:\/\/kadoshmusic.com.br\/wp-content\/uploads\/2026\/03\/KDB01P_a.png","type":"image\/png"}],"twitter_card":"summary_large_image","twitter_misc":{"Est. reading time":"2 minutes"},"schema":{"@context":"https:\/\/schema.org","@graph":[{"@type":"WebPage","@id":"https:\/\/kadoshmusic.com.br\/produto\/kdb01p\/","url":"https:\/\/kadoshmusic.com.br\/produto\/kdb01p\/","name":"KDB01P - Kadosh Music","isPartOf":{"@id":"https:\/\/kadoshmusic.com.br\/#website"},"primaryImageOfPage":{"@id":"https:\/\/kadoshmusic.com.br\/produto\/kdb01p\/#primaryimage"},"image":{"@id":"https:\/\/kadoshmusic.com.br\/produto\/kdb01p\/#primaryimage"},"thumbnailUrl":"https:\/\/kadoshmusic.com.br\/wp-content\/uploads\/2026\/03\/KDB01P_a.png","datePublished":"2024-12-06T11:16:03+00:00","dateModified":"2026-03-10T13:12:22+00:00","breadcrumb":{"@id":"https:\/\/kadoshmusic.com.br\/produto\/kdb01p\/#breadcrumb"},"inLanguage":"en-US","potentialAction":[{"@type":"ReadAction","target":["https:\/\/kadoshmusic.com.br\/produto\/kdb01p\/"]}]},{"@type":"ImageObject","inLanguage":"en-US","@id":"https:\/\/kadoshmusic.com.br\/produto\/kdb01p\/#primaryimage","url":"https:\/\/kadoshmusic.com.br\/wp-content\/uploads\/2026\/03\/KDB01P_a.png","contentUrl":"https:\/\/kadoshmusic.com.br\/wp-content\/uploads\/2026\/03\/KDB01P_a.png","width":1080,"height":1080},{"@type":"BreadcrumbList","@id":"https:\/\/kadoshmusic.com.br\/produto\/kdb01p\/#breadcrumb","itemListElement":[{"@type":"ListItem","position":1,"name":"Home","item":"https:\/\/kadoshmusic.com.br\/"},{"@type":"ListItem","position":2,"name":"Shop","item":"https:\/\/kadoshmusic.com.br\/shop\/"},{"@type":"ListItem","position":3,"name":"KDB01P"}]},{"@type":"WebSite","@id":"https:\/\/kadoshmusic.com.br\/#website","url":"https:\/\/kadoshmusic.com.br\/","name":"Kadosh Music","description":"A Tecnologia Conectando o \u00c1udio e a M\u00fasica","publisher":{"@id":"https:\/\/kadoshmusic.com.br\/#organization"},"alternateName":"kadosh","potentialAction":[{"@type":"SearchAction","target":{"@type":"EntryPoint","urlTemplate":"https:\/\/kadoshmusic.com.br\/?s={search_term_string}"},"query-input":{"@type":"PropertyValueSpecification","valueRequired":true,"valueName":"search_term_string"}}],"inLanguage":"en-US"},{"@type":"Organization","@id":"https:\/\/kadoshmusic.com.br\/#organization","name":"kadosh music","url":"https:\/\/kadoshmusic.com.br\/","logo":{"@type":"ImageObject","inLanguage":"en-US","@id":"https:\/\/kadoshmusic.com.br\/#\/schema\/logo\/image\/","url":"https:\/\/kadoshmusic.com.br\/wp-content\/uploads\/2024\/06\/logo-principal-1024x450-1.webp","contentUrl":"https:\/\/kadoshmusic.com.br\/wp-content\/uploads\/2024\/06\/logo-principal-1024x450-1.webp","width":1024,"height":450,"caption":"kadosh music"},"image":{"@id":"https:\/\/kadoshmusic.com.br\/#\/schema\/logo\/image\/"},"sameAs":["https:\/\/www.facebook.com\/micskadosh"]}]}},"jetpack_sharing_enabled":true,"s_badge_disabled_all":false,"s_badge_single_active":false,"badge_type":"type_custom","badge_custom_set_date":false,"badge_initial_date":"","badge_end_date":"","badge_new_days":"","badge_lowstock_low":"","badge_lowstock_medium":"","badge_text":"","badge_text_size":"","badge_text_color":"","badge_bg_color":"","badge_style":"badge_default","badge_position":"position_tl","_links":{"self":[{"href":"https:\/\/kadoshmusic.com.br\/en\/wp-json\/wp\/v2\/product\/16356","targetHints":{"allow":["GET"]}}],"collection":[{"href":"https:\/\/kadoshmusic.com.br\/en\/wp-json\/wp\/v2\/product"}],"about":[{"href":"https:\/\/kadoshmusic.com.br\/en\/wp-json\/wp\/v2\/types\/product"}],"version-history":[{"count":2,"href":"https:\/\/kadoshmusic.com.br\/en\/wp-json\/wp\/v2\/product\/16356\/revisions"}],"predecessor-version":[{"id":16364,"href":"https:\/\/kadoshmusic.com.br\/en\/wp-json\/wp\/v2\/product\/16356\/revisions\/16364"}],"wp:featuredmedia":[{"embeddable":true,"href":"https:\/\/kadoshmusic.com.br\/en\/wp-json\/wp\/v2\/media\/16357"}],"wp:attachment":[{"href":"https:\/\/kadoshmusic.com.br\/en\/wp-json\/wp\/v2\/media?parent=16356"}],"wp:term":[{"taxonomy":"product_cat","embeddable":true,"href":"https:\/\/kadoshmusic.com.br\/en\/wp-json\/wp\/v2\/product_cat?post=16356"},{"taxonomy":"product_tag","embeddable":true,"href":"https:\/\/kadoshmusic.com.br\/en\/wp-json\/wp\/v2\/product_tag?post=16356"}],"curies":[{"name":"wp","href":"https:\/\/api.w.org\/{rel}","templated":true}]}}