{"id":15868,"date":"2024-05-21T08:46:32","date_gmt":"2024-05-21T11:46:32","guid":{"rendered":"https:\/\/kadoshmusic.com.br\/?post_type=product&#038;p=15868"},"modified":"2025-07-22T15:20:59","modified_gmt":"2025-07-22T18:20:59","slug":"k910in","status":"publish","type":"product","link":"https:\/\/kadoshmusic.com.br\/en\/product\/k910in\/","title":{"rendered":"K910in"},"content":{"rendered":"<p><strong>Wireless Personal Monitoring with MONO\/STEREO Option<\/strong><\/p>\n<p>O<strong> K910IN<\/strong> is EAR's wireless monitoring system designed for those who demand versatility and total control on stage or in the studio. With support for MONO and STEREO mode, it gives musicians, technicians and operators the freedom to define exactly how they want to hear their feedback - either with a centralized mix (mono) or separately on the L\/R channels. Its transmitter is robust, intuitive and packed with features that make it easy to use on a daily basis in live productions, recordings and broadcasts.<\/p>\n<p><strong>Main Transmitter (TX) Features<\/strong><\/p>\n<p>&#8211; Controle de Volume Integrado<br \/>\n&#8211; Ajuste o volume de sa\u00edda do monitor diretamente no painel frontal com precis\u00e3o e agilidade.<br \/>\n&#8211; Sa\u00edda de fone de ouvido TRS 6,5mm<br \/>\n&#8211; Permite ouvir o sinal diretamente do transmissor \u2014 ideal para t\u00e9cnicos que precisam fazer um monitoramento r\u00e1pido sem usar o bodypack.<br \/>\n&#8211; Conectividade Bluetooth: Permite que o m\u00fasico insira uma m\u00fasica atrav\u00e9s de um dispositivo externo<br \/>\n&#8211; Sincroniza\u00e7\u00e3o via IR<br \/>\n&#8211; Caso o receptor (RX) esteja em frequ\u00eancia diferente, \u00e9 poss\u00edvel re-alinhar com o transmissor usando o bot\u00e3o SET e o sensor IR, garantindo comunica\u00e7\u00e3o r\u00e1pida e est\u00e1vel.<br \/>\n&#8211; Display LCD Multifuncional<br \/>\n&#8211; Tela clara e objetiva que exibe informa\u00e7\u00f5es essenciais como frequ\u00eancia atual, canal, sinal de \u00c1udio (AF) e status de bloqueio.<br \/>\n&#8211; Bot\u00e3o Multifun\u00e7\u00e3o (Lock \/ Frequ\u00eancia \/ Canal)<br \/>\n&#8211; Troque canais ou frequ\u00eancias e ative o bloqueio de configura\u00e7\u00e3o com um \u00fanico bot\u00e3o de opera\u00e7\u00e3o pr\u00e1tica e r\u00e1pida, permitindo que n\u00e3o haja altera\u00e7\u00e3o indesejadas.<br \/>\n&#8211; Ajuste de Ganho para Entradas 1 e 2<br \/>\n&#8211; Com controle de ganho individual, voc\u00ea ajusta os n\u00edveis de sinal com precis\u00e3o, evitando distor\u00e7\u00f5es ou perdas de volume.<br \/>\n&#8211; Entrada XLR-3p balanceada \u2013 ideal para sinais balcanceados enviados da mesa de som.<\/p>\n<p>Antena BNC 75 Ohms Remov\u00edvel<br \/>\nConex\u00e3o robusta com possibilidade de expans\u00e3o de alcance usando antenas externas ou combinador de sinal (ACK410)<\/p>","protected":false},"excerpt":{"rendered":"<p>Wireless Personal Monitoring with MONO\/STEREO Option The K910IN is EAR's wireless monitoring system designed for those who demand versatility and total control<span class=\"excerpt-hellip\"> [...]<\/span><\/p>","protected":false},"featured_media":15869,"template":"","meta":{"content-type":"","_vp_format_video_url":"","_vp_image_focal_point":[]},"product_cat":[101,107],"product_tag":[],"class_list":{"0":"post-15868","1":"product","2":"type-product","3":"status-publish","4":"has-post-thumbnail","6":"product_cat-sem-categoria","7":"product_cat-kadosh","9":"first","10":"instock","11":"shipping-taxable","12":"purchasable","13":"product-type-simple"},"yoast_head":"<!-- This site is optimized with the Yoast SEO Premium plugin v22.9 (Yoast SEO v24.0) - https:\/\/yoast.com\/wordpress\/plugins\/seo\/ -->\n<title>K910in - Kadosh Music<\/title>\n<meta name=\"robots\" content=\"index, follow, max-snippet:-1, max-image-preview:large, max-video-preview:-1\" \/>\n<link rel=\"canonical\" href=\"https:\/\/kadoshmusic.com.br\/en\/product\/k910in\/\" \/>\n<meta property=\"og:locale\" content=\"en_US\" \/>\n<meta property=\"og:type\" content=\"article\" \/>\n<meta property=\"og:title\" content=\"K910in\" \/>\n<meta property=\"og:description\" content=\"Monitoramento Pessoal Sem Fio com Op\u00e7\u00e3o MONO\/EST\u00c9REO O K910IN \u00e9 o sistema de monitoramento sem fio da EAR projetado para quem exige versatilidade e controle total [\u2026]\" \/>\n<meta property=\"og:url\" content=\"https:\/\/kadoshmusic.com.br\/en\/product\/k910in\/\" \/>\n<meta property=\"og:site_name\" content=\"Kadosh Music\" \/>\n<meta property=\"article:publisher\" content=\"https:\/\/www.facebook.com\/micskadosh\" \/>\n<meta property=\"article:modified_time\" content=\"2025-07-22T18:20:59+00:00\" \/>\n<meta property=\"og:image\" content=\"https:\/\/kadoshmusic.com.br\/wp-content\/uploads\/2025\/07\/K910in.png\" \/>\n\t<meta property=\"og:image:width\" content=\"1080\" \/>\n\t<meta property=\"og:image:height\" content=\"1080\" \/>\n\t<meta property=\"og:image:type\" content=\"image\/png\" \/>\n<meta name=\"twitter:card\" content=\"summary_large_image\" \/>\n<meta name=\"twitter:label1\" content=\"Est. reading time\" \/>\n\t<meta name=\"twitter:data1\" content=\"2 minutes\" \/>\n<script type=\"application\/ld+json\" class=\"yoast-schema-graph\">{\"@context\":\"https:\/\/schema.org\",\"@graph\":[{\"@type\":\"WebPage\",\"@id\":\"https:\/\/kadoshmusic.com.br\/produto\/k910in\/\",\"url\":\"https:\/\/kadoshmusic.com.br\/produto\/k910in\/\",\"name\":\"K910in - Kadosh Music\",\"isPartOf\":{\"@id\":\"https:\/\/kadoshmusic.com.br\/#website\"},\"primaryImageOfPage\":{\"@id\":\"https:\/\/kadoshmusic.com.br\/produto\/k910in\/#primaryimage\"},\"image\":{\"@id\":\"https:\/\/kadoshmusic.com.br\/produto\/k910in\/#primaryimage\"},\"thumbnailUrl\":\"https:\/\/kadoshmusic.com.br\/wp-content\/uploads\/2025\/07\/K910in.png\",\"datePublished\":\"2024-05-21T11:46:32+00:00\",\"dateModified\":\"2025-07-22T18:20:59+00:00\",\"breadcrumb\":{\"@id\":\"https:\/\/kadoshmusic.com.br\/produto\/k910in\/#breadcrumb\"},\"inLanguage\":\"en-US\",\"potentialAction\":[{\"@type\":\"ReadAction\",\"target\":[\"https:\/\/kadoshmusic.com.br\/produto\/k910in\/\"]}]},{\"@type\":\"ImageObject\",\"inLanguage\":\"en-US\",\"@id\":\"https:\/\/kadoshmusic.com.br\/produto\/k910in\/#primaryimage\",\"url\":\"https:\/\/kadoshmusic.com.br\/wp-content\/uploads\/2025\/07\/K910in.png\",\"contentUrl\":\"https:\/\/kadoshmusic.com.br\/wp-content\/uploads\/2025\/07\/K910in.png\",\"width\":1080,\"height\":1080},{\"@type\":\"BreadcrumbList\",\"@id\":\"https:\/\/kadoshmusic.com.br\/produto\/k910in\/#breadcrumb\",\"itemListElement\":[{\"@type\":\"ListItem\",\"position\":1,\"name\":\"Home\",\"item\":\"https:\/\/kadoshmusic.com.br\/\"},{\"@type\":\"ListItem\",\"position\":2,\"name\":\"Shop\",\"item\":\"https:\/\/kadoshmusic.com.br\/shop\/\"},{\"@type\":\"ListItem\",\"position\":3,\"name\":\"K910in\"}]},{\"@type\":\"WebSite\",\"@id\":\"https:\/\/kadoshmusic.com.br\/#website\",\"url\":\"https:\/\/kadoshmusic.com.br\/\",\"name\":\"Kadosh Music\",\"description\":\"A Tecnologia Conectando o \u00c1udio e a M\u00fasica\",\"publisher\":{\"@id\":\"https:\/\/kadoshmusic.com.br\/#organization\"},\"alternateName\":\"kadosh\",\"potentialAction\":[{\"@type\":\"SearchAction\",\"target\":{\"@type\":\"EntryPoint\",\"urlTemplate\":\"https:\/\/kadoshmusic.com.br\/?s={search_term_string}\"},\"query-input\":{\"@type\":\"PropertyValueSpecification\",\"valueRequired\":true,\"valueName\":\"search_term_string\"}}],\"inLanguage\":\"en-US\"},{\"@type\":\"Organization\",\"@id\":\"https:\/\/kadoshmusic.com.br\/#organization\",\"name\":\"kadosh music\",\"url\":\"https:\/\/kadoshmusic.com.br\/\",\"logo\":{\"@type\":\"ImageObject\",\"inLanguage\":\"en-US\",\"@id\":\"https:\/\/kadoshmusic.com.br\/#\/schema\/logo\/image\/\",\"url\":\"https:\/\/kadoshmusic.com.br\/wp-content\/uploads\/2024\/06\/logo-principal-1024x450-1.webp\",\"contentUrl\":\"https:\/\/kadoshmusic.com.br\/wp-content\/uploads\/2024\/06\/logo-principal-1024x450-1.webp\",\"width\":1024,\"height\":450,\"caption\":\"kadosh music\"},\"image\":{\"@id\":\"https:\/\/kadoshmusic.com.br\/#\/schema\/logo\/image\/\"},\"sameAs\":[\"https:\/\/www.facebook.com\/micskadosh\"]}]}<\/script>\n<!-- \/ Yoast SEO Premium plugin. -->","yoast_head_json":{"title":"K910in - Kadosh Music","robots":{"index":"index","follow":"follow","max-snippet":"max-snippet:-1","max-image-preview":"max-image-preview:large","max-video-preview":"max-video-preview:-1"},"canonical":"https:\/\/kadoshmusic.com.br\/en\/product\/k910in\/","og_locale":"en_US","og_type":"article","og_title":"K910in","og_description":"Monitoramento Pessoal Sem Fio com Op\u00e7\u00e3o MONO\/EST\u00c9REO O K910IN \u00e9 o sistema de monitoramento sem fio da EAR projetado para quem exige versatilidade e controle total [\u2026]","og_url":"https:\/\/kadoshmusic.com.br\/en\/product\/k910in\/","og_site_name":"Kadosh Music","article_publisher":"https:\/\/www.facebook.com\/micskadosh","article_modified_time":"2025-07-22T18:20:59+00:00","og_image":[{"width":1080,"height":1080,"url":"https:\/\/kadoshmusic.com.br\/wp-content\/uploads\/2025\/07\/K910in.png","type":"image\/png"}],"twitter_card":"summary_large_image","twitter_misc":{"Est. reading time":"2 minutes"},"schema":{"@context":"https:\/\/schema.org","@graph":[{"@type":"WebPage","@id":"https:\/\/kadoshmusic.com.br\/produto\/k910in\/","url":"https:\/\/kadoshmusic.com.br\/produto\/k910in\/","name":"K910in - Kadosh Music","isPartOf":{"@id":"https:\/\/kadoshmusic.com.br\/#website"},"primaryImageOfPage":{"@id":"https:\/\/kadoshmusic.com.br\/produto\/k910in\/#primaryimage"},"image":{"@id":"https:\/\/kadoshmusic.com.br\/produto\/k910in\/#primaryimage"},"thumbnailUrl":"https:\/\/kadoshmusic.com.br\/wp-content\/uploads\/2025\/07\/K910in.png","datePublished":"2024-05-21T11:46:32+00:00","dateModified":"2025-07-22T18:20:59+00:00","breadcrumb":{"@id":"https:\/\/kadoshmusic.com.br\/produto\/k910in\/#breadcrumb"},"inLanguage":"en-US","potentialAction":[{"@type":"ReadAction","target":["https:\/\/kadoshmusic.com.br\/produto\/k910in\/"]}]},{"@type":"ImageObject","inLanguage":"en-US","@id":"https:\/\/kadoshmusic.com.br\/produto\/k910in\/#primaryimage","url":"https:\/\/kadoshmusic.com.br\/wp-content\/uploads\/2025\/07\/K910in.png","contentUrl":"https:\/\/kadoshmusic.com.br\/wp-content\/uploads\/2025\/07\/K910in.png","width":1080,"height":1080},{"@type":"BreadcrumbList","@id":"https:\/\/kadoshmusic.com.br\/produto\/k910in\/#breadcrumb","itemListElement":[{"@type":"ListItem","position":1,"name":"Home","item":"https:\/\/kadoshmusic.com.br\/"},{"@type":"ListItem","position":2,"name":"Shop","item":"https:\/\/kadoshmusic.com.br\/shop\/"},{"@type":"ListItem","position":3,"name":"K910in"}]},{"@type":"WebSite","@id":"https:\/\/kadoshmusic.com.br\/#website","url":"https:\/\/kadoshmusic.com.br\/","name":"Kadosh Music","description":"A Tecnologia Conectando o \u00c1udio e a M\u00fasica","publisher":{"@id":"https:\/\/kadoshmusic.com.br\/#organization"},"alternateName":"kadosh","potentialAction":[{"@type":"SearchAction","target":{"@type":"EntryPoint","urlTemplate":"https:\/\/kadoshmusic.com.br\/?s={search_term_string}"},"query-input":{"@type":"PropertyValueSpecification","valueRequired":true,"valueName":"search_term_string"}}],"inLanguage":"en-US"},{"@type":"Organization","@id":"https:\/\/kadoshmusic.com.br\/#organization","name":"kadosh music","url":"https:\/\/kadoshmusic.com.br\/","logo":{"@type":"ImageObject","inLanguage":"en-US","@id":"https:\/\/kadoshmusic.com.br\/#\/schema\/logo\/image\/","url":"https:\/\/kadoshmusic.com.br\/wp-content\/uploads\/2024\/06\/logo-principal-1024x450-1.webp","contentUrl":"https:\/\/kadoshmusic.com.br\/wp-content\/uploads\/2024\/06\/logo-principal-1024x450-1.webp","width":1024,"height":450,"caption":"kadosh music"},"image":{"@id":"https:\/\/kadoshmusic.com.br\/#\/schema\/logo\/image\/"},"sameAs":["https:\/\/www.facebook.com\/micskadosh"]}]}},"jetpack_sharing_enabled":true,"s_badge_disabled_all":false,"s_badge_single_active":false,"badge_type":"type_custom","badge_custom_set_date":false,"badge_initial_date":"","badge_end_date":"","badge_new_days":"","badge_lowstock_low":"","badge_lowstock_medium":"","badge_text":"","badge_text_size":"","badge_text_color":"","badge_bg_color":"","badge_style":"badge_default","badge_position":"position_tl","_links":{"self":[{"href":"https:\/\/kadoshmusic.com.br\/en\/wp-json\/wp\/v2\/product\/15868","targetHints":{"allow":["GET"]}}],"collection":[{"href":"https:\/\/kadoshmusic.com.br\/en\/wp-json\/wp\/v2\/product"}],"about":[{"href":"https:\/\/kadoshmusic.com.br\/en\/wp-json\/wp\/v2\/types\/product"}],"version-history":[{"count":3,"href":"https:\/\/kadoshmusic.com.br\/en\/wp-json\/wp\/v2\/product\/15868\/revisions"}],"predecessor-version":[{"id":15907,"href":"https:\/\/kadoshmusic.com.br\/en\/wp-json\/wp\/v2\/product\/15868\/revisions\/15907"}],"wp:featuredmedia":[{"embeddable":true,"href":"https:\/\/kadoshmusic.com.br\/en\/wp-json\/wp\/v2\/media\/15869"}],"wp:attachment":[{"href":"https:\/\/kadoshmusic.com.br\/en\/wp-json\/wp\/v2\/media?parent=15868"}],"wp:term":[{"taxonomy":"product_cat","embeddable":true,"href":"https:\/\/kadoshmusic.com.br\/en\/wp-json\/wp\/v2\/product_cat?post=15868"},{"taxonomy":"product_tag","embeddable":true,"href":"https:\/\/kadoshmusic.com.br\/en\/wp-json\/wp\/v2\/product_tag?post=15868"}],"curies":[{"name":"wp","href":"https:\/\/api.w.org\/{rel}","templated":true}]}}