{"id":14987,"date":"2024-05-21T08:46:06","date_gmt":"2024-05-21T11:46:06","guid":{"rendered":"https:\/\/kadoshmusic.com.br\/?post_type=product&#038;p=14987"},"modified":"2025-05-16T17:57:10","modified_gmt":"2025-05-16T20:57:10","slug":"microfone-sem-fio-digital-622h","status":"publish","type":"product","link":"https:\/\/kadoshmusic.com.br\/en\/product\/microfone-sem-fio-digital-622h\/","title":{"rendered":"K622H"},"content":{"rendered":"<p>Our K622, regardless of the M, H or C version, has 48KHz Sample Rate \/ 24bit Rate digital AF transmission, i.e. a resolution in line with professional system standards. The RF (Radio Frequency) processing is also digital, which makes communication between Tx and Rx much more stable as this communication is done via bits.<\/p>\n<p><b>UHF wireless system<\/b><\/p>\n<p><img fetchpriority=\"high\" decoding=\"async\" class=\"wp-image-15313 size-full aligncenter\" src=\"https:\/\/kadoshmusic.com.br\/wp-content\/uploads\/2024\/05\/K622H-1.png\" alt=\"\" width=\"1080\" height=\"1080\" srcset=\"https:\/\/kadoshmusic.com.br\/wp-content\/uploads\/2024\/05\/K622H-1.png 1080w, https:\/\/kadoshmusic.com.br\/wp-content\/uploads\/2024\/05\/K622H-1-300x300.png 300w, https:\/\/kadoshmusic.com.br\/wp-content\/uploads\/2024\/05\/K622H-1-1024x1024.png 1024w, https:\/\/kadoshmusic.com.br\/wp-content\/uploads\/2024\/05\/K622H-1-150x150.png 150w, https:\/\/kadoshmusic.com.br\/wp-content\/uploads\/2024\/05\/K622H-1-768x768.png 768w, https:\/\/kadoshmusic.com.br\/wp-content\/uploads\/2024\/05\/K622H-1-40x40.png 40w, https:\/\/kadoshmusic.com.br\/wp-content\/uploads\/2024\/05\/K622H-1-132x132.png 132w, https:\/\/kadoshmusic.com.br\/wp-content\/uploads\/2024\/05\/K622H-1-500x500.png 500w, https:\/\/kadoshmusic.com.br\/wp-content\/uploads\/2024\/05\/K622H-1-800x800.png 800w, https:\/\/kadoshmusic.com.br\/wp-content\/uploads\/2024\/05\/K622H-1-75x75.png 75w, https:\/\/kadoshmusic.com.br\/wp-content\/uploads\/2024\/05\/K622H-1-480x480.png 480w, https:\/\/kadoshmusic.com.br\/wp-content\/uploads\/2024\/05\/K622H-1-400x400.png 400w, https:\/\/kadoshmusic.com.br\/wp-content\/uploads\/2024\/05\/K622H-1-600x600.png 600w\" sizes=\"(max-width:767px) 480px, (max-width:1080px) 100vw, 1080px\" \/><\/p>\n<p>&nbsp;<\/p>\n<p>O Kadosh K622H oferece uma transmiss\u00e3o excepcionalmente est\u00e1vel com tecnologia UHF integrada e transmiss\u00e3o digital de \u00e1udio (AF) e r\u00e1dio frequ\u00eancia (RF). Sua varredura autom\u00e1tica de frequ\u00eancia e op\u00e7\u00f5es de banda RF o tornam a escolha ideal para profissionais que valorizam alta qualidade.<\/p>\n<p>Com padr\u00e3o polar cardi\u00f3ide desenvolvido minuciosamente, dois bast\u00f5es, alcance estendido de at\u00e9 80 metros e tecnologia TRUE DIVERSITY, o K622H garante excelente desempenho em uma variedade de ambientes. Com tecnologia PLL para sincroniza\u00e7\u00e3o precisa de frequ\u00eancias e criptografia integrada para seguran\u00e7a adicional, al\u00e9m de visor LCD para exibir detalhes de frequ\u00eancia e condi\u00e7\u00e3o da bateria, a montagem em padr\u00e3o rack para facilitar a integra\u00e7\u00e3o em sistemas de \u00e1udio profissionais, e a alimenta\u00e7\u00e3o por fontes de energia dedicadas, o Kadosh K622H \u00e9 ideal para voc\u00ea.<\/p>\n<p>&nbsp;<\/p>\n<p>&nbsp;<\/p>\n<p><strong>HIGH QUALITY AUDIO TRANSMISSION<\/strong><\/p>\n<p>&nbsp;<\/p>\n<p>Equipped with 24-bit digital audio transmission and a 48kHz sampling rate, the K622H converts the audio signal into digital data with high precision and fidelity, capturing in the smallest detail what is needed for faithful sound reproduction. This high resolution and sampling rate guarantee audio quality with a wide dynamic range and crystal-clear reproduction in all situations.<br \/>\n<img decoding=\"async\" class=\"aligncenter wp-image-14992\" src=\"https:\/\/kadoshmusic.com.br\/wp-content\/uploads\/2025\/02\/K622H_a.png\" alt=\"\" width=\"1619\" height=\"882\" srcset=\"https:\/\/kadoshmusic.com.br\/wp-content\/uploads\/2025\/02\/K622H_a.png 5408w, https:\/\/kadoshmusic.com.br\/wp-content\/uploads\/2025\/02\/K622H_a-300x163.png 300w, https:\/\/kadoshmusic.com.br\/wp-content\/uploads\/2025\/02\/K622H_a-1024x558.png 1024w, https:\/\/kadoshmusic.com.br\/wp-content\/uploads\/2025\/02\/K622H_a-768x419.png 768w, https:\/\/kadoshmusic.com.br\/wp-content\/uploads\/2025\/02\/K622H_a-1536x837.png 1536w, https:\/\/kadoshmusic.com.br\/wp-content\/uploads\/2025\/02\/K622H_a-2048x1116.png 2048w, https:\/\/kadoshmusic.com.br\/wp-content\/uploads\/2025\/02\/K622H_a-500x272.png 500w, https:\/\/kadoshmusic.com.br\/wp-content\/uploads\/2025\/02\/K622H_a-800x436.png 800w, https:\/\/kadoshmusic.com.br\/wp-content\/uploads\/2025\/02\/K622H_a-1280x698.png 1280w, https:\/\/kadoshmusic.com.br\/wp-content\/uploads\/2025\/02\/K622H_a-1920x1046.png 1920w, https:\/\/kadoshmusic.com.br\/wp-content\/uploads\/2025\/02\/K622H_a-138x75.png 138w, https:\/\/kadoshmusic.com.br\/wp-content\/uploads\/2025\/02\/K622H_a-480x262.png 480w\" sizes=\"(max-width:767px) 480px, (max-width:1619px) 100vw, 1619px\" \/><\/p>\n<p>DISPLAY COMPLETO EM LCD<\/p>\n<p>The LCD display provides precise information on the selected frequency and battery status, allowing for intuitive and smooth operation.<\/p>\n<p><img decoding=\"async\" class=\"wp-image-14993 aligncenter\" src=\"https:\/\/kadoshmusic.com.br\/wp-content\/uploads\/2025\/02\/K622H_f.png\" alt=\"\" width=\"550\" height=\"797\" srcset=\"https:\/\/kadoshmusic.com.br\/wp-content\/uploads\/2025\/02\/K622H_f.png 2290w, https:\/\/kadoshmusic.com.br\/wp-content\/uploads\/2025\/02\/K622H_f-207x300.png 207w, https:\/\/kadoshmusic.com.br\/wp-content\/uploads\/2025\/02\/K622H_f-706x1024.png 706w, https:\/\/kadoshmusic.com.br\/wp-content\/uploads\/2025\/02\/K622H_f-768x1113.png 768w, https:\/\/kadoshmusic.com.br\/wp-content\/uploads\/2025\/02\/K622H_f-1059x1536.png 1059w, https:\/\/kadoshmusic.com.br\/wp-content\/uploads\/2025\/02\/K622H_f-1413x2048.png 1413w, https:\/\/kadoshmusic.com.br\/wp-content\/uploads\/2025\/02\/K622H_f-500x725.png 500w, https:\/\/kadoshmusic.com.br\/wp-content\/uploads\/2025\/02\/K622H_f-800x1160.png 800w, https:\/\/kadoshmusic.com.br\/wp-content\/uploads\/2025\/02\/K622H_f-1280x1856.png 1280w, https:\/\/kadoshmusic.com.br\/wp-content\/uploads\/2025\/02\/K622H_f-1920x2784.png 1920w, https:\/\/kadoshmusic.com.br\/wp-content\/uploads\/2025\/02\/K622H_f-52x75.png 52w, https:\/\/kadoshmusic.com.br\/wp-content\/uploads\/2025\/02\/K622H_f-480x696.png 480w\" sizes=\"(max-width:767px) 480px, 550px\" \/><\/p>\n<h4>AUDIO OUTPUTS<\/h4>\n<p>The Kadosh K622H features two balanced XLR outputs for precise audio transmission. These connectors guarantee high quality from the input to the output of the device, reducing noise and interference. The Mix Out output simplifies connection by combining the two audio channels in a single cable, guaranteeing lossless transmission quality.<\/p>\n<p><img loading=\"lazy\" decoding=\"async\" class=\"aligncenter wp-image-14994\" src=\"https:\/\/kadoshmusic.com.br\/wp-content\/uploads\/2025\/02\/K622H_e.png\" alt=\"\" width=\"1319\" height=\"207\" srcset=\"https:\/\/kadoshmusic.com.br\/wp-content\/uploads\/2025\/02\/K622H_e.png 5432w, https:\/\/kadoshmusic.com.br\/wp-content\/uploads\/2025\/02\/K622H_e-300x47.png 300w, https:\/\/kadoshmusic.com.br\/wp-content\/uploads\/2025\/02\/K622H_e-1024x161.png 1024w, https:\/\/kadoshmusic.com.br\/wp-content\/uploads\/2025\/02\/K622H_e-768x120.png 768w, https:\/\/kadoshmusic.com.br\/wp-content\/uploads\/2025\/02\/K622H_e-1536x241.png 1536w, https:\/\/kadoshmusic.com.br\/wp-content\/uploads\/2025\/02\/K622H_e-2048x321.png 2048w, https:\/\/kadoshmusic.com.br\/wp-content\/uploads\/2025\/02\/K622H_e-500x78.png 500w, https:\/\/kadoshmusic.com.br\/wp-content\/uploads\/2025\/02\/K622H_e-800x125.png 800w, https:\/\/kadoshmusic.com.br\/wp-content\/uploads\/2025\/02\/K622H_e-1280x201.png 1280w, https:\/\/kadoshmusic.com.br\/wp-content\/uploads\/2025\/02\/K622H_e-1920x301.png 1920w, https:\/\/kadoshmusic.com.br\/wp-content\/uploads\/2025\/02\/K622H_e-150x24.png 150w, https:\/\/kadoshmusic.com.br\/wp-content\/uploads\/2025\/02\/K622H_e-480x75.png 480w\" sizes=\"(max-width:767px) 480px, (max-width:1319px) 100vw, 1319px\" \/><\/p>\n<p><b>\u00a0<\/b><\/p>","protected":false},"excerpt":{"rendered":"<p>O nosso K622, independentemente da vers\u00e3o M, H ou C possuem transmiss\u00e3o AF digital Sample Rate 48KHz \/ Taxa de 24bit, ou seja, uma resolu\u00e7\u00e3o nos<span class=\"excerpt-hellip\"> [...]<\/span><\/p>","protected":false},"featured_media":15313,"template":"","meta":{"content-type":"","_vp_format_video_url":"","_vp_image_focal_point":[]},"product_cat":[107,148],"product_tag":[],"class_list":{"0":"post-14987","1":"product","2":"type-product","3":"status-publish","4":"has-post-thumbnail","6":"product_cat-kadosh","7":"product_cat-microfones-sem-fio-uhf","9":"first","10":"instock","11":"shipping-taxable","12":"purchasable","13":"product-type-simple"},"yoast_head":"<!-- This site is optimized with the Yoast SEO Premium plugin v22.9 (Yoast SEO v24.0) - https:\/\/yoast.com\/wordpress\/plugins\/seo\/ -->\n<title>K622H - Kadosh Music<\/title>\n<meta name=\"robots\" content=\"index, follow, max-snippet:-1, max-image-preview:large, max-video-preview:-1\" \/>\n<link rel=\"canonical\" href=\"https:\/\/kadoshmusic.com.br\/en\/product\/microfone-sem-fio-digital-622h\/\" \/>\n<meta property=\"og:locale\" content=\"en_US\" \/>\n<meta property=\"og:type\" content=\"article\" \/>\n<meta property=\"og:title\" content=\"K622H\" \/>\n<meta property=\"og:description\" content=\"O nosso K622, independentemente da vers\u00e3o M, H ou C possuem transmiss\u00e3o AF digital Sample Rate 48KHz \/ Taxa de 24bit, ou seja, uma resolu\u00e7\u00e3o nos [\u2026]\" \/>\n<meta property=\"og:url\" content=\"https:\/\/kadoshmusic.com.br\/en\/product\/microfone-sem-fio-digital-622h\/\" \/>\n<meta property=\"og:site_name\" content=\"Kadosh Music\" \/>\n<meta property=\"article:publisher\" content=\"https:\/\/www.facebook.com\/micskadosh\" \/>\n<meta property=\"article:modified_time\" content=\"2025-05-16T20:57:10+00:00\" \/>\n<meta property=\"og:image\" content=\"https:\/\/kadoshmusic.com.br\/wp-content\/uploads\/2024\/05\/K622H-1.png\" \/>\n\t<meta property=\"og:image:width\" content=\"1080\" \/>\n\t<meta property=\"og:image:height\" content=\"1080\" \/>\n\t<meta property=\"og:image:type\" content=\"image\/png\" \/>\n<meta name=\"twitter:card\" content=\"summary_large_image\" \/>\n<meta name=\"twitter:label1\" content=\"Est. reading time\" \/>\n\t<meta name=\"twitter:data1\" content=\"3 minutes\" \/>\n<script type=\"application\/ld+json\" class=\"yoast-schema-graph\">{\"@context\":\"https:\/\/schema.org\",\"@graph\":[{\"@type\":\"WebPage\",\"@id\":\"https:\/\/kadoshmusic.com.br\/produto\/microfone-sem-fio-digital-622h\/\",\"url\":\"https:\/\/kadoshmusic.com.br\/produto\/microfone-sem-fio-digital-622h\/\",\"name\":\"K622H - Kadosh Music\",\"isPartOf\":{\"@id\":\"https:\/\/kadoshmusic.com.br\/#website\"},\"primaryImageOfPage\":{\"@id\":\"https:\/\/kadoshmusic.com.br\/produto\/microfone-sem-fio-digital-622h\/#primaryimage\"},\"image\":{\"@id\":\"https:\/\/kadoshmusic.com.br\/produto\/microfone-sem-fio-digital-622h\/#primaryimage\"},\"thumbnailUrl\":\"https:\/\/kadoshmusic.com.br\/wp-content\/uploads\/2024\/05\/K622H-1.png\",\"datePublished\":\"2024-05-21T11:46:06+00:00\",\"dateModified\":\"2025-05-16T20:57:10+00:00\",\"breadcrumb\":{\"@id\":\"https:\/\/kadoshmusic.com.br\/produto\/microfone-sem-fio-digital-622h\/#breadcrumb\"},\"inLanguage\":\"en-US\",\"potentialAction\":[{\"@type\":\"ReadAction\",\"target\":[\"https:\/\/kadoshmusic.com.br\/produto\/microfone-sem-fio-digital-622h\/\"]}]},{\"@type\":\"ImageObject\",\"inLanguage\":\"en-US\",\"@id\":\"https:\/\/kadoshmusic.com.br\/produto\/microfone-sem-fio-digital-622h\/#primaryimage\",\"url\":\"https:\/\/kadoshmusic.com.br\/wp-content\/uploads\/2024\/05\/K622H-1.png\",\"contentUrl\":\"https:\/\/kadoshmusic.com.br\/wp-content\/uploads\/2024\/05\/K622H-1.png\",\"width\":1080,\"height\":1080},{\"@type\":\"BreadcrumbList\",\"@id\":\"https:\/\/kadoshmusic.com.br\/produto\/microfone-sem-fio-digital-622h\/#breadcrumb\",\"itemListElement\":[{\"@type\":\"ListItem\",\"position\":1,\"name\":\"Home\",\"item\":\"https:\/\/kadoshmusic.com.br\/\"},{\"@type\":\"ListItem\",\"position\":2,\"name\":\"Shop\",\"item\":\"https:\/\/kadoshmusic.com.br\/shop\/\"},{\"@type\":\"ListItem\",\"position\":3,\"name\":\"K622H\"}]},{\"@type\":\"WebSite\",\"@id\":\"https:\/\/kadoshmusic.com.br\/#website\",\"url\":\"https:\/\/kadoshmusic.com.br\/\",\"name\":\"Kadosh Music\",\"description\":\"A Tecnologia Conectando o \u00c1udio e a M\u00fasica\",\"publisher\":{\"@id\":\"https:\/\/kadoshmusic.com.br\/#organization\"},\"alternateName\":\"kadosh\",\"potentialAction\":[{\"@type\":\"SearchAction\",\"target\":{\"@type\":\"EntryPoint\",\"urlTemplate\":\"https:\/\/kadoshmusic.com.br\/?s={search_term_string}\"},\"query-input\":{\"@type\":\"PropertyValueSpecification\",\"valueRequired\":true,\"valueName\":\"search_term_string\"}}],\"inLanguage\":\"en-US\"},{\"@type\":\"Organization\",\"@id\":\"https:\/\/kadoshmusic.com.br\/#organization\",\"name\":\"kadosh music\",\"url\":\"https:\/\/kadoshmusic.com.br\/\",\"logo\":{\"@type\":\"ImageObject\",\"inLanguage\":\"en-US\",\"@id\":\"https:\/\/kadoshmusic.com.br\/#\/schema\/logo\/image\/\",\"url\":\"https:\/\/kadoshmusic.com.br\/wp-content\/uploads\/2024\/06\/logo-principal-1024x450-1.webp\",\"contentUrl\":\"https:\/\/kadoshmusic.com.br\/wp-content\/uploads\/2024\/06\/logo-principal-1024x450-1.webp\",\"width\":1024,\"height\":450,\"caption\":\"kadosh music\"},\"image\":{\"@id\":\"https:\/\/kadoshmusic.com.br\/#\/schema\/logo\/image\/\"},\"sameAs\":[\"https:\/\/www.facebook.com\/micskadosh\"]}]}<\/script>\n<!-- \/ Yoast SEO Premium plugin. -->","yoast_head_json":{"title":"K622H - Kadosh Music","robots":{"index":"index","follow":"follow","max-snippet":"max-snippet:-1","max-image-preview":"max-image-preview:large","max-video-preview":"max-video-preview:-1"},"canonical":"https:\/\/kadoshmusic.com.br\/en\/product\/microfone-sem-fio-digital-622h\/","og_locale":"en_US","og_type":"article","og_title":"K622H","og_description":"O nosso K622, independentemente da vers\u00e3o M, H ou C possuem transmiss\u00e3o AF digital Sample Rate 48KHz \/ Taxa de 24bit, ou seja, uma resolu\u00e7\u00e3o nos [\u2026]","og_url":"https:\/\/kadoshmusic.com.br\/en\/product\/microfone-sem-fio-digital-622h\/","og_site_name":"Kadosh Music","article_publisher":"https:\/\/www.facebook.com\/micskadosh","article_modified_time":"2025-05-16T20:57:10+00:00","og_image":[{"width":1080,"height":1080,"url":"https:\/\/kadoshmusic.com.br\/wp-content\/uploads\/2024\/05\/K622H-1.png","type":"image\/png"}],"twitter_card":"summary_large_image","twitter_misc":{"Est. reading time":"3 minutes"},"schema":{"@context":"https:\/\/schema.org","@graph":[{"@type":"WebPage","@id":"https:\/\/kadoshmusic.com.br\/produto\/microfone-sem-fio-digital-622h\/","url":"https:\/\/kadoshmusic.com.br\/produto\/microfone-sem-fio-digital-622h\/","name":"K622H - Kadosh Music","isPartOf":{"@id":"https:\/\/kadoshmusic.com.br\/#website"},"primaryImageOfPage":{"@id":"https:\/\/kadoshmusic.com.br\/produto\/microfone-sem-fio-digital-622h\/#primaryimage"},"image":{"@id":"https:\/\/kadoshmusic.com.br\/produto\/microfone-sem-fio-digital-622h\/#primaryimage"},"thumbnailUrl":"https:\/\/kadoshmusic.com.br\/wp-content\/uploads\/2024\/05\/K622H-1.png","datePublished":"2024-05-21T11:46:06+00:00","dateModified":"2025-05-16T20:57:10+00:00","breadcrumb":{"@id":"https:\/\/kadoshmusic.com.br\/produto\/microfone-sem-fio-digital-622h\/#breadcrumb"},"inLanguage":"en-US","potentialAction":[{"@type":"ReadAction","target":["https:\/\/kadoshmusic.com.br\/produto\/microfone-sem-fio-digital-622h\/"]}]},{"@type":"ImageObject","inLanguage":"en-US","@id":"https:\/\/kadoshmusic.com.br\/produto\/microfone-sem-fio-digital-622h\/#primaryimage","url":"https:\/\/kadoshmusic.com.br\/wp-content\/uploads\/2024\/05\/K622H-1.png","contentUrl":"https:\/\/kadoshmusic.com.br\/wp-content\/uploads\/2024\/05\/K622H-1.png","width":1080,"height":1080},{"@type":"BreadcrumbList","@id":"https:\/\/kadoshmusic.com.br\/produto\/microfone-sem-fio-digital-622h\/#breadcrumb","itemListElement":[{"@type":"ListItem","position":1,"name":"Home","item":"https:\/\/kadoshmusic.com.br\/"},{"@type":"ListItem","position":2,"name":"Shop","item":"https:\/\/kadoshmusic.com.br\/shop\/"},{"@type":"ListItem","position":3,"name":"K622H"}]},{"@type":"WebSite","@id":"https:\/\/kadoshmusic.com.br\/#website","url":"https:\/\/kadoshmusic.com.br\/","name":"Kadosh Music","description":"A Tecnologia Conectando o \u00c1udio e a M\u00fasica","publisher":{"@id":"https:\/\/kadoshmusic.com.br\/#organization"},"alternateName":"kadosh","potentialAction":[{"@type":"SearchAction","target":{"@type":"EntryPoint","urlTemplate":"https:\/\/kadoshmusic.com.br\/?s={search_term_string}"},"query-input":{"@type":"PropertyValueSpecification","valueRequired":true,"valueName":"search_term_string"}}],"inLanguage":"en-US"},{"@type":"Organization","@id":"https:\/\/kadoshmusic.com.br\/#organization","name":"kadosh music","url":"https:\/\/kadoshmusic.com.br\/","logo":{"@type":"ImageObject","inLanguage":"en-US","@id":"https:\/\/kadoshmusic.com.br\/#\/schema\/logo\/image\/","url":"https:\/\/kadoshmusic.com.br\/wp-content\/uploads\/2024\/06\/logo-principal-1024x450-1.webp","contentUrl":"https:\/\/kadoshmusic.com.br\/wp-content\/uploads\/2024\/06\/logo-principal-1024x450-1.webp","width":1024,"height":450,"caption":"kadosh music"},"image":{"@id":"https:\/\/kadoshmusic.com.br\/#\/schema\/logo\/image\/"},"sameAs":["https:\/\/www.facebook.com\/micskadosh"]}]}},"jetpack_sharing_enabled":true,"s_badge_disabled_all":false,"s_badge_single_active":false,"badge_type":"type_custom","badge_custom_set_date":false,"badge_initial_date":"","badge_end_date":"","badge_new_days":"","badge_lowstock_low":"","badge_lowstock_medium":"","badge_text":"","badge_text_size":"","badge_text_color":"","badge_bg_color":"","badge_style":"badge_default","badge_position":"position_tl","_links":{"self":[{"href":"https:\/\/kadoshmusic.com.br\/en\/wp-json\/wp\/v2\/product\/14987","targetHints":{"allow":["GET"]}}],"collection":[{"href":"https:\/\/kadoshmusic.com.br\/en\/wp-json\/wp\/v2\/product"}],"about":[{"href":"https:\/\/kadoshmusic.com.br\/en\/wp-json\/wp\/v2\/types\/product"}],"version-history":[{"count":5,"href":"https:\/\/kadoshmusic.com.br\/en\/wp-json\/wp\/v2\/product\/14987\/revisions"}],"predecessor-version":[{"id":15315,"href":"https:\/\/kadoshmusic.com.br\/en\/wp-json\/wp\/v2\/product\/14987\/revisions\/15315"}],"wp:featuredmedia":[{"embeddable":true,"href":"https:\/\/kadoshmusic.com.br\/en\/wp-json\/wp\/v2\/media\/15313"}],"wp:attachment":[{"href":"https:\/\/kadoshmusic.com.br\/en\/wp-json\/wp\/v2\/media?parent=14987"}],"wp:term":[{"taxonomy":"product_cat","embeddable":true,"href":"https:\/\/kadoshmusic.com.br\/en\/wp-json\/wp\/v2\/product_cat?post=14987"},{"taxonomy":"product_tag","embeddable":true,"href":"https:\/\/kadoshmusic.com.br\/en\/wp-json\/wp\/v2\/product_tag?post=14987"}],"curies":[{"name":"wp","href":"https:\/\/api.w.org\/{rel}","templated":true}]}}