{"id":14789,"date":"2024-12-06T08:06:00","date_gmt":"2024-12-06T11:06:00","guid":{"rendered":"https:\/\/kadoshmusic.com.br\/?post_type=product&#038;p=14789"},"modified":"2025-06-24T17:26:46","modified_gmt":"2025-06-24T20:26:46","slug":"ke231-equalizador","status":"publish","type":"product","link":"https:\/\/kadoshmusic.com.br\/en\/product\/ke231-equalizador\/","title":{"rendered":"KE231"},"content":{"rendered":"<p>K-AUDIO KE231 representa um grande avan\u00e7o no desempenho dos equalizadores gr\u00e1ficos b\u00e1sicos. Desde sua incr\u00edvel resposta de frequ\u00eancia de 20Hz-20.000Hz at\u00e9 sua faixa din\u00e2mica de 112 dB, o equalizador KE231 possui recursos avan\u00e7ados que antes s\u00f3 poderia ser encontrado em<br \/>\ngrandes est\u00fadios ou grande shows. O K-AUDIO KE231 \u00e9 destinado a ocupar lugares onde necessita de muita qualidade de forma acess\u00edvel. O equalizador gr\u00e1fico K-AUDIO KE231 inclue os recursos:<\/p>\n<p>\u2022 KE231 Duas bandas de frequ\u00eancia Q constante de 31 bandas e 1\/3 de oitava<br \/>\n\u2022 Faixas de refor\u00e7o\/corte selecion\u00e1veis de \u00b16 dB ou \u00b115 dB<br \/>\n\u2022 Filtro de corte baixo de 12 dB por oitava de 50 Hz<br \/>\n\u2022 Chave de bypass no painel frontal<br \/>\n\u2022 Faixa de ganho de entrada de \u00b112 dB<br \/>\n\u2022 LED de 4 segmentos para monitorar n\u00edveis de sa\u00edda (Output level -10dBu a +18dBu)<br \/>\n\u2022 Entradas e sa\u00eddas XLR, TRS e barra de terminal (Barrier Strip)<br \/>\n\u2022 Resposta de frequ\u00eancia de 20Hz-20.000Hz<br \/>\n\u2022 Faixa din\u00e2mica superior a 112 dB<\/p>\n<p>Os equalizadores gr\u00e1ficos da K-AUDIO KE231 s\u00e3o ferramentas \u00fateis de processamento de sinais de \u00e1udio em situa\u00e7\u00f5es onde \u00e9 necess\u00e1rio um controle preciso de frequ\u00eancia em todo o espectro de frequ\u00eancia aud\u00edvel (20Hz-20KHz). Quando usados com um analisador de espectro de \u00e1udio, os equalizadores podem sintonizar qualquer ambiente ac\u00fastico \u2013 do est\u00fadio \u00e0 sala de concertos \u2013 para interromper o toque, aumentar a clareza e adaptar a resposta geral de frequ\u00eancia do ambiente. Um analisador de espectro em tempo real ou outros tipos de analisadores de ambiente de \u00e1udio s\u00e3o muito \u00fateis para determinar a quantidade de equaliza\u00e7\u00e3o necess\u00e1ria (cuidado com excessos).<\/p>","protected":false},"excerpt":{"rendered":"<p>K-AUDIO KE231 representa um grande avan\u00e7o no desempenho dos equalizadores gr\u00e1ficos b\u00e1sicos. Desde sua incr\u00edvel resposta de frequ\u00eancia de 20Hz-20.000Hz at\u00e9 sua faixa din\u00e2mica de 112<span class=\"excerpt-hellip\"> [...]<\/span><\/p>","protected":false},"featured_media":14790,"template":"","meta":{"content-type":"","_vp_format_video_url":"","_vp_image_focal_point":[]},"product_cat":[110],"product_tag":[],"class_list":{"0":"post-14789","1":"product","2":"type-product","3":"status-publish","4":"has-post-thumbnail","6":"product_cat-k-audio","8":"first","9":"instock","10":"shipping-taxable","11":"purchasable","12":"product-type-simple"},"yoast_head":"<!-- This site is optimized with the Yoast SEO Premium plugin v22.9 (Yoast SEO v24.0) - https:\/\/yoast.com\/wordpress\/plugins\/seo\/ -->\n<title>KE231 - Kadosh Music<\/title>\n<meta name=\"robots\" content=\"index, follow, max-snippet:-1, max-image-preview:large, max-video-preview:-1\" \/>\n<link rel=\"canonical\" href=\"https:\/\/kadoshmusic.com.br\/en\/product\/ke231-equalizador\/\" \/>\n<meta property=\"og:locale\" content=\"en_US\" \/>\n<meta property=\"og:type\" content=\"article\" \/>\n<meta property=\"og:title\" content=\"KE231\" \/>\n<meta property=\"og:description\" content=\"K-AUDIO KE231 representa um grande avan\u00e7o no desempenho dos equalizadores gr\u00e1ficos b\u00e1sicos. Desde sua incr\u00edvel resposta de frequ\u00eancia de 20Hz-20.000Hz at\u00e9 sua faixa din\u00e2mica de 112 [\u2026]\" \/>\n<meta property=\"og:url\" content=\"https:\/\/kadoshmusic.com.br\/en\/product\/ke231-equalizador\/\" \/>\n<meta property=\"og:site_name\" content=\"Kadosh Music\" \/>\n<meta property=\"article:publisher\" content=\"https:\/\/www.facebook.com\/micskadosh\" \/>\n<meta property=\"article:modified_time\" content=\"2025-06-24T20:26:46+00:00\" \/>\n<meta property=\"og:image\" content=\"https:\/\/kadoshmusic.com.br\/wp-content\/uploads\/2025\/01\/KE231.png\" \/>\n\t<meta property=\"og:image:width\" content=\"1080\" \/>\n\t<meta property=\"og:image:height\" content=\"1080\" \/>\n\t<meta property=\"og:image:type\" content=\"image\/png\" \/>\n<meta name=\"twitter:card\" content=\"summary_large_image\" \/>\n<meta name=\"twitter:label1\" content=\"Est. reading time\" \/>\n\t<meta name=\"twitter:data1\" content=\"2 minutes\" \/>\n<script type=\"application\/ld+json\" class=\"yoast-schema-graph\">{\"@context\":\"https:\/\/schema.org\",\"@graph\":[{\"@type\":\"WebPage\",\"@id\":\"https:\/\/kadoshmusic.com.br\/produto\/ke231-equalizador\/\",\"url\":\"https:\/\/kadoshmusic.com.br\/produto\/ke231-equalizador\/\",\"name\":\"KE231 - Kadosh Music\",\"isPartOf\":{\"@id\":\"https:\/\/kadoshmusic.com.br\/#website\"},\"primaryImageOfPage\":{\"@id\":\"https:\/\/kadoshmusic.com.br\/produto\/ke231-equalizador\/#primaryimage\"},\"image\":{\"@id\":\"https:\/\/kadoshmusic.com.br\/produto\/ke231-equalizador\/#primaryimage\"},\"thumbnailUrl\":\"https:\/\/kadoshmusic.com.br\/wp-content\/uploads\/2025\/01\/KE231.png\",\"datePublished\":\"2024-12-06T11:06:00+00:00\",\"dateModified\":\"2025-06-24T20:26:46+00:00\",\"breadcrumb\":{\"@id\":\"https:\/\/kadoshmusic.com.br\/produto\/ke231-equalizador\/#breadcrumb\"},\"inLanguage\":\"en-US\",\"potentialAction\":[{\"@type\":\"ReadAction\",\"target\":[\"https:\/\/kadoshmusic.com.br\/produto\/ke231-equalizador\/\"]}]},{\"@type\":\"ImageObject\",\"inLanguage\":\"en-US\",\"@id\":\"https:\/\/kadoshmusic.com.br\/produto\/ke231-equalizador\/#primaryimage\",\"url\":\"https:\/\/kadoshmusic.com.br\/wp-content\/uploads\/2025\/01\/KE231.png\",\"contentUrl\":\"https:\/\/kadoshmusic.com.br\/wp-content\/uploads\/2025\/01\/KE231.png\",\"width\":1080,\"height\":1080},{\"@type\":\"BreadcrumbList\",\"@id\":\"https:\/\/kadoshmusic.com.br\/produto\/ke231-equalizador\/#breadcrumb\",\"itemListElement\":[{\"@type\":\"ListItem\",\"position\":1,\"name\":\"Home\",\"item\":\"https:\/\/kadoshmusic.com.br\/\"},{\"@type\":\"ListItem\",\"position\":2,\"name\":\"Shop\",\"item\":\"https:\/\/kadoshmusic.com.br\/shop\/\"},{\"@type\":\"ListItem\",\"position\":3,\"name\":\"KE231\"}]},{\"@type\":\"WebSite\",\"@id\":\"https:\/\/kadoshmusic.com.br\/#website\",\"url\":\"https:\/\/kadoshmusic.com.br\/\",\"name\":\"Kadosh Music\",\"description\":\"A Tecnologia Conectando o \u00c1udio e a M\u00fasica\",\"publisher\":{\"@id\":\"https:\/\/kadoshmusic.com.br\/#organization\"},\"alternateName\":\"kadosh\",\"potentialAction\":[{\"@type\":\"SearchAction\",\"target\":{\"@type\":\"EntryPoint\",\"urlTemplate\":\"https:\/\/kadoshmusic.com.br\/?s={search_term_string}\"},\"query-input\":{\"@type\":\"PropertyValueSpecification\",\"valueRequired\":true,\"valueName\":\"search_term_string\"}}],\"inLanguage\":\"en-US\"},{\"@type\":\"Organization\",\"@id\":\"https:\/\/kadoshmusic.com.br\/#organization\",\"name\":\"kadosh music\",\"url\":\"https:\/\/kadoshmusic.com.br\/\",\"logo\":{\"@type\":\"ImageObject\",\"inLanguage\":\"en-US\",\"@id\":\"https:\/\/kadoshmusic.com.br\/#\/schema\/logo\/image\/\",\"url\":\"https:\/\/kadoshmusic.com.br\/wp-content\/uploads\/2024\/06\/logo-principal-1024x450-1.webp\",\"contentUrl\":\"https:\/\/kadoshmusic.com.br\/wp-content\/uploads\/2024\/06\/logo-principal-1024x450-1.webp\",\"width\":1024,\"height\":450,\"caption\":\"kadosh music\"},\"image\":{\"@id\":\"https:\/\/kadoshmusic.com.br\/#\/schema\/logo\/image\/\"},\"sameAs\":[\"https:\/\/www.facebook.com\/micskadosh\"]}]}<\/script>\n<!-- \/ Yoast SEO Premium plugin. -->","yoast_head_json":{"title":"KE231 - Kadosh Music","robots":{"index":"index","follow":"follow","max-snippet":"max-snippet:-1","max-image-preview":"max-image-preview:large","max-video-preview":"max-video-preview:-1"},"canonical":"https:\/\/kadoshmusic.com.br\/en\/product\/ke231-equalizador\/","og_locale":"en_US","og_type":"article","og_title":"KE231","og_description":"K-AUDIO KE231 representa um grande avan\u00e7o no desempenho dos equalizadores gr\u00e1ficos b\u00e1sicos. Desde sua incr\u00edvel resposta de frequ\u00eancia de 20Hz-20.000Hz at\u00e9 sua faixa din\u00e2mica de 112 [\u2026]","og_url":"https:\/\/kadoshmusic.com.br\/en\/product\/ke231-equalizador\/","og_site_name":"Kadosh Music","article_publisher":"https:\/\/www.facebook.com\/micskadosh","article_modified_time":"2025-06-24T20:26:46+00:00","og_image":[{"width":1080,"height":1080,"url":"https:\/\/kadoshmusic.com.br\/wp-content\/uploads\/2025\/01\/KE231.png","type":"image\/png"}],"twitter_card":"summary_large_image","twitter_misc":{"Est. reading time":"2 minutes"},"schema":{"@context":"https:\/\/schema.org","@graph":[{"@type":"WebPage","@id":"https:\/\/kadoshmusic.com.br\/produto\/ke231-equalizador\/","url":"https:\/\/kadoshmusic.com.br\/produto\/ke231-equalizador\/","name":"KE231 - Kadosh Music","isPartOf":{"@id":"https:\/\/kadoshmusic.com.br\/#website"},"primaryImageOfPage":{"@id":"https:\/\/kadoshmusic.com.br\/produto\/ke231-equalizador\/#primaryimage"},"image":{"@id":"https:\/\/kadoshmusic.com.br\/produto\/ke231-equalizador\/#primaryimage"},"thumbnailUrl":"https:\/\/kadoshmusic.com.br\/wp-content\/uploads\/2025\/01\/KE231.png","datePublished":"2024-12-06T11:06:00+00:00","dateModified":"2025-06-24T20:26:46+00:00","breadcrumb":{"@id":"https:\/\/kadoshmusic.com.br\/produto\/ke231-equalizador\/#breadcrumb"},"inLanguage":"en-US","potentialAction":[{"@type":"ReadAction","target":["https:\/\/kadoshmusic.com.br\/produto\/ke231-equalizador\/"]}]},{"@type":"ImageObject","inLanguage":"en-US","@id":"https:\/\/kadoshmusic.com.br\/produto\/ke231-equalizador\/#primaryimage","url":"https:\/\/kadoshmusic.com.br\/wp-content\/uploads\/2025\/01\/KE231.png","contentUrl":"https:\/\/kadoshmusic.com.br\/wp-content\/uploads\/2025\/01\/KE231.png","width":1080,"height":1080},{"@type":"BreadcrumbList","@id":"https:\/\/kadoshmusic.com.br\/produto\/ke231-equalizador\/#breadcrumb","itemListElement":[{"@type":"ListItem","position":1,"name":"Home","item":"https:\/\/kadoshmusic.com.br\/"},{"@type":"ListItem","position":2,"name":"Shop","item":"https:\/\/kadoshmusic.com.br\/shop\/"},{"@type":"ListItem","position":3,"name":"KE231"}]},{"@type":"WebSite","@id":"https:\/\/kadoshmusic.com.br\/#website","url":"https:\/\/kadoshmusic.com.br\/","name":"Kadosh Music","description":"A Tecnologia Conectando o \u00c1udio e a M\u00fasica","publisher":{"@id":"https:\/\/kadoshmusic.com.br\/#organization"},"alternateName":"kadosh","potentialAction":[{"@type":"SearchAction","target":{"@type":"EntryPoint","urlTemplate":"https:\/\/kadoshmusic.com.br\/?s={search_term_string}"},"query-input":{"@type":"PropertyValueSpecification","valueRequired":true,"valueName":"search_term_string"}}],"inLanguage":"en-US"},{"@type":"Organization","@id":"https:\/\/kadoshmusic.com.br\/#organization","name":"kadosh music","url":"https:\/\/kadoshmusic.com.br\/","logo":{"@type":"ImageObject","inLanguage":"en-US","@id":"https:\/\/kadoshmusic.com.br\/#\/schema\/logo\/image\/","url":"https:\/\/kadoshmusic.com.br\/wp-content\/uploads\/2024\/06\/logo-principal-1024x450-1.webp","contentUrl":"https:\/\/kadoshmusic.com.br\/wp-content\/uploads\/2024\/06\/logo-principal-1024x450-1.webp","width":1024,"height":450,"caption":"kadosh music"},"image":{"@id":"https:\/\/kadoshmusic.com.br\/#\/schema\/logo\/image\/"},"sameAs":["https:\/\/www.facebook.com\/micskadosh"]}]}},"jetpack_sharing_enabled":true,"s_badge_disabled_all":false,"s_badge_single_active":false,"badge_type":"type_custom","badge_custom_set_date":false,"badge_initial_date":"","badge_end_date":"","badge_new_days":"","badge_lowstock_low":"","badge_lowstock_medium":"","badge_text":"","badge_text_size":"","badge_text_color":"","badge_bg_color":"","badge_style":"badge_default","badge_position":"position_tl","_links":{"self":[{"href":"https:\/\/kadoshmusic.com.br\/en\/wp-json\/wp\/v2\/product\/14789","targetHints":{"allow":["GET"]}}],"collection":[{"href":"https:\/\/kadoshmusic.com.br\/en\/wp-json\/wp\/v2\/product"}],"about":[{"href":"https:\/\/kadoshmusic.com.br\/en\/wp-json\/wp\/v2\/types\/product"}],"version-history":[{"count":2,"href":"https:\/\/kadoshmusic.com.br\/en\/wp-json\/wp\/v2\/product\/14789\/revisions"}],"predecessor-version":[{"id":15230,"href":"https:\/\/kadoshmusic.com.br\/en\/wp-json\/wp\/v2\/product\/14789\/revisions\/15230"}],"wp:featuredmedia":[{"embeddable":true,"href":"https:\/\/kadoshmusic.com.br\/en\/wp-json\/wp\/v2\/media\/14790"}],"wp:attachment":[{"href":"https:\/\/kadoshmusic.com.br\/en\/wp-json\/wp\/v2\/media?parent=14789"}],"wp:term":[{"taxonomy":"product_cat","embeddable":true,"href":"https:\/\/kadoshmusic.com.br\/en\/wp-json\/wp\/v2\/product_cat?post=14789"},{"taxonomy":"product_tag","embeddable":true,"href":"https:\/\/kadoshmusic.com.br\/en\/wp-json\/wp\/v2\/product_tag?post=14789"}],"curies":[{"name":"wp","href":"https:\/\/api.w.org\/{rel}","templated":true}]}}