{"id":12756,"date":"2024-12-06T08:14:57","date_gmt":"2024-12-06T11:14:57","guid":{"rendered":"https:\/\/kadoshmusic.com.br\/?post_type=product&#038;p=12756"},"modified":"2025-06-24T15:48:37","modified_gmt":"2025-06-24T18:48:37","slug":"amplificador-de-audio-k-audio-ez-6400","status":"publish","type":"product","link":"https:\/\/kadoshmusic.com.br\/en\/product\/amplificador-de-audio-k-audio-ez-6400\/","title":{"rendered":"EZ-6400"},"content":{"rendered":"<p>O amplificador de pot\u00eancia profissional EZ-Series adota fonte de alimenta\u00e7\u00e3o chaveada e design de circuito classe D que tem bom desempenho com alta efici\u00eancia, peso leve e boa estabilidade.<br \/>\nEZ-Series adota design modular. Dois canais compartilham um sistema de fonte de alimenta\u00e7\u00e3o e sistema de amplifica\u00e7\u00e3o. Com componentes cuidadosamente selecionados e artesanato de \u00faltima gera\u00e7\u00e3o, o EZ-Series possui uma fidelidade muito boa e um alto fator de amortecimento. \u00c9 uma boa escolha para reprodu\u00e7\u00e3o de m\u00fasica, voz e integra\u00e7\u00e3o de sistemas AV.<\/p>\n<p><strong>Euroblock connection<\/strong><\/p>\n<p><img fetchpriority=\"high\" decoding=\"async\" class=\"aligncenter wp-image-12907 size-large\" src=\"https:\/\/kadoshmusic.com.br\/wp-content\/uploads\/2024\/08\/EZ6400_c-1024x683.png\" alt=\"\" width=\"1024\" height=\"683\" srcset=\"https:\/\/kadoshmusic.com.br\/wp-content\/uploads\/2024\/08\/EZ6400_c-1024x683.png 1024w, https:\/\/kadoshmusic.com.br\/wp-content\/uploads\/2024\/08\/EZ6400_c-300x200.png 300w, https:\/\/kadoshmusic.com.br\/wp-content\/uploads\/2024\/08\/EZ6400_c-768x512.png 768w, https:\/\/kadoshmusic.com.br\/wp-content\/uploads\/2024\/08\/EZ6400_c-1536x1024.png 1536w, https:\/\/kadoshmusic.com.br\/wp-content\/uploads\/2024\/08\/EZ6400_c-2048x1365.png 2048w, https:\/\/kadoshmusic.com.br\/wp-content\/uploads\/2024\/08\/EZ6400_c-113x75.png 113w, https:\/\/kadoshmusic.com.br\/wp-content\/uploads\/2024\/08\/EZ6400_c-480x320.png 480w, https:\/\/kadoshmusic.com.br\/wp-content\/uploads\/2024\/08\/EZ6400_c-800x533.png 800w\" sizes=\"(max-width:767px) 480px, (max-width:1024px) 100vw, 1024px\" \/><\/p>\n<p><span data-aura-rendered-by=\"40:281;a\">Euroblock connectors are parts used to connect signal cables (including audio and control system cables), mainly for audio equipment in fixed installations. In places with tight working spaces, it can be difficult to screw wires into the terminal blocks (or strips) attached to a device, whereas using Euroblock connectors can save time and trouble during installation by simply inserting a connector that already has wires attached with screws. The copper wires are screwed into the Euroblock connector itself and then the Euroblock connector is inserted into the corresponding device.<\/span><\/p>","protected":false},"excerpt":{"rendered":"<p>O amplificador de pot\u00eancia profissional EZ-Series adota fonte de alimenta\u00e7\u00e3o chaveada e design de circuito classe D que tem bom desempenho com alta efici\u00eancia, peso leve<span class=\"excerpt-hellip\"> [...]<\/span><\/p>","protected":false},"featured_media":12757,"template":"","meta":{"content-type":"","_vp_format_video_url":"","_vp_image_focal_point":[]},"product_cat":[110],"product_tag":[],"class_list":{"0":"post-12756","1":"product","2":"type-product","3":"status-publish","4":"has-post-thumbnail","6":"product_cat-k-audio","8":"first","9":"instock","10":"shipping-taxable","11":"purchasable","12":"product-type-simple"},"yoast_head":"<!-- This site is optimized with the Yoast SEO Premium plugin v22.9 (Yoast SEO v24.0) - https:\/\/yoast.com\/wordpress\/plugins\/seo\/ -->\n<title>EZ-6400 - Kadosh Music<\/title>\n<meta name=\"robots\" content=\"index, follow, max-snippet:-1, max-image-preview:large, max-video-preview:-1\" \/>\n<link rel=\"canonical\" href=\"https:\/\/kadoshmusic.com.br\/en\/product\/amplificador-de-audio-k-audio-ez-6400\/\" \/>\n<meta property=\"og:locale\" content=\"en_US\" \/>\n<meta property=\"og:type\" content=\"article\" \/>\n<meta property=\"og:title\" content=\"EZ-6400\" \/>\n<meta property=\"og:description\" content=\"O amplificador de pot\u00eancia profissional EZ-Series adota fonte de alimenta\u00e7\u00e3o chaveada e design de circuito classe D que tem bom desempenho com alta efici\u00eancia, peso leve [\u2026]\" \/>\n<meta property=\"og:url\" content=\"https:\/\/kadoshmusic.com.br\/en\/product\/amplificador-de-audio-k-audio-ez-6400\/\" \/>\n<meta property=\"og:site_name\" content=\"Kadosh Music\" \/>\n<meta property=\"article:publisher\" content=\"https:\/\/www.facebook.com\/micskadosh\" \/>\n<meta property=\"article:modified_time\" content=\"2025-06-24T18:48:37+00:00\" \/>\n<meta property=\"og:image\" content=\"https:\/\/kadoshmusic.com.br\/wp-content\/uploads\/2024\/08\/EZ-6400.png\" \/>\n\t<meta property=\"og:image:width\" content=\"1080\" \/>\n\t<meta property=\"og:image:height\" content=\"1080\" \/>\n\t<meta property=\"og:image:type\" content=\"image\/png\" \/>\n<meta name=\"twitter:card\" content=\"summary_large_image\" \/>\n<meta name=\"twitter:label1\" content=\"Est. reading time\" \/>\n\t<meta name=\"twitter:data1\" content=\"2 minutes\" \/>\n<script type=\"application\/ld+json\" class=\"yoast-schema-graph\">{\"@context\":\"https:\/\/schema.org\",\"@graph\":[{\"@type\":\"WebPage\",\"@id\":\"https:\/\/kadoshmusic.com.br\/produto\/amplificador-de-audio-k-audio-ez-6400\/\",\"url\":\"https:\/\/kadoshmusic.com.br\/produto\/amplificador-de-audio-k-audio-ez-6400\/\",\"name\":\"EZ-6400 - Kadosh Music\",\"isPartOf\":{\"@id\":\"https:\/\/kadoshmusic.com.br\/#website\"},\"primaryImageOfPage\":{\"@id\":\"https:\/\/kadoshmusic.com.br\/produto\/amplificador-de-audio-k-audio-ez-6400\/#primaryimage\"},\"image\":{\"@id\":\"https:\/\/kadoshmusic.com.br\/produto\/amplificador-de-audio-k-audio-ez-6400\/#primaryimage\"},\"thumbnailUrl\":\"https:\/\/kadoshmusic.com.br\/wp-content\/uploads\/2024\/08\/EZ-6400.png\",\"datePublished\":\"2024-12-06T11:14:57+00:00\",\"dateModified\":\"2025-06-24T18:48:37+00:00\",\"breadcrumb\":{\"@id\":\"https:\/\/kadoshmusic.com.br\/produto\/amplificador-de-audio-k-audio-ez-6400\/#breadcrumb\"},\"inLanguage\":\"en-US\",\"potentialAction\":[{\"@type\":\"ReadAction\",\"target\":[\"https:\/\/kadoshmusic.com.br\/produto\/amplificador-de-audio-k-audio-ez-6400\/\"]}]},{\"@type\":\"ImageObject\",\"inLanguage\":\"en-US\",\"@id\":\"https:\/\/kadoshmusic.com.br\/produto\/amplificador-de-audio-k-audio-ez-6400\/#primaryimage\",\"url\":\"https:\/\/kadoshmusic.com.br\/wp-content\/uploads\/2024\/08\/EZ-6400.png\",\"contentUrl\":\"https:\/\/kadoshmusic.com.br\/wp-content\/uploads\/2024\/08\/EZ-6400.png\",\"width\":1080,\"height\":1080},{\"@type\":\"BreadcrumbList\",\"@id\":\"https:\/\/kadoshmusic.com.br\/produto\/amplificador-de-audio-k-audio-ez-6400\/#breadcrumb\",\"itemListElement\":[{\"@type\":\"ListItem\",\"position\":1,\"name\":\"Home\",\"item\":\"https:\/\/kadoshmusic.com.br\/\"},{\"@type\":\"ListItem\",\"position\":2,\"name\":\"Shop\",\"item\":\"https:\/\/kadoshmusic.com.br\/shop\/\"},{\"@type\":\"ListItem\",\"position\":3,\"name\":\"EZ-6400\"}]},{\"@type\":\"WebSite\",\"@id\":\"https:\/\/kadoshmusic.com.br\/#website\",\"url\":\"https:\/\/kadoshmusic.com.br\/\",\"name\":\"Kadosh Music\",\"description\":\"A Tecnologia Conectando o \u00c1udio e a M\u00fasica\",\"publisher\":{\"@id\":\"https:\/\/kadoshmusic.com.br\/#organization\"},\"alternateName\":\"kadosh\",\"potentialAction\":[{\"@type\":\"SearchAction\",\"target\":{\"@type\":\"EntryPoint\",\"urlTemplate\":\"https:\/\/kadoshmusic.com.br\/?s={search_term_string}\"},\"query-input\":{\"@type\":\"PropertyValueSpecification\",\"valueRequired\":true,\"valueName\":\"search_term_string\"}}],\"inLanguage\":\"en-US\"},{\"@type\":\"Organization\",\"@id\":\"https:\/\/kadoshmusic.com.br\/#organization\",\"name\":\"kadosh music\",\"url\":\"https:\/\/kadoshmusic.com.br\/\",\"logo\":{\"@type\":\"ImageObject\",\"inLanguage\":\"en-US\",\"@id\":\"https:\/\/kadoshmusic.com.br\/#\/schema\/logo\/image\/\",\"url\":\"https:\/\/kadoshmusic.com.br\/wp-content\/uploads\/2024\/06\/logo-principal-1024x450-1.webp\",\"contentUrl\":\"https:\/\/kadoshmusic.com.br\/wp-content\/uploads\/2024\/06\/logo-principal-1024x450-1.webp\",\"width\":1024,\"height\":450,\"caption\":\"kadosh music\"},\"image\":{\"@id\":\"https:\/\/kadoshmusic.com.br\/#\/schema\/logo\/image\/\"},\"sameAs\":[\"https:\/\/www.facebook.com\/micskadosh\"]}]}<\/script>\n<!-- \/ Yoast SEO Premium plugin. -->","yoast_head_json":{"title":"EZ-6400 - Kadosh Music","robots":{"index":"index","follow":"follow","max-snippet":"max-snippet:-1","max-image-preview":"max-image-preview:large","max-video-preview":"max-video-preview:-1"},"canonical":"https:\/\/kadoshmusic.com.br\/en\/product\/amplificador-de-audio-k-audio-ez-6400\/","og_locale":"en_US","og_type":"article","og_title":"EZ-6400","og_description":"O amplificador de pot\u00eancia profissional EZ-Series adota fonte de alimenta\u00e7\u00e3o chaveada e design de circuito classe D que tem bom desempenho com alta efici\u00eancia, peso leve [\u2026]","og_url":"https:\/\/kadoshmusic.com.br\/en\/product\/amplificador-de-audio-k-audio-ez-6400\/","og_site_name":"Kadosh Music","article_publisher":"https:\/\/www.facebook.com\/micskadosh","article_modified_time":"2025-06-24T18:48:37+00:00","og_image":[{"width":1080,"height":1080,"url":"https:\/\/kadoshmusic.com.br\/wp-content\/uploads\/2024\/08\/EZ-6400.png","type":"image\/png"}],"twitter_card":"summary_large_image","twitter_misc":{"Est. reading time":"2 minutes"},"schema":{"@context":"https:\/\/schema.org","@graph":[{"@type":"WebPage","@id":"https:\/\/kadoshmusic.com.br\/produto\/amplificador-de-audio-k-audio-ez-6400\/","url":"https:\/\/kadoshmusic.com.br\/produto\/amplificador-de-audio-k-audio-ez-6400\/","name":"EZ-6400 - Kadosh Music","isPartOf":{"@id":"https:\/\/kadoshmusic.com.br\/#website"},"primaryImageOfPage":{"@id":"https:\/\/kadoshmusic.com.br\/produto\/amplificador-de-audio-k-audio-ez-6400\/#primaryimage"},"image":{"@id":"https:\/\/kadoshmusic.com.br\/produto\/amplificador-de-audio-k-audio-ez-6400\/#primaryimage"},"thumbnailUrl":"https:\/\/kadoshmusic.com.br\/wp-content\/uploads\/2024\/08\/EZ-6400.png","datePublished":"2024-12-06T11:14:57+00:00","dateModified":"2025-06-24T18:48:37+00:00","breadcrumb":{"@id":"https:\/\/kadoshmusic.com.br\/produto\/amplificador-de-audio-k-audio-ez-6400\/#breadcrumb"},"inLanguage":"en-US","potentialAction":[{"@type":"ReadAction","target":["https:\/\/kadoshmusic.com.br\/produto\/amplificador-de-audio-k-audio-ez-6400\/"]}]},{"@type":"ImageObject","inLanguage":"en-US","@id":"https:\/\/kadoshmusic.com.br\/produto\/amplificador-de-audio-k-audio-ez-6400\/#primaryimage","url":"https:\/\/kadoshmusic.com.br\/wp-content\/uploads\/2024\/08\/EZ-6400.png","contentUrl":"https:\/\/kadoshmusic.com.br\/wp-content\/uploads\/2024\/08\/EZ-6400.png","width":1080,"height":1080},{"@type":"BreadcrumbList","@id":"https:\/\/kadoshmusic.com.br\/produto\/amplificador-de-audio-k-audio-ez-6400\/#breadcrumb","itemListElement":[{"@type":"ListItem","position":1,"name":"Home","item":"https:\/\/kadoshmusic.com.br\/"},{"@type":"ListItem","position":2,"name":"Shop","item":"https:\/\/kadoshmusic.com.br\/shop\/"},{"@type":"ListItem","position":3,"name":"EZ-6400"}]},{"@type":"WebSite","@id":"https:\/\/kadoshmusic.com.br\/#website","url":"https:\/\/kadoshmusic.com.br\/","name":"Kadosh Music","description":"A Tecnologia Conectando o \u00c1udio e a M\u00fasica","publisher":{"@id":"https:\/\/kadoshmusic.com.br\/#organization"},"alternateName":"kadosh","potentialAction":[{"@type":"SearchAction","target":{"@type":"EntryPoint","urlTemplate":"https:\/\/kadoshmusic.com.br\/?s={search_term_string}"},"query-input":{"@type":"PropertyValueSpecification","valueRequired":true,"valueName":"search_term_string"}}],"inLanguage":"en-US"},{"@type":"Organization","@id":"https:\/\/kadoshmusic.com.br\/#organization","name":"kadosh music","url":"https:\/\/kadoshmusic.com.br\/","logo":{"@type":"ImageObject","inLanguage":"en-US","@id":"https:\/\/kadoshmusic.com.br\/#\/schema\/logo\/image\/","url":"https:\/\/kadoshmusic.com.br\/wp-content\/uploads\/2024\/06\/logo-principal-1024x450-1.webp","contentUrl":"https:\/\/kadoshmusic.com.br\/wp-content\/uploads\/2024\/06\/logo-principal-1024x450-1.webp","width":1024,"height":450,"caption":"kadosh music"},"image":{"@id":"https:\/\/kadoshmusic.com.br\/#\/schema\/logo\/image\/"},"sameAs":["https:\/\/www.facebook.com\/micskadosh"]}]}},"jetpack_sharing_enabled":true,"s_badge_disabled_all":false,"s_badge_single_active":false,"badge_type":"type_custom","badge_custom_set_date":false,"badge_initial_date":"","badge_end_date":"","badge_new_days":"","badge_lowstock_low":"","badge_lowstock_medium":"","badge_text":"","badge_text_size":"","badge_text_color":"","badge_bg_color":"","badge_style":"badge_default","badge_position":"position_tl","_links":{"self":[{"href":"https:\/\/kadoshmusic.com.br\/en\/wp-json\/wp\/v2\/product\/12756","targetHints":{"allow":["GET"]}}],"collection":[{"href":"https:\/\/kadoshmusic.com.br\/en\/wp-json\/wp\/v2\/product"}],"about":[{"href":"https:\/\/kadoshmusic.com.br\/en\/wp-json\/wp\/v2\/types\/product"}],"version-history":[{"count":4,"href":"https:\/\/kadoshmusic.com.br\/en\/wp-json\/wp\/v2\/product\/12756\/revisions"}],"predecessor-version":[{"id":15223,"href":"https:\/\/kadoshmusic.com.br\/en\/wp-json\/wp\/v2\/product\/12756\/revisions\/15223"}],"wp:featuredmedia":[{"embeddable":true,"href":"https:\/\/kadoshmusic.com.br\/en\/wp-json\/wp\/v2\/media\/12757"}],"wp:attachment":[{"href":"https:\/\/kadoshmusic.com.br\/en\/wp-json\/wp\/v2\/media?parent=12756"}],"wp:term":[{"taxonomy":"product_cat","embeddable":true,"href":"https:\/\/kadoshmusic.com.br\/en\/wp-json\/wp\/v2\/product_cat?post=12756"},{"taxonomy":"product_tag","embeddable":true,"href":"https:\/\/kadoshmusic.com.br\/en\/wp-json\/wp\/v2\/product_tag?post=12756"}],"curies":[{"name":"wp","href":"https:\/\/api.w.org\/{rel}","templated":true}]}}