{"id":12129,"date":"2024-05-21T08:50:09","date_gmt":"2024-05-21T11:50:09","guid":{"rendered":"https:\/\/kadoshmusic.com.br\/?post_type=product&#038;p=12129"},"modified":"2025-07-21T11:56:42","modified_gmt":"2025-07-21T14:56:42","slug":"microfone-sem-fio-uhf-k1202h","status":"publish","type":"product","link":"https:\/\/kadoshmusic.com.br\/en\/product\/microfone-sem-fio-uhf-k1202h\/","title":{"rendered":"K1202H"},"content":{"rendered":"<p>We have adopted 2 RF bands* duly approved by ANATEL, allowing customers to use the system in any state** in Brazil. In addition to being equipped with PLL and True Diversity, it provides the user with RF security and stability, in accordance with ANATEL standards. It is compatible with antenna distributors, giving the possibility of using the base inside the rack in the living room and using remote antennas via BNC cable on stage.<\/p>\n<p>*It may still be sold in the 470MHz to 510MHz range. This range was discontinued as of September\/2022<\/p>\n<p>**check the best option for your region between 513MHz - 558MHz or 628MHz - 647.750MHz<\/p>\n<p>DISPLAY COM INFORMA\u00c7\u00d5ESO display da base (receiver \/ RX) possui informa\u00e7\u00f5es como n\u00edvel de AF, RF, carga das pilhas do TX, frequ\u00eancia, RX Lock, indicador de Sync e n\u00edvel de Squelch. A ilumina\u00e7\u00e3o do display do RX muda de cor quando identifica que o TX est\u00e1 ligado ou desligado. Sendo laranja quando o TX est\u00e1 desligado e Branco quando est\u00e1 ligado.<\/p>\n<p>\u201cSistema de microfone \u00fanico headset com tecnologia Phase Locked Loop (PLL) em 32KHz, c\u00e1psula din\u00e2mica, padr\u00e3o polar omini direcional. Antenas omnidirecionais, True Diversity . Handheld em alum\u00ednio.<\/p>\n<p>Compartimento de pilha que fica dentro do corpo e acesso atrav\u00e9s de gaveta, sendo alimentado por 2\u00d71,5V AA. \u00c1udio bastante<\/p>\n<p>nivelado, perfeito para vocal.<\/p>\n<p>Bot\u00e3o On \/ Off e Lock. RX com display Freq., AF , RF A\/B True Diversity , bot\u00e3o de Scan, Lock.<\/p>\n<p>Resp. de Freq.: 63Hz \u2013 16.000Hz (\u00b1 2dB)<\/p>\n<p>Range: 625.000MHz \u2013 649.750MHz (100<\/p>\n<p>canais)\u201d<\/p>","protected":false},"excerpt":{"rendered":"<p>We have adopted 2 RF bands* duly approved by ANATEL, allowing customers to use the system in any state** in Brazil. In addition to being equipped with<span class=\"excerpt-hellip\"> [...]<\/span><\/p>","protected":false},"featured_media":12130,"template":"","meta":{"content-type":"","_vp_format_video_url":"","_vp_image_focal_point":[]},"product_cat":[107,148],"product_tag":[],"class_list":{"0":"post-12129","1":"product","2":"type-product","3":"status-publish","4":"has-post-thumbnail","6":"product_cat-kadosh","7":"product_cat-microfones-sem-fio-uhf","9":"first","10":"instock","11":"shipping-taxable","12":"purchasable","13":"product-type-simple"},"yoast_head":"<!-- This site is optimized with the Yoast SEO Premium plugin v22.9 (Yoast SEO v24.0) - https:\/\/yoast.com\/wordpress\/plugins\/seo\/ -->\n<title>K1202H - Kadosh Music<\/title>\n<meta name=\"robots\" content=\"index, follow, max-snippet:-1, max-image-preview:large, max-video-preview:-1\" \/>\n<link rel=\"canonical\" href=\"https:\/\/kadoshmusic.com.br\/en\/product\/microfone-sem-fio-uhf-k1202h\/\" \/>\n<meta property=\"og:locale\" content=\"en_US\" \/>\n<meta property=\"og:type\" content=\"article\" \/>\n<meta property=\"og:title\" content=\"K1202H\" \/>\n<meta property=\"og:description\" content=\"Adotamos 2 bandas* de RF devidamente homologadas \u00e0 ANATEL, proporcionando ao cliente usar o sistema em qualquer estado** do nosso Brasil. Al\u00e9m de estar equipado com [\u2026]\" \/>\n<meta property=\"og:url\" content=\"https:\/\/kadoshmusic.com.br\/en\/product\/microfone-sem-fio-uhf-k1202h\/\" \/>\n<meta property=\"og:site_name\" content=\"Kadosh Music\" \/>\n<meta property=\"article:publisher\" content=\"https:\/\/www.facebook.com\/micskadosh\" \/>\n<meta property=\"article:modified_time\" content=\"2025-07-21T14:56:42+00:00\" \/>\n<meta property=\"og:image\" content=\"https:\/\/kadoshmusic.com.br\/wp-content\/uploads\/2024\/05\/1202H.png\" \/>\n\t<meta property=\"og:image:width\" content=\"1080\" \/>\n\t<meta property=\"og:image:height\" content=\"1080\" \/>\n\t<meta property=\"og:image:type\" content=\"image\/png\" \/>\n<meta name=\"twitter:card\" content=\"summary_large_image\" \/>\n<meta name=\"twitter:label1\" content=\"Est. reading time\" \/>\n\t<meta name=\"twitter:data1\" content=\"2 minutes\" \/>\n<script type=\"application\/ld+json\" class=\"yoast-schema-graph\">{\"@context\":\"https:\/\/schema.org\",\"@graph\":[{\"@type\":\"WebPage\",\"@id\":\"https:\/\/kadoshmusic.com.br\/produto\/microfone-sem-fio-uhf-k1202h\/\",\"url\":\"https:\/\/kadoshmusic.com.br\/produto\/microfone-sem-fio-uhf-k1202h\/\",\"name\":\"K1202H - Kadosh Music\",\"isPartOf\":{\"@id\":\"https:\/\/kadoshmusic.com.br\/#website\"},\"primaryImageOfPage\":{\"@id\":\"https:\/\/kadoshmusic.com.br\/produto\/microfone-sem-fio-uhf-k1202h\/#primaryimage\"},\"image\":{\"@id\":\"https:\/\/kadoshmusic.com.br\/produto\/microfone-sem-fio-uhf-k1202h\/#primaryimage\"},\"thumbnailUrl\":\"https:\/\/kadoshmusic.com.br\/wp-content\/uploads\/2024\/05\/1202H.png\",\"datePublished\":\"2024-05-21T11:50:09+00:00\",\"dateModified\":\"2025-07-21T14:56:42+00:00\",\"breadcrumb\":{\"@id\":\"https:\/\/kadoshmusic.com.br\/produto\/microfone-sem-fio-uhf-k1202h\/#breadcrumb\"},\"inLanguage\":\"en-US\",\"potentialAction\":[{\"@type\":\"ReadAction\",\"target\":[\"https:\/\/kadoshmusic.com.br\/produto\/microfone-sem-fio-uhf-k1202h\/\"]}]},{\"@type\":\"ImageObject\",\"inLanguage\":\"en-US\",\"@id\":\"https:\/\/kadoshmusic.com.br\/produto\/microfone-sem-fio-uhf-k1202h\/#primaryimage\",\"url\":\"https:\/\/kadoshmusic.com.br\/wp-content\/uploads\/2024\/05\/1202H.png\",\"contentUrl\":\"https:\/\/kadoshmusic.com.br\/wp-content\/uploads\/2024\/05\/1202H.png\",\"width\":1080,\"height\":1080},{\"@type\":\"BreadcrumbList\",\"@id\":\"https:\/\/kadoshmusic.com.br\/produto\/microfone-sem-fio-uhf-k1202h\/#breadcrumb\",\"itemListElement\":[{\"@type\":\"ListItem\",\"position\":1,\"name\":\"Home\",\"item\":\"https:\/\/kadoshmusic.com.br\/\"},{\"@type\":\"ListItem\",\"position\":2,\"name\":\"Shop\",\"item\":\"https:\/\/kadoshmusic.com.br\/shop\/\"},{\"@type\":\"ListItem\",\"position\":3,\"name\":\"K1202H\"}]},{\"@type\":\"WebSite\",\"@id\":\"https:\/\/kadoshmusic.com.br\/#website\",\"url\":\"https:\/\/kadoshmusic.com.br\/\",\"name\":\"Kadosh Music\",\"description\":\"A Tecnologia Conectando o \u00c1udio e a M\u00fasica\",\"publisher\":{\"@id\":\"https:\/\/kadoshmusic.com.br\/#organization\"},\"alternateName\":\"kadosh\",\"potentialAction\":[{\"@type\":\"SearchAction\",\"target\":{\"@type\":\"EntryPoint\",\"urlTemplate\":\"https:\/\/kadoshmusic.com.br\/?s={search_term_string}\"},\"query-input\":{\"@type\":\"PropertyValueSpecification\",\"valueRequired\":true,\"valueName\":\"search_term_string\"}}],\"inLanguage\":\"en-US\"},{\"@type\":\"Organization\",\"@id\":\"https:\/\/kadoshmusic.com.br\/#organization\",\"name\":\"kadosh music\",\"url\":\"https:\/\/kadoshmusic.com.br\/\",\"logo\":{\"@type\":\"ImageObject\",\"inLanguage\":\"en-US\",\"@id\":\"https:\/\/kadoshmusic.com.br\/#\/schema\/logo\/image\/\",\"url\":\"https:\/\/kadoshmusic.com.br\/wp-content\/uploads\/2024\/06\/logo-principal-1024x450-1.webp\",\"contentUrl\":\"https:\/\/kadoshmusic.com.br\/wp-content\/uploads\/2024\/06\/logo-principal-1024x450-1.webp\",\"width\":1024,\"height\":450,\"caption\":\"kadosh music\"},\"image\":{\"@id\":\"https:\/\/kadoshmusic.com.br\/#\/schema\/logo\/image\/\"},\"sameAs\":[\"https:\/\/www.facebook.com\/micskadosh\"]}]}<\/script>\n<!-- \/ Yoast SEO Premium plugin. -->","yoast_head_json":{"title":"K1202H - Kadosh Music","robots":{"index":"index","follow":"follow","max-snippet":"max-snippet:-1","max-image-preview":"max-image-preview:large","max-video-preview":"max-video-preview:-1"},"canonical":"https:\/\/kadoshmusic.com.br\/en\/product\/microfone-sem-fio-uhf-k1202h\/","og_locale":"en_US","og_type":"article","og_title":"K1202H","og_description":"Adotamos 2 bandas* de RF devidamente homologadas \u00e0 ANATEL, proporcionando ao cliente usar o sistema em qualquer estado** do nosso Brasil. Al\u00e9m de estar equipado com [\u2026]","og_url":"https:\/\/kadoshmusic.com.br\/en\/product\/microfone-sem-fio-uhf-k1202h\/","og_site_name":"Kadosh Music","article_publisher":"https:\/\/www.facebook.com\/micskadosh","article_modified_time":"2025-07-21T14:56:42+00:00","og_image":[{"width":1080,"height":1080,"url":"https:\/\/kadoshmusic.com.br\/wp-content\/uploads\/2024\/05\/1202H.png","type":"image\/png"}],"twitter_card":"summary_large_image","twitter_misc":{"Est. reading time":"2 minutes"},"schema":{"@context":"https:\/\/schema.org","@graph":[{"@type":"WebPage","@id":"https:\/\/kadoshmusic.com.br\/produto\/microfone-sem-fio-uhf-k1202h\/","url":"https:\/\/kadoshmusic.com.br\/produto\/microfone-sem-fio-uhf-k1202h\/","name":"K1202H - Kadosh Music","isPartOf":{"@id":"https:\/\/kadoshmusic.com.br\/#website"},"primaryImageOfPage":{"@id":"https:\/\/kadoshmusic.com.br\/produto\/microfone-sem-fio-uhf-k1202h\/#primaryimage"},"image":{"@id":"https:\/\/kadoshmusic.com.br\/produto\/microfone-sem-fio-uhf-k1202h\/#primaryimage"},"thumbnailUrl":"https:\/\/kadoshmusic.com.br\/wp-content\/uploads\/2024\/05\/1202H.png","datePublished":"2024-05-21T11:50:09+00:00","dateModified":"2025-07-21T14:56:42+00:00","breadcrumb":{"@id":"https:\/\/kadoshmusic.com.br\/produto\/microfone-sem-fio-uhf-k1202h\/#breadcrumb"},"inLanguage":"en-US","potentialAction":[{"@type":"ReadAction","target":["https:\/\/kadoshmusic.com.br\/produto\/microfone-sem-fio-uhf-k1202h\/"]}]},{"@type":"ImageObject","inLanguage":"en-US","@id":"https:\/\/kadoshmusic.com.br\/produto\/microfone-sem-fio-uhf-k1202h\/#primaryimage","url":"https:\/\/kadoshmusic.com.br\/wp-content\/uploads\/2024\/05\/1202H.png","contentUrl":"https:\/\/kadoshmusic.com.br\/wp-content\/uploads\/2024\/05\/1202H.png","width":1080,"height":1080},{"@type":"BreadcrumbList","@id":"https:\/\/kadoshmusic.com.br\/produto\/microfone-sem-fio-uhf-k1202h\/#breadcrumb","itemListElement":[{"@type":"ListItem","position":1,"name":"Home","item":"https:\/\/kadoshmusic.com.br\/"},{"@type":"ListItem","position":2,"name":"Shop","item":"https:\/\/kadoshmusic.com.br\/shop\/"},{"@type":"ListItem","position":3,"name":"K1202H"}]},{"@type":"WebSite","@id":"https:\/\/kadoshmusic.com.br\/#website","url":"https:\/\/kadoshmusic.com.br\/","name":"Kadosh Music","description":"A Tecnologia Conectando o \u00c1udio e a M\u00fasica","publisher":{"@id":"https:\/\/kadoshmusic.com.br\/#organization"},"alternateName":"kadosh","potentialAction":[{"@type":"SearchAction","target":{"@type":"EntryPoint","urlTemplate":"https:\/\/kadoshmusic.com.br\/?s={search_term_string}"},"query-input":{"@type":"PropertyValueSpecification","valueRequired":true,"valueName":"search_term_string"}}],"inLanguage":"en-US"},{"@type":"Organization","@id":"https:\/\/kadoshmusic.com.br\/#organization","name":"kadosh music","url":"https:\/\/kadoshmusic.com.br\/","logo":{"@type":"ImageObject","inLanguage":"en-US","@id":"https:\/\/kadoshmusic.com.br\/#\/schema\/logo\/image\/","url":"https:\/\/kadoshmusic.com.br\/wp-content\/uploads\/2024\/06\/logo-principal-1024x450-1.webp","contentUrl":"https:\/\/kadoshmusic.com.br\/wp-content\/uploads\/2024\/06\/logo-principal-1024x450-1.webp","width":1024,"height":450,"caption":"kadosh music"},"image":{"@id":"https:\/\/kadoshmusic.com.br\/#\/schema\/logo\/image\/"},"sameAs":["https:\/\/www.facebook.com\/micskadosh"]}]}},"jetpack_sharing_enabled":true,"s_badge_disabled_all":false,"s_badge_single_active":false,"badge_type":"type_custom","badge_custom_set_date":false,"badge_initial_date":"","badge_end_date":"","badge_new_days":"","badge_lowstock_low":"","badge_lowstock_medium":"","badge_text":"","badge_text_size":"","badge_text_color":"","badge_bg_color":"","badge_style":"badge_default","badge_position":"position_tl","_links":{"self":[{"href":"https:\/\/kadoshmusic.com.br\/en\/wp-json\/wp\/v2\/product\/12129","targetHints":{"allow":["GET"]}}],"collection":[{"href":"https:\/\/kadoshmusic.com.br\/en\/wp-json\/wp\/v2\/product"}],"about":[{"href":"https:\/\/kadoshmusic.com.br\/en\/wp-json\/wp\/v2\/types\/product"}],"version-history":[{"count":3,"href":"https:\/\/kadoshmusic.com.br\/en\/wp-json\/wp\/v2\/product\/12129\/revisions"}],"predecessor-version":[{"id":15949,"href":"https:\/\/kadoshmusic.com.br\/en\/wp-json\/wp\/v2\/product\/12129\/revisions\/15949"}],"wp:featuredmedia":[{"embeddable":true,"href":"https:\/\/kadoshmusic.com.br\/en\/wp-json\/wp\/v2\/media\/12130"}],"wp:attachment":[{"href":"https:\/\/kadoshmusic.com.br\/en\/wp-json\/wp\/v2\/media?parent=12129"}],"wp:term":[{"taxonomy":"product_cat","embeddable":true,"href":"https:\/\/kadoshmusic.com.br\/en\/wp-json\/wp\/v2\/product_cat?post=12129"},{"taxonomy":"product_tag","embeddable":true,"href":"https:\/\/kadoshmusic.com.br\/en\/wp-json\/wp\/v2\/product_tag?post=12129"}],"curies":[{"name":"wp","href":"https:\/\/api.w.org\/{rel}","templated":true}]}}