{"id":10284,"date":"2024-12-06T08:36:09","date_gmt":"2024-12-06T11:36:09","guid":{"rendered":"https:\/\/kadoshmusic.com.br\/?post_type=product&#038;p=10284"},"modified":"2026-03-12T10:05:33","modified_gmt":"2026-03-12T13:05:33","slug":"tps15a","status":"publish","type":"product","link":"https:\/\/kadoshmusic.com.br\/en\/product\/tps15a\/","title":{"rendered":"TPS15A"},"content":{"rendered":"<p>A\u00a0<strong>K-Audio TPS15A<\/strong>\u00a0is more than a<strong>\u00a0active box<\/strong>\u00a0- it's the versatile sound power you need. With an incredible 500 watts of power and a<strong>\u00a0design<br \/>\nbi-amplificado bidirecional,<\/strong>\u00a0esta caixa \u00e9 a escolha definitiva para performances excepcionais em qualquer ambiente.<\/p>\n<p>Seu alto-falante de\u00a0<strong>15-inch titanium driver<\/strong>\u00a0ensure accurate and immersive reproduction at all frequencies, covering a wide range of<strong>\u00a050Hz to 20KHz.<\/strong>\u00a0With a\u00a0<strong>93dB sensitivity<\/strong>, voc\u00ea pode contar com um som cristalino, mesmo em ambientes desafiadores.<\/p>\n<p>A\u00a0<strong>K-Audio TPS15A<\/strong>\u00a0is the perfect solution for live performances, outdoor events, permanent installations in clubs, places of worship and rehearsal and recording studios. And with\u00a0<strong>Bluetooth<\/strong>, voc\u00ea tem a conveni\u00eancia sem fio ao seu alcance.<\/p>\n<p>Ajuste o som de acordo com suas prefer\u00eancias com os controles de equaliza\u00e7\u00e3o para agudos e graves. E com o\u00a0<strong>bi-amplifier using classes D and AB<\/strong>, voc\u00ea obt\u00e9m uma distribui\u00e7\u00e3o eficiente de pot\u00eancia para garantir uma performance impec\u00e1vel.<\/p>\n<p>Prote\u00e7\u00f5es contra\u00a0<strong>overtemperature, overload and DC Protec<\/strong>\u00a0guarantee the durability and integrity of your equipment, even in challenging situations. All this in a portable and sturdy design, making the\u00a0<strong>K-Audio TPS15A<\/strong>\u00a0the ideal choice for all audio professionals looking for power and reliability in a single box.<\/p>","protected":false},"excerpt":{"rendered":"<p>A<strong>\u00a0K-Audio TPS15A<\/strong>, with<strong>\u00a0500 watts of power<\/strong>is perfect for live events, fixed installations and studios.<\/p>\n<p>Its elegant design makes it a reliable choice for exceptional sound experiences in different environments.<\/p>","protected":false},"featured_media":16407,"template":"","meta":{"content-type":"","_vp_format_video_url":"","_vp_image_focal_point":[]},"product_cat":[110],"product_tag":[],"class_list":{"0":"post-10284","1":"product","2":"type-product","3":"status-publish","4":"has-post-thumbnail","6":"product_cat-k-audio","8":"first","9":"instock","10":"shipping-taxable","11":"purchasable","12":"product-type-simple"},"yoast_head":"<!-- This site is optimized with the Yoast SEO Premium plugin v22.9 (Yoast SEO v24.0) - https:\/\/yoast.com\/wordpress\/plugins\/seo\/ -->\n<title>TPS15A - Kadosh Music<\/title>\n<meta name=\"robots\" content=\"index, follow, max-snippet:-1, max-image-preview:large, max-video-preview:-1\" \/>\n<link rel=\"canonical\" href=\"https:\/\/kadoshmusic.com.br\/en\/product\/tps15a\/\" \/>\n<meta property=\"og:locale\" content=\"en_US\" \/>\n<meta property=\"og:type\" content=\"article\" \/>\n<meta property=\"og:title\" content=\"TPS15A\" \/>\n<meta property=\"og:description\" content=\"A\u00a0K-Audio TPS15A, com\u00a0500 watts de pot\u00eancia, \u00e9 perfeita para eventos ao vivo, instala\u00e7\u00f5es fixas e est\u00fadios.  Seu design elegante a faz uma escolha confi\u00e1vel para experi\u00eancias sonoras excepcionais em diferentes ambientes.\" \/>\n<meta property=\"og:url\" content=\"https:\/\/kadoshmusic.com.br\/en\/product\/tps15a\/\" \/>\n<meta property=\"og:site_name\" content=\"Kadosh Music\" \/>\n<meta property=\"article:publisher\" content=\"https:\/\/www.facebook.com\/micskadosh\" \/>\n<meta property=\"article:modified_time\" content=\"2026-03-12T13:05:33+00:00\" \/>\n<meta property=\"og:image\" content=\"https:\/\/kadoshmusic.com.br\/wp-content\/uploads\/2024\/12\/Tps12A_a.png\" \/>\n\t<meta property=\"og:image:width\" content=\"1080\" \/>\n\t<meta property=\"og:image:height\" content=\"1080\" \/>\n\t<meta property=\"og:image:type\" content=\"image\/png\" \/>\n<meta name=\"twitter:card\" content=\"summary_large_image\" \/>\n<meta name=\"twitter:label1\" content=\"Est. reading time\" \/>\n\t<meta name=\"twitter:data1\" content=\"2 minutes\" \/>\n<script type=\"application\/ld+json\" class=\"yoast-schema-graph\">{\"@context\":\"https:\/\/schema.org\",\"@graph\":[{\"@type\":\"WebPage\",\"@id\":\"https:\/\/kadoshmusic.com.br\/produto\/tps15a\/\",\"url\":\"https:\/\/kadoshmusic.com.br\/produto\/tps15a\/\",\"name\":\"TPS15A - Kadosh Music\",\"isPartOf\":{\"@id\":\"https:\/\/kadoshmusic.com.br\/#website\"},\"primaryImageOfPage\":{\"@id\":\"https:\/\/kadoshmusic.com.br\/produto\/tps15a\/#primaryimage\"},\"image\":{\"@id\":\"https:\/\/kadoshmusic.com.br\/produto\/tps15a\/#primaryimage\"},\"thumbnailUrl\":\"https:\/\/kadoshmusic.com.br\/wp-content\/uploads\/2024\/12\/Tps12A_a.png\",\"datePublished\":\"2024-12-06T11:36:09+00:00\",\"dateModified\":\"2026-03-12T13:05:33+00:00\",\"breadcrumb\":{\"@id\":\"https:\/\/kadoshmusic.com.br\/produto\/tps15a\/#breadcrumb\"},\"inLanguage\":\"en-US\",\"potentialAction\":[{\"@type\":\"ReadAction\",\"target\":[\"https:\/\/kadoshmusic.com.br\/produto\/tps15a\/\"]}]},{\"@type\":\"ImageObject\",\"inLanguage\":\"en-US\",\"@id\":\"https:\/\/kadoshmusic.com.br\/produto\/tps15a\/#primaryimage\",\"url\":\"https:\/\/kadoshmusic.com.br\/wp-content\/uploads\/2024\/12\/Tps12A_a.png\",\"contentUrl\":\"https:\/\/kadoshmusic.com.br\/wp-content\/uploads\/2024\/12\/Tps12A_a.png\",\"width\":1080,\"height\":1080},{\"@type\":\"BreadcrumbList\",\"@id\":\"https:\/\/kadoshmusic.com.br\/produto\/tps15a\/#breadcrumb\",\"itemListElement\":[{\"@type\":\"ListItem\",\"position\":1,\"name\":\"Home\",\"item\":\"https:\/\/kadoshmusic.com.br\/\"},{\"@type\":\"ListItem\",\"position\":2,\"name\":\"Shop\",\"item\":\"https:\/\/kadoshmusic.com.br\/shop\/\"},{\"@type\":\"ListItem\",\"position\":3,\"name\":\"TPS15A\"}]},{\"@type\":\"WebSite\",\"@id\":\"https:\/\/kadoshmusic.com.br\/#website\",\"url\":\"https:\/\/kadoshmusic.com.br\/\",\"name\":\"Kadosh Music\",\"description\":\"A Tecnologia Conectando o \u00c1udio e a M\u00fasica\",\"publisher\":{\"@id\":\"https:\/\/kadoshmusic.com.br\/#organization\"},\"alternateName\":\"kadosh\",\"potentialAction\":[{\"@type\":\"SearchAction\",\"target\":{\"@type\":\"EntryPoint\",\"urlTemplate\":\"https:\/\/kadoshmusic.com.br\/?s={search_term_string}\"},\"query-input\":{\"@type\":\"PropertyValueSpecification\",\"valueRequired\":true,\"valueName\":\"search_term_string\"}}],\"inLanguage\":\"en-US\"},{\"@type\":\"Organization\",\"@id\":\"https:\/\/kadoshmusic.com.br\/#organization\",\"name\":\"kadosh music\",\"url\":\"https:\/\/kadoshmusic.com.br\/\",\"logo\":{\"@type\":\"ImageObject\",\"inLanguage\":\"en-US\",\"@id\":\"https:\/\/kadoshmusic.com.br\/#\/schema\/logo\/image\/\",\"url\":\"https:\/\/kadoshmusic.com.br\/wp-content\/uploads\/2024\/06\/logo-principal-1024x450-1.webp\",\"contentUrl\":\"https:\/\/kadoshmusic.com.br\/wp-content\/uploads\/2024\/06\/logo-principal-1024x450-1.webp\",\"width\":1024,\"height\":450,\"caption\":\"kadosh music\"},\"image\":{\"@id\":\"https:\/\/kadoshmusic.com.br\/#\/schema\/logo\/image\/\"},\"sameAs\":[\"https:\/\/www.facebook.com\/micskadosh\"]}]}<\/script>\n<!-- \/ Yoast SEO Premium plugin. -->","yoast_head_json":{"title":"TPS15A - Kadosh Music","robots":{"index":"index","follow":"follow","max-snippet":"max-snippet:-1","max-image-preview":"max-image-preview:large","max-video-preview":"max-video-preview:-1"},"canonical":"https:\/\/kadoshmusic.com.br\/en\/product\/tps15a\/","og_locale":"en_US","og_type":"article","og_title":"TPS15A","og_description":"A\u00a0K-Audio TPS15A, com\u00a0500 watts de pot\u00eancia, \u00e9 perfeita para eventos ao vivo, instala\u00e7\u00f5es fixas e est\u00fadios.  Seu design elegante a faz uma escolha confi\u00e1vel para experi\u00eancias sonoras excepcionais em diferentes ambientes.","og_url":"https:\/\/kadoshmusic.com.br\/en\/product\/tps15a\/","og_site_name":"Kadosh Music","article_publisher":"https:\/\/www.facebook.com\/micskadosh","article_modified_time":"2026-03-12T13:05:33+00:00","og_image":[{"width":1080,"height":1080,"url":"https:\/\/kadoshmusic.com.br\/wp-content\/uploads\/2024\/12\/Tps12A_a.png","type":"image\/png"}],"twitter_card":"summary_large_image","twitter_misc":{"Est. reading time":"2 minutes"},"schema":{"@context":"https:\/\/schema.org","@graph":[{"@type":"WebPage","@id":"https:\/\/kadoshmusic.com.br\/produto\/tps15a\/","url":"https:\/\/kadoshmusic.com.br\/produto\/tps15a\/","name":"TPS15A - Kadosh Music","isPartOf":{"@id":"https:\/\/kadoshmusic.com.br\/#website"},"primaryImageOfPage":{"@id":"https:\/\/kadoshmusic.com.br\/produto\/tps15a\/#primaryimage"},"image":{"@id":"https:\/\/kadoshmusic.com.br\/produto\/tps15a\/#primaryimage"},"thumbnailUrl":"https:\/\/kadoshmusic.com.br\/wp-content\/uploads\/2024\/12\/Tps12A_a.png","datePublished":"2024-12-06T11:36:09+00:00","dateModified":"2026-03-12T13:05:33+00:00","breadcrumb":{"@id":"https:\/\/kadoshmusic.com.br\/produto\/tps15a\/#breadcrumb"},"inLanguage":"en-US","potentialAction":[{"@type":"ReadAction","target":["https:\/\/kadoshmusic.com.br\/produto\/tps15a\/"]}]},{"@type":"ImageObject","inLanguage":"en-US","@id":"https:\/\/kadoshmusic.com.br\/produto\/tps15a\/#primaryimage","url":"https:\/\/kadoshmusic.com.br\/wp-content\/uploads\/2024\/12\/Tps12A_a.png","contentUrl":"https:\/\/kadoshmusic.com.br\/wp-content\/uploads\/2024\/12\/Tps12A_a.png","width":1080,"height":1080},{"@type":"BreadcrumbList","@id":"https:\/\/kadoshmusic.com.br\/produto\/tps15a\/#breadcrumb","itemListElement":[{"@type":"ListItem","position":1,"name":"Home","item":"https:\/\/kadoshmusic.com.br\/"},{"@type":"ListItem","position":2,"name":"Shop","item":"https:\/\/kadoshmusic.com.br\/shop\/"},{"@type":"ListItem","position":3,"name":"TPS15A"}]},{"@type":"WebSite","@id":"https:\/\/kadoshmusic.com.br\/#website","url":"https:\/\/kadoshmusic.com.br\/","name":"Kadosh Music","description":"A Tecnologia Conectando o \u00c1udio e a M\u00fasica","publisher":{"@id":"https:\/\/kadoshmusic.com.br\/#organization"},"alternateName":"kadosh","potentialAction":[{"@type":"SearchAction","target":{"@type":"EntryPoint","urlTemplate":"https:\/\/kadoshmusic.com.br\/?s={search_term_string}"},"query-input":{"@type":"PropertyValueSpecification","valueRequired":true,"valueName":"search_term_string"}}],"inLanguage":"en-US"},{"@type":"Organization","@id":"https:\/\/kadoshmusic.com.br\/#organization","name":"kadosh music","url":"https:\/\/kadoshmusic.com.br\/","logo":{"@type":"ImageObject","inLanguage":"en-US","@id":"https:\/\/kadoshmusic.com.br\/#\/schema\/logo\/image\/","url":"https:\/\/kadoshmusic.com.br\/wp-content\/uploads\/2024\/06\/logo-principal-1024x450-1.webp","contentUrl":"https:\/\/kadoshmusic.com.br\/wp-content\/uploads\/2024\/06\/logo-principal-1024x450-1.webp","width":1024,"height":450,"caption":"kadosh music"},"image":{"@id":"https:\/\/kadoshmusic.com.br\/#\/schema\/logo\/image\/"},"sameAs":["https:\/\/www.facebook.com\/micskadosh"]}]}},"jetpack_sharing_enabled":true,"s_badge_disabled_all":false,"s_badge_single_active":false,"badge_type":"type_custom","badge_custom_set_date":false,"badge_initial_date":"","badge_end_date":"","badge_new_days":"","badge_lowstock_low":"","badge_lowstock_medium":"","badge_text":"","badge_text_size":"","badge_text_color":"","badge_bg_color":"","badge_style":"badge_default","badge_position":"position_tl","_links":{"self":[{"href":"https:\/\/kadoshmusic.com.br\/en\/wp-json\/wp\/v2\/product\/10284","targetHints":{"allow":["GET"]}}],"collection":[{"href":"https:\/\/kadoshmusic.com.br\/en\/wp-json\/wp\/v2\/product"}],"about":[{"href":"https:\/\/kadoshmusic.com.br\/en\/wp-json\/wp\/v2\/types\/product"}],"version-history":[{"count":3,"href":"https:\/\/kadoshmusic.com.br\/en\/wp-json\/wp\/v2\/product\/10284\/revisions"}],"predecessor-version":[{"id":10372,"href":"https:\/\/kadoshmusic.com.br\/en\/wp-json\/wp\/v2\/product\/10284\/revisions\/10372"}],"wp:featuredmedia":[{"embeddable":true,"href":"https:\/\/kadoshmusic.com.br\/en\/wp-json\/wp\/v2\/media\/16407"}],"wp:attachment":[{"href":"https:\/\/kadoshmusic.com.br\/en\/wp-json\/wp\/v2\/media?parent=10284"}],"wp:term":[{"taxonomy":"product_cat","embeddable":true,"href":"https:\/\/kadoshmusic.com.br\/en\/wp-json\/wp\/v2\/product_cat?post=10284"},{"taxonomy":"product_tag","embeddable":true,"href":"https:\/\/kadoshmusic.com.br\/en\/wp-json\/wp\/v2\/product_tag?post=10284"}],"curies":[{"name":"wp","href":"https:\/\/api.w.org\/{rel}","templated":true}]}}